{"id":15370,"date":"2023-08-23T23:46:36","date_gmt":"2023-08-23T15:46:36","guid":{"rendered":"https:\/\/tononplastics.com\/?post_type=product&#038;p=15370"},"modified":"2024-03-25T12:23:25","modified_gmt":"2024-03-25T04:23:25","slug":"polycarbonate-sheet-waterproof-window-canopy-awning-aluminum-window-canopy","status":"publish","type":"product","link":"https:\/\/www.tononplastics.com\/pt\/product\/polycarbonate-sheet-waterproof-window-canopy-awning-aluminum-window-canopy\/","title":{"rendered":"Toldo de alum\u00ednio para janelas e toldos em chapa de policarbonato \u00e0 prova de \u00e1gua"},"content":{"rendered":"<p>Resist\u00eancia ao vento, resist\u00eancia ao impacto, anti-envelhecimento, anti-corros\u00e3o, auto-limpeza pela \u00e1gua da chuva<br \/>\nDesign curvo para redu\u00e7\u00e3o do ru\u00eddo, filtragem UV, transmiss\u00e3o de luz 80%<br \/>\nChapa:Chapa s\u00f3lida de PC,Chapa solar de PC<br \/>\nTextura do suporte do toldo: mistura de PP e fibra de vidro<br \/>\nPe\u00e7as de liga\u00e7\u00e3o: Perfil de alum\u00ednio<br \/>\nAcess\u00f3rios:parafuso de expans\u00e3o<br \/>\nDimension:600mm,800mm,1000mm,1200mm<\/p>\n<p><img decoding=\"async\" src=\"https:\/\/sc01.alicdn.com\/kf\/H2d98bb868b2d4385b8957b7b46c19741H\/200162319\/H2d98bb868b2d4385b8957b7b46c19741H.png\" alt=\"folha de policarbonato imperme\u00e1vel para janela e toldo toldo de alum\u00ednio para janela\" width=\"630\" height=\"330.7038123167155\" data-src=\"\/\/sc01.alicdn.com\/kf\/H2d98bb868b2d4385b8957b7b46c19741H\/200162319\/H2d98bb868b2d4385b8957b7b46c19741H.png\" data-alt=\"polycarbonate sheet waterproof window canopy &amp; awning aluminum window canopy\" data-width=\"630\" data- title=\"\"><img decoding=\"async\" src=\"https:\/\/sc01.alicdn.com\/kf\/H145c9c7432d4497e82ab7af0f96fa1d5d\/200162319\/H145c9c7432d4497e82ab7af0f96fa1d5d.png\" alt=\"folha de policarbonato imperme\u00e1vel para janela e toldo toldo de alum\u00ednio para janela\" width=\"630\" height=\"441.5308988764045\" data-src=\"\/\/sc01.alicdn.com\/kf\/H145c9c7432d4497e82ab7af0f96fa1d5d\/200162319\/H145c9c7432d4497e82ab7af0f96fa1d5d.png\" data-alt=\"polycarbonate sheet waterproof window canopy &amp; awning aluminum window canopy\" data-width=\"630\" data- title=\"\"><\/p>\n<p>Os m\u00e9ritos dos nossos produtos s\u00e3o os seguintes:<br \/>\n*F\u00e1cil instala\u00e7\u00e3o, adequado para o mercado de bricolage;<br \/>\n*Resist\u00eancia a tuf\u00f5es de classe 12;<br \/>\n*99% Prote\u00e7\u00e3o UV em ambos os lados;<br \/>\n*Resist\u00eancia ao impacto;<br \/>\n*Resist\u00eancia ao envelhecimento e anti-amarelamento;<br \/>\n*Resist\u00eancia qu\u00edmica;<br \/>\n*Resist\u00eancia a baixas temperaturas e retardador;<br \/>\n*Seguro de seguran\u00e7a com a qualifica\u00e7\u00e3o de 376 testes rigorosos (certificado CE, TUV e ISO dispon\u00edvel);<br \/>\n*Amigo do ambiente.<\/p>\n<p>O toldo e a cobertura China Nature podem ser instalados nas janelas ou portas para proteger do mau tempo e poupar energia.<\/p>\n<p><img fetchpriority=\"high\" decoding=\"async\" src=\"https:\/\/sc01.alicdn.com\/kf\/H3f7c937cb4ef463386c7fb3295c98cfdu\/200162319\/H3f7c937cb4ef463386c7fb3295c98cfdu.jpg\" alt=\"folha de policarbonato imperme\u00e1vel para janela e toldo toldo de alum\u00ednio para janela\" width=\"630\" height=\"630\" data-src=\"\/\/sc01.alicdn.com\/kf\/H3f7c937cb4ef463386c7fb3295c98cfdu\/200162319\/H3f7c937cb4ef463386c7fb3295c98cfdu.jpg\" data-alt=\"polycarbonate sheet waterproof window canopy &amp; awning aluminum window canopy\" data-width=\"630\" data- title=\"\"><\/p>\n<p><strong>Aplica\u00e7\u00e3o do toldo de policarbonato:<br \/>\n<\/strong><span style=\"font-size: revert; color: initial;\">Awing do lado de fora da janela e da porta ;<br \/>\n<\/span><span style=\"font-size: revert; color: initial;\">Cobertura em cima do ar condicionado.<br \/>\n<\/span><span style=\"font-size: revert; color: initial;\">Passagem pedonal para bicicletas .<\/span><\/p>\n<div id=\"ali-anchor-AliPostDhMb-ocf1v\" data-section=\"AliPostDhMb-ocf1v\" data-section-title=\"Packaging &amp; Shipping\">\n<div id=\"ali-title-AliPostDhMb-ocf1v\"><strong>Embalagem e expedi\u00e7\u00e3o<\/strong><\/div>\n<div>\n<p>\u00a0<img decoding=\"async\" src=\"https:\/\/sc02.alicdn.com\/kf\/H02a52324dc024cdcbaee8c550d0c5b3cR\/200162319\/H02a52324dc024cdcbaee8c550d0c5b3cR.png\" alt=\"folha de policarbonato imperme\u00e1vel para janela e toldo toldo de alum\u00ednio para janela\" width=\"630\" height=\"214.7347480106101\" data-src=\"\/\/sc02.alicdn.com\/kf\/H02a52324dc024cdcbaee8c550d0c5b3cR\/200162319\/H02a52324dc024cdcbaee8c550d0c5b3cR.png\" data-alt=\"polycarbonate sheet waterproof window canopy &amp; awning aluminum window canopy\" data-width=\"630\" data- title=\"\"><img decoding=\"async\" src=\"https:\/\/sc02.alicdn.com\/kf\/Hd05fdb0988024155a7956963ea5973acD\/200162319\/Hd05fdb0988024155a7956963ea5973acD.png\" alt=\"folha de policarbonato imperme\u00e1vel para janela e toldo toldo de alum\u00ednio para janela\" width=\"630\" height=\"474.58885941644564\" data-src=\"\/\/sc02.alicdn.com\/kf\/Hd05fdb0988024155a7956963ea5973acD\/200162319\/Hd05fdb0988024155a7956963ea5973acD.png\" data-alt=\"polycarbonate sheet waterproof window canopy &amp; awning aluminum window canopy\" data-width=\"630\" data- title=\"\"><\/p>\n<\/div>\n<\/div>\n<div id=\"ali-anchor-AliPostDhMb-44gc5\" data-section=\"AliPostDhMb-44gc5\" data-section-title=\"Company Information\">\n<div><\/div>\n<\/div>\n<div id=\"ali-anchor-AliPostDhMb-3shm5\" data-section=\"AliPostDhMb-3shm5\" data-section-title=\"FAQ\">\n<div id=\"ali-title-AliPostDhMb-3shm5\"><\/div>\n<\/div>","protected":false},"featured_media":15124,"parent":0,"template":"","product-catagories":[171],"product-tag":[],"class_list":["post-15370","product","type-product","status-publish","has-post-thumbnail","hentry","product-catagories-awning"],"acf":[],"_links":{"self":[{"href":"https:\/\/www.tononplastics.com\/pt\/wp-json\/wp\/v2\/product\/15370","targetHints":{"allow":["GET"]}}],"collection":[{"href":"https:\/\/www.tononplastics.com\/pt\/wp-json\/wp\/v2\/product"}],"about":[{"href":"https:\/\/www.tononplastics.com\/pt\/wp-json\/wp\/v2\/types\/product"}],"version-history":[{"count":0,"href":"https:\/\/www.tononplastics.com\/pt\/wp-json\/wp\/v2\/product\/15370\/revisions"}],"wp:featuredmedia":[{"embeddable":true,"href":"https:\/\/www.tononplastics.com\/pt\/wp-json\/wp\/v2\/media\/15124"}],"wp:attachment":[{"href":"https:\/\/www.tononplastics.com\/pt\/wp-json\/wp\/v2\/media?parent=15370"}],"wp:term":[{"taxonomy":"product-catagories","embeddable":true,"href":"https:\/\/www.tononplastics.com\/pt\/wp-json\/wp\/v2\/product-catagories?post=15370"},{"taxonomy":"product-tag","embeddable":true,"href":"https:\/\/www.tononplastics.com\/pt\/wp-json\/wp\/v2\/product-tag?post=15370"}],"curies":[{"name":"wp","href":"https:\/\/api.w.org\/{rel}","templated":true}]}}