{"id":15378,"date":"2023-08-23T23:47:42","date_gmt":"2023-08-23T15:47:42","guid":{"rendered":"https:\/\/tononplastics.com\/?post_type=product&#038;p=15378"},"modified":"2024-03-25T14:43:28","modified_gmt":"2024-03-25T06:43:28","slug":"factory-direct-sale-polycarbonate-awning-pc-canopy-aluminium-plastic-bracket","status":"publish","type":"product","link":"https:\/\/www.tononplastics.com\/pt\/product\/factory-direct-sale-polycarbonate-awning-pc-canopy-aluminium-plastic-bracket\/","title":{"rendered":"Venda direta da f\u00e1brica toldo de policarbonato toldo de PC suporte de pl\u00e1stico de alum\u00ednio"},"content":{"rendered":"<p><img fetchpriority=\"high\" decoding=\"async\" class=\"\" src=\"https:\/\/sc02.alicdn.com\/kf\/Hab2ac95f2ca34cec9459c4b7915aac1ef\/200162319\/Hab2ac95f2ca34cec9459c4b7915aac1ef.png\" alt=\"venda direta da f\u00e1brica toldo de policarbonato PC canopy suporte de pl\u00e1stico de alum\u00ednio\" width=\"334\" height=\"269\" data-src=\"\/\/sc02.alicdn.com\/kf\/Hab2ac95f2ca34cec9459c4b7915aac1ef\/200162319\/Hab2ac95f2ca34cec9459c4b7915aac1ef.png\" data-alt=\"factory direct sale polycarbonate awning PC canopy aluminium plastic bracket\" data-width=\"630\" data- title=\"\"><img decoding=\"async\" class=\"\" src=\"https:\/\/sc01.alicdn.com\/kf\/H2f4db787a3b343c8b287bd745f006630r\/200162319\/H2f4db787a3b343c8b287bd745f006630r.png\" alt=\"venda direta da f\u00e1brica toldo de policarbonato PC canopy suporte de pl\u00e1stico de alum\u00ednio\" width=\"502\" height=\"288\" data-src=\"\/\/sc01.alicdn.com\/kf\/H2f4db787a3b343c8b287bd745f006630r\/200162319\/H2f4db787a3b343c8b287bd745f006630r.png\" data-alt=\"factory direct sale polycarbonate awning PC canopy aluminium plastic bracket\" data-width=\"630\" data- title=\"\"><\/p>\n<div id=\"ali-anchor-AliPostDhMb-stcmy\" data-section=\"AliPostDhMb-stcmy\" data-section-title=\"Product Description\">\n<div id=\"ali-title-AliPostDhMb-stcmy\"><strong>Descri\u00e7\u00e3o do produto<\/strong><\/div>\n<\/div>\n<p>1. design inovador 100cm liga de alum\u00ednio<br \/>\n2. f\u00e1cil montagem e instala\u00e7\u00e3o<br \/>\n3. resistente \u00e0s intemp\u00e9ries<br \/>\n4. Baixa manuten\u00e7\u00e3o<\/p>\n<div>\n<p><strong>policarbonato Toldo de alum\u00ednio<\/strong><br \/>\n1. 1000X1200mm<br \/>\n2. 2010Ano Novo e inovador design<br \/>\n3,20 anos garantidos<br \/>\n4. Instala\u00e7\u00e3o simples<br \/>\nAtualmente, o material do toldo no mercado ainda n\u00e3o \u00e9 muito bom, especialmente em caso de mau tempo.  O toldo com cobertura de tecido n\u00e3o resiste ao vento forte, enquanto o acr\u00edlico pode partir-se facilmente. Mas o toldo inoxid\u00e1vel mais resistente faz muito barulho quando chove.<\/p>\n<p>O toldo de policarbonato pode resolver este problema de forma excelente. \u00c9 montado por um suporte de pl\u00e1stico de liga flex\u00edvel e uma folha de policarbonato. Este novo design \u00e9 simples, mas altera a forma tradicional de personalizar o toldo n\u00e3o normalizado e a estrutura de a\u00e7o de soldadura.<\/p>\n<p>O toldo de policarbonato tem um design inovador, forte e dur\u00e1vel.  Pode ser instalado por cima da porta, janela, ar condicionado, caixa multibanco, caixa de correio exterior, etc., para proteger do sol e da tempestade. As pe\u00e7as de montagem s\u00e3o todas produzidas em quantidade por m\u00e1quinas com qualidade constante. A sua incorruptibilidade pode ser testada pelo impacto de uma bola de a\u00e7o de 4,5 kg e o seu anti-envelhecimento testado por um teste de envelhecimento acelerado que mostra um tempo de vida de 15 anos utilizado no exterior - 8-15 vezes como um toldo normal. Al\u00e9m disso, tem prote\u00e7\u00e3o UV e pode resistir ao tuf\u00e3o 12.  Esta s\u00e9rie est\u00e1 protegida por patente com garantia de qualidade constante.<\/p>\n<p><img decoding=\"async\" src=\"https:\/\/sc01.alicdn.com\/kf\/H0ae698f80b9840449576927fcabf54feZ\/200162319\/H0ae698f80b9840449576927fcabf54feZ.jpg\" alt=\"venda direta da f\u00e1brica toldo de policarbonato PC canopy suporte de pl\u00e1stico de alum\u00ednio\" width=\"630\" height=\"662.76\" data-src=\"\/\/sc01.alicdn.com\/kf\/H0ae698f80b9840449576927fcabf54feZ\/200162319\/H0ae698f80b9840449576927fcabf54feZ.jpg\" data-alt=\"factory direct sale polycarbonate awning PC canopy aluminium plastic bracket\" data-width=\"630\" data- title=\"\"><\/p>\n<p><img decoding=\"async\" src=\"https:\/\/sc01.alicdn.com\/kf\/H2f4db787a3b343c8b287bd745f006630r\/200162319\/H2f4db787a3b343c8b287bd745f006630r.png\" alt=\"venda direta da f\u00e1brica toldo de policarbonato PC canopy suporte de pl\u00e1stico de alum\u00ednio\" width=\"630\" height=\"362.2162740899357\" data-src=\"\/\/sc01.alicdn.com\/kf\/H2f4db787a3b343c8b287bd745f006630r\/200162319\/H2f4db787a3b343c8b287bd745f006630r.png\" data-alt=\"factory direct sale polycarbonate awning PC canopy aluminium plastic bracket\" data-width=\"630\" data- title=\"\"><\/p>\n<\/div>\n<div id=\"ali-anchor-AliPostDhMb-5h5c9\" data-section=\"AliPostDhMb-5h5c9\" data-section-title=\"Packaging &amp; Shipping\">\n<div id=\"ali-title-AliPostDhMb-5h5c9\"><strong>Embalagem e expedi\u00e7\u00e3o<\/strong><\/div>\n<div>\n<p>\u00a0<img decoding=\"async\" src=\"https:\/\/sc02.alicdn.com\/kf\/Hd05fdb0988024155a7956963ea5973acD\/200162319\/Hd05fdb0988024155a7956963ea5973acD.png\" alt=\"venda direta da f\u00e1brica toldo de policarbonato PC canopy suporte de pl\u00e1stico de alum\u00ednio\" width=\"630\" height=\"474.58885941644564\" data-src=\"\/\/sc02.alicdn.com\/kf\/Hd05fdb0988024155a7956963ea5973acD\/200162319\/Hd05fdb0988024155a7956963ea5973acD.png\" data-alt=\"factory direct sale polycarbonate awning PC canopy aluminium plastic bracket\" data-width=\"630\" data- title=\"\"><img decoding=\"async\" src=\"https:\/\/sc02.alicdn.com\/kf\/H02a52324dc024cdcbaee8c550d0c5b3cR\/200162319\/H02a52324dc024cdcbaee8c550d0c5b3cR.png\" alt=\"venda direta da f\u00e1brica toldo de policarbonato PC canopy suporte de pl\u00e1stico de alum\u00ednio\" width=\"630\" height=\"214.7347480106101\" data-src=\"\/\/sc02.alicdn.com\/kf\/H02a52324dc024cdcbaee8c550d0c5b3cR\/200162319\/H02a52324dc024cdcbaee8c550d0c5b3cR.png\" data-alt=\"factory direct sale polycarbonate awning PC canopy aluminium plastic bracket\" data-width=\"630.\" data- title=\"\"><\/p>\n<\/div>\n<\/div>\n<div id=\"ali-anchor-AliPostDhMb-irqfd\" data-section=\"AliPostDhMb-irqfd\" data-section-title=\"Company Information\">\n<div id=\"ali-title-AliPostDhMb-irqfd\"><strong>Informa\u00e7\u00f5es sobre a empresa<\/strong><\/div>\n<div>\n<p>\u00a0<img decoding=\"async\" src=\"https:\/\/sc01.alicdn.com\/kf\/Hb3bdebb96a2849458ce6dfcbaa19c5d15\/200162319\/Hb3bdebb96a2849458ce6dfcbaa19c5d15.png\" alt=\"venda direta da f\u00e1brica toldo de policarbonato PC canopy suporte de pl\u00e1stico de alum\u00ednio\" width=\"630\" height=\"312.9083665338646\" data-src=\"\/\/sc01.alicdn.com\/kf\/Hb3bdebb96a2849458ce6dfcbaa19c5d15\/200162319\/Hb3bdebb96a2849458ce6dfcbaa19c5d15.png\" data-alt=\"factory direct sale polycarbonate awning PC canopy aluminium plastic bracket\" data-width=\"630\" data- title=\"\"><img decoding=\"async\" src=\"https:\/\/sc01.alicdn.com\/kf\/HTB1ggLnJVXXXXcYXVXXq6xXFXXXP\/200162319\/HTB1ggLnJVXXXXcYXVXXq6xXFXXXP.jpg\" alt=\"venda direta da f\u00e1brica toldo de policarbonato PC canopy suporte de pl\u00e1stico de alum\u00ednio\" width=\"630\" height=\"635.88\" data-src=\"\/\/sc01.alicdn.com\/kf\/HTB1ggLnJVXXXXcYXVXXq6xXFXXXP\/200162319\/HTB1ggLnJVXXXXcYXVXXq6xXFXXXP.jpg\" data-alt=\"factory direct sale polycarbonate awning PC canopy aluminium plastic bracket\" data-width=\"630\" data- title=\"\"><\/p>\n<\/div>\n<\/div>","protected":false},"featured_media":15372,"parent":0,"template":"","product-catagories":[171],"product-tag":[],"class_list":["post-15378","product","type-product","status-publish","has-post-thumbnail","hentry","product-catagories-awning"],"acf":[],"_links":{"self":[{"href":"https:\/\/www.tononplastics.com\/pt\/wp-json\/wp\/v2\/product\/15378","targetHints":{"allow":["GET"]}}],"collection":[{"href":"https:\/\/www.tononplastics.com\/pt\/wp-json\/wp\/v2\/product"}],"about":[{"href":"https:\/\/www.tononplastics.com\/pt\/wp-json\/wp\/v2\/types\/product"}],"version-history":[{"count":0,"href":"https:\/\/www.tononplastics.com\/pt\/wp-json\/wp\/v2\/product\/15378\/revisions"}],"wp:featuredmedia":[{"embeddable":true,"href":"https:\/\/www.tononplastics.com\/pt\/wp-json\/wp\/v2\/media\/15372"}],"wp:attachment":[{"href":"https:\/\/www.tononplastics.com\/pt\/wp-json\/wp\/v2\/media?parent=15378"}],"wp:term":[{"taxonomy":"product-catagories","embeddable":true,"href":"https:\/\/www.tononplastics.com\/pt\/wp-json\/wp\/v2\/product-catagories?post=15378"},{"taxonomy":"product-tag","embeddable":true,"href":"https:\/\/www.tononplastics.com\/pt\/wp-json\/wp\/v2\/product-tag?post=15378"}],"curies":[{"name":"wp","href":"https:\/\/api.w.org\/{rel}","templated":true}]}}