{"id":15379,"date":"2023-08-23T23:48:41","date_gmt":"2023-08-23T15:48:41","guid":{"rendered":"https:\/\/tononplastics.com\/?post_type=product&#038;p=15379"},"modified":"2024-03-25T16:51:33","modified_gmt":"2024-03-25T08:51:33","slug":"attractive-and-durable-awning-polycarbonate-hollow-awning-the-awning-for-balcony","status":"publish","type":"product","link":"https:\/\/www.tononplastics.com\/pt\/product\/attractive-and-durable-awning-polycarbonate-hollow-awning-the-awning-for-balcony\/","title":{"rendered":"Toldo oco de policarbonato atraente e duradouro O toldo para varanda"},"content":{"rendered":"<p><strong>toldo oco de policarbonato atraente e duradouro O toldo para varanda<br \/>\n<\/strong><\/p>\n<table class=\"aliDataTable\" border=\"0\" cellspacing=\"0\" cellpadding=\"0\">\n<tbody>\n<tr>\n<td><strong>W(CM)<\/strong><\/td>\n<td><strong>D(CM)<\/strong><\/td>\n<td><strong>Observa\u00e7\u00e3o<\/strong><\/td>\n<\/tr>\n<tr>\n<td>100<\/td>\n<td>100<\/td>\n<td>1 prancha, 2 suportes, conjunto completo de acess\u00f3rios<\/td>\n<\/tr>\n<tr>\n<td>120<\/td>\n<td>100<\/td>\n<td>1 prancha, 2 suportes, conjunto completo de acess\u00f3rios<\/td>\n<\/tr>\n<tr>\n<td>150<\/td>\n<td>100<\/td>\n<td>1 prancha, 2 suportes, conjunto completo de acess\u00f3rios<\/td>\n<\/tr>\n<tr>\n<td>180<\/td>\n<td>100<\/td>\n<td>1 prancha, 2 suportes, conjunto completo de acess\u00f3rios<\/td>\n<\/tr>\n<tr>\n<td>200<\/td>\n<td>100<\/td>\n<td>2 pranchas, 3 suportes, conjunto completo de acess\u00f3rios<\/td>\n<\/tr>\n<tr>\n<td>240<\/td>\n<td>100<\/td>\n<td>2 pranchas, 3 suportes, conjunto completo de acess\u00f3rios<\/td>\n<\/tr>\n<\/tbody>\n<\/table>\n<p>1.folha:Folha s\u00f3lida de PC, folha de sol de PC<\/p>\n<p>2. o material do suporte do toldo: PA + mistura de fibra de vidro<\/p>\n<p>3. pe\u00e7as de liga\u00e7\u00e3o: Perfil de alum\u00ednio<\/p>\n<p>4.Acess\u00f3rios:parafuso de expans\u00e3o<\/p>\n<p><img fetchpriority=\"high\" decoding=\"async\" class=\"\" src=\"https:\/\/sc02.alicdn.com\/kf\/HTB1c_rWJVXXXXXfXXXXq6xXFXXX4\/200162319\/HTB1c_rWJVXXXXXfXXXXq6xXFXXX4.jpg\" alt=\"toldo oco de policarbonato atraente e duradouro O toldo para varanda\" width=\"636\" height=\"441\" data-src=\"\/\/sc02.alicdn.com\/kf\/HTB1c_rWJVXXXXXfXXXXq6xXFXXX4\/200162319\/HTB1c_rWJVXXXXXfXXXXq6xXFXXX4.jpg\" data-alt=\"attractive and durable awning polycarbonate hollow awning The awning for  balcony\" data-width=\"630\" data- title=\"\"><img decoding=\"async\" class=\"\" src=\"https:\/\/sc01.alicdn.com\/kf\/H8ab2ccf15d5542e7a82269c541d00856p\/200162319\/H8ab2ccf15d5542e7a82269c541d00856p.jpg\" alt=\"toldo oco de policarbonato atraente e duradouro O toldo para varanda\" width=\"632\" height=\"421\" data-src=\"\/\/sc01.alicdn.com\/kf\/H8ab2ccf15d5542e7a82269c541d00856p\/200162319\/H8ab2ccf15d5542e7a82269c541d00856p.jpg\" data-alt=\"attractive and durable awning polycarbonate hollow awning The awning for  balcony\" data-width=\"630\" data- title=\"\"><img decoding=\"async\" src=\"https:\/\/sc01.alicdn.com\/kf\/H9272fa42caf843959a9af6e8f6554a49Z\/200162319\/H9272fa42caf843959a9af6e8f6554a49Z.jpg\" alt=\"toldo oco de policarbonato atraente e duradouro O toldo para varanda\" width=\"630\" height=\"420.21000000000004\" data-src=\"\/\/sc01.alicdn.com\/kf\/H9272fa42caf843959a9af6e8f6554a49Z\/200162319\/H9272fa42caf843959a9af6e8f6554a49Z.jpg\" data-alt=\"attractive and durable awning polycarbonate hollow awning The awning for  balcony\" data-width=\"630\" data- title=\"\"><\/p>\n<p><img decoding=\"async\" class=\"\" src=\"https:\/\/sc01.alicdn.com\/kf\/H3f7c937cb4ef463386c7fb3295c98cfdu\/200162319\/H3f7c937cb4ef463386c7fb3295c98cfdu.jpg\" alt=\"toldo oco de policarbonato atraente e duradouro O toldo para varanda\" width=\"329\" height=\"329\" data-src=\"\/\/sc01.alicdn.com\/kf\/H3f7c937cb4ef463386c7fb3295c98cfdu\/200162319\/H3f7c937cb4ef463386c7fb3295c98cfdu.jpg\" data-alt=\"attractive and durable awning polycarbonate hollow awning The awning for  balcony\" data-width=\"630\" data- title=\"\"><img loading=\"lazy\" decoding=\"async\" class=\"\" src=\"https:\/\/sc01.alicdn.com\/kf\/H099167a0f65f4900bf63ad604b9e13e7V\/200162319\/H099167a0f65f4900bf63ad604b9e13e7V.jpg\" alt=\"toldo oco de policarbonato atraente e duradouro O toldo para varanda\" width=\"412\" height=\"412\" data-src=\"\/\/sc01.alicdn.com\/kf\/H099167a0f65f4900bf63ad604b9e13e7V\/200162319\/H099167a0f65f4900bf63ad604b9e13e7V.jpg\" data-alt=\"attractive and durable awning polycarbonate hollow awning The awning for  balcony\" data-width=\"630\" data- title=\"\"><\/p>\n<p><strong>\u00a0Aumentar infinitamente os suportes do toldo e estender-se livremente para a montagem<\/strong><\/p>\n<p>O toldo inovador afasta-se completamente dos toldos soldados tradicionais feitos por medida. O toldo \u00e9 simples na sua estrutura principal, que \u00e9 composta por uma folha de PC e pelos suportes do toldo. Sendo produzido em massa e em conformidade com o padr\u00e3o de design r\u00edgido, o toldo \u00e9 consistente na sua qualidade de produto superior.<\/p>\n<p>$$Pode resistir com seguran\u00e7a a tuf\u00f5es (categoria 12)<\/p>\n<p>Resist\u00eancia ao vento, resist\u00eancia ao impacto, anti-envelhecimento, anti-corros\u00e3o, auto-limpeza pela \u00e1gua da chuva<\/p>\n<p>O toldo \u00e9 do tipo \"fa\u00e7a voc\u00ea mesmo\" e pode ser instalado facilmente pelos propriet\u00e1rios, o que poupa totalmente o custo e o espa\u00e7o.<\/p>\n<p><img decoding=\"async\" src=\"https:\/\/sc01.alicdn.com\/kf\/H0ae698f80b9840449576927fcabf54feZ\/200162319\/H0ae698f80b9840449576927fcabf54feZ.jpg\" alt=\"toldo oco de policarbonato atraente e duradouro O toldo para varanda\" width=\"630\" height=\"662.76\" data-src=\"\/\/sc01.alicdn.com\/kf\/H0ae698f80b9840449576927fcabf54feZ\/200162319\/H0ae698f80b9840449576927fcabf54feZ.jpg\" data-alt=\"attractive and durable awning polycarbonate hollow awning The awning for  balcony\" data-width=\"630\" data- title=\"\"><\/p>\n<div><em><strong>\u00a0Com\u00e9rcio e mercado<\/strong><\/em><\/div>\n<table class=\"aliDataTable\" border=\"0\">\n<tbody>\n<tr>\n<td><strong>Principais mercados:<\/strong><\/td>\n<td><strong>Am\u00e9rica do Norte<br \/>\nAm\u00e9rica do Sul<br \/>\nEuropa de Leste<br \/>\nSudeste Asi\u00e1tico<br \/>\n\u00c1frica<br \/>\nOce\u00e2nia<br \/>\nM\u00e9dio Oriente<br \/>\n\u00c1sia Oriental<br \/>\nEuropa Ocidental<br \/>\n<\/strong><\/td>\n<\/tr>\n<tr>\n<td><strong>Volume total de vendas anuais:<\/strong><\/td>\n<td><strong>US$30 milh\u00f5es - US$50 milh\u00f5es \u00a0<\/strong><\/td>\n<\/tr>\n<\/tbody>\n<\/table>\n<p><strong><span style=\"color: initial;\">Embalagem e expedi\u00e7\u00e3o<\/span><\/strong><\/p>\n<div id=\"ali-anchor-AliPostDhMb-6uyfa\" data-section=\"AliPostDhMb-6uyfa\" data-section-title=\"Packaging &amp; Shipping\">\n<div>\n<p>\u00a0<img decoding=\"async\" src=\"https:\/\/sc02.alicdn.com\/kf\/Hd05fdb0988024155a7956963ea5973acD\/200162319\/Hd05fdb0988024155a7956963ea5973acD.png\" alt=\"toldo oco de policarbonato atraente e duradouro O toldo para varanda\" width=\"630\" height=\"474.58885941644564\" data-src=\"\/\/sc02.alicdn.com\/kf\/Hd05fdb0988024155a7956963ea5973acD\/200162319\/Hd05fdb0988024155a7956963ea5973acD.png\" data-alt=\"attractive and durable awning polycarbonate hollow awning The awning for  balcony\" data-width=\"630\" data- title=\"\"><img decoding=\"async\" src=\"https:\/\/sc02.alicdn.com\/kf\/H02a52324dc024cdcbaee8c550d0c5b3cR\/200162319\/H02a52324dc024cdcbaee8c550d0c5b3cR.png\" alt=\"toldo oco de policarbonato atraente e duradouro O toldo para varanda\" width=\"630\" height=\"214.7347480106101\" data-src=\"\/\/sc02.alicdn.com\/kf\/H02a52324dc024cdcbaee8c550d0c5b3cR\/200162319\/H02a52324dc024cdcbaee8c550d0c5b3cR.png\" data-alt=\"attractive and durable awning polycarbonate hollow awning The awning for  balcony\" data-width=\"630\" data- title=\"\"><\/p>\n<\/div>\n<\/div>","protected":false},"featured_media":15374,"parent":0,"template":"","product-catagories":[171],"product-tag":[],"class_list":["post-15379","product","type-product","status-publish","has-post-thumbnail","hentry","product-catagories-awning"],"acf":[],"_links":{"self":[{"href":"https:\/\/www.tononplastics.com\/pt\/wp-json\/wp\/v2\/product\/15379","targetHints":{"allow":["GET"]}}],"collection":[{"href":"https:\/\/www.tononplastics.com\/pt\/wp-json\/wp\/v2\/product"}],"about":[{"href":"https:\/\/www.tononplastics.com\/pt\/wp-json\/wp\/v2\/types\/product"}],"version-history":[{"count":0,"href":"https:\/\/www.tononplastics.com\/pt\/wp-json\/wp\/v2\/product\/15379\/revisions"}],"wp:featuredmedia":[{"embeddable":true,"href":"https:\/\/www.tononplastics.com\/pt\/wp-json\/wp\/v2\/media\/15374"}],"wp:attachment":[{"href":"https:\/\/www.tononplastics.com\/pt\/wp-json\/wp\/v2\/media?parent=15379"}],"wp:term":[{"taxonomy":"product-catagories","embeddable":true,"href":"https:\/\/www.tononplastics.com\/pt\/wp-json\/wp\/v2\/product-catagories?post=15379"},{"taxonomy":"product-tag","embeddable":true,"href":"https:\/\/www.tononplastics.com\/pt\/wp-json\/wp\/v2\/product-tag?post=15379"}],"curies":[{"name":"wp","href":"https:\/\/api.w.org\/{rel}","templated":true}]}}