{"id":15383,"date":"2023-08-23T23:52:10","date_gmt":"2023-08-23T15:52:10","guid":{"rendered":"https:\/\/tononplastics.com\/?post_type=product&#038;p=15383"},"modified":"2024-03-25T17:16:37","modified_gmt":"2024-03-25T09:16:37","slug":"diy-reliable-awning-for-balcony-roof-or-windows-awning","status":"publish","type":"product","link":"https:\/\/www.tononplastics.com\/pt\/product\/diy-reliable-awning-for-balcony-roof-or-windows-awning\/","title":{"rendered":"Toldo de confian\u00e7a DIY para cobertura de varanda ou toldo de janela"},"content":{"rendered":"<p align=\"left\"><strong style=\"color: initial;\">Descri\u00e7\u00e3o do produto<\/strong><\/p>\n<p align=\"left\">\u00a0 \u00a0O suporte de toldo \u00e9 forte e resistente, n\u00e3o h\u00e1 ferimentos \u00f3bvios pelo impacto de uma bola de ferro de 4,5 quilogramas. A vida \u00fatil \u00e9 8-15 vezes superior \u00e0 dos toldos normais. Sendo testado em m\u00e1s condi\u00e7\u00f5es climat\u00e9ricas, os suportes de toldo mericanos podem ser utilizados durante mais de 20 anos.<\/p>\n<p align=\"left\">\u00a0 \u00a0 O toldo de pano e o toldo de plexiglass tamb\u00e9m n\u00e3o resistem aos tuf\u00f5es de forma duradoura, mas os suportes de toldo Merican s\u00e3o feitos de materiais avan\u00e7ados, pelo que os suportes de toldo Merican podem resistir aos tuf\u00f5es de forma duradoura e reduzir o ru\u00eddo.<\/p>\n<p align=\"left\">\u00a0 \u00a0 \u00a0O toldo \u00e9 do tipo \"fa\u00e7a voc\u00ea mesmo\" e pode ser instalado facilmente pelos propriet\u00e1rios, o que poupa totalmente o custo e o espa\u00e7o.<\/p>\n<p align=\"left\">\u00a0<img decoding=\"async\" src=\"https:\/\/sc01.alicdn.com\/kf\/H145c9c7432d4497e82ab7af0f96fa1d5d\/200162319\/H145c9c7432d4497e82ab7af0f96fa1d5d.png\" alt=\"Toldo de confian\u00e7a DIY para cobertura de varanda ou toldo de janela\" width=\"630\" height=\"441.5308988764045\" data-src=\"\/\/sc01.alicdn.com\/kf\/H145c9c7432d4497e82ab7af0f96fa1d5d\/200162319\/H145c9c7432d4497e82ab7af0f96fa1d5d.png\" data-alt=\"DIY reliable awning for Balcony roof or Windows awning\" data-width=\"630\" data- title=\"\"><img decoding=\"async\" src=\"https:\/\/sc01.alicdn.com\/kf\/H2d98bb868b2d4385b8957b7b46c19741H\/200162319\/H2d98bb868b2d4385b8957b7b46c19741H.png\" alt=\"Toldo de confian\u00e7a DIY para cobertura de varanda ou toldo de janela\" width=\"630\" height=\"330.7038123167155\" data-src=\"\/\/sc01.alicdn.com\/kf\/H2d98bb868b2d4385b8957b7b46c19741H\/200162319\/H2d98bb868b2d4385b8957b7b46c19741H.png\" data-alt=\"DIY reliable awning for Balcony roof or Windows awning\" data-width=\"630\" data- title=\"\"><\/p>\n<div id=\"ali-anchor-AliPostDhMb-iaq4y\" data-section=\"AliPostDhMb-iaq4y\" data-section-title=\"Packaging &amp; Shipping\"><\/div>\n<table border=\"0\" cellspacing=\"0\" cellpadding=\"0\">\n<tbody>\n<tr>\n<td height=\"20\">FAQ<\/td>\n<td><\/td>\n<td><\/td>\n<\/tr>\n<tr>\n<td colspan=\"3\" height=\"20\">1.Q:\u00c9 uma empresa comercial ou fabricante?<\/td>\n<\/tr>\n<tr>\n<td colspan=\"3\" height=\"20\">A: N\u00f3s somos fabricante.<\/td>\n<\/tr>\n<tr>\n<td colspan=\"3\" height=\"20\">2.Q: Qual \u00e9 o vosso prazo de entrega?<\/td>\n<\/tr>\n<tr>\n<td colspan=\"3\" height=\"20\">R: De acordo com a dificuldade e a quantidade de processamento do produto, ser-lhe-\u00e1 dada uma hora de chegada razo\u00e1vel.<\/td>\n<\/tr>\n<tr>\n<td colspan=\"3\" height=\"20\">3.Q:Fornecem amostras? \u00e9 gr\u00e1tis ou extra?<\/td>\n<\/tr>\n<tr>\n<td colspan=\"3\" height=\"20\">R: Sim, podemos oferecer a amostra gratuitamente, mas n\u00e3o pagamos o custo do frete.<\/td>\n<\/tr>\n<tr>\n<td colspan=\"3\" height=\"20\">4.Q:Quais s\u00e3o os servi\u00e7os p\u00f3s-venda?<\/td>\n<\/tr>\n<tr>\n<td colspan=\"3\" height=\"20\">R: Em caso de problemas de qualidade, a embalagem pode ser trocada no prazo de 90 dias.<\/td>\n<\/tr>\n<\/tbody>\n<\/table>\n<p align=\"left\">\u00a0<img decoding=\"async\" src=\"https:\/\/sc01.alicdn.com\/kf\/HTB1Zj.KsVmWBuNjSspdq6zugXXa2\/200162319\/HTB1Zj.KsVmWBuNjSspdq6zugXXa2.jpg\" alt=\"Toldo de confian\u00e7a DIY para cobertura de varanda ou toldo de janela\" width=\"630\" height=\"863.013698630137\" data-src=\"\/\/sc01.alicdn.com\/kf\/HTB1Zj.KsVmWBuNjSspdq6zugXXa2\/200162319\/HTB1Zj.KsVmWBuNjSspdq6zugXXa2.jpg\" data-alt=\"DIY reliable awning for Balcony roof or Windows awning\" data-width=\"630\" data- title=\"\"><\/p>","protected":false},"featured_media":16070,"parent":0,"template":"","product-catagories":[171],"product-tag":[],"class_list":["post-15383","product","type-product","status-publish","has-post-thumbnail","hentry","product-catagories-awning"],"acf":[],"_links":{"self":[{"href":"https:\/\/www.tononplastics.com\/pt\/wp-json\/wp\/v2\/product\/15383","targetHints":{"allow":["GET"]}}],"collection":[{"href":"https:\/\/www.tononplastics.com\/pt\/wp-json\/wp\/v2\/product"}],"about":[{"href":"https:\/\/www.tononplastics.com\/pt\/wp-json\/wp\/v2\/types\/product"}],"version-history":[{"count":0,"href":"https:\/\/www.tononplastics.com\/pt\/wp-json\/wp\/v2\/product\/15383\/revisions"}],"wp:featuredmedia":[{"embeddable":true,"href":"https:\/\/www.tononplastics.com\/pt\/wp-json\/wp\/v2\/media\/16070"}],"wp:attachment":[{"href":"https:\/\/www.tononplastics.com\/pt\/wp-json\/wp\/v2\/media?parent=15383"}],"wp:term":[{"taxonomy":"product-catagories","embeddable":true,"href":"https:\/\/www.tononplastics.com\/pt\/wp-json\/wp\/v2\/product-catagories?post=15383"},{"taxonomy":"product-tag","embeddable":true,"href":"https:\/\/www.tononplastics.com\/pt\/wp-json\/wp\/v2\/product-tag?post=15383"}],"curies":[{"name":"wp","href":"https:\/\/api.w.org\/{rel}","templated":true}]}}