{"id":15385,"date":"2023-08-23T23:52:59","date_gmt":"2023-08-23T15:52:59","guid":{"rendered":"https:\/\/tononplastics.com\/?post_type=product&#038;p=15385"},"modified":"2024-03-25T16:59:58","modified_gmt":"2024-03-25T08:59:58","slug":"clear-plastic-awnings-balcony-awning","status":"publish","type":"product","link":"https:\/\/www.tononplastics.com\/pt\/product\/clear-plastic-awnings-balcony-awning\/","title":{"rendered":"toldos de pl\u00e1stico transparente toldo de varanda"},"content":{"rendered":"<p><strong data-spm-anchor-id=\"a2700.details.0.i30.7c753922cZjFN1\">A. Carater\u00edsticas do produto<\/strong><br \/>\n1. resist\u00eancia ao vento, resist\u00eancia ao impacto, anti-envelhecimento, anti-corros\u00e3o, auto-limpeza pela \u00e1gua da chuva<br \/>\nDesign curvo para redu\u00e7\u00e3o do ru\u00eddo, filtragem UV, transmiss\u00e3o de luz 80%<br \/>\n<strong>2.folha:Folha s\u00f3lida de PC, folha de sol de PC<br \/>\n<\/strong><strong>3. a textura do suporte do toldo: mistura de PA e fibra de vidro<br \/>\n<\/strong><strong>4.Pe\u00e7as de liga\u00e7\u00e3o: Perfil de alum\u00ednio<br \/>\n<\/strong><strong>5.Acess\u00f3rios:parafuso de expans\u00e3o<br \/>\n6.Dimension:600mm,800mm,1000mm,1200mm<\/strong><\/p>\n<p><img decoding=\"async\" src=\"https:\/\/sc02.alicdn.com\/kf\/Hab2ac95f2ca34cec9459c4b7915aac1ef\/200162319\/Hab2ac95f2ca34cec9459c4b7915aac1ef.png\" alt=\"toldos de pl\u00e1stico transparente toldo de varanda\" width=\"630\" height=\"507.27272727272725\" data-src=\"\/\/sc02.alicdn.com\/kf\/Hab2ac95f2ca34cec9459c4b7915aac1ef\/200162319\/Hab2ac95f2ca34cec9459c4b7915aac1ef.png\" data-alt=\"clear plastic awnings balcony awning\" data-width=\"630\" data- title=\"\"><img fetchpriority=\"high\" decoding=\"async\" src=\"https:\/\/sc01.alicdn.com\/kf\/Hfab9aa3e90b44642984b609afb70ae5dW\/200162319\/Hfab9aa3e90b44642984b609afb70ae5dW.jpg\" alt=\"toldos de pl\u00e1stico transparente toldo de varanda\" width=\"630\" height=\"840\" data-src=\"\/\/sc01.alicdn.com\/kf\/Hfab9aa3e90b44642984b609afb70ae5dW\/200162319\/Hfab9aa3e90b44642984b609afb70ae5dW.jpg\" data-alt=\"clear plastic awnings balcony awning\" data-width=\"630\" data- title=\"\"><\/p>\n<p><strong>B.Aumentar infinitamente os suportes do toldo e estender-se livremente para a montagem<\/strong><\/p>\n<p>O inovador toldo Merican afasta-se completamente dos tradicionais toldos soldados feitos \u00e0 medida. O toldo Merican \u00e9 simples na sua estrutura principal, que \u00e9 composta por uma folha de PC e pelos suportes do toldo. Sendo produzido em massa e estando em conformidade com o r\u00edgido padr\u00e3o de design, o toldo Merican \u00e9 consistente na sua super qualidade de produto.<\/p>\n<p><img decoding=\"async\" src=\"https:\/\/sc01.alicdn.com\/kf\/H2f4db787a3b343c8b287bd745f006630r\/200162319\/H2f4db787a3b343c8b287bd745f006630r.png\" alt=\"toldos de pl\u00e1stico transparente toldo de varanda\" width=\"630\" height=\"362.2162740899357\" data-src=\"\/\/sc01.alicdn.com\/kf\/H2f4db787a3b343c8b287bd745f006630r\/200162319\/H2f4db787a3b343c8b287bd745f006630r.png\" data-alt=\"clear plastic awnings balcony awning\" data-width=\"630\" data- title=\"\"><img decoding=\"async\" src=\"https:\/\/sc02.alicdn.com\/kf\/HTB1c_rWJVXXXXXfXXXXq6xXFXXX4\/200162319\/HTB1c_rWJVXXXXXfXXXXq6xXFXXX4.jpg\" alt=\"toldos de pl\u00e1stico transparente toldo de varanda\" width=\"630\" height=\"436.9893899204244\" data-src=\"\/\/sc02.alicdn.com\/kf\/HTB1c_rWJVXXXXXfXXXXq6xXFXXX4\/200162319\/HTB1c_rWJVXXXXXfXXXXq6xXFXXX4.jpg\" data-alt=\"clear plastic awnings balcony awning\" data-width=\"630\" data- title=\"\"><img decoding=\"async\" src=\"https:\/\/sc01.alicdn.com\/kf\/Hd35db4f291a3474c9fed03fab96b343dt\/200162319\/Hd35db4f291a3474c9fed03fab96b343dt.jpg\" alt=\"toldos de pl\u00e1stico transparente toldo de varanda\" width=\"630\" height=\"420.21000000000004\" data-src=\"\/\/sc01.alicdn.com\/kf\/Hd35db4f291a3474c9fed03fab96b343dt\/200162319\/Hd35db4f291a3474c9fed03fab96b343dt.jpg\" data-alt=\"clear plastic awnings balcony awning\" data-width=\"630\" data- title=\"\"><img decoding=\"async\" src=\"https:\/\/sc01.alicdn.com\/kf\/H8ab2ccf15d5542e7a82269c541d00856p\/200162319\/H8ab2ccf15d5542e7a82269c541d00856p.jpg\" alt=\"toldos de pl\u00e1stico transparente toldo de varanda\" width=\"630\" height=\"420.21000000000004\" data-src=\"\/\/sc01.alicdn.com\/kf\/H8ab2ccf15d5542e7a82269c541d00856p\/200162319\/H8ab2ccf15d5542e7a82269c541d00856p.jpg\" data-alt=\"clear plastic awnings balcony awning\" data-width=\"630\" data- title=\"\"><\/p>\n<p><strong><em>C. Pode resistir com seguran\u00e7a a tuf\u00f5es (categoria 12)<\/em><\/strong><\/p>\n<p>O suporte de toldo \u00e9 forte e resistente, n\u00e3o h\u00e1 ferimentos \u00f3bvios pelo impacto de uma bola de ferro de 4,5 quilogramas. A vida \u00fatil \u00e9 8-15 vezes superior \u00e0 dos toldos normais. Sendo testado em m\u00e1s condi\u00e7\u00f5es climat\u00e9ricas, os suportes de toldo mericanos podem ser utilizados durante mais de 20 anos.<\/p>\n<p>O toldo de pano e o toldo de plexiglass tamb\u00e9m n\u00e3o resistem aos tuf\u00f5es de forma duradoura, mas os suportes de toldo Merican s\u00e3o feitos de materiais avan\u00e7ados, pelo que os suportes de toldo Merican podem resistir aos tuf\u00f5es de forma duradoura e reduzir o ru\u00eddo.<\/p>\n<p>O toldo Merican \u00e9 do tipo \"fa\u00e7a voc\u00ea mesmo\" e pode ser instalado facilmente pelos propriet\u00e1rios, o que economiza totalmente o custo e o espa\u00e7o.<\/p>\n<p><img decoding=\"async\" src=\"https:\/\/sc02.alicdn.com\/kf\/H6b8b7471225e4da188c697e918c01fe17\/200162319\/H6b8b7471225e4da188c697e918c01fe17.png\" width=\"630\" height=\"982.8\" data-src=\"\/\/sc02.alicdn.com\/kf\/H6b8b7471225e4da188c697e918c01fe17\/200162319\/H6b8b7471225e4da188c697e918c01fe17.png\" data-width=\"630\" data- alt=\"\" title=\"\"><\/p>\n<p><img decoding=\"async\" src=\"https:\/\/sc01.alicdn.com\/kf\/H0ae698f80b9840449576927fcabf54feZ\/200162319\/H0ae698f80b9840449576927fcabf54feZ.jpg\" alt=\"toldos de pl\u00e1stico transparente toldo de varanda\" width=\"630\" height=\"662.76\" data-src=\"\/\/sc01.alicdn.com\/kf\/H0ae698f80b9840449576927fcabf54feZ\/200162319\/H0ae698f80b9840449576927fcabf54feZ.jpg\" data-alt=\"clear plastic awnings balcony awning\" data-width=\"630\" data- title=\"\"><\/p>","protected":false},"featured_media":15374,"parent":0,"template":"","product-catagories":[171],"product-tag":[],"class_list":["post-15385","product","type-product","status-publish","has-post-thumbnail","hentry","product-catagories-awning"],"acf":[],"_links":{"self":[{"href":"https:\/\/www.tononplastics.com\/pt\/wp-json\/wp\/v2\/product\/15385","targetHints":{"allow":["GET"]}}],"collection":[{"href":"https:\/\/www.tononplastics.com\/pt\/wp-json\/wp\/v2\/product"}],"about":[{"href":"https:\/\/www.tononplastics.com\/pt\/wp-json\/wp\/v2\/types\/product"}],"version-history":[{"count":0,"href":"https:\/\/www.tononplastics.com\/pt\/wp-json\/wp\/v2\/product\/15385\/revisions"}],"wp:featuredmedia":[{"embeddable":true,"href":"https:\/\/www.tononplastics.com\/pt\/wp-json\/wp\/v2\/media\/15374"}],"wp:attachment":[{"href":"https:\/\/www.tononplastics.com\/pt\/wp-json\/wp\/v2\/media?parent=15385"}],"wp:term":[{"taxonomy":"product-catagories","embeddable":true,"href":"https:\/\/www.tononplastics.com\/pt\/wp-json\/wp\/v2\/product-catagories?post=15385"},{"taxonomy":"product-tag","embeddable":true,"href":"https:\/\/www.tononplastics.com\/pt\/wp-json\/wp\/v2\/product-tag?post=15385"}],"curies":[{"name":"wp","href":"https:\/\/api.w.org\/{rel}","templated":true}]}}