{"id":15388,"date":"2023-08-23T23:54:40","date_gmt":"2023-08-23T15:54:40","guid":{"rendered":"https:\/\/tononplastics.com\/?post_type=product&#038;p=15388"},"modified":"2024-03-25T13:03:23","modified_gmt":"2024-03-25T05:03:23","slug":"polycarbonate-canopy-clear-pc-awning-600600mm-aluminum-canopy-bracket","status":"publish","type":"product","link":"https:\/\/www.tononplastics.com\/pt\/product\/polycarbonate-canopy-clear-pc-awning-600600mm-aluminum-canopy-bracket\/","title":{"rendered":"Toldo de policarbonato transparente para pc 600*600mm Suporte de alum\u00ednio para toldo"},"content":{"rendered":"<figure class=\"wp-block-gallery has-nested-images columns-default is-cropped wp-block-gallery-1 is-layout-flex wp-block-gallery-is-layout-flex\">\n<figure class=\"wp-block-image size-large\"><img fetchpriority=\"high\" decoding=\"async\" width=\"700\" height=\"700\" data-id=\"16070\" src=\"https:\/\/www.tononplastics.com\/wp-content\/uploads\/2024\/03\/f5914ee846c17af2eb989e2af1327d2b.png\" alt=\"\" class=\"wp-image-16070\" title=\"\" srcset=\"https:\/\/www.tononplastics.com\/wp-content\/uploads\/2024\/03\/f5914ee846c17af2eb989e2af1327d2b.png 700w, https:\/\/www.tononplastics.com\/wp-content\/uploads\/2024\/03\/f5914ee846c17af2eb989e2af1327d2b-300x300.png 300w, https:\/\/www.tononplastics.com\/wp-content\/uploads\/2024\/03\/f5914ee846c17af2eb989e2af1327d2b-150x150.png 150w, https:\/\/www.tononplastics.com\/wp-content\/uploads\/2024\/03\/f5914ee846c17af2eb989e2af1327d2b-12x12.png 12w\" sizes=\"(max-width: 700px) 100vw, 700px\" \/><\/figure>\n\n\n\n<figure class=\"wp-block-image size-large\"><img decoding=\"async\" width=\"712\" height=\"499\" data-id=\"15376\" src=\"https:\/\/www.tononplastics.com\/wp-content\/uploads\/2023\/08\/H145c9c7432d4497e82ab7af0f96fa1d5d.png\" alt=\"\" class=\"wp-image-15376\" title=\"\" srcset=\"https:\/\/www.tononplastics.com\/wp-content\/uploads\/2023\/08\/H145c9c7432d4497e82ab7af0f96fa1d5d.png 712w, https:\/\/www.tononplastics.com\/wp-content\/uploads\/2023\/08\/H145c9c7432d4497e82ab7af0f96fa1d5d-300x210.png 300w\" sizes=\"(max-width: 712px) 100vw, 712px\" \/><\/figure>\n<\/figure>\n\n\n<p>1. design inovador 100cm liga de alum\u00ednio<br \/>2. f\u00e1cil montagem e instala\u00e7\u00e3o<br \/>3. resistente \u00e0s intemp\u00e9ries<br \/>4. Baixa manuten\u00e7\u00e3o<\/p>\n<div>\n<p><strong>policarbonato Toldo de alum\u00ednio<\/strong><br \/>1. 1000X1200mm<br \/>2. 2010Ano Novo e inovador design<br \/>3,20 anos garantidos<br \/>4. Instala\u00e7\u00e3o simples<\/p>\n<p>\u00a0\u00a0\u00a0\u00a0 Atualmente, o material do toldo no mercado ainda n\u00e3o \u00e9 muito bom, especialmente em caso de mau tempo.  O toldo com cobertura de tecido n\u00e3o resiste ao vento forte, enquanto o acr\u00edlico pode partir-se facilmente. Mas o toldo inoxid\u00e1vel mais resistente faz muito barulho quando chove.<\/p>\n<p>\u00a0\u00a0\u00a0\u00a0\u00a0\u00a0\u00a0\u00a0\u00a0\u00a0\u00a0\u00a0\u00a0\u00a0 polycarbonate awning can solve this problem excellently. It is assembled by flexible alloy plastic bracket and polycarbonate sheet. This new design is simple, but it changes the traditional way of customizing the non-standard awing and welding steel frame.\u00a0<\/p>\n<p>\u00a0\u00a0\u00a0\u00a0\u00a0\u00a0\u00a0\u00a0\u00a0\u00a0\u00a0\u00a0\u00a0\u00a0polycarbonate awning is novel design, strong and durable.\u00a0 It can be installed above the door, window, air conditioner, ATM, mailbox outdoor etc to protect from the sun and storm. The assembling parts are all quantity produced by machines with steady quality. Its incorruptibility can be tested by impact of a steel ball of 4.5kg and its anti-aging tested by accelerated ageing test showing 15-year life time used outdoor-8-15 times as regular awning. Moreover, it is UV protected and can resist typhoon 12.\u00a0 This series is patent protected with steady quality guaranteed.<\/p>\n<p>\u00a0\u00a0\u00a0\u00a0\u00a0\u00a0\u00a0\u00a0\u00a0\u00a0\u00a0\u00a0polycarbonate awning is quantity produced and quality guaranteed.\u00a0 It is easily installed and the best choice for the solution of awning for the real estate developer and property management company.\u00a0 The workhouse and workers for making the traditional steel awning are not necessary so that the cost is reduced.<\/p>\n<p>\u00a0<img decoding=\"async\" src=\"https:\/\/sc01.alicdn.com\/kf\/H099167a0f65f4900bf63ad604b9e13e7V\/200162319\/H099167a0f65f4900bf63ad604b9e13e7V.jpg\" alt=\"Toldo de policarbonato transparente para pc 600*600mm Suporte de alum\u00ednio para toldo\" width=\"630\" height=\"630\" data-src=\"\/\/sc01.alicdn.com\/kf\/H099167a0f65f4900bf63ad604b9e13e7V\/200162319\/H099167a0f65f4900bf63ad604b9e13e7V.jpg\" data-alt=\"Polycarbonate canopy clear pc awning 600*600mm Aluminum canopy bracket\" data-width=\"630\" data- title=\"\"><img decoding=\"async\" src=\"https:\/\/sc02.alicdn.com\/kf\/HTB1c_rWJVXXXXXfXXXXq6xXFXXX4\/200162319\/HTB1c_rWJVXXXXXfXXXXq6xXFXXX4.jpg\" alt=\"Toldo de policarbonato transparente para pc 600*600mm Suporte de alum\u00ednio para toldo\" width=\"630\" height=\"436.9893899204244\" data-src=\"\/\/sc02.alicdn.com\/kf\/HTB1c_rWJVXXXXXfXXXXq6xXFXXX4\/200162319\/HTB1c_rWJVXXXXXfXXXXq6xXFXXX4.jpg\" data-alt=\"Polycarbonate canopy clear pc awning 600*600mm Aluminum canopy bracket\" data-width=\"630\" data- title=\"\"><img decoding=\"async\" src=\"https:\/\/sc02.alicdn.com\/kf\/Hab2ac95f2ca34cec9459c4b7915aac1ef\/200162319\/Hab2ac95f2ca34cec9459c4b7915aac1ef.png\" alt=\"Toldo de policarbonato transparente para pc 600*600mm Suporte de alum\u00ednio para toldo\" width=\"630\" height=\"507.27272727272725\" data-src=\"\/\/sc02.alicdn.com\/kf\/Hab2ac95f2ca34cec9459c4b7915aac1ef\/200162319\/Hab2ac95f2ca34cec9459c4b7915aac1ef.png\" data-alt=\"Polycarbonate canopy clear pc awning 600*600mm Aluminum canopy bracket\" data-width=\"630\" data- title=\"\"><img decoding=\"async\" src=\"https:\/\/sc01.alicdn.com\/kf\/H9272fa42caf843959a9af6e8f6554a49Z\/200162319\/H9272fa42caf843959a9af6e8f6554a49Z.jpg\" alt=\"Toldo de policarbonato transparente para pc 600*600mm Suporte de alum\u00ednio para toldo\" width=\"630\" height=\"420.21000000000004\" data-src=\"\/\/sc01.alicdn.com\/kf\/H9272fa42caf843959a9af6e8f6554a49Z\/200162319\/H9272fa42caf843959a9af6e8f6554a49Z.jpg\" data-alt=\"Polycarbonate canopy clear pc awning 600*600mm Aluminum canopy bracket\" data-width=\"630\" data- title=\"\"><img decoding=\"async\" src=\"https:\/\/sc01.alicdn.com\/kf\/H8ab2ccf15d5542e7a82269c541d00856p\/200162319\/H8ab2ccf15d5542e7a82269c541d00856p.jpg\" alt=\"Toldo de policarbonato transparente para pc 600*600mm Suporte de alum\u00ednio para toldo\" width=\"630\" height=\"420.21000000000004\" data-src=\"\/\/sc01.alicdn.com\/kf\/H8ab2ccf15d5542e7a82269c541d00856p\/200162319\/H8ab2ccf15d5542e7a82269c541d00856p.jpg\" data-alt=\"Polycarbonate canopy clear pc awning 600*600mm Aluminum canopy bracket\" data-width=\"630\" data- title=\"\"><\/p>\n<\/div>\n<div id=\"ali-anchor-AliPostDhMb-7du1m\" data-section=\"AliPostDhMb-7du1m\" data-section-title=\"Packaging &amp; Shipping\">\n<div id=\"ali-title-AliPostDhMb-7du1m\">Embalagem e expedi\u00e7\u00e3o<\/div>\n<div>\n<p>\u00a0<img decoding=\"async\" src=\"https:\/\/sc01.alicdn.com\/kf\/Hb3bdebb96a2849458ce6dfcbaa19c5d15\/200162319\/Hb3bdebb96a2849458ce6dfcbaa19c5d15.png\" alt=\"Toldo de policarbonato transparente para pc 600*600mm Suporte de alum\u00ednio para toldo\" width=\"630\" height=\"312.9083665338646\" data-src=\"\/\/sc01.alicdn.com\/kf\/Hb3bdebb96a2849458ce6dfcbaa19c5d15\/200162319\/Hb3bdebb96a2849458ce6dfcbaa19c5d15.png\" data-alt=\"Polycarbonate canopy clear pc awning 600*600mm Aluminum canopy bracket\" data-width=\"630\" data- title=\"\"><img decoding=\"async\" src=\"https:\/\/sc02.alicdn.com\/kf\/Hd05fdb0988024155a7956963ea5973acD\/200162319\/Hd05fdb0988024155a7956963ea5973acD.png\" alt=\"Toldo de policarbonato transparente para pc 600*600mm Suporte de alum\u00ednio para toldo\" width=\"630\" height=\"474.58885941644564\" data-src=\"\/\/sc02.alicdn.com\/kf\/Hd05fdb0988024155a7956963ea5973acD\/200162319\/Hd05fdb0988024155a7956963ea5973acD.png\" data-alt=\"Polycarbonate canopy clear pc awning 600*600mm Aluminum canopy bracket\" data-width=\"630\" data- title=\"\"><img decoding=\"async\" src=\"https:\/\/sc02.alicdn.com\/kf\/H02a52324dc024cdcbaee8c550d0c5b3cR\/200162319\/H02a52324dc024cdcbaee8c550d0c5b3cR.png\" alt=\"Toldo de policarbonato transparente para pc 600*600mm Suporte de alum\u00ednio para toldo\" width=\"630\" height=\"214.7347480106101\" data-src=\"\/\/sc02.alicdn.com\/kf\/H02a52324dc024cdcbaee8c550d0c5b3cR\/200162319\/H02a52324dc024cdcbaee8c550d0c5b3cR.png\" data-alt=\"Polycarbonate canopy clear pc awning 600*600mm Aluminum canopy bracket\" data-width=\"630\" data- title=\"\"><\/p>\n<\/div>\n<\/div>","protected":false},"featured_media":14364,"parent":0,"template":"","product-catagories":[171],"product-tag":[],"class_list":["post-15388","product","type-product","status-publish","has-post-thumbnail","hentry","product-catagories-awning"],"acf":[],"_links":{"self":[{"href":"https:\/\/www.tononplastics.com\/pt\/wp-json\/wp\/v2\/product\/15388","targetHints":{"allow":["GET"]}}],"collection":[{"href":"https:\/\/www.tononplastics.com\/pt\/wp-json\/wp\/v2\/product"}],"about":[{"href":"https:\/\/www.tononplastics.com\/pt\/wp-json\/wp\/v2\/types\/product"}],"version-history":[{"count":0,"href":"https:\/\/www.tononplastics.com\/pt\/wp-json\/wp\/v2\/product\/15388\/revisions"}],"wp:featuredmedia":[{"embeddable":true,"href":"https:\/\/www.tononplastics.com\/pt\/wp-json\/wp\/v2\/media\/14364"}],"wp:attachment":[{"href":"https:\/\/www.tononplastics.com\/pt\/wp-json\/wp\/v2\/media?parent=15388"}],"wp:term":[{"taxonomy":"product-catagories","embeddable":true,"href":"https:\/\/www.tononplastics.com\/pt\/wp-json\/wp\/v2\/product-catagories?post=15388"},{"taxonomy":"product-tag","embeddable":true,"href":"https:\/\/www.tononplastics.com\/pt\/wp-json\/wp\/v2\/product-tag?post=15388"}],"curies":[{"name":"wp","href":"https:\/\/api.w.org\/{rel}","templated":true}]}}