{"id":15390,"date":"2023-08-23T23:55:39","date_gmt":"2023-08-23T15:55:39","guid":{"rendered":"https:\/\/tononplastics.com\/?post_type=product&#038;p=15390"},"modified":"2024-03-25T13:08:22","modified_gmt":"2024-03-25T05:08:22","slug":"polycarbonate-awning-roof-canopy-diy-awning-door-aanopy-window-awning-canopy","status":"publish","type":"product","link":"https:\/\/www.tononplastics.com\/pt\/product\/polycarbonate-awning-roof-canopy-diy-awning-door-aanopy-window-awning-canopy\/","title":{"rendered":"Toldo de policarbonato Toldo de telhado Toldo de porta DIY Toldo de janela Toldo de janela"},"content":{"rendered":"<p><strong>Carater\u00edsticas do produto<\/strong><br \/>\nResist\u00eancia ao vento, resist\u00eancia ao impacto, anti-envelhecimento, anti-corros\u00e3o, auto-limpeza pela \u00e1gua da chuva<br \/>\nDesign curvo para redu\u00e7\u00e3o do ru\u00eddo, filtragem UV, transmiss\u00e3o de luz 80%<br \/>\nChapa:Chapa s\u00f3lida de PC,Chapa solar de PC<br \/>\nMaterial do suporte do toldo: alum\u00ednio fundido<br \/>\nPe\u00e7as de liga\u00e7\u00e3o: Perfil de alum\u00ednio<br \/>\nAcess\u00f3rios:parafuso de expans\u00e3o<br \/>\n<strong>Dimension:600mm,800mm,1000mm,1200mm<\/strong><\/p>\n<p><strong>Especifica\u00e7\u00e3o:<\/strong><\/p>\n<table class=\"aliDataTable\" style=\"height: 628px;\" width=\"810\">\n<tbody>\n<tr align=\"left\">\n<td valign=\"top\">\n<p>N\u00e3o.<\/td>\n<td align=\"center\" valign=\"top\">\n<p>Modelo<\/td>\n<td valign=\"top\">\n<p>Espec.(w*D)mm<\/td>\n<\/tr>\n<tr align=\"left\">\n<td rowspan=\"5\" valign=\"top\">\n<p>Toldo Merican<\/td>\n<td align=\"center\" valign=\"top\">\n<p>600<\/td>\n<td valign=\"top\">\n<p>600*600, 600*800, 600*1000<\/td>\n<\/tr>\n<tr align=\"left\">\n<td align=\"center\" valign=\"top\">\n<p>800<\/td>\n<td valign=\"top\">\n<p>800*800 ,800*1000, 800*1200<\/td>\n<\/tr>\n<tr align=\"left\">\n<td align=\"center\" valign=\"top\">\n<p>1000<\/td>\n<td valign=\"top\">\n<p>1000*1000 ,1000*1200,1000*1500<\/td>\n<\/tr>\n<tr align=\"left\">\n<td align=\"center\" valign=\"top\">\n<p>1200<\/td>\n<td valign=\"top\">\n<p>1200*1200 ,1200*1000,,1200*1500<\/td>\n<\/tr>\n<tr align=\"left\">\n<td align=\"center\" valign=\"top\">\n<p>1500<\/td>\n<td valign=\"top\">\n<p>1500*1000 ,1500*1200<\/td>\n<\/tr>\n<\/tbody>\n<\/table>\n<div><strong>Placa Tipo de folha:<\/strong> Folha s\u00f3lida de policarboante, folha oca de policarbonato<\/div>\n<div><strong>Material do suporte:<\/strong> PP ou alum\u00ednio<\/div>\n<div><strong>Ligar:<\/strong> Perfil de alum\u00ednio<\/div>\n<div><strong>Acess\u00f3rios:<\/strong>O parafuso \u00e9 de a\u00e7o inoxid\u00e1vel<\/div>\n<div><\/div>\n<div><img fetchpriority=\"high\" decoding=\"async\" src=\"https:\/\/sc02.alicdn.com\/kf\/HTB1c_rWJVXXXXXfXXXXq6xXFXXX4\/200162319\/HTB1c_rWJVXXXXXfXXXXq6xXFXXX4.jpg\" alt=\"Toldo de policarbonato Toldo de telhado Toldo de porta DIY Toldo de janela Toldo de janela\" width=\"630\" height=\"437\" data-src=\"\/\/sc02.alicdn.com\/kf\/HTB1c_rWJVXXXXXfXXXXq6xXFXXX4\/200162319\/HTB1c_rWJVXXXXXfXXXXq6xXFXXX4.jpg\" data-alt=\"Polycarbonate Awning roof Canopy DIY Awning Door Aanopy Window Awning Canopy\" data-width=\"630\" data-height=\"437\" data- title=\"\"><\/div>\n<div><img decoding=\"async\" src=\"https:\/\/sc02.alicdn.com\/kf\/HTB1xO6PJVXXXXXQXpXXq6xXFXXXE\/200162319\/HTB1xO6PJVXXXXXQXpXXq6xXFXXXE.jpg\" alt=\"Toldo de policarbonato Toldo de telhado Toldo de porta DIY Toldo de janela Toldo de janela\" width=\"630\" height=\"763.5600000000001\" data-src=\"\/\/sc02.alicdn.com\/kf\/HTB1xO6PJVXXXXXQXpXXq6xXFXXXE\/200162319\/HTB1xO6PJVXXXXXQXpXXq6xXFXXXE.jpg\" data-alt=\"Polycarbonate Awning roof Canopy DIY Awning Door Aanopy Window Awning Canopy\" data-width=\"630\" data- title=\"\"><\/div>\n<div>\n<p><img decoding=\"async\" src=\"https:\/\/sc01.alicdn.com\/kf\/H2f4db787a3b343c8b287bd745f006630r\/200162319\/H2f4db787a3b343c8b287bd745f006630r.png\" alt=\"Toldo de policarbonato Toldo de telhado Toldo de porta DIY Toldo de janela Toldo de janela\" width=\"630\" height=\"362.2162740899357\" data-src=\"\/\/sc01.alicdn.com\/kf\/H2f4db787a3b343c8b287bd745f006630r\/200162319\/H2f4db787a3b343c8b287bd745f006630r.png\" data-alt=\"Polycarbonate Awning roof Canopy DIY Awning Door Aanopy Window Awning Canopy\" data-width=\"630\" data- title=\"\"><\/p>\n<p><strong style=\"color: initial;\">Embalagem e expedi\u00e7\u00e3o<\/strong><\/p>\n<\/div>\n<div id=\"ali-anchor-AliPostDhMb-1bdoq\" data-section=\"AliPostDhMb-1bdoq\" data-section-title=\"Packaging &amp; Shipping\">\n<div>\n<p>\u00a0<img decoding=\"async\" src=\"https:\/\/sc01.alicdn.com\/kf\/Hb3bdebb96a2849458ce6dfcbaa19c5d15\/200162319\/Hb3bdebb96a2849458ce6dfcbaa19c5d15.png\" alt=\"Toldo de policarbonato Toldo de telhado Toldo de porta DIY Toldo de janela Toldo de janela\" width=\"630\" height=\"312.9083665338646\" data-src=\"\/\/sc01.alicdn.com\/kf\/Hb3bdebb96a2849458ce6dfcbaa19c5d15\/200162319\/Hb3bdebb96a2849458ce6dfcbaa19c5d15.png\" data-alt=\"Polycarbonate Awning roof Canopy DIY Awning Door Aanopy Window Awning Canopy\" data-width=\"630\" data- title=\"\"><img decoding=\"async\" src=\"https:\/\/sc02.alicdn.com\/kf\/Hd05fdb0988024155a7956963ea5973acD\/200162319\/Hd05fdb0988024155a7956963ea5973acD.png\" alt=\"Toldo de policarbonato Toldo de telhado Toldo de porta DIY Toldo de janela Toldo de janela\" width=\"630\" height=\"474.58885941644564\" data-src=\"\/\/sc02.alicdn.com\/kf\/Hd05fdb0988024155a7956963ea5973acD\/200162319\/Hd05fdb0988024155a7956963ea5973acD.png\" data-alt=\"Polycarbonate Awning roof Canopy DIY Awning Door Aanopy Window Awning Canopy\" data-width=\"630\" data- title=\"\"><img decoding=\"async\" src=\"https:\/\/sc02.alicdn.com\/kf\/H02a52324dc024cdcbaee8c550d0c5b3cR\/200162319\/H02a52324dc024cdcbaee8c550d0c5b3cR.png\" alt=\"Toldo de policarbonato Toldo de telhado Toldo de porta DIY Toldo de janela Toldo de janela\" width=\"630\" height=\"214.7347480106101\" data-src=\"\/\/sc02.alicdn.com\/kf\/H02a52324dc024cdcbaee8c550d0c5b3cR\/200162319\/H02a52324dc024cdcbaee8c550d0c5b3cR.png\" data-alt=\"Polycarbonate Awning roof Canopy DIY Awning Door Aanopy Window Awning Canopy\" data-width=\"630\" data- title=\"\"><\/p>\n<\/div>\n<\/div>","protected":false},"featured_media":15376,"parent":0,"template":"","product-catagories":[171],"product-tag":[],"class_list":["post-15390","product","type-product","status-publish","has-post-thumbnail","hentry","product-catagories-awning"],"acf":[],"_links":{"self":[{"href":"https:\/\/www.tononplastics.com\/pt\/wp-json\/wp\/v2\/product\/15390","targetHints":{"allow":["GET"]}}],"collection":[{"href":"https:\/\/www.tononplastics.com\/pt\/wp-json\/wp\/v2\/product"}],"about":[{"href":"https:\/\/www.tononplastics.com\/pt\/wp-json\/wp\/v2\/types\/product"}],"version-history":[{"count":0,"href":"https:\/\/www.tononplastics.com\/pt\/wp-json\/wp\/v2\/product\/15390\/revisions"}],"wp:featuredmedia":[{"embeddable":true,"href":"https:\/\/www.tononplastics.com\/pt\/wp-json\/wp\/v2\/media\/15376"}],"wp:attachment":[{"href":"https:\/\/www.tononplastics.com\/pt\/wp-json\/wp\/v2\/media?parent=15390"}],"wp:term":[{"taxonomy":"product-catagories","embeddable":true,"href":"https:\/\/www.tononplastics.com\/pt\/wp-json\/wp\/v2\/product-catagories?post=15390"},{"taxonomy":"product-tag","embeddable":true,"href":"https:\/\/www.tononplastics.com\/pt\/wp-json\/wp\/v2\/product-tag?post=15390"}],"curies":[{"name":"wp","href":"https:\/\/api.w.org\/{rel}","templated":true}]}}