{"id":15397,"date":"2023-01-22T11:01:23","date_gmt":"2023-01-22T03:01:23","guid":{"rendered":"https:\/\/tononplastics.com\/?post_type=product&#038;p=15397"},"modified":"2024-03-25T16:31:18","modified_gmt":"2024-03-25T08:31:18","slug":"colorful-polycarbonate-profile-h-for-polycarbonate-sheet-pc-profile-h","status":"publish","type":"product","link":"https:\/\/www.tononplastics.com\/pt\/product\/colorful-polycarbonate-profile-h-for-polycarbonate-sheet-pc-profile-h\/","title":{"rendered":"Acess\u00f3rio de policarbonato de 4-16 mm Perfil H e U"},"content":{"rendered":"<p><strong>Placa de PC H<\/strong> em sol por estratifica\u00e7\u00e3o \u00e9 utilizado principalmente em juntas de placas e placas e em grandes v\u00e3os entre placas de utiliza\u00e7\u00e3o\u00a0<span style=\"font-size: revert; color: initial;\">e a t\u00e1bua de liga\u00e7\u00e3o entre as t\u00e1buas. \u00c9 bonito e f\u00e1cil, a instala\u00e7\u00e3o de constru\u00e7\u00e3o \u00e9 c\u00f3moda,\u00a0<\/span><span style=\"font-size: revert; color: initial;\">A cor pode ser selecionada de acordo com a sincroniza\u00e7\u00e3o de cores da folha de instala\u00e7\u00e3o de engenharia.\u00a0<\/span><\/p>\n<p><strong>Material:<\/strong>\u00a0Policarbonato Markolon da Bayer alem\u00e3\/ Lexan da GE americana<\/p>\n<p><img fetchpriority=\"high\" decoding=\"async\" class=\"\" src=\"https:\/\/sc02.alicdn.com\/kf\/Ha019b4cbc98f4e77838162ef3e28ca98z\/200162319\/Ha019b4cbc98f4e77838162ef3e28ca98z.jpg\" alt=\"Perfil de policarbonato colorido H para chapa de policarbonato perfil de pc H\" width=\"381\" height=\"381\" data-src=\"\/\/sc02.alicdn.com\/kf\/Ha019b4cbc98f4e77838162ef3e28ca98z\/200162319\/Ha019b4cbc98f4e77838162ef3e28ca98z.jpg\" data-alt=\"Colorful polycarbonate profile H for polycarbonate sheet pc  profile H\" data-width=\"600\" data- title=\"\"><img decoding=\"async\" class=\"\" src=\"https:\/\/sc01.alicdn.com\/kf\/H62e1d0749c0e47d8a7f0117ffaa51eear\/200162319\/H62e1d0749c0e47d8a7f0117ffaa51eear.jpg\" alt=\"Perfil de policarbonato colorido H para chapa de policarbonato perfil de pc H\" width=\"384\" height=\"384\" data-src=\"\/\/sc01.alicdn.com\/kf\/H62e1d0749c0e47d8a7f0117ffaa51eear\/200162319\/H62e1d0749c0e47d8a7f0117ffaa51eear.jpg\" data-alt=\"Colorful polycarbonate profile H for polycarbonate sheet pc  profile H\" data-width=\"600\" data- title=\"\"><\/p>\n<div id=\"ali-anchor-AliPostDhMb-n9vgt\" data-section=\"AliPostDhMb-n9vgt\" data-section-title=\"Product Description\">\n<div id=\"ali-title-AliPostDhMb-n9vgt\"><strong>Descri\u00e7\u00e3o do produto<\/strong><br \/>\n<span style=\"color: initial; font-size: revert;\">especifica\u00e7\u00e3o do policarbonato: 6 m\/a, quantidade ou de acordo com o cliente\u2019 <\/span><span style=\"font-size: revert; color: initial;\">comprimento para necessidades especiais (em transporte\u00a0<\/span><span style=\"font-size: revert; color: initial;\">condi\u00e7\u00f5es permitidas).\u00a0<\/span><\/div>\n<\/div>\n<p>4 mm PC-H pegar 6 mm em PC-H pegar 8 mm em PC-H pegar 10 mm<\/p>\n<p>em PC-H de 12 mm por ~ 20 mm placa de tr\u00eas camadas PC-H em PC placa de sol U encontrar a borda \u00e9 usado principalmente nas extremidades do sol<\/p>\n<p>veda\u00e7\u00e3o da t\u00e1bua, evita que o p\u00f3, a chuva e os insectos entrem no buraco da t\u00e1bua, afectando a t\u00e1bua<\/p>\n<p>vida \u00fatil e beleza!<\/p>\n<div id=\"ali-anchor-AliPostDhMb-fcokm\" data-section=\"AliPostDhMb-fcokm\" data-section-title=\"Company Information\">\n<div id=\"ali-title-AliPostDhMb-fcokm\"><strong>Informa\u00e7\u00f5es sobre a empresa<\/strong><\/div>\n<div>\n<p>\u00a0<img decoding=\"async\" src=\"https:\/\/sc01.alicdn.com\/kf\/Hc6401cfcb4334b6db778c359d08238c0l\/200162319\/Hc6401cfcb4334b6db778c359d08238c0l.jpg\" alt=\"Perfil de policarbonato colorido H para chapa de policarbonato perfil de pc H\" width=\"630\" height=\"1226.3999999999999\" data-src=\"\/\/sc01.alicdn.com\/kf\/Hc6401cfcb4334b6db778c359d08238c0l\/200162319\/Hc6401cfcb4334b6db778c359d08238c0l.jpg\" data-alt=\"Colorful polycarbonate profile H for polycarbonate sheet pc  profile H\" data-width=\"630\" data- title=\"\"><img decoding=\"async\" src=\"https:\/\/sc01.alicdn.com\/kf\/H74247c1d61554ba2a775e9ce59244207e\/200162319\/H74247c1d61554ba2a775e9ce59244207e.jpg\" alt=\"Perfil de policarbonato colorido H para chapa de policarbonato perfil de pc H\" width=\"630\" height=\"509.04\" data-src=\"\/\/sc01.alicdn.com\/kf\/H74247c1d61554ba2a775e9ce59244207e\/200162319\/H74247c1d61554ba2a775e9ce59244207e.jpg\" data-alt=\"Colorful polycarbonate profile H for polycarbonate sheet pc  profile H\" data-width=\"630\" data- title=\"\"><img decoding=\"async\" src=\"https:\/\/sc02.alicdn.com\/kf\/Hd05fdb0988024155a7956963ea5973acD\/200162319\/Hd05fdb0988024155a7956963ea5973acD.png\" alt=\"Perfil de policarbonato colorido H para chapa de policarbonato perfil de pc H\" width=\"630\" height=\"474.58885941644564\" data-src=\"\/\/sc02.alicdn.com\/kf\/Hd05fdb0988024155a7956963ea5973acD\/200162319\/Hd05fdb0988024155a7956963ea5973acD.png\" data-alt=\"Colorful polycarbonate profile H for polycarbonate sheet pc  profile H\" data-width=\"630\" data- title=\"\"><img decoding=\"async\" src=\"https:\/\/sc02.alicdn.com\/kf\/H02a52324dc024cdcbaee8c550d0c5b3cR\/200162319\/H02a52324dc024cdcbaee8c550d0c5b3cR.png\" alt=\"Perfil de policarbonato colorido H para chapa de policarbonato perfil de pc H\" width=\"630\" height=\"214.7347480106101\" data-src=\"\/\/sc02.alicdn.com\/kf\/H02a52324dc024cdcbaee8c550d0c5b3cR\/200162319\/H02a52324dc024cdcbaee8c550d0c5b3cR.png\" data-alt=\"Colorful polycarbonate profile H for polycarbonate sheet pc  profile H\" data-width=\"630\" data- title=\"\"><img decoding=\"async\" src=\"https:\/\/sc02.alicdn.com\/kf\/H4a5e33e5f1034bce8dde77f9a90d1cd9q\/200162319\/H4a5e33e5f1034bce8dde77f9a90d1cd9q.png\" alt=\"Perfil de policarbonato colorido H para chapa de policarbonato perfil de pc H\" width=\"630\" height=\"586.3781624500665\" data-src=\"\/\/sc02.alicdn.com\/kf\/H4a5e33e5f1034bce8dde77f9a90d1cd9q\/200162319\/H4a5e33e5f1034bce8dde77f9a90d1cd9q.png\" data-alt=\"Colorful polycarbonate profile H for polycarbonate sheet pc  profile H\" data-width=\"630\" data- title=\"\"><\/p>\n<\/div>\n<\/div>","protected":false},"featured_media":15410,"parent":0,"template":"","product-catagories":[172],"product-tag":[],"class_list":["post-15397","product","type-product","status-publish","has-post-thumbnail","hentry","product-catagories-polycarbonate-light-diffuse-sheet"],"acf":[],"_links":{"self":[{"href":"https:\/\/www.tononplastics.com\/pt\/wp-json\/wp\/v2\/product\/15397","targetHints":{"allow":["GET"]}}],"collection":[{"href":"https:\/\/www.tononplastics.com\/pt\/wp-json\/wp\/v2\/product"}],"about":[{"href":"https:\/\/www.tononplastics.com\/pt\/wp-json\/wp\/v2\/types\/product"}],"version-history":[{"count":0,"href":"https:\/\/www.tononplastics.com\/pt\/wp-json\/wp\/v2\/product\/15397\/revisions"}],"wp:featuredmedia":[{"embeddable":true,"href":"https:\/\/www.tononplastics.com\/pt\/wp-json\/wp\/v2\/media\/15410"}],"wp:attachment":[{"href":"https:\/\/www.tononplastics.com\/pt\/wp-json\/wp\/v2\/media?parent=15397"}],"wp:term":[{"taxonomy":"product-catagories","embeddable":true,"href":"https:\/\/www.tononplastics.com\/pt\/wp-json\/wp\/v2\/product-catagories?post=15397"},{"taxonomy":"product-tag","embeddable":true,"href":"https:\/\/www.tononplastics.com\/pt\/wp-json\/wp\/v2\/product-tag?post=15397"}],"curies":[{"name":"wp","href":"https:\/\/api.w.org\/{rel}","templated":true}]}}