{"id":15398,"date":"2024-03-25T17:10:28","date_gmt":"2024-03-25T09:10:28","guid":{"rendered":"https:\/\/tononplastics.com\/?post_type=product&#038;p=15398"},"modified":"2024-03-25T17:12:10","modified_gmt":"2024-03-25T09:12:10","slug":"colorful-polycarbonate-profile-h-for-polycarbonate-sheet-pc-profile-h-2","status":"publish","type":"product","link":"https:\/\/www.tononplastics.com\/pt\/product\/colorful-polycarbonate-profile-h-for-polycarbonate-sheet-pc-profile-h-2\/","title":{"rendered":"Perfil de policarbonato colorido H para chapa de policarbonato perfil de pc H"},"content":{"rendered":"<p>Os perfis de PC s\u00e3o feitos de resina Makrolon da Bayer. N\u00e3o s\u00f3 tornam a instala\u00e7\u00e3o r\u00e1pida e c\u00f3moda, como tamb\u00e9m evitam eficazmente que as folhas se partam ao fazer furos na folha. Al\u00e9m disso, a utiliza\u00e7\u00e3o de perfis de PC pode tornar a impermeabiliza\u00e7\u00e3o mais simples.&nbsp;<br>Carater\u00edsticas do produto:&nbsp;<br>1. Peso leve&nbsp;<br>2. Manter a coer\u00eancia com a folha de PC no desempenho f\u00edsico&nbsp;<br>3. Bom desempenho \u00e0 prova de \u00e1gua&nbsp;<br>4. Boa resist\u00eancia \u00e0s intemp\u00e9ries e prote\u00e7\u00e3o UV&nbsp;<br>5. Instala\u00e7\u00e3o simples&nbsp;<br>6. Certificado por ISO9001:2000&nbsp;<br>7. Garantia de 10 anos&nbsp;<\/p>\n\n\n\n<figure class=\"wp-block-gallery has-nested-images columns-default is-cropped wp-block-gallery-1 is-layout-flex wp-block-gallery-is-layout-flex\">\n<figure class=\"wp-block-image size-large\"><img decoding=\"async\" data-id=\"15284\" src=\"https:\/\/www.tononplastics.com\/wp-content\/uploads\/2023\/08\/H24c6424deccc4e299e7a21e4fdb2c22bl.png\" alt=\"\" class=\"wp-image-15284\" title=\"\"><\/figure>\n\n\n\n<figure class=\"wp-block-image size-large\"><img decoding=\"async\" data-id=\"15282\" src=\"https:\/\/www.tononplastics.com\/wp-content\/uploads\/2023\/08\/H1cbb870bbc214fd782f8e4ea067b0f87t.png\" alt=\"\" class=\"wp-image-15282\" title=\"\"><\/figure>\n\n\n\n<figure class=\"wp-block-image size-large\"><img decoding=\"async\" data-id=\"15268\" src=\"https:\/\/www.tononplastics.com\/wp-content\/uploads\/2023\/08\/HTB1wYcHkS8YBeNkSnb4q6yevFXaH.jpg\" alt=\"\" class=\"wp-image-15268\" title=\"\"><\/figure>\n<\/figure>\n\n\n\n<h2 class=\"wp-block-heading\">\u00c1reas de utiliza\u00e7\u00e3o:<\/h2>\n\n\n\n<ul class=\"wp-block-list\">\n<li>o perfil de liga\u00e7\u00e3o de policarbonato \u00e9 utilizado principalmente como liga\u00e7\u00e3o entre chapas de policarbonato de paredes m\u00faltiplas para estufas e s\u00f3lidas para telhados<\/li>\n\n\n\n<li>veda\u00e7\u00e3o dos bordos em policarbonato<\/li>\n\n\n\n<li>faz a instala\u00e7\u00e3o de forma r\u00e1pida e f\u00e1cil<\/li>\n\n\n\n<li>d\u00e1 comodidade ao manuseamento&nbsp;<\/li>\n\n\n\n<li>impedir a desloca\u00e7\u00e3o da folha<br><\/li>\n\n\n\n<li><strong>PRINCIPAIS PROPRIEDADES DAS PLACAS MONOL\u00cdTICAS<\/strong><\/li>\n\n\n\n<li>As placas monol\u00edticas s\u00e3o um material com uma excelente combina\u00e7\u00e3o de propriedades f\u00edsicas e mec\u00e2nicas, que se mant\u00eam sob v\u00e1rias condi\u00e7\u00f5es de temperatura e n\u00edveis de humidade.<\/li>\n\n\n\n<li>\u00a0<\/li>\n\n\n\n<li>As chapas de policarbonato s\u00e3o um substituto ideal para os materiais de envidra\u00e7amento tradicionais. S\u00e3o seguras e f\u00e1ceis de cortar, instalar e utilizar, quase imposs\u00edveis de partir. Devido ao seu baixo peso espec\u00edfico, as chapas de policarbonato podem aligeirar e reduzir significativamente o custo da estrutura de suporte em compara\u00e7\u00e3o com a estrutura em que \u00e9 utilizado vidro, contribuindo para uma redu\u00e7\u00e3o significativa dos custos de transporte, manuseamento e instala\u00e7\u00e3o.<\/li>\n\n\n\n<li><strong>Prote\u00e7\u00e3o UV<\/strong><\/li>\n\n\n\n<li>A radia\u00e7\u00e3o solar tem um efeito prejudicial nos materiais polim\u00e9ricos, provocando a sua destrui\u00e7\u00e3o e causando fissuras na superf\u00edcie dos materiais. Estas pequenas fissuras s\u00e3o ampliadas pela \u00e1gua, poeiras e produtos qu\u00edmicos.<\/li>\n\n\n\n<li>As chapas monol\u00edticas de policarbonato t\u00eam uma superf\u00edcie com uma camada protetora aplicada contra a radia\u00e7\u00e3o ultravioleta, o que proporciona uma excelente resist\u00eancia \u00e0s intemp\u00e9ries.<\/li>\n\n\n\n<li><strong>Vidros em arco<\/strong><\/li>\n\n\n\n<li>Todas as chapas de policarbonato monol\u00edtico s\u00e3o enformadas a frio em perfis curvos de suporte de vidro. Desde que o raio de curvatura da chapa seja superior ao valor m\u00ednimo recomendado, as tens\u00f5es mec\u00e2nicas resultantes da enforma\u00e7\u00e3o a frio n\u00e3o afectam as propriedades mec\u00e2nicas da chapa.<\/li>\n\n\n\n<li><strong>A vida \u00fatil garantida das chapas \u00e9 de 15 anos.<\/strong><\/li>\n<\/ul>","protected":false},"featured_media":16195,"parent":0,"template":"","product-catagories":[177],"product-tag":[],"class_list":["post-15398","product","type-product","status-publish","has-post-thumbnail","hentry","product-catagories-polycarbonate-solid-sheet"],"acf":[],"_links":{"self":[{"href":"https:\/\/www.tononplastics.com\/pt\/wp-json\/wp\/v2\/product\/15398","targetHints":{"allow":["GET"]}}],"collection":[{"href":"https:\/\/www.tononplastics.com\/pt\/wp-json\/wp\/v2\/product"}],"about":[{"href":"https:\/\/www.tononplastics.com\/pt\/wp-json\/wp\/v2\/types\/product"}],"version-history":[{"count":0,"href":"https:\/\/www.tononplastics.com\/pt\/wp-json\/wp\/v2\/product\/15398\/revisions"}],"wp:featuredmedia":[{"embeddable":true,"href":"https:\/\/www.tononplastics.com\/pt\/wp-json\/wp\/v2\/media\/16195"}],"wp:attachment":[{"href":"https:\/\/www.tononplastics.com\/pt\/wp-json\/wp\/v2\/media?parent=15398"}],"wp:term":[{"taxonomy":"product-catagories","embeddable":true,"href":"https:\/\/www.tononplastics.com\/pt\/wp-json\/wp\/v2\/product-catagories?post=15398"},{"taxonomy":"product-tag","embeddable":true,"href":"https:\/\/www.tononplastics.com\/pt\/wp-json\/wp\/v2\/product-tag?post=15398"}],"curies":[{"name":"wp","href":"https:\/\/api.w.org\/{rel}","templated":true}]}}