{"id":15420,"date":"2023-08-22T11:11:29","date_gmt":"2023-08-22T03:11:29","guid":{"rendered":"https:\/\/tononplastics.com\/?post_type=product&#038;p=15420"},"modified":"2024-03-25T15:40:17","modified_gmt":"2024-03-25T07:40:17","slug":"led-panel-lighting-diffuserled-light-diffusion-sheet-bulb-diffusing-polycarbonate","status":"publish","type":"product","link":"https:\/\/www.tononplastics.com\/pt\/product\/led-panel-lighting-diffuserled-light-diffusion-sheet-bulb-diffusing-polycarbonate\/","title":{"rendered":"difusor de ilumina\u00e7\u00e3o de painel de led,folha de difus\u00e3o de luz led policarbonato difusor de l\u00e2mpada"},"content":{"rendered":"<div id=\"ali-anchor-AliPostDhMb-payd1\" class=\"mceSectionContainer\" data-section=\"AliPostDhMb-payd1\" data-section-title=\"Product Description\">\n<div id=\"ali-title-AliPostDhMb-payd1\"><\/div>\n<div>\n<p>\u00a0<img fetchpriority=\"high\" decoding=\"async\" class=\"\" src=\"https:\/\/sc01.alicdn.com\/kf\/H600807c9a63446b58826fc05a3ec45f7R\/200162319\/H600807c9a63446b58826fc05a3ec45f7R.jpg\" alt=\"difusor de ilumina\u00e7\u00e3o de painel de led,folha de difus\u00e3o de luz led policarbonato difusor de l\u00e2mpada\" width=\"404\" height=\"404\" data-src=\"\/\/sc01.alicdn.com\/kf\/H600807c9a63446b58826fc05a3ec45f7R\/200162319\/H600807c9a63446b58826fc05a3ec45f7R.jpg\" data-alt=\"led panel lighting diffuser,led light diffusion sheet bulb diffusing polycarbonate\" data-width=\"630\" data-spm-anchor-id=\"a2700.details.0.i20.5a162df0k7iIjR\" data- title=\"\"><img decoding=\"async\" class=\"\" src=\"https:\/\/sc01.alicdn.com\/kf\/H6c56ad0c2a0e4d95bc8510ee16b89dd1q\/200162319\/H6c56ad0c2a0e4d95bc8510ee16b89dd1q.jpg\" alt=\"difusor de ilumina\u00e7\u00e3o de painel de led,folha de difus\u00e3o de luz led policarbonato difusor de l\u00e2mpada\" width=\"412\" height=\"412\" data-src=\"\/\/sc01.alicdn.com\/kf\/H6c56ad0c2a0e4d95bc8510ee16b89dd1q\/200162319\/H6c56ad0c2a0e4d95bc8510ee16b89dd1q.jpg\" data-alt=\"led panel lighting diffuser,led light diffusion sheet bulb diffusing polycarbonate\" data-width=\"630\" data- title=\"\"><\/p>\n<p><strong>Transmiss\u00e3o de luz:<\/strong><br \/>\nA transmiss\u00e3o da luz atinge 12%-82% consoante a cor e a espessura.<\/p>\n<p><strong>Prote\u00e7\u00e3o UV:<\/strong><br \/>\nGra\u00e7as ao revestimento anti-UV patenteado, a chapa ondulada de policarbonato mant\u00e9m um desempenho mec\u00e2nico e \u00f3tico perfeito ap\u00f3s a exposi\u00e7\u00e3o.<\/p>\n<p><strong>Capacidade meteorol\u00f3gica:<\/strong><br \/>\nTem uma capacidade super climat\u00e9rica, que mant\u00e9m um excelente desempenho numa vasta gama de temperaturas de -40\u00b0C-120\u00b0C.<\/p>\n<p><strong>Retard\u00e2ncia ao fogo :<\/strong> UL Inflamabilidade 94 V-2<\/p>\n<p><strong>Instala\u00e7\u00e3o f\u00e1cil<\/strong><br \/>\nF\u00e1cil de instalar e pode ser dobrado a frio<\/p>\n<p><strong>Resist\u00eancia ao impacto :<\/strong><br \/>\n250-300 vezes a resist\u00eancia ao impacto do vidro normal e 30 vezes a dos pain\u00e9is acr\u00edlicos da mesma espessura, o que corresponde a 2-20 vezes o vidro temperado que cai dois metros abaixo do martelo de 3 kg sem fissuras, sem quebras<\/p>\n<p><strong>Aplica\u00e7\u00e3o da chapa ondulada de policarbonato:<br \/>\n<\/strong>Barreiras ac\u00fasticas em auto-estradas e vias urbanas elevadas;<br \/>\nEstufa agr\u00edcola e galp\u00e3o de cria\u00e7\u00e3o;<br \/>\nTeto de restaurante ecol\u00f3gico moderno;<br \/>\nTodas as unidades ou c\u00e9lulas do ciclo de vida, a varanda do sol e os quiosques de descanso do telhado;<br \/>\nEdif\u00edcios de escrit\u00f3rios, grandes armaz\u00e9ns, hot\u00e9is, moradias, escolas, hospitais, est\u00e1dios desportivos, centros de entretenimento e ilumina\u00e7\u00e3o de teto de instala\u00e7\u00f5es p\u00fablicas e .<\/p>\n<\/div>\n<\/div>\n<p><img decoding=\"async\" class=\"\" src=\"https:\/\/sc02.alicdn.com\/kf\/Hdce328a67d81495a812f963bcc590d4e8\/200162319\/Hdce328a67d81495a812f963bcc590d4e8.jpg\" alt=\"difusor de ilumina\u00e7\u00e3o de painel de led,folha de difus\u00e3o de luz led policarbonato difusor de l\u00e2mpada\" width=\"322\" height=\"322\" data-src=\"\/\/sc02.alicdn.com\/kf\/Hdce328a67d81495a812f963bcc590d4e8\/200162319\/Hdce328a67d81495a812f963bcc590d4e8.jpg\" data-alt=\"led panel lighting diffuser,led light diffusion sheet bulb diffusing polycarbonate\" data-width=\"630\" data- title=\"\"><img loading=\"lazy\" decoding=\"async\" class=\"\" src=\"https:\/\/sc01.alicdn.com\/kf\/Ha35eb9523b0743dbbef517c1f6d500b5t\/200162319\/Ha35eb9523b0743dbbef517c1f6d500b5t.jpg\" alt=\"difusor de ilumina\u00e7\u00e3o de painel de led,folha de difus\u00e3o de luz led policarbonato difusor de l\u00e2mpada\" width=\"428\" height=\"428\" data-src=\"\/\/sc01.alicdn.com\/kf\/Ha35eb9523b0743dbbef517c1f6d500b5t\/200162319\/Ha35eb9523b0743dbbef517c1f6d500b5t.jpg\" data-alt=\"led panel lighting diffuser,led light diffusion sheet bulb diffusing polycarbonate\" data-width=\"630\" data- title=\"\"><\/p>\n<div id=\"ali-anchor-AliPostDhMb-101z7\" class=\"mceSectionContainer\" data-section=\"AliPostDhMb-101z7\" data-section-title=\"Company Information\">\n<div id=\"ali-title-AliPostDhMb-101z7\"><\/div>\n<\/div>\n<div id=\"ali-anchor-AliPostDhMb-vzyi1\" class=\"mceSectionContainer\" data-section=\"AliPostDhMb-vzyi1\" data-section-title=\"Packaging &amp; Shipping\">\n<div id=\"ali-title-AliPostDhMb-vzyi1\"><strong>Embalagem e expedi\u00e7\u00e3o<\/strong><\/div>\n<div>\n<p>\u00a0<img decoding=\"async\" src=\"https:\/\/sc02.alicdn.com\/kf\/Hd05fdb0988024155a7956963ea5973acD\/200162319\/Hd05fdb0988024155a7956963ea5973acD.png\" alt=\"difusor de ilumina\u00e7\u00e3o de painel de led,folha de difus\u00e3o de luz led policarbonato difusor de l\u00e2mpada\" width=\"630\" height=\"474.58885941644564\" data-src=\"\/\/sc02.alicdn.com\/kf\/Hd05fdb0988024155a7956963ea5973acD\/200162319\/Hd05fdb0988024155a7956963ea5973acD.png\" data-alt=\"led panel lighting diffuser,led light diffusion sheet bulb diffusing polycarbonate\" data-width=\"630\" data- title=\"\"><img decoding=\"async\" src=\"https:\/\/sc02.alicdn.com\/kf\/H02a52324dc024cdcbaee8c550d0c5b3cR\/200162319\/H02a52324dc024cdcbaee8c550d0c5b3cR.png\" alt=\"difusor de ilumina\u00e7\u00e3o de painel de led,folha de difus\u00e3o de luz led policarbonato difusor de l\u00e2mpada\" width=\"630\" height=\"214.7347480106101\" data-src=\"\/\/sc02.alicdn.com\/kf\/H02a52324dc024cdcbaee8c550d0c5b3cR\/200162319\/H02a52324dc024cdcbaee8c550d0c5b3cR.png\" data-alt=\"led panel lighting diffuser,led light diffusion sheet bulb diffusing polycarbonate\" data-width=\"630\" data- title=\"\"><\/p>\n<\/div>\n<\/div>\n<div id=\"ali-anchor-AliPostDhMb-ik3zy\" class=\"mceSectionContainer\" data-section=\"AliPostDhMb-ik3zy\" data-section-title=\"FAQ\">\n<div id=\"ali-title-AliPostDhMb-ik3zy\"><\/div>\n<\/div>","protected":false},"featured_media":15421,"parent":0,"template":"","product-catagories":[170],"product-tag":[],"class_list":["post-15420","product","type-product","status-publish","has-post-thumbnail","hentry","product-catagories-polycarbonate-deep-processing"],"acf":[],"_links":{"self":[{"href":"https:\/\/www.tononplastics.com\/pt\/wp-json\/wp\/v2\/product\/15420","targetHints":{"allow":["GET"]}}],"collection":[{"href":"https:\/\/www.tononplastics.com\/pt\/wp-json\/wp\/v2\/product"}],"about":[{"href":"https:\/\/www.tononplastics.com\/pt\/wp-json\/wp\/v2\/types\/product"}],"version-history":[{"count":0,"href":"https:\/\/www.tononplastics.com\/pt\/wp-json\/wp\/v2\/product\/15420\/revisions"}],"wp:featuredmedia":[{"embeddable":true,"href":"https:\/\/www.tononplastics.com\/pt\/wp-json\/wp\/v2\/media\/15421"}],"wp:attachment":[{"href":"https:\/\/www.tononplastics.com\/pt\/wp-json\/wp\/v2\/media?parent=15420"}],"wp:term":[{"taxonomy":"product-catagories","embeddable":true,"href":"https:\/\/www.tononplastics.com\/pt\/wp-json\/wp\/v2\/product-catagories?post=15420"},{"taxonomy":"product-tag","embeddable":true,"href":"https:\/\/www.tononplastics.com\/pt\/wp-json\/wp\/v2\/product-tag?post=15420"}],"curies":[{"name":"wp","href":"https:\/\/api.w.org\/{rel}","templated":true}]}}