{"id":15430,"date":"2023-08-22T11:21:17","date_gmt":"2023-08-22T03:21:17","guid":{"rendered":"https:\/\/tononplastics.com\/?post_type=product&#038;p=15430"},"modified":"2024-04-16T14:08:52","modified_gmt":"2024-04-16T06:08:52","slug":"factory-direct-sale-100-new-materials-four-wall-pc-hollow-sheet","status":"publish","type":"product","link":"https:\/\/www.tononplastics.com\/pt\/product\/factory-direct-sale-100-new-materials-four-wall-pc-hollow-sheet\/","title":{"rendered":"Venda direta da f\u00e1brica 100% Novos materiais Folha oca de PC de quatro paredes"},"content":{"rendered":"<figure class=\"wp-block-gallery has-nested-images columns-default is-cropped wp-block-gallery-1 is-layout-flex wp-block-gallery-is-layout-flex\">\n<figure class=\"wp-block-image size-large\"><img decoding=\"async\" data-id=\"16139\" src=\"https:\/\/www.tononplastics.com\/wp-content\/uploads\/2024\/03\/H51343cdbb8f04c94a5295d3aa768236fu.webp\" alt=\"\" class=\"wp-image-16139\" title=\"\"><\/figure>\n\n\n\n<figure class=\"wp-block-image size-large\"><img fetchpriority=\"high\" decoding=\"async\" width=\"489\" height=\"296\" data-id=\"16195\" src=\"https:\/\/www.tononplastics.com\/wp-content\/uploads\/2023\/05\/d91baf45-3be1-4b5e-afdd-8735557e638e.png\" alt=\"\" class=\"wp-image-16195\" title=\"\" srcset=\"https:\/\/www.tononplastics.com\/wp-content\/uploads\/2023\/05\/d91baf45-3be1-4b5e-afdd-8735557e638e.png 489w, https:\/\/www.tononplastics.com\/wp-content\/uploads\/2023\/05\/d91baf45-3be1-4b5e-afdd-8735557e638e-300x182.png 300w, https:\/\/www.tononplastics.com\/wp-content\/uploads\/2023\/05\/d91baf45-3be1-4b5e-afdd-8735557e638e-18x12.png 18w\" sizes=\"(max-width: 489px) 100vw, 489px\" \/><\/figure>\n<\/figure>\n\n\n<div id=\"ali-anchor-AliPostDhMb-mrvpj\" data-section=\"AliPostDhMb-mrvpj\" data-section-title=\"Product details\">\n<p><strong>Detalhes do produto convencional:<\/strong><\/p>\n<p>1). Espessura da folha de policarbonato de parede dupla: 3mm-12mm. Largura: 2100mm.<\/p>\n<p>2). Espessura da chapa de policarbonato de paredes triplas: 10mm-18mm. Largura: 2100mm.<\/p>\n<p>3). Espessura da folha de policarbonato de quatro paredes: 6mm-14mm. Largura: 2100mm.<\/p>\n<p>4). Espessura da folha de policarbonato alveolar: 6mm-14mm. Largura: 2100mm.<\/p>\n<p>5). Tamb\u00e9m podemos personalizar a largura como 1220mm, e a espessura normal \u00e9 de 4mm-6mm. Mas o pre\u00e7o ser\u00e1 superior a 2100mm de largura, porque tem a perda de taxas.<\/p>\n<p>6). Espessura standard da chapa de policarbonato maci\u00e7o:<\/p>\n<p>\u00a0 \u00a0 \u00a01,1mm-18mm. Largura: 1220, 1560, 1820, 2100mm. Normalmente 1220x2440mm.<\/p>\n<p>7). Espessura da folha de policarbonato ondulado: 0.8mm-1.8mm.  A largura \u00e9 1000mm e 1220mm.<\/p>\n<p><em>A. Comprimento:Sem limite (recomendar 5800, 6000, 11800, 12000mm para se adequar ao contentor de 20\u2032 e ao contentor de 40\u2032).<\/em><\/p>\n<p><em>B. Cor: claro\/transparente, azul lago, verde, azul, opala, castanho\/bronze, cinzento prateado, vermelho, amarelo, etc.<\/em><\/p>\n<p>\u00a0<\/p>\n<p><img decoding=\"async\" src=\"https:\/\/sc02.alicdn.com\/kf\/HTB1k6UuKVXXXXccXFXXq6xXFXXX9\/200162319\/HTB1k6UuKVXXXXccXFXXq6xXFXXX9.jpg\" width=\"750\" height=\"750\" data-src=\"\/\/sc02.alicdn.com\/kf\/HTB1k6UuKVXXXXccXFXXq6xXFXXX9\/200162319\/HTB1k6UuKVXXXXccXFXXq6xXFXXX9.jpg\" data-width=\"760\" data-height=\"760\" alt=\"\" title=\"\"><\/p>\n<\/div>\n<div id=\"ali-anchor-AliPostDhMb-ib723\" data-section=\"AliPostDhMb-ib723\" data-section-title=\"Packing &amp;Delivery\">\n<div id=\"ali-title-AliPostDhMb-ib723\"><strong>Embalagem e entrega<\/strong><\/div>\n<div>\n<p><img decoding=\"async\" src=\"https:\/\/sc01.alicdn.com\/kf\/HTB1NDV9KXXXXXbsaXXXq6xXFXXX2\/200162319\/HTB1NDV9KXXXXXbsaXXXq6xXFXXX2.jpg\" width=\"750\" height=\"750\" data-src=\"\/\/sc01.alicdn.com\/kf\/HTB1NDV9KXXXXXbsaXXXq6xXFXXX2\/200162319\/HTB1NDV9KXXXXXbsaXXXq6xXFXXX2.jpg\" data-width=\"760\" data-height=\"760\" alt=\"\" title=\"\"><\/p>\n<p><img loading=\"lazy\" decoding=\"async\" src=\"https:\/\/sc02.alicdn.com\/kf\/HTB18hm4SpXXXXapXVXXq6xXFXXXV\/200162319\/HTB18hm4SpXXXXapXVXXq6xXFXXXV.jpg\" alt=\"Venda direta da f\u00e1brica 100% Novos materiais Folha oca de PC de quatro paredes\" width=\"750\" height=\"561\" data-src=\"\/\/sc02.alicdn.com\/kf\/HTB18hm4SpXXXXapXVXXq6xXFXXXV\/200162319\/HTB18hm4SpXXXXapXVXXq6xXFXXXV.jpg\" data-alt=\"Factory direct sale 100% New Materials Four-wall PC hollow sheet\" data-width=\"761\" data-height=\"569\" data- title=\"\"><\/p>\n<p>\u00a0<\/p>\n<\/div>\n<\/div>","protected":false},"featured_media":16806,"parent":0,"template":"","product-catagories":[178],"product-tag":[],"class_list":["post-15430","product","type-product","status-publish","has-post-thumbnail","hentry","product-catagories-polycarbonate-hollow-sheet"],"acf":[],"_links":{"self":[{"href":"https:\/\/www.tononplastics.com\/pt\/wp-json\/wp\/v2\/product\/15430","targetHints":{"allow":["GET"]}}],"collection":[{"href":"https:\/\/www.tononplastics.com\/pt\/wp-json\/wp\/v2\/product"}],"about":[{"href":"https:\/\/www.tononplastics.com\/pt\/wp-json\/wp\/v2\/types\/product"}],"version-history":[{"count":0,"href":"https:\/\/www.tononplastics.com\/pt\/wp-json\/wp\/v2\/product\/15430\/revisions"}],"wp:featuredmedia":[{"embeddable":true,"href":"https:\/\/www.tononplastics.com\/pt\/wp-json\/wp\/v2\/media\/16806"}],"wp:attachment":[{"href":"https:\/\/www.tononplastics.com\/pt\/wp-json\/wp\/v2\/media?parent=15430"}],"wp:term":[{"taxonomy":"product-catagories","embeddable":true,"href":"https:\/\/www.tononplastics.com\/pt\/wp-json\/wp\/v2\/product-catagories?post=15430"},{"taxonomy":"product-tag","embeddable":true,"href":"https:\/\/www.tononplastics.com\/pt\/wp-json\/wp\/v2\/product-tag?post=15430"}],"curies":[{"name":"wp","href":"https:\/\/api.w.org\/{rel}","templated":true}]}}