{"id":14017,"date":"2023-05-04T20:47:29","date_gmt":"2023-05-04T12:47:29","guid":{"rendered":"https:\/\/tononplastics.com\/?post_type=product&#038;p=14017"},"modified":"2024-03-25T12:58:41","modified_gmt":"2024-03-25T04:58:41","slug":"polycarbonate-crystal-hollow-sheet","status":"publish","type":"product","link":"https:\/\/www.tononplastics.com\/tr\/product\/polycarbonate-crystal-hollow-sheet\/","title":{"rendered":"Polikarbonat Kristal \u0130\u00e7i Bo\u015f Levha"},"content":{"rendered":"<p>Polikarbonat i\u00e7i bo\u015f levha m\u00fchendislik Termoplastikleridir. Omipa&amp;Breyer ekstr\u00fczyon hatt\u0131 ile ekstr\u00fczyon kal\u0131plama. 1UV\/2UV katmanl\u0131d\u0131r. Mal fiziksel ve mekanik \u00f6zelliklere sahiptir A\u011f\u0131rl\u0131k ayn\u0131 kal\u0131nl\u0131ktaki cam\u0131n sadece 1\/12\uff5e1\/15'i kadard\u0131r.<\/p>\n\n\n\n<figure class=\"wp-block-table\"><table><tbody><tr><td><strong>\u00d6zellikler:<\/strong><\/td><\/tr><\/tbody><\/table><\/figure>\n\n\n\n<figure class=\"wp-block-table\"><table><tbody><tr><td>Kal\u0131nl\u0131k (mm)<\/td><td>Geni\u015flik (mm)<\/td><td>Uzunluk (mm)<\/td><td>UV (um)<\/td><td>Garanti<\/td><td>LT%<\/td><\/tr><tr><td>8-20mm &nbsp;<\/td><td>1220\/2100<\/td><td>S\u0131n\u0131rl\u0131 de\u011fil<\/td><td>1 veya 2 taraf<\/td><td>10 y\u0131l<\/td><td>temizle(85%)<\/td><\/tr><\/tbody><\/table><\/figure>\n\n\n\n<figure class=\"wp-block-table\"><table><tbody><tr><td><strong>Standart Renk<\/strong>:<\/td><\/tr><\/tbody><\/table><\/figure>\n\n\n\n<figure class=\"wp-block-table\"><table><tbody><tr><td><img fetchpriority=\"high\" decoding=\"async\" alt=\"\" height=\"202\" src=\"https:\/\/www.polyrise.cn\/repository\/image\/d02daa06-5fce-47cc-9ac5-dcb51b23a1a1.png\" width=\"288\" title=\"\">Mavi Ye\u015fil<\/td><td><img decoding=\"async\" src=\"https:\/\/www.polyrise.cn\/repository\/image\/ab1d9604-73c9-4caf-96a8-233acef52c04.png\" alt=\"\" title=\"\">Mavi<\/td><td><img decoding=\"async\" src=\"https:\/\/www.polyrise.cn\/repository\/image\/0aca4c6c-a7c8-4bf5-82cc-adbe9a592004.png\" alt=\"\" title=\"\">Bronz<\/td><td><img decoding=\"async\" src=\"https:\/\/www.polyrise.cn\/repository\/image\/40335534-4598-4ce0-ade0-e882adc1a74d.png\" alt=\"\" title=\"\">Temiz<\/td><\/tr><tr><td><img decoding=\"async\" alt=\"\" height=\"202\" src=\"https:\/\/www.polyrise.cn\/repository\/image\/7577d6ae-8a16-447b-983a-0006b576fbe2.png\" width=\"288\" title=\"\">Yak\u0131n kenar i\u015flevi<\/td><td><img decoding=\"async\" alt=\"\" height=\"202\" src=\"https:\/\/www.polyrise.cn\/repository\/image\/9bc12b2c-88ef-4d35-88ac-cb3377a601f0.png\" width=\"288\" title=\"\">Ye\u015fil<\/td><td><img loading=\"lazy\" decoding=\"async\" alt=\"\" height=\"202\" src=\"https:\/\/www.polyrise.cn\/repository\/image\/ca07db95-36d7-4ddc-bc84-c2d9a5b1f60d.png\" width=\"288\" title=\"\">Mavi G\u00f6l<\/td><td><img loading=\"lazy\" decoding=\"async\" alt=\"\" height=\"202\" src=\"https:\/\/www.polyrise.cn\/repository\/image\/0b68c626-944c-4a38-95c2-e8b7a91d0a46.png\" width=\"288\" title=\"\">Opal<\/td><\/tr><tr><td><img loading=\"lazy\" decoding=\"async\" alt=\"\" height=\"202\" src=\"https:\/\/www.polyrise.cn\/repository\/image\/78e79a2c-bfa3-4545-90c7-4d2dd4b3a1ad.png\" width=\"288\" title=\"\">Turuncu<\/td><td><img loading=\"lazy\" decoding=\"async\" alt=\"\" height=\"202\" src=\"https:\/\/www.polyrise.cn\/repository\/image\/a92b5542-4833-4a54-92f7-7e59ec81c0e5.png\" width=\"288\" title=\"\">G\u00fcm\u00fc\u015f<\/td><td><img loading=\"lazy\" decoding=\"async\" alt=\"\" height=\"202\" src=\"https:\/\/www.polyrise.cn\/repository\/image\/2777c060-6474-4e7a-94cf-3556c936d450.png\" width=\"288\" title=\"\">Beyaz<\/td><td><img loading=\"lazy\" decoding=\"async\" alt=\"\" height=\"202\" src=\"https:\/\/www.polyrise.cn\/repository\/image\/a5438982-da51-41b5-b3d9-4eaee8275634.png\" width=\"288\" title=\"\">Sar\u0131<\/td><\/tr><\/tbody><\/table><\/figure>\n\n\n\n<figure class=\"wp-block-table\"><table><tbody><tr><td>Sera i\u00e7in d\u00fc\u015fme \u00f6nleyici<\/td><td>Dekorasyon i\u00e7in sim<\/td><td>\u00c7at\u0131 kaplamas\u0131 i\u00e7in Anti K\u0131z\u0131l\u00f6tesi<\/td><\/tr><tr><td><img loading=\"lazy\" decoding=\"async\" alt=\"\" height=\"256\" src=\"https:\/\/www.polyrise.cn\/repository\/image\/177e0db5-9988-446f-952b-f93e42db52fa.png\" width=\"381\" title=\"\"><\/td><td><img decoding=\"async\" src=\"https:\/\/www.polyrise.cn\/repository\/image\/a0347cee-febe-474c-90d0-9da1b6893b15.png\" alt=\"\" title=\"\"><\/td><td><img loading=\"lazy\" decoding=\"async\" alt=\"\" height=\"256\" src=\"https:\/\/www.polyrise.cn\/repository\/image\/e99ffeda-87b5-4635-9e43-21c6700c4e24.png\" width=\"381\" title=\"\"><\/td><\/tr><\/tbody><\/table><\/figure>\n\n\n\n<figure class=\"wp-block-table\"><table><tbody><tr><td><strong>Performans:<\/strong>Hafif a\u011f\u0131rl\u0131k<br>Y\u00fcksek darbe dayan\u0131m\u0131<br>Y\u00fcksek \u0131\u015f\u0131k ge\u00e7irgenli\u011fi<br>Hava ko\u015fullar\u0131na ve UV \u0131\u015f\u0131nlar\u0131na dayan\u0131kl\u0131<br>Y\u00fcksek \u0131s\u0131 yal\u0131t\u0131m performans\u0131<br>\u0130\u015flemesi ve kurulumu kolay&nbsp;&nbsp;&nbsp;<\/td><td><img decoding=\"async\" alt=\"1\" src=\"https:\/\/www.polyrise.cn\/repository\/image\/c163b942-14e7-46ea-b1b6-1da1166d57bb.png\" title=\"\"><\/td><\/tr><tr><td>Uygulama alan\u0131:Konut\/ticari \u00e7at\u0131 penceresi<br>Fabrika binas\u0131, depo ayd\u0131nlatma \u00e7at\u0131s\u0131<br>Stadyum tavan\u0131<br>Kanal\/park kul\u00fcbesi<br>Y\u00fczme havuzu \u00fcst \u00f6rt\u00fcs\u00fc<br>\u0130\u00e7 mekan b\u00f6lme<\/td><td><img loading=\"lazy\" decoding=\"async\" height=\"176\" width=\"249\" src=\"https:\/\/www.polyrise.cn\/repository\/image\/dc8e7adf-04e3-4b41-828d-0929ef7bba86.png\" alt=\"\" title=\"\"><img loading=\"lazy\" decoding=\"async\" height=\"176\" width=\"249\" src=\"https:\/\/www.polyrise.cn\/repository\/image\/b1cf1ed2-d7a9-4dd2-8947-4b7932b10120.png\" alt=\"\" title=\"\"><\/td><\/tr><\/tbody><\/table><\/figure>\n\n\n\n<figure class=\"wp-block-table\"><table><tbody><tr><td><strong>Teknik veriler<\/strong><\/td><\/tr><\/tbody><\/table><\/figure>\n\n\n\n<figure class=\"wp-block-table\"><table><tbody><tr><td>M\u00fclkiyet<\/td><td>Standart<\/td><td>Standart<\/td><td>Birim<\/td><td>De\u011fer<\/td><\/tr><tr><td>Yo\u011funluk<\/td><td>ASTM D792<\/td><td>&nbsp;<\/td><td>g\/cm3<\/td><td>1.2<\/td><\/tr><tr><td>Is\u0131 Sapma S\u0131cakl\u0131\u011f\u0131<br>Servis S\u0131cakl\u0131k Aral\u0131\u011f\u0131<\/td><td>ASTM D648<\/td><td>1,82 MPa<\/td><td>OC<br>OC<\/td><td>130<br>-40 ila 120<\/td><\/tr><tr><td>Do\u011frusal Termal Genle\u015fme Katsay\u0131s\u0131<\/td><td>ASTM D696<\/td><td>&nbsp;<\/td><td>cm\/cm OC<\/td><td>6.5 X 10-5<\/td><\/tr><tr><td>Termal \u0130letkenlik<\/td><td>ASTM C177<\/td><td>&nbsp;<\/td><td>W\/mK<\/td><td>0.21<\/td><\/tr><tr><td>Verimdeki \u00c7ekme Dayan\u0131m\u0131<\/td><td>ASTM D638<\/td><td>10 mm\/dak<\/td><td>MPa<\/td><td>65<\/td><\/tr><tr><td>Kopma An\u0131nda \u00c7ekme Dayan\u0131m\u0131<\/td><td>ASTM D638<\/td><td>10 mm\/dak<\/td><td>MPa<\/td><td>60<\/td><\/tr><tr><td>Akma Uzamas\u0131MPa<\/td><td>ASTM D638<\/td><td>10 mm\/dak<\/td><td>%<\/td><td>6<\/td><\/tr><tr><td>Kopma Uzamas\u0131<\/td><td>ASTM D638<\/td><td>10 mm\/dak<\/td><td>%<\/td><td>&gt;90<\/td><\/tr><tr><td>\u00c7ekme Elastikiyet Mod\u00fcl\u00fc<\/td><td>ASTM D638<\/td><td>1 mm\/dak<\/td><td>MPa<\/td><td>2300<\/td><\/tr><tr><td>E\u011filme Dayan\u0131m\u0131<\/td><td>ASTM D790<\/td><td>1,3 mm\/dak<\/td><td>MPa<\/td><td>100<\/td><\/tr><tr><td>E\u011filme Mod\u00fcl\u00fc<\/td><td>ASTM D790<\/td><td>1,3 mm\/dak<\/td><td>MPa<\/td><td>2600<\/td><\/tr><tr><td>Darbe D\u00fc\u015fen A\u011f\u0131rl\u0131k (E-50)<\/td><td>ISO 6603\/1<\/td><td>&nbsp;<\/td><td>J<\/td><td>195<\/td><\/tr><tr><td>Rockwell Sertlik<\/td><td>ASTM D785<\/td><td>&nbsp;<\/td><td>R Skalas\u0131<\/td><td>125R<\/td><\/tr><tr><td>I\u015f\u0131k \u0130letimi<\/td><td>ASTM D1003<\/td><td>&nbsp;<\/td><td>%<\/td><td>80<\/td><\/tr><tr><td>Pus<\/td><td>ASTM D1003<\/td><td>&nbsp;<\/td><td>%<\/td><td>&lt;0.5<\/td><\/tr><tr><td>Sar\u0131l\u0131k Endeksi<\/td><td>ASTM D1925<\/td><td>&nbsp;<\/td><td>&nbsp;<\/td><td>&lt;1<\/td><\/tr><\/tbody><\/table><\/figure>","protected":false},"featured_media":16195,"parent":0,"template":"","product-catagories":[181,178],"product-tag":[],"class_list":["post-14017","product","type-product","status-publish","has-post-thumbnail","hentry","product-catagories-crystal-polycarbonate-hollow-sheet","product-catagories-polycarbonate-hollow-sheet"],"acf":[],"_links":{"self":[{"href":"https:\/\/www.tononplastics.com\/tr\/wp-json\/wp\/v2\/product\/14017","targetHints":{"allow":["GET"]}}],"collection":[{"href":"https:\/\/www.tononplastics.com\/tr\/wp-json\/wp\/v2\/product"}],"about":[{"href":"https:\/\/www.tononplastics.com\/tr\/wp-json\/wp\/v2\/types\/product"}],"version-history":[{"count":0,"href":"https:\/\/www.tononplastics.com\/tr\/wp-json\/wp\/v2\/product\/14017\/revisions"}],"wp:featuredmedia":[{"embeddable":true,"href":"https:\/\/www.tononplastics.com\/tr\/wp-json\/wp\/v2\/media\/16195"}],"wp:attachment":[{"href":"https:\/\/www.tononplastics.com\/tr\/wp-json\/wp\/v2\/media?parent=14017"}],"wp:term":[{"taxonomy":"product-catagories","embeddable":true,"href":"https:\/\/www.tononplastics.com\/tr\/wp-json\/wp\/v2\/product-catagories?post=14017"},{"taxonomy":"product-tag","embeddable":true,"href":"https:\/\/www.tononplastics.com\/tr\/wp-json\/wp\/v2\/product-tag?post=14017"}],"curies":[{"name":"wp","href":"https:\/\/api.w.org\/{rel}","templated":true}]}}