{"id":14021,"date":"2023-05-04T21:03:27","date_gmt":"2023-05-04T13:03:27","guid":{"rendered":"https:\/\/tononplastics.com\/?post_type=product&#038;p=14021"},"modified":"2024-03-25T11:16:58","modified_gmt":"2024-03-25T03:16:58","slug":"roofing-polycarbonate-hollow-sheet","status":"publish","type":"product","link":"https:\/\/www.tononplastics.com\/tr\/product\/roofing-polycarbonate-hollow-sheet\/","title":{"rendered":"\u00c7at\u0131 Kaplama Polikarbonat \u0130\u00e7i Bo\u015f Levha"},"content":{"rendered":"<p>\u00a0<\/p>\n<table style=\"height: 507px; width: 967px; background-color: #ede8e8;\" border=\"1\" cellspacing=\"1\" cellpadding=\"1\">\n<tbody>\n<tr>\n<td style=\"width: 32.1355%; border-style: solid; background-color: #d6d6d6;\" width=\"355\">\u00dcr\u00fcn Ad\u0131<\/td>\n<td style=\"width: 67.0431%; background-color: #d6d6d6;\" width=\"355\">\u0130\u00e7i Bo\u015f Polikarbonat Levha<\/td>\n<\/tr>\n<tr>\n<td style=\"width: 32.1355%; border-style: solid; background-color: #d6d6d6;\" width=\"355\">Men\u015fe Yeri<\/td>\n<td style=\"width: 67.0431%; background-color: #d6d6d6;\" width=\"355\">Foshan City, Guangdong, \u00c7in<\/td>\n<\/tr>\n<tr>\n<td style=\"width: 32.1355%; border-style: solid; background-color: #d6d6d6;\" width=\"355\">Malzeme<\/td>\n<td style=\"width: 67.0431%; background-color: #d6d6d6;\" width=\"355\">100% Virgin Polikarbonat Malzeme<\/td>\n<\/tr>\n<tr>\n<td style=\"width: 32.1355%; border-style: solid; background-color: #d6d6d6;\" width=\"355\">Renkler<\/td>\n<td style=\"width: 67.0431%; background-color: #d6d6d6;\" width=\"355\">\u015eeffaf, Bronz, Mavi, Ye\u015fil, Opal, Gri veya \u00f6zelle\u015ftirilmi\u015f<\/td>\n<\/tr>\n<tr>\n<td style=\"width: 32.1355%; border-style: solid; background-color: #d6d6d6;\" width=\"355\">Kal\u0131nl\u0131k<\/td>\n<td style=\"width: 67.0431%; background-color: #d6d6d6;\" width=\"355\">3-20mm<\/td>\n<\/tr>\n<tr>\n<td style=\"width: 32.1355%; border-style: solid; background-color: #d6d6d6;\" width=\"355\">Geni\u015flik<\/td>\n<td style=\"width: 67.0431%; background-color: #d6d6d6;\" width=\"355\">2100m, 1220m veya \u00f6zelle\u015ftirilmi\u015f<\/td>\n<\/tr>\n<tr>\n<td style=\"width: 32.1355%; border-style: solid; background-color: #d6d6d6;\" width=\"355\">Uzunluk<\/td>\n<td style=\"width: 67.0431%; background-color: #d6d6d6;\" width=\"355\">5800mm\/11800mm.di\u011fer boyutlar mevcuttur.<\/td>\n<\/tr>\n<tr>\n<td style=\"width: 32.1355%; border-style: solid; background-color: #d6d6d6;\" width=\"355\">Sertifika<\/td>\n<td style=\"width: 67.0431%; background-color: #d6d6d6;\" width=\"355\">CE, ISO<\/td>\n<\/tr>\n<tr>\n<td style=\"width: 32.1355%; border-style: solid; background-color: #d6d6d6;\" width=\"355\">Y\u00fczey<\/td>\n<td style=\"width: 67.0431%; background-color: #d6d6d6;\" width=\"355\">50 mikron UV korumal\u0131, Is\u0131ya dayan\u0131kl\u0131<\/td>\n<\/tr>\n<tr>\n<td style=\"width: 32.1355%; border-style: solid; background-color: #d6d6d6;\" width=\"355\">Geciktirici standart<\/td>\n<td style=\"width: 67.0431%; background-color: #d6d6d6;\" width=\"355\">A S\u0131n\u0131f\u0131<\/td>\n<\/tr>\n<tr>\n<td style=\"width: 32.1355%; border-style: solid; background-color: #d6d6d6;\" width=\"355\">Paketleme<\/td>\n<td style=\"width: 67.0431%; background-color: #d6d6d6;\" width=\"355\">Her iki taraf\u0131 PE filmli, PE film \u00fczerinde logo. \u00f6zelle\u015ftirilmi\u015f paket de mevcuttur.<\/td>\n<\/tr>\n<tr>\n<td style=\"width: 32.1355%; border-style: solid; background-color: #d6d6d6;\" width=\"355\">Teslimat<\/td>\n<td style=\"width: 67.0431%; background-color: #d6d6d6;\" width=\"355\">Depozitoyu ald\u0131ktan sonra 7-10 g\u00fcn i\u00e7inde<\/td>\n<\/tr>\n<\/tbody>\n<\/table>\n<p><strong style=\"font-size: revert; color: initial;\"><b>Tonon Polikarbonat \u0130\u00e7i Bo\u015f Levha \u00d6zellikleri<\/b><\/strong><\/p>\n<table style=\"width: 971px; height: 266px;\" border=\"1\" cellspacing=\"1\" cellpadding=\"1\">\n<tbody>\n<tr>\n<td style=\"width: 12.2853%;\" width=\"90\">Kal\u0131nl\u0131k<\/td>\n<td style=\"width: 9.24703%;\" width=\"67\">A\u011f\u0131rl\u0131k<\/td>\n<td style=\"width: 8.05812%;\" width=\"58\">Geni\u015flik<\/td>\n<td style=\"width: 9.11493%;\" width=\"66\">Uzunluk<\/td>\n<td style=\"width: 57.992%;\" colspan=\"6\" width=\"426\">Lig \u0130letimi% (\u00b13%)<\/td>\n<\/tr>\n<tr>\n<td style=\"width: 12.2853%;\" width=\"90\">mm<\/td>\n<td style=\"width: 9.24703%;\" width=\"67\">Kg\/m2<\/td>\n<td style=\"width: 8.05812%;\" width=\"58\">mm<\/td>\n<td style=\"width: 9.11493%;\" width=\"66\">mm<\/td>\n<td style=\"width: 8.05812%;\" width=\"58\">Temiz<\/td>\n<td style=\"width: 13.4742%;\" width=\"99\">Opalescent<\/td>\n<td style=\"width: 7.00132%;\" width=\"50\">Mavi<\/td>\n<td style=\"width: 12.2853%;\" width=\"91\">Lake-Blue<\/td>\n<td style=\"width: 9.11493%;\" width=\"66\">Bronz<\/td>\n<td style=\"width: 8.05812%;\" width=\"58\">Ye\u015fil<\/td>\n<\/tr>\n<tr>\n<td style=\"width: 12.2853%;\" width=\"90\">4<\/td>\n<td style=\"width: 9.24703%;\" width=\"67\">1<\/td>\n<td style=\"width: 8.05812%;\" width=\"58\">2100<\/td>\n<td style=\"width: 9.11493%;\" width=\"66\">6000<\/td>\n<td style=\"width: 8.05812%;\" width=\"58\">80<\/td>\n<td style=\"width: 13.4742%;\" width=\"99\">57<\/td>\n<td style=\"width: 7.00132%;\" width=\"50\">45<\/td>\n<td style=\"width: 12.2853%;\" width=\"91\">55<\/td>\n<td style=\"width: 9.11493%;\" width=\"66\">55<\/td>\n<td style=\"width: 8.05812%;\" width=\"58\">45<\/td>\n<\/tr>\n<tr>\n<td style=\"width: 12.2853%;\" width=\"90\">6<\/td>\n<td style=\"width: 9.24703%;\" width=\"67\">1.3<\/td>\n<td style=\"width: 8.05812%;\" width=\"58\">2100<\/td>\n<td style=\"width: 9.11493%;\" width=\"66\">6000<\/td>\n<td style=\"width: 8.05812%;\" width=\"58\">79<\/td>\n<td style=\"width: 13.4742%;\" width=\"99\">56<\/td>\n<td style=\"width: 7.00132%;\" width=\"50\">36<\/td>\n<td style=\"width: 12.2853%;\" width=\"91\">50<\/td>\n<td style=\"width: 9.11493%;\" width=\"66\">53<\/td>\n<td style=\"width: 8.05812%;\" width=\"58\">42<\/td>\n<\/tr>\n<tr>\n<td style=\"width: 12.2853%;\" width=\"90\">8<\/td>\n<td style=\"width: 9.24703%;\" width=\"67\">1.5<\/td>\n<td style=\"width: 8.05812%;\" width=\"58\">2100<\/td>\n<td style=\"width: 9.11493%;\" width=\"66\">6000<\/td>\n<td style=\"width: 8.05812%;\" width=\"58\">78<\/td>\n<td style=\"width: 13.4742%;\" width=\"99\">52<\/td>\n<td style=\"width: 7.00132%;\" width=\"50\">30<\/td>\n<td style=\"width: 12.2853%;\" width=\"91\">47<\/td>\n<td style=\"width: 9.11493%;\" width=\"66\">51<\/td>\n<td style=\"width: 8.05812%;\" width=\"58\">40<\/td>\n<\/tr>\n<tr>\n<td style=\"width: 12.2853%;\" width=\"90\">10<\/td>\n<td style=\"width: 9.24703%;\" width=\"67\">1.7<\/td>\n<td style=\"width: 8.05812%;\" width=\"58\">2100<\/td>\n<td style=\"width: 9.11493%;\" width=\"66\">6000<\/td>\n<td style=\"width: 8.05812%;\" width=\"58\">77<\/td>\n<td style=\"width: 13.4742%;\" width=\"99\">44<\/td>\n<td style=\"width: 7.00132%;\" width=\"50\">25<\/td>\n<td style=\"width: 12.2853%;\" width=\"91\">42<\/td>\n<td style=\"width: 9.11493%;\" width=\"66\">48<\/td>\n<td style=\"width: 8.05812%;\" width=\"58\">35<\/td>\n<\/tr>\n<\/tbody>\n<\/table>\n<p><strong style=\"font-size: revert; color: initial;\"><b>Tonon Polikarbonat \u0130\u00e7i Bo\u015f Levha Teknik Verileri<\/b><\/strong><\/p>\n<table style=\"height: 526px;\" border=\"1\" width=\"699\">\n<tbody>\n<tr>\n<td width=\"81\">Hay\u0131r.<\/td>\n<td width=\"273\">\u00d6zellikler<\/td>\n<td width=\"177\">Birim<\/td>\n<td width=\"177\">Tarih<\/td>\n<\/tr>\n<tr>\n<td width=\"81\">1<\/td>\n<td width=\"273\">Darbe Dayan\u0131m\u0131<\/td>\n<td width=\"177\">J\/M<\/td>\n<td width=\"177\">850<\/td>\n<\/tr>\n<tr>\n<td width=\"81\">2<\/td>\n<td width=\"273\">I\u015f\u0131k \u0130letimi<\/td>\n<td width=\"177\">%<\/td>\n<td width=\"177\">88<\/td>\n<\/tr>\n<tr>\n<td width=\"81\">3<\/td>\n<td width=\"273\">\u00d6zg\u00fcl A\u011f\u0131rl\u0131k<\/td>\n<td width=\"177\">g\/cm<sup>3<\/sup><\/td>\n<td width=\"177\">1.2<\/td>\n<\/tr>\n<tr>\n<td width=\"81\">4<\/td>\n<td width=\"273\">Termal Genle\u015fme Katsay\u0131s\u0131<\/td>\n<td width=\"177\">Mm\/m.\u2103<\/td>\n<td width=\"177\">0.065<\/td>\n<\/tr>\n<tr>\n<td width=\"81\">5<\/td>\n<td width=\"273\">S\u0131cakl\u0131k Aral\u0131\u011f\u0131<\/td>\n<td width=\"177\">\u2103<\/td>\n<td width=\"177\">-40\uff5e+120<\/td>\n<\/tr>\n<tr>\n<td width=\"81\">6<\/td>\n<td width=\"273\">Is\u0131 \u0130letkenli\u011fi<\/td>\n<td width=\"177\">W\/m<sup>2<\/sup>.\u2103<\/td>\n<td width=\"177\">2.3\uff5e3.9<\/td>\n<\/tr>\n<tr>\n<td width=\"81\">7<\/td>\n<td width=\"273\">\u00c7ekme Dayan\u0131m\u0131<\/td>\n<td width=\"177\">N\/mm<sup>2<\/sup><\/td>\n<td width=\"177\">\u226560<\/td>\n<\/tr>\n<tr>\n<td width=\"81\">8<\/td>\n<td width=\"273\">E\u011filme Dayan\u0131m\u0131<\/td>\n<td width=\"177\">N\/mm<sup>2<\/sup><\/td>\n<td width=\"177\">100<\/td>\n<\/tr>\n<tr>\n<td width=\"81\">9<\/td>\n<td width=\"273\">Elastisite Mod\u00fcl\u00fc<\/td>\n<td width=\"177\">Mpa<\/td>\n<td width=\"177\">2400<\/td>\n<\/tr>\n<tr>\n<td width=\"81\">10<\/td>\n<td width=\"273\">Kopma An\u0131ndaki \u00c7ekme Gerilmesi<\/td>\n<td width=\"177\">Mpa<\/td>\n<td width=\"177\">\u226565<\/td>\n<\/tr>\n<tr>\n<td width=\"81\">11<\/td>\n<td width=\"273\">Kopma Uzamas\u0131<\/td>\n<td width=\"177\">%<\/td>\n<td width=\"177\">&gt;100<\/td>\n<\/tr>\n<tr>\n<td width=\"81\">12<\/td>\n<td width=\"273\">\u00d6zg\u00fcl Is\u0131<\/td>\n<td width=\"177\">Kj\/Kg.K<\/td>\n<td width=\"177\">1.17<\/td>\n<\/tr>\n<tr>\n<td width=\"81\">13<\/td>\n<td width=\"273\">Is\u0131 Sapma S\u0131cakl\u0131\u011f\u0131<\/td>\n<td width=\"177\">\u2103<\/td>\n<td width=\"177\">140<\/td>\n<\/tr>\n<tr>\n<td width=\"81\">14<\/td>\n<td width=\"273\">Ses Yal\u0131t\u0131m\u0131n\u0131n Etkisi<\/td>\n<td width=\"177\">10mm \u0130\u00e7i Bo\u015f Levha<\/td>\n<td width=\"177\">Zay\u0131flama 20dB<\/td>\n<\/tr>\n<\/tbody>\n<\/table>\n<p><strong style=\"font-size: revert; color: initial;\"><b>\u00c7ift duvarl\u0131 Polikarbonat levha uygulamas\u0131<\/b><\/strong><\/p>\n<p>1. Sivil ve kamu binalar\u0131n\u0131n, i\u00e7 dekorasyonun ve kamu tesislerinin do\u011fal ayd\u0131nlatmas\u0131 i\u00e7in \u00e7at\u0131. .<\/p>\n<p>2. Stadyum ve dinlenme tesisleri .<\/p>\n<p>3. Ticari seralar ve su \u00fcr\u00fcnleri yeti\u015ftiricili\u011fi ve k\u00fcmes hayvanlar\u0131 kanopileri. .<\/p>\n<p>4. Sat\u0131\u015f noktalar\u0131nda \u0131\u015f\u0131k kutusu, tabela ve reklam panolar\u0131. .<\/p>\n<p>5. Tren istasyonu, metro, otob\u00fcs terminali ve havaalanlar\u0131ndaki bekleme odalar\u0131n\u0131n \u00e7at\u0131lar\u0131. .<\/p>\n<p>\u00a0<\/p>\n\n\n<figure class=\"wp-block-gallery has-nested-images columns-default is-cropped wp-block-gallery-1 is-layout-flex wp-block-gallery-is-layout-flex\">\n<figure class=\"wp-block-image size-full\"><img fetchpriority=\"high\" decoding=\"async\" width=\"720\" height=\"674\" data-id=\"15126\" src=\"https:\/\/www.tononplastics.com\/wp-content\/uploads\/2023\/08\/10014.jpg\" alt=\"\" class=\"wp-image-15126\" title=\"\" srcset=\"https:\/\/www.tononplastics.com\/wp-content\/uploads\/2023\/08\/10014.jpg 720w, https:\/\/www.tononplastics.com\/wp-content\/uploads\/2023\/08\/10014-300x281.jpg 300w\" sizes=\"(max-width: 720px) 100vw, 720px\" \/><\/figure>\n\n\n\n<figure class=\"wp-block-image size-large\"><img decoding=\"async\" width=\"1000\" height=\"1000\" data-id=\"15120\" src=\"https:\/\/www.tononplastics.com\/wp-content\/uploads\/2023\/08\/10008-2.jpg\" alt=\"\" class=\"wp-image-15120\" title=\"\" srcset=\"https:\/\/www.tononplastics.com\/wp-content\/uploads\/2023\/08\/10008-2.jpg 1000w, https:\/\/www.tononplastics.com\/wp-content\/uploads\/2023\/08\/10008-2-300x300.jpg 300w, https:\/\/www.tononplastics.com\/wp-content\/uploads\/2023\/08\/10008-2-150x150.jpg 150w, https:\/\/www.tononplastics.com\/wp-content\/uploads\/2023\/08\/10008-2-768x768.jpg 768w\" sizes=\"(max-width: 1000px) 100vw, 1000px\" \/><\/figure>\n<\/figure>","protected":false},"featured_media":13745,"parent":0,"template":"","product-catagories":[178,179],"product-tag":[],"class_list":["post-14021","product","type-product","status-publish","has-post-thumbnail","hentry","product-catagories-polycarbonate-hollow-sheet","product-catagories-twin-wall-polycarbonate-sheet"],"acf":[],"_links":{"self":[{"href":"https:\/\/www.tononplastics.com\/tr\/wp-json\/wp\/v2\/product\/14021","targetHints":{"allow":["GET"]}}],"collection":[{"href":"https:\/\/www.tononplastics.com\/tr\/wp-json\/wp\/v2\/product"}],"about":[{"href":"https:\/\/www.tononplastics.com\/tr\/wp-json\/wp\/v2\/types\/product"}],"version-history":[{"count":0,"href":"https:\/\/www.tononplastics.com\/tr\/wp-json\/wp\/v2\/product\/14021\/revisions"}],"wp:featuredmedia":[{"embeddable":true,"href":"https:\/\/www.tononplastics.com\/tr\/wp-json\/wp\/v2\/media\/13745"}],"wp:attachment":[{"href":"https:\/\/www.tononplastics.com\/tr\/wp-json\/wp\/v2\/media?parent=14021"}],"wp:term":[{"taxonomy":"product-catagories","embeddable":true,"href":"https:\/\/www.tononplastics.com\/tr\/wp-json\/wp\/v2\/product-catagories?post=14021"},{"taxonomy":"product-tag","embeddable":true,"href":"https:\/\/www.tononplastics.com\/tr\/wp-json\/wp\/v2\/product-tag?post=14021"}],"curies":[{"name":"wp","href":"https:\/\/api.w.org\/{rel}","templated":true}]}}