{"id":14023,"date":"2023-05-04T21:05:05","date_gmt":"2023-05-04T13:05:05","guid":{"rendered":"https:\/\/tononplastics.com\/?post_type=product&#038;p=14023"},"modified":"2024-03-25T15:14:16","modified_gmt":"2024-03-25T07:14:16","slug":"green-house-polycarbonate-hollow-sheet","status":"publish","type":"product","link":"https:\/\/www.tononplastics.com\/tr\/product\/green-house-polycarbonate-hollow-sheet\/","title":{"rendered":"Ye\u015fil Ev Polikarbonat \u0130\u00e7i Bo\u015f Levha"},"content":{"rendered":"<figure class=\"wp-block-gallery has-nested-images columns-default is-cropped wp-block-gallery-1 is-layout-flex wp-block-gallery-is-layout-flex\">\n<figure class=\"wp-block-image size-large\"><img decoding=\"async\" data-id=\"16138\" src=\"https:\/\/www.tononplastics.com\/wp-content\/uploads\/2024\/03\/H8c2216795864433d9334feab5642fc17J.webp\" alt=\"\" class=\"wp-image-16138\" title=\"\"><\/figure>\n\n\n\n<figure class=\"wp-block-image size-large\"><img decoding=\"async\" data-id=\"16139\" src=\"https:\/\/www.tononplastics.com\/wp-content\/uploads\/2024\/03\/H51343cdbb8f04c94a5295d3aa768236fu.webp\" alt=\"\" class=\"wp-image-16139\" title=\"\"><\/figure>\n<\/figure>\n\n\n<p><strong><b>\u00dcr\u00fcn Detay\u0131<\/b><\/strong><strong><b>:<\/b><\/strong><\/p>\n<p>Green House Polikarbonat i\u00e7i bo\u015f levha (g\u00fcne\u015f levhas\u0131, cam Capron levha, PC i\u00e7i bo\u015f levha olarak da bilinir) y\u00fcksek performansl\u0131 bir m\u00fchendislik plasti\u011finden yap\u0131l\u0131r - polikarbonat (PC), Y\u00fcksek \u015feffafl\u0131k, hafiflik, darbe direnci, ses yal\u0131t\u0131m\u0131, \u0131s\u0131 yal\u0131t\u0131m\u0131, alev geciktirici, ya\u015flanma kar\u015f\u0131t\u0131 vb. \u00f6zelliklere sahiptir. \u015eu anda uluslararas\u0131 genel plastik yap\u0131 malzemeleri olan y\u00fcksek teknolojili, son derece kapsaml\u0131 performansa, enerji tasarrufuna ve \u00e7evre korumas\u0131na sahip plastik levhad\u0131r, di\u011fer yap\u0131 dekorasyon malzemeleri (cam, Pleksiglas vb.) Onunla kar\u015f\u0131la\u015ft\u0131r\u0131lamaz. Ticari, fabrika, spor salonlar\u0131, ayd\u0131nlatma tavanlar\u0131 ve g\u00f6lge bar\u0131naklar\u0131, tar\u0131msal seralar, su \u00fcr\u00fcnleri yeti\u015ftiricili\u011fi ve \u00e7i\u00e7ek seralar\u0131 ve telefon kul\u00fcbeleri, b\u00fcfeler, istasyonlar ve di\u011fer kamu hizmetleri, Otoyol g\u00fcr\u00fclt\u00fcs\u00fc, reklam dekorasyon alan\u0131nda yayg\u0131n olarak kullan\u0131lmaktad\u0131r.<\/p>\n<table style=\"height: 596px; width: 839px; background-color: #e0dede;\" border=\"1\" cellspacing=\"1\" cellpadding=\"1\">\n<tbody>\n<tr style=\"height: 28px;\">\n<td style=\"height: 28px; width: 49.6749%;\" width=\"284\">\u00dcr\u00fcn Ad\u0131<\/td>\n<td style=\"height: 28px; width: 49.6749%;\" width=\"284\">\u0130\u00e7i Bo\u015f Polikarbonat Levha<\/td>\n<\/tr>\n<tr style=\"height: 28px;\">\n<td style=\"height: 28px; width: 49.6749%;\" width=\"284\">Men\u015fe Yeri<\/td>\n<td style=\"height: 28px; width: 49.6749%;\" width=\"284\">Foshan City, Guangdong, \u00c7in<\/td>\n<\/tr>\n<tr style=\"height: 28px;\">\n<td style=\"height: 28px; width: 49.6749%;\" width=\"284\">Malzeme<\/td>\n<td style=\"height: 28px; width: 49.6749%;\" width=\"284\">100% Virgin Polikarbonat Malzeme<\/td>\n<\/tr>\n<tr style=\"height: 57px;\">\n<td style=\"height: 57px; width: 49.6749%;\" width=\"284\">Renkler<\/td>\n<td style=\"height: 57px; width: 49.6749%;\" width=\"284\">\u015eeffaf, Bronz, Mavi, Ye\u015fil, Opal, Gri veya \u00f6zelle\u015ftirilmi\u015f<\/td>\n<\/tr>\n<tr style=\"height: 28px;\">\n<td style=\"height: 28px; width: 49.6749%;\" width=\"284\">Kal\u0131nl\u0131k<\/td>\n<td style=\"height: 28px; width: 49.6749%;\" width=\"284\">3-20mm<\/td>\n<\/tr>\n<tr style=\"height: 28px;\">\n<td style=\"height: 28px; width: 49.6749%;\" width=\"284\">Geni\u015flik<\/td>\n<td style=\"height: 28px; width: 49.6749%;\" width=\"284\">2.1m, 1.22m veya \u00f6zelle\u015ftirilmi\u015f<\/td>\n<\/tr>\n<tr style=\"height: 57px;\">\n<td style=\"height: 57px; width: 49.6749%;\" width=\"284\">Y\u00fczey<\/td>\n<td style=\"height: 57px; width: 49.6749%;\" width=\"284\">50 mikron UV korumal\u0131, Is\u0131ya dayan\u0131kl\u0131<\/td>\n<\/tr>\n<tr style=\"height: 28px;\">\n<td style=\"height: 28px; width: 49.6749%;\" width=\"284\">Geciktirici standart<\/td>\n<td style=\"height: 28px; width: 49.6749%;\" width=\"284\">A S\u0131n\u0131f\u0131<\/td>\n<\/tr>\n<tr style=\"height: 57px;\">\n<td style=\"height: 57px; width: 49.6749%;\" width=\"284\">Paketleme<\/td>\n<td style=\"height: 57px; width: 49.6749%;\" width=\"284\">Her iki taraf\u0131 PE filmli, PE film \u00fczerinde logo. \u00f6zelle\u015ftirilmi\u015f paket de mevcuttur.<\/td>\n<\/tr>\n<tr style=\"height: 57px;\">\n<td style=\"height: 57px; width: 49.6749%;\" width=\"284\">Teslimat<\/td>\n<td style=\"height: 57px; width: 49.6749%;\" width=\"284\">Depozitoyu ald\u0131ktan sonra 7-10 g\u00fcn i\u00e7inde<\/td>\n<\/tr>\n<\/tbody>\n<\/table>\n<p><strong>Tonon Polikarbonat \u0130\u00e7i Bo\u015f Levha \u00d6zellikleri<\/strong><\/p>\n<table style=\"height: 236px; width: 838px;\" border=\"1\" cellspacing=\"1\" cellpadding=\"1\">\n<tbody>\n<tr>\n<td width=\"72\">Kal\u0131nl\u0131k<\/td>\n<td width=\"53\">A\u011f\u0131rl\u0131k<\/td>\n<td width=\"47\">Geni\u015flik<\/td>\n<td width=\"53\">Uzunluk<\/td>\n<td colspan=\"6\" width=\"340\">Lig \u0130letimi% (\u00b13%)<\/td>\n<\/tr>\n<tr>\n<td width=\"72\">mm<\/td>\n<td width=\"53\">Kg\/m2<\/td>\n<td width=\"47\">mm<\/td>\n<td width=\"53\">mm<\/td>\n<td width=\"47\">Temiz<\/td>\n<td width=\"79\">Opalescent<\/td>\n<td width=\"40\">Mavi<\/td>\n<td width=\"73\">Lake-Blue<\/td>\n<td width=\"53\">Bronz<\/td>\n<td width=\"47\">Ye\u015fil<\/td>\n<\/tr>\n<tr>\n<td width=\"72\">4<\/td>\n<td width=\"53\">1<\/td>\n<td width=\"47\">2100<\/td>\n<td width=\"53\">6000<\/td>\n<td width=\"47\">80<\/td>\n<td width=\"79\">57<\/td>\n<td width=\"40\">45<\/td>\n<td width=\"73\">55<\/td>\n<td width=\"53\">55<\/td>\n<td width=\"47\">45<\/td>\n<\/tr>\n<tr>\n<td width=\"72\">6<\/td>\n<td width=\"53\">1.3<\/td>\n<td width=\"47\">2100<\/td>\n<td width=\"53\">6000<\/td>\n<td width=\"47\">79<\/td>\n<td width=\"79\">56<\/td>\n<td width=\"40\">36<\/td>\n<td width=\"73\">50<\/td>\n<td width=\"53\">53<\/td>\n<td width=\"47\">42<\/td>\n<\/tr>\n<tr>\n<td width=\"72\">8<\/td>\n<td width=\"53\">1.5<\/td>\n<td width=\"47\">2100<\/td>\n<td width=\"53\">6000<\/td>\n<td width=\"47\">78<\/td>\n<td width=\"79\">52<\/td>\n<td width=\"40\">30<\/td>\n<td width=\"73\">47<\/td>\n<td width=\"53\">51<\/td>\n<td width=\"47\">40<\/td>\n<\/tr>\n<tr>\n<td width=\"72\">10<\/td>\n<td width=\"53\">1.7<\/td>\n<td width=\"47\">2100<\/td>\n<td width=\"53\">6000<\/td>\n<td width=\"47\">77<\/td>\n<td width=\"79\">44<\/td>\n<td width=\"40\">25<\/td>\n<td width=\"73\">42<\/td>\n<td width=\"53\">48<\/td>\n<td width=\"47\">35<\/td>\n<\/tr>\n<\/tbody>\n<\/table>\n<p><strong>Tonon Polikarbonat \u0130\u00e7i Bo\u015f Levha Teknik Verileri<\/strong><\/p>\n<table style=\"width: 842px; height: 562px;\" border=\"1\" cellspacing=\"1\" cellpadding=\"1\">\n<tbody>\n<tr>\n<td width=\"65\">Hay\u0131r.<\/td>\n<td width=\"218\">\u00d6zellikler<\/td>\n<td width=\"142\">Birim<\/td>\n<td width=\"142\">Tarih<\/td>\n<\/tr>\n<tr>\n<td width=\"65\">1<\/td>\n<td width=\"218\">Darbe Dayan\u0131m\u0131<\/td>\n<td width=\"142\">J\/M<\/td>\n<td width=\"142\">850<\/td>\n<\/tr>\n<tr>\n<td width=\"65\">2<\/td>\n<td width=\"218\">I\u015f\u0131k \u0130letimi<\/td>\n<td width=\"142\">%<\/td>\n<td width=\"142\">88<\/td>\n<\/tr>\n<tr>\n<td width=\"65\">3<\/td>\n<td width=\"218\">\u00d6zg\u00fcl A\u011f\u0131rl\u0131k<\/td>\n<td width=\"142\">g\/cm<sup>3<\/sup><\/td>\n<td width=\"142\">1.2<\/td>\n<\/tr>\n<tr>\n<td width=\"65\">4<\/td>\n<td width=\"218\">Termal Genle\u015fme Katsay\u0131s\u0131<\/td>\n<td width=\"142\">Mm\/m.\u2103<\/td>\n<td width=\"142\">0.065<\/td>\n<\/tr>\n<tr>\n<td width=\"65\">5<\/td>\n<td width=\"218\">S\u0131cakl\u0131k Aral\u0131\u011f\u0131<\/td>\n<td width=\"142\">\u2103<\/td>\n<td width=\"142\">-40\uff5e+120<\/td>\n<\/tr>\n<tr>\n<td width=\"65\">6<\/td>\n<td width=\"218\">Is\u0131 \u0130letkenli\u011fi<\/td>\n<td width=\"142\">W\/m<sup>2<\/sup>.\u2103<\/td>\n<td width=\"142\">2.3\uff5e3.9<\/td>\n<\/tr>\n<tr>\n<td width=\"65\">7<\/td>\n<td width=\"218\">\u00c7ekme Dayan\u0131m\u0131<\/td>\n<td width=\"142\">N\/mm<sup>2<\/sup><\/td>\n<td width=\"142\">\u226560<\/td>\n<\/tr>\n<tr>\n<td width=\"65\">8<\/td>\n<td width=\"218\">E\u011filme Dayan\u0131m\u0131<\/td>\n<td width=\"142\">N\/mm<sup>2<\/sup><\/td>\n<td width=\"142\">100<\/td>\n<\/tr>\n<tr>\n<td width=\"65\">9<\/td>\n<td width=\"218\">Elastisite Mod\u00fcl\u00fc<\/td>\n<td width=\"142\">Mpa<\/td>\n<td width=\"142\">2400<\/td>\n<\/tr>\n<tr>\n<td width=\"65\">10<\/td>\n<td width=\"218\">Kopma An\u0131ndaki \u00c7ekme Gerilmesi<\/td>\n<td width=\"142\">Mpa<\/td>\n<td width=\"142\">\u226565<\/td>\n<\/tr>\n<tr>\n<td width=\"65\">11<\/td>\n<td width=\"218\">Kopma Uzamas\u0131<\/td>\n<td width=\"142\">%<\/td>\n<td width=\"142\">&gt;100<\/td>\n<\/tr>\n<tr>\n<td width=\"65\">12<\/td>\n<td width=\"218\">\u00d6zg\u00fcl Is\u0131<\/td>\n<td width=\"142\">Kj\/Kg.K<\/td>\n<td width=\"142\">1.17<\/td>\n<\/tr>\n<tr>\n<td width=\"65\">13<\/td>\n<td width=\"218\">Is\u0131 Sapma S\u0131cakl\u0131\u011f\u0131<\/td>\n<td width=\"142\">\u2103<\/td>\n<td width=\"142\">140<\/td>\n<\/tr>\n<tr>\n<td width=\"65\">14<\/td>\n<td width=\"218\">Ses Yal\u0131t\u0131m\u0131n\u0131n Etkisi<\/td>\n<td width=\"142\">10mm \u0130\u00e7i Bo\u015f Levha<\/td>\n<td width=\"142\">Zay\u0131flama 20dB<\/td>\n<\/tr>\n<\/tbody>\n<\/table>\n<p><strong><b>\u00c7ift duvarl\u0131 Polikarbonat levha uygulamas\u0131<\/b><\/strong><\/p>\n<p>1. Sivil ve kamu binalar\u0131n\u0131n, i\u00e7 dekorasyonun ve kamu tesislerinin do\u011fal ayd\u0131nlatmas\u0131 i\u00e7in \u00e7at\u0131. .<\/p>\n<p>2. Stadyum ve dinlenme tesisleri .<\/p>\n<p>3. Ticari seralar ve su \u00fcr\u00fcnleri yeti\u015ftiricili\u011fi ve k\u00fcmes hayvanlar\u0131 kanopileri. .<\/p>\n<p>4. Sat\u0131\u015f noktalar\u0131nda \u0131\u015f\u0131k kutusu, tabela ve reklam panolar\u0131. .<\/p>\n<p>5. Tren istasyonu, metro, otob\u00fcs terminali ve havaalanlar\u0131ndaki bekleme odalar\u0131n\u0131n \u00e7at\u0131lar\u0131. .<\/p>\n<p>\u00a0<\/p>","protected":false},"featured_media":14031,"parent":0,"template":"","product-catagories":[178,179],"product-tag":[],"class_list":["post-14023","product","type-product","status-publish","has-post-thumbnail","hentry","product-catagories-polycarbonate-hollow-sheet","product-catagories-twin-wall-polycarbonate-sheet"],"acf":[],"_links":{"self":[{"href":"https:\/\/www.tononplastics.com\/tr\/wp-json\/wp\/v2\/product\/14023","targetHints":{"allow":["GET"]}}],"collection":[{"href":"https:\/\/www.tononplastics.com\/tr\/wp-json\/wp\/v2\/product"}],"about":[{"href":"https:\/\/www.tononplastics.com\/tr\/wp-json\/wp\/v2\/types\/product"}],"version-history":[{"count":0,"href":"https:\/\/www.tononplastics.com\/tr\/wp-json\/wp\/v2\/product\/14023\/revisions"}],"wp:featuredmedia":[{"embeddable":true,"href":"https:\/\/www.tononplastics.com\/tr\/wp-json\/wp\/v2\/media\/14031"}],"wp:attachment":[{"href":"https:\/\/www.tononplastics.com\/tr\/wp-json\/wp\/v2\/media?parent=14023"}],"wp:term":[{"taxonomy":"product-catagories","embeddable":true,"href":"https:\/\/www.tononplastics.com\/tr\/wp-json\/wp\/v2\/product-catagories?post=14023"},{"taxonomy":"product-tag","embeddable":true,"href":"https:\/\/www.tononplastics.com\/tr\/wp-json\/wp\/v2\/product-tag?post=14023"}],"curies":[{"name":"wp","href":"https:\/\/api.w.org\/{rel}","templated":true}]}}