{"id":14027,"date":"2023-05-04T21:07:46","date_gmt":"2023-05-04T13:07:46","guid":{"rendered":"https:\/\/tononplastics.com\/?post_type=product&#038;p=14027"},"modified":"2024-04-16T14:12:47","modified_gmt":"2024-04-16T06:12:47","slug":"2-layer-polycarbonate-hollow-sheet","status":"publish","type":"product","link":"https:\/\/www.tononplastics.com\/tr\/product\/2-layer-polycarbonate-hollow-sheet\/","title":{"rendered":"2 katmanl\u0131 Polikarbonat \u0130\u00e7i Bo\u015f Levha"},"content":{"rendered":"<figure class=\"wp-block-gallery has-nested-images columns-default is-cropped wp-block-gallery-1 is-layout-flex wp-block-gallery-is-layout-flex\">\n<figure class=\"wp-block-image size-large\"><img fetchpriority=\"high\" decoding=\"async\" width=\"640\" height=\"640\" data-id=\"15287\" src=\"https:\/\/www.tononplastics.com\/wp-content\/uploads\/2023\/08\/H905833aa270b428cb135157888c4d1ebN.jpg\" alt=\"\" class=\"wp-image-15287\" title=\"\" srcset=\"https:\/\/www.tononplastics.com\/wp-content\/uploads\/2023\/08\/H905833aa270b428cb135157888c4d1ebN.jpg 640w, https:\/\/www.tononplastics.com\/wp-content\/uploads\/2023\/08\/H905833aa270b428cb135157888c4d1ebN-300x300.jpg 300w, https:\/\/www.tononplastics.com\/wp-content\/uploads\/2023\/08\/H905833aa270b428cb135157888c4d1ebN-150x150.jpg 150w\" sizes=\"(max-width: 640px) 100vw, 640px\" \/><\/figure>\n\n\n\n<figure class=\"wp-block-image size-large\"><img decoding=\"async\" data-id=\"15285\" src=\"https:\/\/www.tononplastics.com\/wp-content\/uploads\/2023\/08\/H64fb2f7828404745a8e81dabfa6bb5c54.png\" alt=\"\" class=\"wp-image-15285\" title=\"\"><\/figure>\n<\/figure>\n\n\n<p><strong><b>\u00dcr\u00fcn Detay\u0131:<\/b><\/strong><\/p>\n<p><!-- \/wp:post-content --><\/p>\n<p><!-- wp:paragraph \/--><\/p>\n<p><!-- wp:image {\"id\":6628} \/--><\/p>\n<p><!-- wp:table --><\/p>\n<figure class=\"wp-block-table\">\n<table>\n<tbody>\n<tr>\n<td>\u00dcr\u00fcn Ad\u0131<\/td>\n<td>\u0130\u00e7i Bo\u015f Polikarbonat Levha<\/td>\n<\/tr>\n<tr>\n<td>Men\u015fe Yeri<\/td>\n<td>Foshan City, Guangdong, \u00c7in<\/td>\n<\/tr>\n<tr>\n<td>Malzeme<\/td>\n<td>100% Virgin Polikarbonat Malzeme<\/td>\n<\/tr>\n<tr>\n<td>Renkler<\/td>\n<td>\u015eeffaf, Bronz, Mavi, Ye\u015fil, Opal, Gri veya \u00f6zelle\u015ftirilmi\u015f<\/td>\n<\/tr>\n<tr>\n<td>Kal\u0131nl\u0131k<\/td>\n<td>4-20mm<\/td>\n<\/tr>\n<tr>\n<td>Geni\u015flik<\/td>\n<td>2.1m, 1.22m veya \u00f6zelle\u015ftirilmi\u015f<\/td>\n<\/tr>\n<tr>\n<td>Y\u00fczey<\/td>\n<td>50 mikron UV korumal\u0131, Is\u0131ya dayan\u0131kl\u0131<\/td>\n<\/tr>\n<tr>\n<td>Geciktirici standart<\/td>\n<td>A S\u0131n\u0131f\u0131<\/td>\n<\/tr>\n<tr>\n<td>Paketleme<\/td>\n<td>Her iki taraf\u0131 PE filmli, PE film \u00fczerinde logo. \u00f6zelle\u015ftirilmi\u015f paket de mevcuttur.<\/td>\n<\/tr>\n<tr>\n<td>Teslimat<\/td>\n<td>Depozitoyu ald\u0131ktan sonra 7-10 g\u00fcn i\u00e7inde<\/td>\n<\/tr>\n<\/tbody>\n<\/table>\n<\/figure>\n<p><!-- \/wp:table --><\/p>\n<p><!-- wp:image {\"id\":6592} --><\/p>\n<p><!-- \/wp:image --><\/p>\n<p><!-- wp:image {\"id\":6593} --><\/p>\n<p><!-- \/wp:image --><\/p>\n<p><!-- wp:table --><\/p>\n<figure class=\"wp-block-table\">\n<table>\n<tbody>\n<tr>\n<td colspan=\"10\"><strong><b>Tonon Polikarbonat \u0130\u00e7i Bo\u015f Levha \u00d6zellikleri<\/b><\/strong><\/td>\n<\/tr>\n<tr>\n<td>Kal\u0131nl\u0131k<\/td>\n<td>A\u011f\u0131rl\u0131k<\/td>\n<td>Geni\u015flik<\/td>\n<td>Uzunluk<\/td>\n<td colspan=\"6\">Lig \u0130letimi% (\u00b13%)<\/td>\n<\/tr>\n<tr>\n<td>mm<\/td>\n<td>Kg\/m2<\/td>\n<td>mm<\/td>\n<td>mm<\/td>\n<td>Temiz<\/td>\n<td>Opalescent<\/td>\n<td>Mavi<\/td>\n<td>Lake-Blue<\/td>\n<td>Bronz<\/td>\n<td>Ye\u015fil<\/td>\n<\/tr>\n<tr>\n<td>4<\/td>\n<td>1<\/td>\n<td>2100<\/td>\n<td>6000<\/td>\n<td>80<\/td>\n<td>57<\/td>\n<td>45<\/td>\n<td>55<\/td>\n<td>55<\/td>\n<td>45<\/td>\n<\/tr>\n<tr>\n<td>6<\/td>\n<td>1.3<\/td>\n<td>2100<\/td>\n<td>6000<\/td>\n<td>79<\/td>\n<td>56<\/td>\n<td>36<\/td>\n<td>50<\/td>\n<td>53<\/td>\n<td>42<\/td>\n<\/tr>\n<tr>\n<td>8<\/td>\n<td>1.5<\/td>\n<td>2100<\/td>\n<td>6000<\/td>\n<td>78<\/td>\n<td>52<\/td>\n<td>30<\/td>\n<td>47<\/td>\n<td>51<\/td>\n<td>40<\/td>\n<\/tr>\n<tr>\n<td>10<\/td>\n<td>1.7<\/td>\n<td>2100<\/td>\n<td>6000<\/td>\n<td>77<\/td>\n<td>44<\/td>\n<td>25<\/td>\n<td>42<\/td>\n<td>48<\/td>\n<td>35<\/td>\n<\/tr>\n<\/tbody>\n<\/table>\n<\/figure>\n<p><!-- \/wp:table --><\/p>\n<p><!-- wp:image {\"id\":6594} --><\/p>\n<p><!-- \/wp:image --><\/p>\n<p><!-- wp:image {\"id\":6595} --><\/p>\n<p><!-- \/wp:image --><\/p>\n<p><!-- wp:table --><\/p>\n<figure class=\"wp-block-table\">\n<table>\n<tbody>\n<tr>\n<td colspan=\"4\"><strong><b>Tonon Polikarbonat \u0130\u00e7i Bo\u015f Levha Teknik Verileri<\/b><\/strong><\/td>\n<\/tr>\n<tr>\n<td>Hay\u0131r.<\/td>\n<td>\u00d6zellikler<\/td>\n<td>Birim<\/td>\n<td>Tarih<\/td>\n<\/tr>\n<tr>\n<td>1<\/td>\n<td>Darbe Dayan\u0131m\u0131<\/td>\n<td>J\/M<\/td>\n<td>850<\/td>\n<\/tr>\n<tr>\n<td>2<\/td>\n<td>I\u015f\u0131k \u0130letimi<\/td>\n<td>%<\/td>\n<td>88<\/td>\n<\/tr>\n<tr>\n<td>3<\/td>\n<td>\u00d6zg\u00fcl A\u011f\u0131rl\u0131k<\/td>\n<td>g\/cm<sup>3<\/sup><\/td>\n<td>1.2<\/td>\n<\/tr>\n<tr>\n<td>4<\/td>\n<td>Termal Genle\u015fme Katsay\u0131s\u0131<\/td>\n<td>Mm\/m.\u2103<\/td>\n<td>0.065<\/td>\n<\/tr>\n<tr>\n<td>5<\/td>\n<td>S\u0131cakl\u0131k Aral\u0131\u011f\u0131<\/td>\n<td>\u2103<\/td>\n<td>-40\uff5e+120<\/td>\n<\/tr>\n<tr>\n<td>6<\/td>\n<td>Is\u0131 \u0130letkenli\u011fi<\/td>\n<td>W\/m<sup>2<\/sup>.\u2103<\/td>\n<td>2.3\uff5e3.9<\/td>\n<\/tr>\n<tr>\n<td>7<\/td>\n<td>\u00c7ekme Dayan\u0131m\u0131<\/td>\n<td>N\/mm<sup>2<\/sup><\/td>\n<td>\u226560<\/td>\n<\/tr>\n<tr>\n<td>8<\/td>\n<td>E\u011filme Dayan\u0131m\u0131<\/td>\n<td>N\/mm<sup>2<\/sup><\/td>\n<td>100<\/td>\n<\/tr>\n<tr>\n<td>9<\/td>\n<td>Elastisite Mod\u00fcl\u00fc<\/td>\n<td>Mpa<\/td>\n<td>2400<\/td>\n<\/tr>\n<tr>\n<td>10<\/td>\n<td>Kopma An\u0131ndaki \u00c7ekme Gerilmesi<\/td>\n<td>Mpa<\/td>\n<td>\u226565<\/td>\n<\/tr>\n<tr>\n<td>11<\/td>\n<td>Kopma Uzamas\u0131<\/td>\n<td>%<\/td>\n<td>&gt;100<\/td>\n<\/tr>\n<tr>\n<td>12<\/td>\n<td>\u00d6zg\u00fcl Is\u0131<\/td>\n<td>Kj\/Kg.K<\/td>\n<td>1.17<\/td>\n<\/tr>\n<tr>\n<td>13<\/td>\n<td>Is\u0131 Sapma S\u0131cakl\u0131\u011f\u0131<\/td>\n<td>\u2103<\/td>\n<td>140<\/td>\n<\/tr>\n<tr>\n<td>14<\/td>\n<td>Ses Yal\u0131t\u0131m\u0131n\u0131n Etkisi<\/td>\n<td>10mm \u0130\u00e7i Bo\u015f Levha<\/td>\n<td>Zay\u0131flama 20dB<\/td>\n<\/tr>\n<\/tbody>\n<\/table>\n<\/figure>\n<p><!-- \/wp:table --><\/p>\n<p><!-- wp:image {\"id\":6596} --><\/p>\n<p><!-- \/wp:image --><\/p>\n<p><!-- wp:paragraph --><\/p>\n<p><strong><b>\u00c7ift duvarl\u0131 Polikarbonat levha uygulamas\u0131<\/b><\/strong><\/p>\n<p><!-- \/wp:paragraph --><\/p>\n<p><!-- wp:paragraph --><\/p>\n<p>1. Sivil ve kamu binalar\u0131n\u0131n, i\u00e7 dekorasyonun ve kamu tesislerinin do\u011fal ayd\u0131nlatmas\u0131 i\u00e7in \u00e7at\u0131. .<\/p>\n<p><!-- \/wp:paragraph --><\/p>\n<p><!-- wp:paragraph --><\/p>\n<p>2. Stadyum ve dinlenme tesisleri .<\/p>\n<p><!-- \/wp:paragraph --><\/p>\n<p><!-- wp:paragraph --><\/p>\n<p>3. Ticari seralar ve su \u00fcr\u00fcnleri yeti\u015ftiricili\u011fi ve k\u00fcmes hayvanlar\u0131 kanopileri. .<\/p>\n<p><!-- \/wp:paragraph --><\/p>\n<p><!-- wp:paragraph --><\/p>\n<p>4. Sat\u0131\u015f noktalar\u0131nda \u0131\u015f\u0131k kutusu, tabela ve reklam panolar\u0131. .<\/p>\n<p><!-- \/wp:paragraph --><\/p>\n<p><!-- wp:paragraph --><\/p>\n<p>5. Tren istasyonu, metro, otob\u00fcs terminali ve havaalanlar\u0131ndaki bekleme odalar\u0131n\u0131n \u00e7at\u0131lar\u0131. .<\/p>","protected":false},"featured_media":16775,"parent":0,"template":"","product-catagories":[178,179],"product-tag":[],"class_list":["post-14027","product","type-product","status-publish","has-post-thumbnail","hentry","product-catagories-polycarbonate-hollow-sheet","product-catagories-twin-wall-polycarbonate-sheet"],"acf":[],"_links":{"self":[{"href":"https:\/\/www.tononplastics.com\/tr\/wp-json\/wp\/v2\/product\/14027","targetHints":{"allow":["GET"]}}],"collection":[{"href":"https:\/\/www.tononplastics.com\/tr\/wp-json\/wp\/v2\/product"}],"about":[{"href":"https:\/\/www.tononplastics.com\/tr\/wp-json\/wp\/v2\/types\/product"}],"version-history":[{"count":0,"href":"https:\/\/www.tononplastics.com\/tr\/wp-json\/wp\/v2\/product\/14027\/revisions"}],"wp:featuredmedia":[{"embeddable":true,"href":"https:\/\/www.tononplastics.com\/tr\/wp-json\/wp\/v2\/media\/16775"}],"wp:attachment":[{"href":"https:\/\/www.tononplastics.com\/tr\/wp-json\/wp\/v2\/media?parent=14027"}],"wp:term":[{"taxonomy":"product-catagories","embeddable":true,"href":"https:\/\/www.tononplastics.com\/tr\/wp-json\/wp\/v2\/product-catagories?post=14027"},{"taxonomy":"product-tag","embeddable":true,"href":"https:\/\/www.tononplastics.com\/tr\/wp-json\/wp\/v2\/product-tag?post=14027"}],"curies":[{"name":"wp","href":"https:\/\/api.w.org\/{rel}","templated":true}]}}