{"id":14543,"date":"2023-08-08T09:03:58","date_gmt":"2023-08-08T01:03:58","guid":{"rendered":"https:\/\/tononplastics.com\/?post_type=product&#038;p=14543"},"modified":"2024-03-25T12:15:00","modified_gmt":"2024-03-25T04:15:00","slug":"polycarbonate-solid-sheet","status":"publish","type":"product","link":"https:\/\/www.tononplastics.com\/tr\/product\/polycarbonate-solid-sheet\/","title":{"rendered":"Polikarbonat kat\u0131 levha"},"content":{"rendered":"<p><strong>\u00dcr\u00fcn \u00f6zellikleri ve \u00f6zellikleri<\/strong><\/p>\n\n\n\n<p>Not: 1. Toplu m\u00fc\u015fteriler i\u00e7in \u00f6zel renkler ve \u00f6zellikler \u00f6zelle\u015ftirilebilir. 2. Tek tarafl\u0131 veya \u00e7ift tarafl\u0131 birlikte ekstr\u00fcde edilmi\u015f UV tabakas\u0131 ile mevcuttur. 3. A\u015f\u0131nmaya dayan\u0131kl\u0131 i\u015flemle standart PC kat\u0131. 4, bu\u011fu \u00f6nleme i\u015flevine sahip \u00fcr\u00fcnler sa\u011flayabilir<\/p>\n\n\n\n<figure class=\"wp-block-gallery has-nested-images columns-default is-cropped wp-block-gallery-1 is-layout-flex wp-block-gallery-is-layout-flex\">\n<figure class=\"wp-block-image size-large\"><img decoding=\"async\" data-id=\"16103\" src=\"https:\/\/www.tononplastics.com\/wp-content\/uploads\/2023\/08\/H912578573bb64e5aa470cb700f63aee7a.webp\" alt=\"\" class=\"wp-image-16103\" title=\"\"><\/figure>\n\n\n\n<figure class=\"wp-block-image size-large\"><img fetchpriority=\"high\" decoding=\"async\" width=\"822\" height=\"822\" data-id=\"15100\" src=\"https:\/\/www.tononplastics.com\/wp-content\/uploads\/2023\/08\/H0c09c837f0a54be1a8b5c6b0ad19f2766.jpg\" alt=\"\" class=\"wp-image-15100\" title=\"\" srcset=\"https:\/\/www.tononplastics.com\/wp-content\/uploads\/2023\/08\/H0c09c837f0a54be1a8b5c6b0ad19f2766.jpg 822w, https:\/\/www.tononplastics.com\/wp-content\/uploads\/2023\/08\/H0c09c837f0a54be1a8b5c6b0ad19f2766-300x300.jpg 300w, https:\/\/www.tononplastics.com\/wp-content\/uploads\/2023\/08\/H0c09c837f0a54be1a8b5c6b0ad19f2766-150x150.jpg 150w, https:\/\/www.tononplastics.com\/wp-content\/uploads\/2023\/08\/H0c09c837f0a54be1a8b5c6b0ad19f2766-768x768.jpg 768w\" sizes=\"(max-width: 822px) 100vw, 822px\" \/><\/figure>\n<\/figure>\n\n\n<p>\u00a0<\/p>\n<table style=\"width: 100%; border-collapse: collapse; background-color: 0;\">\n<tbody>\n<tr style=\"background-color: #0fa2f7;\">\n<td style=\"width: 16.6667%;\">\n<p><span style=\"color: #ffffff;\"><b>Maksimum <\/b><\/span><\/p>\n<p><span style=\"color: #ffffff;\"><b>Geni\u015flik (mm)<\/b><\/span><\/p>\n<\/td>\n<td style=\"width: 16.6667%;\">\n<p><span style=\"color: #ffffff;\"><b>Do\u011frusal geni\u015fleme <\/b><\/span><\/p>\n<p><span style=\"color: #ffffff;\"><b>katsay\u0131s\u0131 (<\/b><b>\u2103<\/b><b>-1)<\/b><\/span><\/p>\n<\/td>\n<td style=\"width: 16.6667%;\">\n<p><span style=\"color: #ffffff;\"><b>Yanma <\/b><\/span><\/p>\n<p><span style=\"color: #ffffff;\"><b>performans<\/b><\/span><\/p>\n<\/td>\n<td style=\"width: 16.3452%;\">\n<p><span style=\"color: #ffffff;\"><b>Uzun s\u00fcreli hizmet <\/b><\/span><\/p>\n<p><span style=\"color: #ffffff;\"><b>s\u0131cakl\u0131k (<\/b><b>\u2103<\/b><b>)<\/b><\/span><\/p>\n<\/td>\n<td style=\"width: 16.9882%;\">\n<p><span style=\"color: #ffffff;\"><b>I\u015f\u0131k ge\u00e7irgenli\u011fi <\/b><\/span><\/p>\n<p><span style=\"color: #ffffff;\"><b>10 i\u00e7inde d\u00fc\u015f\u00fc\u015f <\/b><\/span><\/p>\n<p><span style=\"color: #ffffff;\"><b>y\u0131l (maksimum %)<\/b><\/span><\/p>\n<\/td>\n<td style=\"width: 16.6667%;\">\n<p><span style=\"color: #ffffff;\"><b>10'da sararma indeksi <\/b><\/span><\/p>\n<p><span style=\"color: #ffffff;\"><b>y\u0131l (maksimum)<\/b><\/span><\/p>\n<\/td>\n<\/tr>\n<tr>\n<td style=\"width: 16.6667%; text-align: center;\">\n<p>2100<\/p>\n<\/td>\n<td style=\"width: 16.6667%; text-align: center;\">\n<p>6.5*10 -5<\/p>\n<\/td>\n<td style=\"width: 16.6667%; text-align: center;\">\n<p>B1-s2d0,t1<\/p>\n<\/td>\n<td style=\"width: 16.3452%; text-align: center;\">\n<p>-40\u2103~120\u2103<\/p>\n<\/td>\n<td style=\"width: 16.9882%; text-align: center;\">6<\/td>\n<td style=\"width: 16.6667%; text-align: center;\">10<\/td>\n<\/tr>\n<\/tbody>\n<\/table>\n<p>\u00a0<\/p>\n<table style=\"border-collapse: collapse; width: 100%; height: 269px;\">\n<tbody>\n<tr style=\"background-color: #0fa2f7;\">\n<td style=\"width: 14.2857%; height: 131px;\">\n<p><span style=\"color: #ffffff;\"><b>Kal\u0131nl\u0131k (mm)<\/b><\/span><\/p>\n<\/td>\n<td style=\"width: 14.2857%; height: 131px;\">\n<p><span style=\"color: #ffffff;\"><b>Maksimum <\/b><\/span><\/p>\n<p><span style=\"color: #ffffff;\"><b>ge\u00e7irgenlik <\/b><\/span><\/p>\n<p><span style=\"color: #ffffff;\"><b>(%)<\/b><\/span><\/p>\n<\/td>\n<td style=\"width: 14.2857%; height: 131px;\">\n<p><span style=\"color: #ffffff;\"><b>A\u011f\u0131rl\u0131k <\/b><\/span><\/p>\n<p><span style=\"color: #ffffff;\"><b>(Kg\/m2)<\/b><\/span><\/p>\n<\/td>\n<td style=\"width: 14.2857%; height: 131px;\">\n<p><span style=\"color: #ffffff;\"><b>Standart Renk <\/b><\/span><\/p>\n<\/td>\n<td style=\"width: 14.2857%; height: 131px;\">\n<p><span style=\"color: #ffffff;\"><b>Minimum <\/b><\/span><\/p>\n<p><span style=\"color: #ffffff;\"><b>b\u00fckme <\/b><\/span><\/p>\n<p><span style=\"color: #ffffff;\"><b>yar\u0131\u00e7ap (mm)<\/b><\/span><\/p>\n<\/td>\n<td style=\"width: 14.2857%; height: 131px;\">\n<p><span style=\"color: #ffffff;\"><b>Is\u0131 transferi <\/b><\/span><\/p>\n<p><span style=\"color: #ffffff;\"><b>katsay\u0131s\u0131 K <\/b><\/span><\/p>\n<p><span style=\"color: #ffffff;\"><b>de\u011fer<\/b><\/span><\/p>\n<\/td>\n<td style=\"width: 14.2857%; height: 131px;\">\n<p><span style=\"color: #ffffff;\"><b>Ses <\/b><\/span><\/p>\n<p><span style=\"color: #ffffff;\"><b>hacim<\/b><\/span><\/p>\n<\/td>\n<\/tr>\n<tr style=\"height: 23px;\">\n<td style=\"width: 14.2857%; height: 23px;\">3<\/td>\n<td style=\"width: 14.2857%; height: 138px;\" rowspan=\"6\">\n<p>89 Bina gereksinimlerinin \u00f6zel \u00e7e\u015fitlili\u011fine ve se\u00e7imin ger\u00e7ek ihtiya\u00e7lar\u0131na g\u00f6re<\/p>\n<\/td>\n<td style=\"width: 14.2857%; height: 23px;\">3.6<\/td>\n<td style=\"width: 14.2857%; height: 138px;\" rowspan=\"6\">\n<p>\u015feffaf \/ S\u00fct beyaz\u0131 \/ ye\u015fil \/ \u00e7ay \/ mavi \/ k\u0131rm\u0131z\u0131 Dif\u00fcz serisi \u0130nci serisi Floresan serisi Do\u011fal seri G\u00f6z kama\u015ft\u0131r\u0131c\u0131 renk serisi<\/p>\n<\/td>\n<td style=\"width: 14.2857%; height: 23px;\">450<\/td>\n<td style=\"width: 14.2857%; height: 23px;\">5.5<\/td>\n<td style=\"width: 14.2857%; height: 23px;\">25<\/td>\n<\/tr>\n<tr style=\"height: 23px;\">\n<td style=\"width: 14.2857%; height: 23px;\">4<\/td>\n<td style=\"width: 14.2857%; height: 23px;\">4.8<\/td>\n<td style=\"width: 14.2857%; height: 23px;\">600<\/td>\n<td style=\"width: 14.2857%; height: 23px;\">5.3<\/td>\n<td style=\"width: 14.2857%; height: 23px;\">27<\/td>\n<\/tr>\n<tr style=\"height: 23px;\">\n<td style=\"width: 14.2857%; height: 23px;\">6<\/td>\n<td style=\"width: 14.2857%; height: 23px;\">7.2<\/td>\n<td style=\"width: 14.2857%; height: 23px;\">900<\/td>\n<td style=\"width: 14.2857%; height: 23px;\">5.1<\/td>\n<td style=\"width: 14.2857%; height: 23px;\">29<\/td>\n<\/tr>\n<tr style=\"height: 23px;\">\n<td style=\"width: 14.2857%; height: 23px;\">8<\/td>\n<td style=\"width: 14.2857%; height: 23px;\">9.6<\/td>\n<td style=\"width: 14.2857%; height: 23px;\">1200<\/td>\n<td style=\"width: 14.2857%; height: 23px;\">4.9<\/td>\n<td style=\"width: 14.2857%; height: 23px;\">31<\/td>\n<\/tr>\n<tr style=\"height: 23px;\">\n<td style=\"width: 14.2857%; height: 23px;\">10<\/td>\n<td style=\"width: 14.2857%; height: 23px;\">12.0<\/td>\n<td style=\"width: 14.2857%; height: 23px;\">1500<\/td>\n<td style=\"width: 14.2857%; height: 23px;\">4.7<\/td>\n<td style=\"width: 14.2857%; height: 23px;\">32<\/td>\n<\/tr>\n<tr style=\"height: 23px;\">\n<td style=\"width: 14.2857%; height: 23px;\">12<\/td>\n<td style=\"width: 14.2857%; height: 23px;\">14.4<\/td>\n<td style=\"width: 14.2857%; height: 23px;\">1800<\/td>\n<td style=\"width: 14.2857%; height: 23px;\">4.5<\/td>\n<td style=\"width: 14.2857%; height: 23px;\">33<\/td>\n<\/tr>\n<\/tbody>\n<\/table>\n<p>\u00a0<\/p>\n<h2>PC ayakkab\u0131 sac\u0131n\u0131n do\u011fru montaj\u0131<\/h2>\n<p><img decoding=\"async\" class=\"alignnone size-full wp-image-14890\" src=\"https:\/\/tononplastics.com\/wp-content\/uploads\/2023\/08\/img-48.jpg\" alt=\"\" width=\"1381\" height=\"608\" title=\"\" srcset=\"https:\/\/www.tononplastics.com\/wp-content\/uploads\/2023\/08\/img-48.jpg 1381w, https:\/\/www.tononplastics.com\/wp-content\/uploads\/2023\/08\/img-48-300x132.jpg 300w, https:\/\/www.tononplastics.com\/wp-content\/uploads\/2023\/08\/img-48-1024x451.jpg 1024w, https:\/\/www.tononplastics.com\/wp-content\/uploads\/2023\/08\/img-48-768x338.jpg 768w\" sizes=\"(max-width: 1381px) 100vw, 1381px\" \/><\/p>","protected":false},"featured_media":14345,"parent":0,"template":"","product-catagories":[177],"product-tag":[],"class_list":["post-14543","product","type-product","status-publish","has-post-thumbnail","hentry","product-catagories-polycarbonate-solid-sheet"],"acf":[],"_links":{"self":[{"href":"https:\/\/www.tononplastics.com\/tr\/wp-json\/wp\/v2\/product\/14543","targetHints":{"allow":["GET"]}}],"collection":[{"href":"https:\/\/www.tononplastics.com\/tr\/wp-json\/wp\/v2\/product"}],"about":[{"href":"https:\/\/www.tononplastics.com\/tr\/wp-json\/wp\/v2\/types\/product"}],"version-history":[{"count":0,"href":"https:\/\/www.tononplastics.com\/tr\/wp-json\/wp\/v2\/product\/14543\/revisions"}],"wp:featuredmedia":[{"embeddable":true,"href":"https:\/\/www.tononplastics.com\/tr\/wp-json\/wp\/v2\/media\/14345"}],"wp:attachment":[{"href":"https:\/\/www.tononplastics.com\/tr\/wp-json\/wp\/v2\/media?parent=14543"}],"wp:term":[{"taxonomy":"product-catagories","embeddable":true,"href":"https:\/\/www.tononplastics.com\/tr\/wp-json\/wp\/v2\/product-catagories?post=14543"},{"taxonomy":"product-tag","embeddable":true,"href":"https:\/\/www.tononplastics.com\/tr\/wp-json\/wp\/v2\/product-tag?post=14543"}],"curies":[{"name":"wp","href":"https:\/\/api.w.org\/{rel}","templated":true}]}}