{"id":14546,"date":"2023-08-08T09:08:02","date_gmt":"2023-08-08T01:08:02","guid":{"rendered":"https:\/\/tononplastics.com\/?post_type=product&#038;p=14546"},"modified":"2024-03-25T13:01:39","modified_gmt":"2024-03-25T05:01:39","slug":"polycarbonate-corrugated-sheet","status":"publish","type":"product","link":"https:\/\/www.tononplastics.com\/tr\/product\/polycarbonate-corrugated-sheet\/","title":{"rendered":"Polikarbonat oluklu levha"},"content":{"rendered":"<p><strong>Detaylar<\/strong><\/p>\n\n\n\n<p>Tecplast her t\u00fcrl\u00fc polikarbonat oluklu levha \u00fcretmektedir. Ayr\u0131ca size g\u00f6re oluklu \u015fekil kal\u0131b\u0131 \u00fcretiyoruz!<\/p>\n\n\n\n<p><strong>\u00dcr\u00fcn Resmi<\/strong><\/p>\n\n\n\n<figure class=\"wp-block-image is-resized\"><img decoding=\"async\" src=\"https:\/\/www.techplast.com.cn\/d\/file\/polycarbonate-corrugated-solid-sheet\/2023-11-09\/16995219633519.png\" alt=\"\" style=\"width:840px;height:auto\" title=\"1.png\"><\/figure>\n\n\n\n<p><strong>\u00d6zellikler<\/strong><\/p>\n\n\n\n<p>1. S\u00fcper netlik ve di\u011fer plastik malzemelerden \u00e7ok daha g\u00fc\u00e7l\u00fc,<\/p>\n\n\n\n<p>2. 100% i\u015flenmemi\u015f re\u00e7ineler ve sofistike teknoloji ile \u00fcretilen m\u00fckemmel p\u00fcr\u00fczs\u00fcz y\u00fczey.<\/p>\n\n\n\n<p>3. Hafif ancak neredeyse k\u0131r\u0131lmaz, I\u015f\u0131k iletimi: 88%'ye kadar<\/p>\n\n\n\n<p>4. Minimum bak\u0131m ile kolay kurulum<\/p>\n\n\n\n<p>5. Zararl\u0131 UV radyasyonunun neredeyse 100%'sini emer<\/p>\n\n\n\n<p>6. Y\u00fcksek darbe dayan\u0131m\u0131, camdan 80 kat, akrilik kaplamadan 15 kat daha fazla<\/p>\n\n\n\n<p>7. Uzun \u00f6m\u00fcr i\u00e7in UV ko-ekstr\u00fczyon, 10 y\u0131l garanti<\/p>\n\n\n\n<p><strong>Boyut detaylar\u0131<\/strong><\/p>\n\n\n\n<p>Kal\u0131nl\u0131k: 0.8-2.5mm<\/p>\n\n\n\n<p>Geni\u015flik: 600-1800mm<\/p>\n\n\n\n<p>Uzunluk: s\u0131n\u0131rl\u0131 de\u011fil<\/p>\n\n\n\n<p><strong>Teknik Veriler<\/strong><\/p>\n\n\n\n<figure class=\"wp-block-table\"><table><tbody><tr><td><strong>Darbe g\u00fcc\u00fc<\/strong><\/td><td><strong>\u015eeffafl\u0131k<\/strong><\/td><td><strong>\u00d6zel yer\u00e7ekimi<\/strong><\/td><td><strong>Termal genle\u015fme katsay\u0131s\u0131<\/strong><\/td><td><strong>Servis s\u0131cakl\u0131\u011f\u0131<\/strong><\/td><td><strong>Is\u0131 iletkenli\u011fi<\/strong><\/td><\/tr><tr><td>50j\/m<\/td><td>88%-92%<\/td><td>1200kg\/m\u00b3<\/td><td>0,065 mm\/m\u00b0C<\/td><td>-40\u00b0C~+120\u00b0C<\/td><td>0,21w\/m\u00b2\u00b0C<\/td><\/tr><tr><td><strong>\u00c7ekme mukavemeti<\/strong><\/td><td><strong>B\u00fck\u00fclme g\u00fcc\u00fc<\/strong><\/td><td><strong>Elastikiyet mod\u00fcl\u00fc<\/strong><\/td><td><strong>Ses yal\u0131t\u0131m\u0131n\u0131n etkisi<\/strong><\/td><td><strong>Kopma an\u0131ndaki \u00e7ekme gerilimi<\/strong><\/td><td><strong>Kopma uzamas\u0131<\/strong><\/td><\/tr><tr><td>\u226560N\/mm<\/td><td>100N\/mm\u00b2<\/td><td>2400Mpa<\/td><td>6 mm kat\u0131 levha i\u00e7in 35 desibel d\u00fc\u015f\u00fc\u015f<\/td><td>\u2265130Mpa<\/td><td><\/td><\/tr><\/tbody><\/table><\/figure>\n\n\n\n<p><h3><span style=\"font-size: revert; color: initial;\"> <\/span><\/h3><table style=\"border-collapse: collapse; width: 100%;\"> <tbody> <tr style=\"background-color: #0e6fe6;\"> <td style=\"width: 18.1592%;\"> <p><span style=\"color: #ffffff;\"><b>Fotopermeabilite<\/b><\/span><\/p> <\/td> <td style=\"width: 81.8408%;\"> <p><span style=\"color: #ffffff;\">Renge ba\u011fl\u0131 olarak, ge\u00e7irgenlik 0-89%'ye ula\u015fabilir<\/span><\/p> <\/td> <\/tr> <tr> <td style=\"width: 18.1592%;\"> <p><b>Hafif a\u011f\u0131rl\u0131k<\/b><\/p> <\/td> <td style=\"width: 81.8408%;\"> <p>a\u011f\u0131rl\u0131k 1\/15 cam kal\u0131nl\u0131\u011f\u0131 ile ayn\u0131d\u0131r<\/p> <\/td> <\/tr> <tr> <td style=\"width: 18.1592%;\"> <p><b>Darbe dayan\u0131m\u0131 <\/b><\/p> <\/td> <td style=\"width: 81.8408%;\"> <p>iyi tokluk, nakliye, kurulum ve kullan\u0131mda hasar g\u00f6rmesi kolay de\u011fildir; Darbe dayan\u0131m\u0131<\/p> <p>cam\u0131n 250 kat\u0131 ve pleksiglas\u0131n 30 kat\u0131d\u0131r<\/p> <\/td> <\/tr> <tr> <td style=\"width: 18.1592%;\"> <p><b>Ya\u015flanma direnci:<\/b><\/p> <\/td> <td style=\"width: 81.8408%;\"> <p>\u00dcr\u00fcn\u00fcn y\u00fczeyi ultraviyole ko-ekstr\u00fczyon tabakas\u0131, iyi d\u0131\u015f hava direnci i\u00e7erir,<\/p> <p>uzun s\u00fcreli kullan\u0131mda hala iyi optik \u00f6zellikleri ve mekanik \u00f6zellikleri korur<\/p> <\/td> <\/tr> <tr> <td style=\"width: 18.1592%;\"> <p><b>R\u00fczgara kar\u015f\u0131 diren\u00e7 <\/b><\/p> <p><b>bas\u0131n\u00e7<\/b><\/p> <\/td> <td style=\"width: 81.8408%;\"> <p>R\u00fczgar bas\u0131nc\u0131na kar\u015f\u0131 diren\u00e7 performans\u0131 GB\/T 7106-2008 birinci seviye<\/p> <\/td> <\/tr> <tr> <td style=\"width: 18.1592%;\"> <p><b>B\u00fcy\u00fck \u00f6l\u00e7ekli <\/b><\/p> <p><b>s\u0131cakl\u0131k <\/b><\/p> <p><b>fark<\/b><\/p> <\/td> <td style=\"width: 81.8408%;\"> <p>uzun s\u00fcreli kullan\u0131m s\u0131cakl\u0131\u011f\u0131: eksi 40\u00b0C ila y\u00fcksek s\u0131cakl\u0131k 120\u00b0C<\/p> <\/td> <\/tr> <tr> <td style=\"width: 18.1592%;\"> <p><b>Ses yal\u0131t\u0131m\u0131<\/b><\/p> <\/td> <td style=\"width: 81.8408%;\"> <p>Polikarbonat\u0131n i\u00e7i bo\u015f yap\u0131s\u0131 iyi ses yal\u0131t\u0131m \u00f6zellikleri, etkili bir \u015fekilde azaltabilir<\/p> <p>G\u00fcr\u00fclt\u00fc<\/p> <\/td> <\/tr> <tr> <td style=\"width: 18.1592%;\"> <p><b>Yan\u0131c\u0131 <\/b><\/p> <\/td> <td style=\"width: 81.8408%;\"> <p>GB8624-2012 ulusal standard\u0131na g\u00f6re yan\u0131c\u0131 B1 s\u0131n\u0131f\u0131d\u0131r<\/p> <\/td> <\/tr> <tr> <td style=\"width: 18.1592%;\"> <p><b>Kolay kurulum <\/b><\/p> <\/td> <td style=\"width: 81.8408%;\"> <p>Sac kal\u0131nl\u0131\u011f\u0131n\u0131n 175 kat\u0131 minimum b\u00fckme yar\u0131\u00e7ap\u0131 ile so\u011fuk b\u00fckme<\/p> <\/td> <\/tr> <tr> <td style=\"width: 18.1592%;\"> <p><b>Enerji tasarrufu <\/b><\/p> <\/td> <td style=\"width: 81.8408%;\"> <p>d\u00fc\u015f\u00fck \u0131s\u0131 transfer katsay\u0131s\u0131 (K de\u011feri), iyi \u0131s\u0131 yal\u0131t\u0131m\u0131, enerji tasarrufu 1,5-1,7 kat daha fazlad\u0131r.<\/p> <p>ayn\u0131 kal\u0131nl\u0131kta cam<\/p> <\/td> <\/tr> <\/tbody> <\/table><\/p>","protected":false},"featured_media":14351,"parent":0,"template":"","product-catagories":[174],"product-tag":[],"class_list":["post-14546","product","type-product","status-publish","has-post-thumbnail","hentry","product-catagories-polycarbonate-corrugated-sheet"],"acf":[],"_links":{"self":[{"href":"https:\/\/www.tononplastics.com\/tr\/wp-json\/wp\/v2\/product\/14546","targetHints":{"allow":["GET"]}}],"collection":[{"href":"https:\/\/www.tononplastics.com\/tr\/wp-json\/wp\/v2\/product"}],"about":[{"href":"https:\/\/www.tononplastics.com\/tr\/wp-json\/wp\/v2\/types\/product"}],"version-history":[{"count":0,"href":"https:\/\/www.tononplastics.com\/tr\/wp-json\/wp\/v2\/product\/14546\/revisions"}],"wp:featuredmedia":[{"embeddable":true,"href":"https:\/\/www.tononplastics.com\/tr\/wp-json\/wp\/v2\/media\/14351"}],"wp:attachment":[{"href":"https:\/\/www.tononplastics.com\/tr\/wp-json\/wp\/v2\/media?parent=14546"}],"wp:term":[{"taxonomy":"product-catagories","embeddable":true,"href":"https:\/\/www.tononplastics.com\/tr\/wp-json\/wp\/v2\/product-catagories?post=14546"},{"taxonomy":"product-tag","embeddable":true,"href":"https:\/\/www.tononplastics.com\/tr\/wp-json\/wp\/v2\/product-tag?post=14546"}],"curies":[{"name":"wp","href":"https:\/\/api.w.org\/{rel}","templated":true}]}}