{"id":14552,"date":"2023-08-08T10:34:22","date_gmt":"2023-08-08T02:34:22","guid":{"rendered":"https:\/\/tononplastics.com\/?post_type=product&#038;p=14552"},"modified":"2024-03-25T14:17:02","modified_gmt":"2024-03-25T06:17:02","slug":"pc-embossed-sheet","status":"publish","type":"product","link":"https:\/\/www.tononplastics.com\/tr\/product\/pc-embossed-sheet\/","title":{"rendered":"PC kabartmal\u0131 levha"},"content":{"rendered":"<p>PC kabartmal\u0131 levhalar, genel polikarbonat kat\u0131 levha \u00fcretim teknolojisi, kal\u0131plama aletinin ve zanaat\u0131n de\u011fi\u015fen par\u00e7alar\u0131 temelinde yap\u0131l\u0131r, y\u00fczey g\u00f6r\u00fcn\u00fcm\u00fcn\u00fcn fizik de\u011fi\u015fikli\u011fi meydana gelmesini sa\u011flar, y\u00fczey yap\u0131s\u0131 de\u011fi\u015fikli\u011fi iyi \u0131\u015f\u0131k karakteristi\u011fi ve g\u00f6rme ve felling hissinin \u00e7e\u015fitlili\u011fini sa\u011flar. mekanik fonksiyon, elektrik fonksiyonu, yang\u0131n geciktirici fonksiyon, anti-ultraviyole \u0131\u015f\u0131n yetene\u011fi vb. genel PC kat\u0131 levhaya uygun olarak iki \u00e7e\u015fit levha malzemesinin d\u0131\u015f g\u00f6r\u00fcn\u00fc\u015f\u00fc ve \u0131\u015f\u0131k karakteristi\u011fi farkl\u0131d\u0131r.<\/p>\n\n\n\n<figure class=\"wp-block-gallery has-nested-images columns-default is-cropped wp-block-gallery-1 is-layout-flex wp-block-gallery-is-layout-flex\">\n<figure class=\"wp-block-image size-large\"><img fetchpriority=\"high\" decoding=\"async\" width=\"640\" height=\"640\" data-id=\"15414\" src=\"https:\/\/www.tononplastics.com\/wp-content\/uploads\/2023\/08\/He8274ae2b415410ca5198fdb7cc29c56f.jpg\" alt=\"\" class=\"wp-image-15414\" title=\"\" srcset=\"https:\/\/www.tononplastics.com\/wp-content\/uploads\/2023\/08\/He8274ae2b415410ca5198fdb7cc29c56f.jpg 640w, https:\/\/www.tononplastics.com\/wp-content\/uploads\/2023\/08\/He8274ae2b415410ca5198fdb7cc29c56f-300x300.jpg 300w, https:\/\/www.tononplastics.com\/wp-content\/uploads\/2023\/08\/He8274ae2b415410ca5198fdb7cc29c56f-150x150.jpg 150w\" sizes=\"(max-width: 640px) 100vw, 640px\" \/><\/figure>\n\n\n\n<figure class=\"wp-block-image size-large\"><img decoding=\"async\" width=\"640\" height=\"640\" data-id=\"15412\" src=\"https:\/\/www.tononplastics.com\/wp-content\/uploads\/2023\/08\/Hbdfc9ad4c729484daa1291b1050c2c2fx.jpg\" alt=\"\" class=\"wp-image-15412\" title=\"\" srcset=\"https:\/\/www.tononplastics.com\/wp-content\/uploads\/2023\/08\/Hbdfc9ad4c729484daa1291b1050c2c2fx.jpg 640w, https:\/\/www.tononplastics.com\/wp-content\/uploads\/2023\/08\/Hbdfc9ad4c729484daa1291b1050c2c2fx-300x300.jpg 300w, https:\/\/www.tononplastics.com\/wp-content\/uploads\/2023\/08\/Hbdfc9ad4c729484daa1291b1050c2c2fx-150x150.jpg 150w\" sizes=\"(max-width: 640px) 100vw, 640px\" \/><\/figure>\n<\/figure>\n\n\n\n<p><strong>Avantajlar<br><\/strong>UV blokaj\u0131 - Ye\u015fil \u00e7evre - Enerji tasarrufu - S\u0131cak-so\u011fuk kar\u015f\u0131t\u0131 - R\u00fczgar blokaj\u0131<br>Yang\u0131na dayan\u0131kl\u0131 - Ses ge\u00e7irmez - Y\u00fcksek \u0131\u015f\u0131k ge\u00e7irgenli\u011fi - Hafif - kolay kurulum<\/p>\n\n\n\n<p><strong>Teknik \u00d6zellikler<br><\/strong>Uzunluk: standart uzunluk 6m (levha), 30m (rulo), \u00f6zel uzunluk \u00f6zelle\u015ftirilmi\u015f<br>Geni\u015flik: standart 1.22m\/1.56m\/1.82m\/2.1m, maksimum 2.1m<br>Kal\u0131nl\u0131k: 0.8mm - 20mm<br>Renk: a\u00e7\u0131k, g\u00f6l mavisi, mavi, \u00e7imen ye\u015fili, kahverengi, a\u00e7\u0131k gri, opal, a\u00e7\u0131k kahverengi, sar\u0131, turuncu, siyah, kahve, k\u0131rm\u0131z\u0131 vb,<\/p>\n\n\n\n<figure class=\"wp-block-gallery has-nested-images columns-default is-cropped wp-block-gallery-2 is-layout-flex wp-block-gallery-is-layout-flex\">\n<figure class=\"wp-block-image size-large\"><img decoding=\"async\" width=\"179\" height=\"185\" data-id=\"16303\" src=\"https:\/\/www.tononplastics.com\/wp-content\/uploads\/2023\/08\/th-1.jpg\" alt=\"\" class=\"wp-image-16303\" title=\"\" srcset=\"https:\/\/www.tononplastics.com\/wp-content\/uploads\/2023\/08\/th-1.jpg 179w, https:\/\/www.tononplastics.com\/wp-content\/uploads\/2023\/08\/th-1-12x12.jpg 12w\" sizes=\"(max-width: 179px) 100vw, 179px\" \/><\/figure>\n\n\n\n<figure class=\"wp-block-image size-large\"><img loading=\"lazy\" decoding=\"async\" width=\"179\" height=\"185\" data-id=\"16304\" src=\"https:\/\/www.tononplastics.com\/wp-content\/uploads\/2023\/08\/th.jpg\" alt=\"\" class=\"wp-image-16304\" title=\"\" srcset=\"https:\/\/www.tononplastics.com\/wp-content\/uploads\/2023\/08\/th.jpg 179w, https:\/\/www.tononplastics.com\/wp-content\/uploads\/2023\/08\/th-12x12.jpg 12w\" sizes=\"(max-width: 179px) 100vw, 179px\" \/><\/figure>\n<\/figure>","protected":false},"featured_media":14352,"parent":0,"template":"","product-catagories":[173],"product-tag":[],"class_list":["post-14552","product","type-product","status-publish","has-post-thumbnail","hentry","product-catagories-polycarbonate-embossed-sheet"],"acf":[],"_links":{"self":[{"href":"https:\/\/www.tononplastics.com\/tr\/wp-json\/wp\/v2\/product\/14552","targetHints":{"allow":["GET"]}}],"collection":[{"href":"https:\/\/www.tononplastics.com\/tr\/wp-json\/wp\/v2\/product"}],"about":[{"href":"https:\/\/www.tononplastics.com\/tr\/wp-json\/wp\/v2\/types\/product"}],"version-history":[{"count":0,"href":"https:\/\/www.tononplastics.com\/tr\/wp-json\/wp\/v2\/product\/14552\/revisions"}],"wp:featuredmedia":[{"embeddable":true,"href":"https:\/\/www.tononplastics.com\/tr\/wp-json\/wp\/v2\/media\/14352"}],"wp:attachment":[{"href":"https:\/\/www.tononplastics.com\/tr\/wp-json\/wp\/v2\/media?parent=14552"}],"wp:term":[{"taxonomy":"product-catagories","embeddable":true,"href":"https:\/\/www.tononplastics.com\/tr\/wp-json\/wp\/v2\/product-catagories?post=14552"},{"taxonomy":"product-tag","embeddable":true,"href":"https:\/\/www.tononplastics.com\/tr\/wp-json\/wp\/v2\/product-tag?post=14552"}],"curies":[{"name":"wp","href":"https:\/\/api.w.org\/{rel}","templated":true}]}}