{"id":14571,"date":"2023-08-08T10:50:24","date_gmt":"2023-08-08T02:50:24","guid":{"rendered":"https:\/\/tononplastics.com\/?post_type=product&#038;p=14571"},"modified":"2024-03-25T11:25:13","modified_gmt":"2024-03-25T03:25:13","slug":"polycarbonte-awning","status":"publish","type":"product","link":"https:\/\/www.tononplastics.com\/tr\/product\/polycarbonte-awning\/","title":{"rendered":"Polikarbont Tente"},"content":{"rendered":"<p><strong>Detaylar<\/strong>:<br>Polikarbonat Tente, malzemesi olarak esas olarak Bayer polikarbonat levha (PC i\u00e7i bo\u015f levha ve PC kat\u0131 levha dahil) kullan\u0131r. Hafifli\u011fi ve g\u00fc\u00e7l\u00fc hava ko\u015fullar\u0131na dayan\u0131kl\u0131l\u0131\u011f\u0131 iki \u00f6nemli \u00f6zelli\u011fidir. Otob\u00fcs dura\u011f\u0131 tentesi ve yeralt\u0131 otopark\u0131 tentesi olarak olduk\u00e7a kullan\u0131lmaktad\u0131r. Ve kurulumu kolayd\u0131r.<\/p>\n\n\n\n<p><strong>Polikarbonat Tente Avantaj\u0131<\/strong><br>1. Benzersiz \u015feffaf, UV koruyucu y\u00fczey<br>2. Hava ko\u015fullar\u0131na dayan\u0131kl\u0131<br>3. Dayan\u0131kl\u0131 polikarbonat plastik levha ve g\u00fc\u00e7l\u00fc yap\u0131sal plastik braketler<br>4. Kategori 1 kas\u0131rgaya kadar dayanacak \u015fekilde tasarlanm\u0131\u015ft\u0131r<br>5. Y\u00fczey ya\u011fmur ve doludan kaynaklanan g\u00fcr\u00fclt\u00fcy\u00fc azalt\u0131r<br>6. \u00c7evre dostu<br>7. Daha uzun bir kanopi olu\u015fturmak i\u00e7in birka\u00e7 kanopi ba\u011flanabilir<br>8. H\u0131zl\u0131 ve kolay bir montaj ve kurulum i\u00e7in t\u00fcm donan\u0131m dahildir<\/p>\n\n\n\n<figure class=\"wp-block-gallery has-nested-images columns-default is-cropped wp-block-gallery-1 is-layout-flex wp-block-gallery-is-layout-flex\">\n<figure class=\"wp-block-image size-large\"><img fetchpriority=\"high\" decoding=\"async\" width=\"662\" height=\"379\" data-id=\"14365\" src=\"https:\/\/www.tononplastics.com\/wp-content\/uploads\/2023\/08\/img-121.jpg\" alt=\"\" class=\"wp-image-14365\" title=\"\" srcset=\"https:\/\/www.tononplastics.com\/wp-content\/uploads\/2023\/08\/img-121.jpg 662w, https:\/\/www.tononplastics.com\/wp-content\/uploads\/2023\/08\/img-121-300x172.jpg 300w\" sizes=\"(max-width: 662px) 100vw, 662px\" \/><\/figure>\n\n\n\n<figure class=\"wp-block-image size-large\"><img decoding=\"async\" width=\"1024\" height=\"683\" data-id=\"14364\" src=\"https:\/\/www.tononplastics.com\/wp-content\/uploads\/2023\/08\/img-120-1024x683.jpg\" alt=\"\" class=\"wp-image-14364\" title=\"\" srcset=\"https:\/\/www.tononplastics.com\/wp-content\/uploads\/2023\/08\/img-120-1024x683.jpg 1024w, https:\/\/www.tononplastics.com\/wp-content\/uploads\/2023\/08\/img-120-300x200.jpg 300w, https:\/\/www.tononplastics.com\/wp-content\/uploads\/2023\/08\/img-120-768x512.jpg 768w, https:\/\/www.tononplastics.com\/wp-content\/uploads\/2023\/08\/img-120-1536x1024.jpg 1536w, https:\/\/www.tononplastics.com\/wp-content\/uploads\/2023\/08\/img-120-2048x1365.jpg 2048w\" sizes=\"(max-width: 1024px) 100vw, 1024px\" \/><\/figure>\n<\/figure>\n\n\n<p><b>TENTE \u00d6ZELLIKLERI<\/b><\/p>\n<table style=\"border-collapse: collapse; width: 100%;\">\n<tbody>\n<tr>\n<td style=\"width: 16.335%;\">\n<p>Geni\u015flik (mm)<\/p>\n<\/td>\n<td style=\"width: 83.665%;\">\n<p>600,800,1000,1200,1500,2000<\/p>\n<\/td>\n<\/tr>\n<tr>\n<td style=\"width: 16.335%;\">\n<p>Derinlik (mm)<\/p>\n<\/td>\n<td style=\"width: 83.665%;\">\n<p>600,800,1000,1200,1500<\/p>\n<\/td>\n<\/tr>\n<tr>\n<td style=\"width: 16.335%;\">\n<p>Pano malzemesi<\/p>\n<\/td>\n<td style=\"width: 83.665%;\">\n<p>3mm PC kat\u0131 levha<\/p>\n<p>6mm PC kat\u0131 levha<\/p>\n<\/td>\n<\/tr>\n<tr>\n<td style=\"width: 16.335%;\">\n<p>Parantez<\/p>\n<\/td>\n<td style=\"width: 83.665%;\">\n<p>PP m\u00fchendislik plastikleri veya Al\u00fcminyum<\/p>\n<\/td>\n<\/tr>\n<tr>\n<td style=\"width: 16.335%;\">\n<p>A\u00e7\u0131klamalar<\/p>\n<\/td>\n<td style=\"width: 83.665%;\">\n<p>Boyutlar m\u00fc\u015fterinin ihtiyac\u0131na g\u00f6re \u00f6zelle\u015ftirilebilir<\/p>\n<\/td>\n<\/tr>\n<\/tbody>\n<\/table>\n<p>\u00a0<\/p>\n\n\n<figure class=\"wp-block-gallery has-nested-images columns-default is-cropped wp-block-gallery-2 is-layout-flex wp-block-gallery-is-layout-flex\">\n<figure class=\"wp-block-image size-large\"><img decoding=\"async\" width=\"682\" height=\"358\" data-id=\"15372\" src=\"https:\/\/www.tononplastics.com\/wp-content\/uploads\/2023\/08\/H2d98bb868b2d4385b8957b7b46c19741H.png\" alt=\"\" class=\"wp-image-15372\" title=\"\" srcset=\"https:\/\/www.tononplastics.com\/wp-content\/uploads\/2023\/08\/H2d98bb868b2d4385b8957b7b46c19741H.png 682w, https:\/\/www.tononplastics.com\/wp-content\/uploads\/2023\/08\/H2d98bb868b2d4385b8957b7b46c19741H-300x157.png 300w\" sizes=\"(max-width: 682px) 100vw, 682px\" \/><\/figure>\n<\/figure>","protected":false},"featured_media":14364,"parent":0,"template":"","product-catagories":[171],"product-tag":[],"class_list":["post-14571","product","type-product","status-publish","has-post-thumbnail","hentry","product-catagories-awning"],"acf":[],"_links":{"self":[{"href":"https:\/\/www.tononplastics.com\/tr\/wp-json\/wp\/v2\/product\/14571","targetHints":{"allow":["GET"]}}],"collection":[{"href":"https:\/\/www.tononplastics.com\/tr\/wp-json\/wp\/v2\/product"}],"about":[{"href":"https:\/\/www.tononplastics.com\/tr\/wp-json\/wp\/v2\/types\/product"}],"version-history":[{"count":0,"href":"https:\/\/www.tononplastics.com\/tr\/wp-json\/wp\/v2\/product\/14571\/revisions"}],"wp:featuredmedia":[{"embeddable":true,"href":"https:\/\/www.tononplastics.com\/tr\/wp-json\/wp\/v2\/media\/14364"}],"wp:attachment":[{"href":"https:\/\/www.tononplastics.com\/tr\/wp-json\/wp\/v2\/media?parent=14571"}],"wp:term":[{"taxonomy":"product-catagories","embeddable":true,"href":"https:\/\/www.tononplastics.com\/tr\/wp-json\/wp\/v2\/product-catagories?post=14571"},{"taxonomy":"product-tag","embeddable":true,"href":"https:\/\/www.tononplastics.com\/tr\/wp-json\/wp\/v2\/product-tag?post=14571"}],"curies":[{"name":"wp","href":"https:\/\/api.w.org\/{rel}","templated":true}]}}