{"id":15068,"date":"2023-08-22T12:40:43","date_gmt":"2023-08-22T04:40:43","guid":{"rendered":"https:\/\/tononplastics.com\/?post_type=product&#038;p=15068"},"modified":"2024-03-25T14:20:26","modified_gmt":"2024-03-25T06:20:26","slug":"online-pc-solid-corrugated-sheet-price-list-polycarbonate-corrugated-plastic-roofing-sheets","status":"publish","type":"product","link":"https:\/\/www.tononplastics.com\/tr\/product\/online-pc-solid-corrugated-sheet-price-list-polycarbonate-corrugated-plastic-roofing-sheets\/","title":{"rendered":"\u00c7evrimi\u00e7i PC Kat\u0131 oluklu levha Fiyat listesi. Polikarbonat oluklu plastik \u00e7at\u0131 kaplama levhalar\u0131"},"content":{"rendered":"<style>\/*! elementor - v3.15.0 - 09-08-2023 *\/<br \/>\n.elementor-widget-image{text-align:center}.elementor-widget-image a{display:inline-block}.elementor-widget-image a img[src$=\".svg\"]{width:48px}.elementor-widget-image img{vertical-align:middle;display:inline-block}<\/style>\n<p><img fetchpriority=\"high\" decoding=\"async\" src=\"https:\/\/tononplastics.com\/wp-content\/uploads\/2023\/08\/img-51-1024x702.jpg\" sizes=\"(max-width: 800px) 100vw, 800px\" srcset=\"https:\/\/tononplastics.com\/wp-content\/uploads\/2023\/08\/img-51-1024x702.jpg 1024w, https:\/\/tononplastics.com\/wp-content\/uploads\/2023\/08\/img-51-300x206.jpg 300w, https:\/\/tononplastics.com\/wp-content\/uploads\/2023\/08\/img-51-768x527.jpg 768w, https:\/\/tononplastics.com\/wp-content\/uploads\/2023\/08\/img-51.jpg 1092w\" alt=\"\" width=\"800\" height=\"548\" title=\"\"><br \/>\n<img decoding=\"async\" src=\"https:\/\/tononplastics.com\/wp-content\/uploads\/2023\/05\/corrugated-polycarboante-sheet.jpg\" sizes=\"(max-width: 800px) 100vw, 800px\" srcset=\"https:\/\/tononplastics.com\/wp-content\/uploads\/2023\/05\/corrugated-polycarboante-sheet.jpg 800w, https:\/\/tononplastics.com\/wp-content\/uploads\/2023\/05\/corrugated-polycarboante-sheet-300x209.jpg 300w, https:\/\/tononplastics.com\/wp-content\/uploads\/2023\/05\/corrugated-polycarboante-sheet-768x534.jpg 768w\" alt=\"\" width=\"800\" height=\"556\" title=\"\"><\/p>\n<p><strong>Geleneksel \u00fcr\u00fcn detaylar\u0131:<\/strong><\/p>\n<p>1). \u00c7ift duvarl\u0131 polikarbonat levha kal\u0131nl\u0131\u011f\u0131: 3mm-12mm. Geni\u015flik: 2100mm.<\/p>\n<p>2). \u00dc\u00e7 duvarl\u0131 polikarbonat levha kal\u0131nl\u0131\u011f\u0131: 10mm-18mm. Geni\u015flik: 2100mm.<\/p>\n<p>3). D\u00f6rt duvarl\u0131 polikarbonat levha kal\u0131nl\u0131\u011f\u0131: 6mm-14mm. Geni\u015flik: 2100mm.<\/p>\n<p>4). Petek polikarbonat levha kal\u0131nl\u0131\u011f\u0131: 6mm-14mm. Geni\u015flik: 2100mm.<\/p>\n<p>5). Ayr\u0131ca geni\u015fli\u011fi 1220 mm gibi \u00f6zelle\u015ftirebiliriz ve normal kal\u0131nl\u0131k 4 mm-6 mm'dir. Ancak fiyat 2100mm geni\u015flikten daha y\u00fcksek olacakt\u0131r, \u00e7\u00fcnk\u00fc \u00fccret kayb\u0131 vard\u0131r.<\/p>\n<p>6). Masif polikarbonat levha standart kal\u0131nl\u0131k:<\/p>\n<p>1.1mm-18mm. Geni\u015flik: 1220, 1560, 1820, 2100mm. Genellikle 1220x2440mm.<\/p>\n<p>7). Oluklu polikarbonat levha kal\u0131nl\u0131\u011f\u0131: 0.8mm-1.8mm.  Geni\u015flik 1000mm ve 1200mm'dir.<\/p>\n<p><em>A. Uzunluk: S\u0131n\u0131r yok (20\u2032 konteyner ve 40\u2032 konteynere uymas\u0131 i\u00e7in 5800, 6000, 11800, 12000 mm \u00f6nerilir).<\/em><\/p>\n<p><em>B. Renk: berrak\/\u015feffaf, g\u00f6l mavisi, ye\u015fil, mavi, opal, kahverengi\/bronz, g\u00fcm\u00fc\u015fi gri, k\u0131rm\u0131z\u0131, sar\u0131, vb.<\/em><\/p>\n<p><img decoding=\"async\" src=\"https:\/\/tononplastics.com\/wp-content\/uploads\/2023\/08\/10006-1.jpg\" sizes=\"(max-width: 800px) 100vw, 800px\" srcset=\"https:\/\/tononplastics.com\/wp-content\/uploads\/2023\/08\/10006-1.jpg 800w, https:\/\/tononplastics.com\/wp-content\/uploads\/2023\/08\/10006-1-300x300.jpg 300w, https:\/\/tononplastics.com\/wp-content\/uploads\/2023\/08\/10006-1-150x150.jpg 150w, https:\/\/tononplastics.com\/wp-content\/uploads\/2023\/08\/10006-1-768x768.jpg 768w\" alt=\"\" width=\"800\" height=\"800\" title=\"\"><\/p>","protected":false},"featured_media":15072,"parent":0,"template":"","product-catagories":[168],"product-tag":[],"class_list":["post-15068","product","type-product","status-publish","has-post-thumbnail","hentry","product-catagories-acrylic-sheet"],"acf":[],"_links":{"self":[{"href":"https:\/\/www.tononplastics.com\/tr\/wp-json\/wp\/v2\/product\/15068","targetHints":{"allow":["GET"]}}],"collection":[{"href":"https:\/\/www.tononplastics.com\/tr\/wp-json\/wp\/v2\/product"}],"about":[{"href":"https:\/\/www.tononplastics.com\/tr\/wp-json\/wp\/v2\/types\/product"}],"version-history":[{"count":0,"href":"https:\/\/www.tononplastics.com\/tr\/wp-json\/wp\/v2\/product\/15068\/revisions"}],"wp:featuredmedia":[{"embeddable":true,"href":"https:\/\/www.tononplastics.com\/tr\/wp-json\/wp\/v2\/media\/15072"}],"wp:attachment":[{"href":"https:\/\/www.tononplastics.com\/tr\/wp-json\/wp\/v2\/media?parent=15068"}],"wp:term":[{"taxonomy":"product-catagories","embeddable":true,"href":"https:\/\/www.tononplastics.com\/tr\/wp-json\/wp\/v2\/product-catagories?post=15068"},{"taxonomy":"product-tag","embeddable":true,"href":"https:\/\/www.tononplastics.com\/tr\/wp-json\/wp\/v2\/product-tag?post=15068"}],"curies":[{"name":"wp","href":"https:\/\/api.w.org\/{rel}","templated":true}]}}