{"id":15108,"date":"2023-08-22T16:06:27","date_gmt":"2023-08-22T08:06:27","guid":{"rendered":"https:\/\/tononplastics.com\/?post_type=product&#038;p=15108"},"modified":"2024-03-25T14:01:23","modified_gmt":"2024-03-25T06:01:23","slug":"pc-plastic-board-endurance-plate-1mm-polycarbonate-corrugate-sheet-scratch-solution","status":"publish","type":"product","link":"https:\/\/www.tononplastics.com\/tr\/product\/pc-plastic-board-endurance-plate-1mm-polycarbonate-corrugate-sheet-scratch-solution\/","title":{"rendered":"PC plastik levha dayan\u0131kl\u0131l\u0131k plakas\u0131 1mm polikarbonat oluklu levha \u00e7izik \u00e7\u00f6z\u00fcm\u00fc"},"content":{"rendered":"<p><strong>K\u0131sa Tan\u0131t\u0131m:<\/strong><\/p>\n<p>A. \u00dcr\u00fcn Yelpazesi<\/p>\n<p>1). polikarbonat levha kal\u0131nl\u0131\u011f\u0131: 4, 5, 6, 8 ve 10 mm. Geni\u015flik: 2100mm.<\/p>\n<p>2). \u00dc\u00e7 duvarl\u0131 polikarbonat levha kal\u0131nl\u0131\u011f\u0131: 8, 10, 12, 16mm. Geni\u015flik: 2100mm.<\/p>\n<p>3). D\u00f6rt duvarl\u0131 polikarbonat levha kal\u0131nl\u0131\u011f\u0131: 6, 8, 10, 12, 16mm. Geni\u015flik: 2100mm.<\/p>\n<p>4). Petek polikarbonat levha kal\u0131nl\u0131\u011f\u0131: 8, 10, 12mm. Geni\u015flik: 2100mm.<\/p>\n<p>5). Polikarbonat \u00e7at\u0131 sistemi [D\u00f6rt Katmanl\u0131 Dikd\u00f6rtgen ve Petek Yap\u0131s\u0131] kal\u0131nl\u0131k: 8, 10 ve 12 mm. Geni\u015flik: 600mm.<\/p>\n<p>6). Kat\u0131 polikarbonat levha [Kompakt] kal\u0131nl\u0131\u011f\u0131: 0.9-8.0mm.<\/p>\n<p>Geni\u015flik: 1220, 1560, 1820, 2100mm, Genellikle 1220x2440mm, 2050mmx3000mm<\/p>\n<p>7). Oluklu polikarbonat levha [Roma &amp; Greca &amp; Trimdek &amp; Minwave]<br \/>\nA. Kal\u0131nl\u0131k: 0,8-2,5 mm. Geni\u015flik farkl\u0131d\u0131r.<\/p>\n<p>B. Uzunluk: S\u0131n\u0131r yok (20\u2032 konteyner ve 40\u2032 konteynere uymas\u0131 i\u00e7in 5800, 6000, 11800, 12000mm \u00f6nerilir)<br \/>\nC. Renk: berrak\/\u015feffaf, g\u00f6l mavisi, ye\u015fil, mavi, opal, beyaz, kahverengi\/bronz, g\u00fcm\u00fc\u015fi gri, k\u0131rm\u0131z\u0131, sar\u0131, vb.<\/p>\n<p><img fetchpriority=\"high\" decoding=\"async\" class=\"\" src=\"https:\/\/sc01.alicdn.com\/kf\/H4924704161ca4407afe395c32f2f1217O\/200162319\/H4924704161ca4407afe395c32f2f1217O.jpg\" alt=\"PC plastik levha dayan\u0131kl\u0131l\u0131k plakas\u0131 1mm polikarbonat oluklu levha \u00e7izik \u00e7\u00f6z\u00fcm\u00fc\" width=\"397\" height=\"397\" data-src=\"\/\/sc01.alicdn.com\/kf\/H4924704161ca4407afe395c32f2f1217O\/200162319\/H4924704161ca4407afe395c32f2f1217O.jpg\" data-alt=\"PC plastic board endurance plate 1mm polycarbonate corrugate sheet scratch solution\" data-width=\"630\" data- title=\"\"><img decoding=\"async\" class=\"\" src=\"https:\/\/sc02.alicdn.com\/kf\/H6a84f70266a1495594600983849c9e3cP\/200162319\/H6a84f70266a1495594600983849c9e3cP.jpg\" alt=\"PC plastik levha dayan\u0131kl\u0131l\u0131k plakas\u0131 1mm polikarbonat oluklu levha \u00e7izik \u00e7\u00f6z\u00fcm\u00fc\" width=\"354\" height=\"354\" data-src=\"\/\/sc02.alicdn.com\/kf\/H6a84f70266a1495594600983849c9e3cP\/200162319\/H6a84f70266a1495594600983849c9e3cP.jpg\" data-alt=\"PC plastic board endurance plate 1mm polycarbonate corrugate sheet scratch solution\" data-width=\"630\" data- title=\"\"><br \/>\n<strong>\u00dcr\u00fcn Detaylar\u0131<\/strong><br \/>\n<strong>Birincil Rekabet Avantajlar\u0131:<\/strong><br \/>\nAmbalajMarka Ad\u0131 Par\u00e7alarMen\u015fe \u00dclkeElektronik Ba\u011flant\u0131Deneyimli PersonelForm AGYe\u015fil \u00dcr\u00fcnGaranti\/GarantiUluslararas\u0131 OnaylarFiyat\u00dcr\u00fcn \u00d6zellikleri\u00dcr\u00fcn Performans\u0131H\u0131zl\u0131 TeslimatKalite Onaylar\u0131\u0130tibarServis<br \/>\nAna \u0130hracat Pazarlar\u0131:<br \/>\nAsyaAvustralyaOrta\/G\u00fcney AmerikaDo\u011fu AvrupaOrta Do\u011fu\/AfrikaKuzey AmerikaBat\u0131 Avrupa<br \/>\nTeslimat Detaylar\u0131:<br \/>\nFOB Fiyat\u0131:US$ 3 - 5 \/ Metrekare<br \/>\nFOB Liman\u0131:GuangZhou<br \/>\nTeslim S\u00fcresi: 3-5 g\u00fcn<\/p>\n<p><img decoding=\"async\" class=\"\" src=\"https:\/\/sc01.alicdn.com\/kf\/H0df9a838554943d78a9da9ed19748703l\/200162319\/H0df9a838554943d78a9da9ed19748703l.jpg\" alt=\"PC plastik levha dayan\u0131kl\u0131l\u0131k plakas\u0131 1mm polikarbonat oluklu levha \u00e7izik \u00e7\u00f6z\u00fcm\u00fc\" width=\"350\" height=\"350\" data-src=\"\/\/sc01.alicdn.com\/kf\/H0df9a838554943d78a9da9ed19748703l\/200162319\/H0df9a838554943d78a9da9ed19748703l.jpg\" data-alt=\"PC plastic board endurance plate 1mm polycarbonate corrugate sheet scratch solution\" data-width=\"630\" data- title=\"\"><img loading=\"lazy\" decoding=\"async\" class=\"\" src=\"https:\/\/sc02.alicdn.com\/kf\/H50ae5977d66849c9b99788f6bf113f2ck\/200162319\/H50ae5977d66849c9b99788f6bf113f2ck.jpg\" alt=\"PC plastik levha dayan\u0131kl\u0131l\u0131k plakas\u0131 1mm polikarbonat oluklu levha \u00e7izik \u00e7\u00f6z\u00fcm\u00fc\" width=\"365\" height=\"365\" data-src=\"\/\/sc02.alicdn.com\/kf\/H50ae5977d66849c9b99788f6bf113f2ck\/200162319\/H50ae5977d66849c9b99788f6bf113f2ck.jpg\" data-alt=\"PC plastic board endurance plate 1mm polycarbonate corrugate sheet scratch solution\" data-width=\"630\" data- title=\"\"><\/p>","protected":false},"featured_media":0,"parent":0,"template":"","product-catagories":[168],"product-tag":[],"class_list":["post-15108","product","type-product","status-publish","hentry","product-catagories-acrylic-sheet"],"acf":[],"_links":{"self":[{"href":"https:\/\/www.tononplastics.com\/tr\/wp-json\/wp\/v2\/product\/15108","targetHints":{"allow":["GET"]}}],"collection":[{"href":"https:\/\/www.tononplastics.com\/tr\/wp-json\/wp\/v2\/product"}],"about":[{"href":"https:\/\/www.tononplastics.com\/tr\/wp-json\/wp\/v2\/types\/product"}],"version-history":[{"count":0,"href":"https:\/\/www.tononplastics.com\/tr\/wp-json\/wp\/v2\/product\/15108\/revisions"}],"wp:attachment":[{"href":"https:\/\/www.tononplastics.com\/tr\/wp-json\/wp\/v2\/media?parent=15108"}],"wp:term":[{"taxonomy":"product-catagories","embeddable":true,"href":"https:\/\/www.tononplastics.com\/tr\/wp-json\/wp\/v2\/product-catagories?post=15108"},{"taxonomy":"product-tag","embeddable":true,"href":"https:\/\/www.tononplastics.com\/tr\/wp-json\/wp\/v2\/product-tag?post=15108"}],"curies":[{"name":"wp","href":"https:\/\/api.w.org\/{rel}","templated":true}]}}