{"id":15112,"date":"2023-08-22T16:55:23","date_gmt":"2023-08-22T08:55:23","guid":{"rendered":"https:\/\/tononplastics.com\/?post_type=product&#038;p=15112"},"modified":"2024-03-25T15:09:25","modified_gmt":"2024-03-25T07:09:25","slug":"germany-imported-raw-materials-pc-corrugated-sheet-sales-promotion-polycarbonate-corrugated-sheet","status":"publish","type":"product","link":"https:\/\/www.tononplastics.com\/tr\/product\/germany-imported-raw-materials-pc-corrugated-sheet-sales-promotion-polycarbonate-corrugated-sheet\/","title":{"rendered":"Almanya ithal hammaddeler PC Oluklu Levha Sat\u0131\u015f Promosyonu Polikarbonat Oluklu Levha"},"content":{"rendered":"<p><img fetchpriority=\"high\" decoding=\"async\" src=\"https:\/\/sc01.alicdn.com\/kf\/UTB87SFrgBahduJk43Jaq6zM8FXay\/200162319\/UTB87SFrgBahduJk43Jaq6zM8FXay.jpg\" alt=\"Almanya ithal hammaddeler PC Oluklu Levha Sat\u0131\u015f Promosyonu Polikarbonat Oluklu Levha\" width=\"732\" height=\"976\" data-src=\"\/\/sc01.alicdn.com\/kf\/UTB87SFrgBahduJk43Jaq6zM8FXay\/200162319\/UTB87SFrgBahduJk43Jaq6zM8FXay.jpg\" data-alt=\"Germany imported raw materials PC Corrugated Sheet Sales Promotion Polycarbonate Corrugated Sheet\" data-width=\"732\" data-height=\"976\" data- title=\"\"><\/p>\n<p><strong>\u015eeffaf polikarbonat oluklu levha:\u00a0\u00a0<\/strong><\/p>\n<p><img decoding=\"async\" src=\"https:\/\/sc01.alicdn.com\/kf\/HTB1orUjqYsTMeJjSsziq6AdwXXat\/200162319\/HTB1orUjqYsTMeJjSsziq6AdwXXat.jpg\" alt=\"Almanya ithal hammaddeler PC Oluklu Levha Sat\u0131\u015f Promosyonu Polikarbonat Oluklu Levha\" width=\"732\" height=\"412\" data-src=\"\/\/sc01.alicdn.com\/kf\/HTB1orUjqYsTMeJjSsziq6AdwXXat\/200162319\/HTB1orUjqYsTMeJjSsziq6AdwXXat.jpg\" data-alt=\"Germany imported raw materials PC Corrugated Sheet Sales Promotion Polycarbonate Corrugated Sheet\" data-width=\"732\" data-height=\"412\" data- title=\"\"><\/p>\n<p><strong>930#Ye\u015fil:<\/strong><\/p>\n<p><img decoding=\"async\" src=\"https:\/\/sc01.alicdn.com\/kf\/HTB1taZhmfNNTKJjSspkq6yeWFXaW\/200162319\/HTB1taZhmfNNTKJjSspkq6yeWFXaW.jpg\" alt=\"Almanya ithal hammaddeler PC Oluklu Levha Sat\u0131\u015f Promosyonu Polikarbonat Oluklu Levha\" width=\"730\" height=\"730\" data-src=\"\/\/sc01.alicdn.com\/kf\/HTB1taZhmfNNTKJjSspkq6yeWFXaW\/200162319\/HTB1taZhmfNNTKJjSspkq6yeWFXaW.jpg\" data-alt=\"Germany imported raw materials PC Corrugated Sheet Sales Promotion Polycarbonate Corrugated Sheet\" data-width=\"730\" data-height=\"730\" data- title=\"\"><\/p>\n<p><strong>1050#Opal:<\/strong><\/p>\n<p><img loading=\"lazy\" decoding=\"async\" src=\"https:\/\/sc01.alicdn.com\/kf\/HTB1_pI2kgoQMeJjy0Fnq6z8gFXaN\/200162319\/HTB1_pI2kgoQMeJjy0Fnq6z8gFXaN.jpg\" alt=\"Almanya ithal hammaddeler PC Oluklu Levha Sat\u0131\u015f Promosyonu Polikarbonat Oluklu Levha\" width=\"739\" height=\"621\" data-src=\"\/\/sc01.alicdn.com\/kf\/HTB1_pI2kgoQMeJjy0Fnq6z8gFXaN\/200162319\/HTB1_pI2kgoQMeJjy0Fnq6z8gFXaN.jpg\" data-alt=\"Germany imported raw materials PC Corrugated Sheet Sales Promotion Polycarbonate Corrugated Sheet\" data-width=\"739\" data-height=\"621\" data- title=\"\"><\/p>\n<p><strong>Yeterli malzeme:<\/strong><\/p>\n<p><img loading=\"lazy\" decoding=\"async\" src=\"https:\/\/sc02.alicdn.com\/kf\/HTB1G1ZZSpXXXXbLXXXXq6xXFXXX7\/200162319\/HTB1G1ZZSpXXXXbLXXXXq6xXFXXX7.jpg\" alt=\"Almanya ithal hammaddeler PC Oluklu Levha Sat\u0131\u015f Promosyonu Polikarbonat Oluklu Levha\" width=\"737\" height=\"983\" data-src=\"\/\/sc02.alicdn.com\/kf\/HTB1G1ZZSpXXXXbLXXXXq6xXFXXX7\/200162319\/HTB1G1ZZSpXXXXbLXXXXq6xXFXXX7.jpg\" data-alt=\"Germany imported raw materials PC Corrugated Sheet Sales Promotion Polycarbonate Corrugated Sheet\" data-width=\"737\" data-height=\"983\" data- title=\"\"><\/p>\n<p><img loading=\"lazy\" decoding=\"async\" src=\"https:\/\/sc01.alicdn.com\/kf\/HTB11LPNSpXXXXa2XXXXq6xXFXXXF\/200162319\/HTB11LPNSpXXXXa2XXXXq6xXFXXXF.jpg\" alt=\"Almanya ithal hammaddeler PC Oluklu Levha Sat\u0131\u015f Promosyonu Polikarbonat Oluklu Levha\" width=\"741\" height=\"741\" data-src=\"\/\/sc01.alicdn.com\/kf\/HTB11LPNSpXXXXa2XXXXq6xXFXXXF\/200162319\/HTB11LPNSpXXXXa2XXXXq6xXFXXXF.jpg\" data-alt=\"Germany imported raw materials PC Corrugated Sheet Sales Promotion Polycarbonate Corrugated Sheet\" data-width=\"741\" data-height=\"741\" data- title=\"\"><\/p>\n<p><strong>\u00a0\u00a0Yeni makine :<\/strong><\/p>\n<p><img loading=\"lazy\" decoding=\"async\" src=\"https:\/\/sc01.alicdn.com\/kf\/HTB12lZaa4TI8KJjSspiq6zM4FXab\/200162319\/HTB12lZaa4TI8KJjSspiq6zM4FXab.jpg\" alt=\"Almanya ithal hammaddeler PC Oluklu Levha Sat\u0131\u015f Promosyonu Polikarbonat Oluklu Levha\" width=\"710\" height=\"532\" data-src=\"\/\/sc01.alicdn.com\/kf\/HTB12lZaa4TI8KJjSspiq6zM4FXab\/200162319\/HTB12lZaa4TI8KJjSspiq6zM4FXab.jpg\" data-alt=\"Germany imported raw materials PC Corrugated Sheet Sales Promotion Polycarbonate Corrugated Sheet\" data-width=\"710\" data-height=\"532\" data- title=\"\"><\/p>\n<p><strong>\u00a0\u00a0Malzeme: Bayer<\/strong><\/p>\n<p><img loading=\"lazy\" decoding=\"async\" src=\"https:\/\/sc02.alicdn.com\/kf\/UTB8qazkXMnJXKJkSaelq6xUzXXax\/200162319\/UTB8qazkXMnJXKJkSaelq6xUzXXax.jpg\" alt=\"Almanya ithal hammaddeler PC Oluklu Levha Sat\u0131\u015f Promosyonu Polikarbonat Oluklu Levha\" width=\"731\" height=\"731\" data-src=\"\/\/sc02.alicdn.com\/kf\/UTB8qazkXMnJXKJkSaelq6xUzXXax\/200162319\/UTB8qazkXMnJXKJkSaelq6xUzXXax.jpg\" data-alt=\"Germany imported raw materials PC Corrugated Sheet Sales Promotion Polycarbonate Corrugated Sheet\" data-width=\"731\" data-height=\"731\" data- title=\"\"><\/p>\n<p>Di\u011ferleri:<\/p>\n<p>Buzlu Polikarbonat kat\u0131 levha<\/p>\n<p>I\u015f\u0131k dif\u00fczyonu Polikarbonat levha<\/p>\n<p>Polikarbonat kat\u0131 levha<\/p>\n<p>Polikarbonat oluklu levha<\/p>\n<p><img loading=\"lazy\" decoding=\"async\" src=\"https:\/\/sc02.alicdn.com\/kf\/UTB8lZvkXFPJXKJkSahVq6xyzFXap\/200162319\/UTB8lZvkXFPJXKJkSahVq6xyzFXap.jpg\" alt=\"Almanya ithal hammaddeler PC Oluklu Levha Sat\u0131\u015f Promosyonu Polikarbonat Oluklu Levha\" width=\"725\" height=\"725\" data-src=\"\/\/sc02.alicdn.com\/kf\/UTB8lZvkXFPJXKJkSahVq6xyzFXap\/200162319\/UTB8lZvkXFPJXKJkSahVq6xyzFXap.jpg\" data-alt=\"Germany imported raw materials PC Corrugated Sheet Sales Promotion Polycarbonate Corrugated Sheet\" data-width=\"725\" data-height=\"725\" data- title=\"\"><\/p>\n<p><strong>\u00a0 \u00a0Petek Polikarbonat levha ve Polikarbnat I\u015f\u0131kl\u0131k:<\/strong><\/p>\n<p><img loading=\"lazy\" decoding=\"async\" src=\"https:\/\/sc02.alicdn.com\/kf\/UTB8xrRugBahduJk43Jaq6zM8FXaI\/200162319\/UTB8xrRugBahduJk43Jaq6zM8FXaI.jpg\" alt=\"Almanya ithal hammaddeler PC Oluklu Levha Sat\u0131\u015f Promosyonu Polikarbonat Oluklu Levha\" width=\"716\" height=\"1015\" data-src=\"\/\/sc02.alicdn.com\/kf\/UTB8xrRugBahduJk43Jaq6zM8FXaI\/200162319\/UTB8xrRugBahduJk43Jaq6zM8FXaI.jpg\" data-alt=\"Germany imported raw materials PC Corrugated Sheet Sales Promotion Polycarbonate Corrugated Sheet\" data-width=\"716\" data-height=\"1015\" data- title=\"\"><\/p>\n<p><strong>Polikarbonat Tente :<\/strong><\/p>\n<p><img loading=\"lazy\" decoding=\"async\" src=\"https:\/\/sc01.alicdn.com\/kf\/HTB1bNcba8fH8KJjy1Xbq6zLdXXah\/200162319\/HTB1bNcba8fH8KJjy1Xbq6zLdXXah.jpg\" alt=\"Almanya ithal hammaddeler PC Oluklu Levha Sat\u0131\u015f Promosyonu Polikarbonat Oluklu Levha\" width=\"709\" height=\"709\" data-src=\"\/\/sc01.alicdn.com\/kf\/HTB1bNcba8fH8KJjy1Xbq6zLdXXah\/200162319\/HTB1bNcba8fH8KJjy1Xbq6zLdXXah.jpg\" data-alt=\"Germany imported raw materials PC Corrugated Sheet Sales Promotion Polycarbonate Corrugated Sheet\" data-width=\"709\" data-height=\"709\" data- title=\"\"><\/p>\n<p>Polikarbonat oluklu levhan\u0131n \u00f6zellikleri:<\/p>\n<p><strong>I\u015f\u0131k \u0130letimi:<\/strong><br \/>\nI\u015f\u0131k ge\u00e7irgenli\u011fi renk ve kal\u0131nl\u0131\u011fa ba\u011fl\u0131 olarak 12%-95%'ye ula\u015f\u0131r.<\/p>\n<p><strong>UV korumal\u0131:<\/strong><br \/>\nTescilli anti-UV kaplamaya atfedilen Polikarbonat oluklu levha, maruz kald\u0131ktan sonra m\u00fckemmel mekanik ve optik performans\u0131n\u0131 korur.<\/p>\n<p><strong>Hava Durumu Yetene\u011fi:<\/strong><br \/>\n40\u00b0C-120\u00b0C aras\u0131ndaki geni\u015f s\u0131cakl\u0131k aral\u0131\u011f\u0131nda m\u00fckemmel performans\u0131 koruyan s\u00fcper hava ko\u015fullar\u0131na dayan\u0131kl\u0131d\u0131r.<\/p>\n<p>Yang\u0131n geciktirici : UL Yan\u0131c\u0131l\u0131k 94 V-2<\/p>\n<p>Kolay Kurulum<br \/>\nKurulumu kolayd\u0131r ve so\u011fuk b\u00fck\u00fclebilir<\/p>\n<p><strong>Darbe Dayan\u0131m\u0131 :<\/strong><br \/>\nS\u0131radan cam\u0131n 250-300 kat\u0131 ve ayn\u0131 kal\u0131nl\u0131ktaki akrilik panellerin 30 kat\u0131 darbe dayan\u0131m\u0131, 2-20 kat sertle\u015ftirilmi\u015f cam 3 kg \u00e7eki\u00e7 alt\u0131nda iki metre d\u00fc\u015f\u00fcyor \u00e7atlak yok, k\u0131r\u0131k yok<\/p>\n<p><strong>Polikarbonat oluklu levha uygulamas\u0131:<\/strong><\/p>\n<p>Otoyol ve kentsel y\u00fckseltilmi\u015f yol g\u00fcr\u00fclt\u00fc bariyerleri;<br \/>\nTar\u0131msal sera ve yeti\u015ftirme kul\u00fcbesi;<br \/>\nModern eko-restoran tavan\u0131;<br \/>\nT\u00fcm birimler veya h\u00fccre d\u00f6ng\u00fcs\u00fc sundurmas\u0131, balkon g\u00fcne\u015fli\u011fi ve \u00e7at\u0131 dinlenme kiosklar\u0131 sundurmas\u0131;<br \/>\nOfis binalar\u0131, b\u00fcy\u00fck ma\u011fazalar, oteller, villalar, okullar, hastaneler, spor stadyumlar\u0131, e\u011flence merkezleri ve kamu tesisleri tavan ayd\u0131nlatmalar\u0131 ve .<\/p>","protected":false},"featured_media":15126,"parent":0,"template":"","product-catagories":[168,174],"product-tag":[],"class_list":["post-15112","product","type-product","status-publish","has-post-thumbnail","hentry","product-catagories-acrylic-sheet","product-catagories-polycarbonate-corrugated-sheet"],"acf":[],"_links":{"self":[{"href":"https:\/\/www.tononplastics.com\/tr\/wp-json\/wp\/v2\/product\/15112","targetHints":{"allow":["GET"]}}],"collection":[{"href":"https:\/\/www.tononplastics.com\/tr\/wp-json\/wp\/v2\/product"}],"about":[{"href":"https:\/\/www.tononplastics.com\/tr\/wp-json\/wp\/v2\/types\/product"}],"version-history":[{"count":0,"href":"https:\/\/www.tononplastics.com\/tr\/wp-json\/wp\/v2\/product\/15112\/revisions"}],"wp:featuredmedia":[{"embeddable":true,"href":"https:\/\/www.tononplastics.com\/tr\/wp-json\/wp\/v2\/media\/15126"}],"wp:attachment":[{"href":"https:\/\/www.tononplastics.com\/tr\/wp-json\/wp\/v2\/media?parent=15112"}],"wp:term":[{"taxonomy":"product-catagories","embeddable":true,"href":"https:\/\/www.tononplastics.com\/tr\/wp-json\/wp\/v2\/product-catagories?post=15112"},{"taxonomy":"product-tag","embeddable":true,"href":"https:\/\/www.tononplastics.com\/tr\/wp-json\/wp\/v2\/product-tag?post=15112"}],"curies":[{"name":"wp","href":"https:\/\/api.w.org\/{rel}","templated":true}]}}