{"id":15129,"date":"2023-08-23T10:10:19","date_gmt":"2023-08-23T02:10:19","guid":{"rendered":"https:\/\/tononplastics.com\/?post_type=product&#038;p=15129"},"modified":"2024-03-25T14:32:11","modified_gmt":"2024-03-25T06:32:11","slug":"factory-direct-sale-bayer-plastic-products-pink-polycarbonate-pc-solid-sheet","status":"publish","type":"product","link":"https:\/\/www.tononplastics.com\/tr\/product\/factory-direct-sale-bayer-plastic-products-pink-polycarbonate-pc-solid-sheet\/","title":{"rendered":"Fabrika do\u011frudan sat\u0131\u015f\u0131 Bayer Plastik \u00dcr\u00fcnler Pembe Polikarbonat PC Kat\u0131 Levha"},"content":{"rendered":"<table>\n<tbody>\n<tr>\n<td colspan=\"2\" height=\"66\" data-spm-anchor-id=\"a2700.details.0.i32.16db78f2yffrsm\">Polikarbonat kat\u0131 levha \u00f6zellikleri<\/td>\n<\/tr>\n<tr>\n<td height=\"66\">Geni\u015flik:<\/td>\n<td height=\"66\">2.1m 1.82m, 1.56m veya 1.22m<\/td>\n<\/tr>\n<tr>\n<td height=\"66\">Uzunluk:<\/td>\n<td height=\"66\">S\u0131n\u0131rl\u0131 de\u011fil<\/td>\n<\/tr>\n<tr>\n<td height=\"66\">Kal\u0131nl\u0131k:<\/td>\n<td height=\"66\">0,6 mm ila 18,0 mm<\/td>\n<\/tr>\n<tr>\n<td height=\"66\">Standart Renk:<\/td>\n<td height=\"66\">\u015eeffaf,Mavi,Ye\u015fil,Opal,Kahverengi<\/td>\n<\/tr>\n<\/tbody>\n<\/table>\n<p><strong>PC kat\u0131 levha uygulamas\u0131:<\/strong><\/p>\n<p>Galeri Pavyon bah\u00e7eleri, lunapark egzotik dekorasyon ve dinlenme yerleri;<br \/>\nTicari binalar, modern kentsel binalar\u0131n hem i\u00e7 hem de d\u0131\u015f perde duvarlar\u0131;<br \/>\nHavac\u0131l\u0131k \u015feffaf konteynerleri, \u00f6n cam motosiklet, u\u00e7ak, tren, gemi, araba, motorlu tekne, denizalt\u0131 ve cam askeri ve polis kalkanlar\u0131;<br \/>\nTelefon kul\u00fcbeleri, reklam tabelalar\u0131, reklam \u0131\u015f\u0131k kutular\u0131 fuar\u0131n d\u00fczenini g\u00f6stermektedir;<br \/>\nEkipman, enstr\u00fcmantasyon, al\u00e7ak gerilim \u015falter panosu ve askeri end\u00fcstriyel;<br \/>\nDuvar, \u00e7at\u0131, perde ve di\u011fer y\u00fcksek kaliteli i\u00e7 mekan dekoratif malzemeleri;<br \/>\nOtoyol ve kentsel y\u00fckseltilmi\u015f yol g\u00fcr\u00fclt\u00fc bariyerleri;<br \/>\nTar\u0131msal sera ve yeti\u015ftirme kul\u00fcbesi;<br \/>\nModern eko-restoran tavan\u0131;<br \/>\nT\u00fcm birimler veya h\u00fccre d\u00f6ng\u00fcs\u00fc sundurmas\u0131, balkon g\u00fcne\u015fli\u011fi ve \u00e7at\u0131 dinlenme kiosklar\u0131 sundurmas\u0131;<br \/>\nOfis binalar\u0131, b\u00fcy\u00fck ma\u011fazalar, oteller, villalar, okullar, hastaneler, spor stadyumlar\u0131, e\u011flence merkezleri ve kamu tesisleri tavan ayd\u0131nlatmalar\u0131 et.<\/p>\n<p><strong>Hizmetlerimiz:<\/strong><br \/>\n1. Sorunuzu 8 i\u015f saati i\u00e7inde yan\u0131tlay\u0131n.<br \/>\n2. Deneyimli personel, t\u00fcm sorular\u0131n\u0131z\u0131 ak\u0131c\u0131 \u0130ngilizce olarak yan\u0131tlar. .<br \/>\n3. \u00d6zelle\u015ftirilmi\u015f tasar\u0131m mevcuttur, OEM memnuniyetle kar\u015f\u0131lanmaktad\u0131r.<br \/>\n4. Distrib\u00fct\u00f6r\u00fcm\u00fcze sa\u011flanan \u00f6zel indirim ve sat\u0131\u015f alan\u0131n\u0131n korunmas\u0131.<\/p>\n<p><strong>Ticaret Ko\u015fullar\u0131:<\/strong><br \/>\n1. Fiyat terimi: EXW\/FOB\/C&amp;F\/CIF<br \/>\n2. T \/ T veya L \/ C ile \u00f6deme. 30% depozito ve sevkiyat \u00f6ncesi 70%<br \/>\n3. Teslim s\u00fcresi: 7-10 i\u015f g\u00fcn\u00fc, sipari\u015f miktar\u0131na ba\u011fl\u0131 olarak<br \/>\n4. Adedi: 3 ton<\/p>\n<p><strong>Temiz:<\/strong><\/p>\n<p><img fetchpriority=\"high\" decoding=\"async\" src=\"https:\/\/sc02.alicdn.com\/kf\/UTB8n0ouXHnJXKJkSahGq6xhzFXaT\/200162319\/UTB8n0ouXHnJXKJkSahGq6xhzFXaT.jpg\" alt=\"Fabrika do\u011frudan sat\u0131\u015f\u0131 Bayer Plastik \u00dcr\u00fcnler Pembe Polikarbonat PC Kat\u0131 Levha\" width=\"678\" height=\"452\" data-src=\"\/\/sc02.alicdn.com\/kf\/UTB8n0ouXHnJXKJkSahGq6xhzFXaT\/200162319\/UTB8n0ouXHnJXKJkSahGq6xhzFXaT.jpg\" data-alt=\"Factory direct sale Bayer Plastic Products Pink Polycarbonate PC Solid Sheet\" data-width=\"678\" data-height=\"452\" data- title=\"\"><\/p>\n<p><img decoding=\"async\" src=\"https:\/\/sc01.alicdn.com\/kf\/UTB8szPkXHPJXKJkSafSq6yqUXXae\/200162319\/UTB8szPkXHPJXKJkSafSq6yqUXXae.jpg\" alt=\"Fabrika do\u011frudan sat\u0131\u015f\u0131 Bayer Plastik \u00dcr\u00fcnler Pembe Polikarbonat PC Kat\u0131 Levha\" width=\"677\" height=\"677\" data-src=\"\/\/sc01.alicdn.com\/kf\/UTB8szPkXHPJXKJkSafSq6yqUXXae\/200162319\/UTB8szPkXHPJXKJkSafSq6yqUXXae.jpg\" data-alt=\"Factory direct sale Bayer Plastic Products Pink Polycarbonate PC Solid Sheet\" data-width=\"677\" data-height=\"677\" data- title=\"\"><\/p>\n<p><strong>\u00a0\u00a0Di\u011fer \u00fcr\u00fcnler:<\/strong><\/p>\n<p><strong>PC i\u00e7i bo\u015f levha:<\/strong><\/p>\n<p><img decoding=\"async\" src=\"https:\/\/sc02.alicdn.com\/kf\/UTB8pTAvXFPJXKJkSahVq6xyzFXa1\/200162319\/UTB8pTAvXFPJXKJkSahVq6xyzFXa1.jpg\" alt=\"Fabrika do\u011frudan sat\u0131\u015f\u0131 Bayer Plastik \u00dcr\u00fcnler Pembe Polikarbonat PC Kat\u0131 Levha\" width=\"674\" height=\"449\" data-src=\"\/\/sc02.alicdn.com\/kf\/UTB8pTAvXFPJXKJkSahVq6xyzFXa1\/200162319\/UTB8pTAvXFPJXKJkSahVq6xyzFXa1.jpg\" data-alt=\"Factory direct sale Bayer Plastic Products Pink Polycarbonate PC Solid Sheet\" data-width=\"674\" data-height=\"449\" data- title=\"\"><\/p>\n<p>Soldan sa\u011fa, yukar\u0131dan a\u015fa\u011f\u0131ya<br \/>\n1. Buzlu Polikarbonat kat\u0131 levha<br \/>\n2. I\u015f\u0131k dif\u00fczyonu Polikarbonat kat\u0131 levha<br \/>\n3. Polikarbonat kat\u0131 levha<br \/>\n4. Polikarbonat oluklu levha<\/p>\n<p><img loading=\"lazy\" decoding=\"async\" src=\"https:\/\/sc02.alicdn.com\/kf\/UTB8lZvkXFPJXKJkSahVq6xyzFXap\/200162319\/UTB8lZvkXFPJXKJkSahVq6xyzFXap.jpg\" alt=\"Fabrika do\u011frudan sat\u0131\u015f\u0131 Bayer Plastik \u00dcr\u00fcnler Pembe Polikarbonat PC Kat\u0131 Levha\" width=\"685\" height=\"685\" data-src=\"\/\/sc02.alicdn.com\/kf\/UTB8lZvkXFPJXKJkSahVq6xyzFXap\/200162319\/UTB8lZvkXFPJXKJkSahVq6xyzFXap.jpg\" data-alt=\"Factory direct sale Bayer Plastic Products Pink Polycarbonate PC Solid Sheet\" data-width=\"685\" data-height=\"685\" data- title=\"\"><\/p>\n<p><strong>\u00a0 Polikarbonat \u0131\u015f\u0131kl\u0131k ve Polikarbonat kabartmal\u0131 levha<\/strong><\/p>\n<p><img loading=\"lazy\" decoding=\"async\" src=\"https:\/\/sc01.alicdn.com\/kf\/UTB8AnLkXTzIXKJkSafVq6yWgXXaZ\/200162319\/UTB8AnLkXTzIXKJkSafVq6yWgXXaZ.jpg\" width=\"676\" height=\"946\" data-src=\"\/\/sc01.alicdn.com\/kf\/UTB8AnLkXTzIXKJkSafVq6yWgXXaZ\/200162319\/UTB8AnLkXTzIXKJkSafVq6yWgXXaZ.jpg\" data-width=\"676\" data-height=\"946\" data- alt=\"\" title=\"\"><\/p>\n<p><strong>Polikarbonat Tente \u00a0<\/strong><\/p>\n<p><img loading=\"lazy\" decoding=\"async\" src=\"https:\/\/sc01.alicdn.com\/kf\/HTB1L6BlSFXXXXc2aXXX760XFXXXZ\/200162319\/HTB1L6BlSFXXXXc2aXXX760XFXXXZ.png\" alt=\"Fabrika do\u011frudan sat\u0131\u015f\u0131 Bayer Plastik \u00dcr\u00fcnler Pembe Polikarbonat PC Kat\u0131 Levha\" width=\"675\" height=\"538\" data-src=\"\/\/sc01.alicdn.com\/kf\/HTB1L6BlSFXXXXc2aXXX760XFXXXZ\/200162319\/HTB1L6BlSFXXXXc2aXXX760XFXXXZ.png\" data-alt=\"Factory direct sale Bayer Plastic Products Pink Polycarbonate PC Solid Sheet\" data-width=\"675\" data-height=\"538\" data- title=\"\"><\/p>\n<p><img loading=\"lazy\" decoding=\"async\" src=\"https:\/\/sc01.alicdn.com\/kf\/HTB1.plJSFXXXXcoXVXX760XFXXXk\/200162319\/HTB1.plJSFXXXXcoXVXX760XFXXXk.png\" alt=\"Fabrika do\u011frudan sat\u0131\u015f\u0131 Bayer Plastik \u00dcr\u00fcnler Pembe Polikarbonat PC Kat\u0131 Levha\" width=\"677\" height=\"500\" data-src=\"\/\/sc01.alicdn.com\/kf\/HTB1.plJSFXXXXcoXVXX760XFXXXk\/200162319\/HTB1.plJSFXXXXcoXVXX760XFXXXk.png\" data-alt=\"Factory direct sale Bayer Plastic Products Pink Polycarbonate PC Solid Sheet\" data-width=\"677\" data-height=\"500\" data- title=\"\"><\/p>\n<p><strong>I\u015f\u0131k dif\u00fczyonu Polikarbonat levha<\/strong><\/p>\n<p><img loading=\"lazy\" decoding=\"async\" src=\"https:\/\/sc02.alicdn.com\/kf\/HTB1KoqBSFXXXXarXXXXq6xXFXXXN\/200162319\/HTB1KoqBSFXXXXarXXXXq6xXFXXXN.jpg\" alt=\"Fabrika do\u011frudan sat\u0131\u015f\u0131 Bayer Plastik \u00dcr\u00fcnler Pembe Polikarbonat PC Kat\u0131 Levha\" width=\"674\" height=\"449\" data-src=\"\/\/sc02.alicdn.com\/kf\/HTB1KoqBSFXXXXarXXXXq6xXFXXXN\/200162319\/HTB1KoqBSFXXXXarXXXXq6xXFXXXN.jpg\" data-alt=\"Factory direct sale Bayer Plastic Products Pink Polycarbonate PC Solid Sheet\" data-width=\"674\" data-height=\"449\" data- title=\"\"><\/p>\n<p><img loading=\"lazy\" decoding=\"async\" src=\"https:\/\/sc01.alicdn.com\/kf\/HTB1NDV9KXXXXXbsaXXXq6xXFXXX2\/200162319\/HTB1NDV9KXXXXXbsaXXXq6xXFXXX2.jpg\" alt=\"Fabrika do\u011frudan sat\u0131\u015f\u0131 Bayer Plastik \u00dcr\u00fcnler Pembe Polikarbonat PC Kat\u0131 Levha\" width=\"679\" height=\"679\" data-src=\"\/\/sc01.alicdn.com\/kf\/HTB1NDV9KXXXXXbsaXXXq6xXFXXX2\/200162319\/HTB1NDV9KXXXXXbsaXXXq6xXFXXX2.jpg\" data-alt=\"Factory direct sale Bayer Plastic Products Pink Polycarbonate PC Solid Sheet\" data-width=\"679\" data-height=\"679\" data- title=\"\"><\/p>\n<p><strong>\u00a0 Yeterli Arz<\/strong><\/p>\n<p><img loading=\"lazy\" decoding=\"async\" src=\"https:\/\/sc01.alicdn.com\/kf\/HTB11LPNSpXXXXa2XXXXq6xXFXXXF\/200162319\/HTB11LPNSpXXXXa2XXXXq6xXFXXXF.jpg\" width=\"688\" height=\"688\" data-src=\"\/\/sc01.alicdn.com\/kf\/HTB11LPNSpXXXXa2XXXXq6xXFXXXF\/200162319\/HTB11LPNSpXXXXa2XXXXq6xXFXXXF.jpg\" data-width=\"688\" data-height=\"688\" data- alt=\"\" title=\"\"><\/p>\n<p><img loading=\"lazy\" decoding=\"async\" src=\"https:\/\/sc02.alicdn.com\/kf\/HTB1wi_pSpXXXXbjXVXXq6xXFXXX9\/200162319\/HTB1wi_pSpXXXXbjXVXXq6xXFXXX9.jpg\" alt=\"Fabrika do\u011frudan sat\u0131\u015f\u0131 Bayer Plastik \u00dcr\u00fcnler Pembe Polikarbonat PC Kat\u0131 Levha\" width=\"681\" height=\"909\" data-src=\"\/\/sc02.alicdn.com\/kf\/HTB1wi_pSpXXXXbjXVXXq6xXFXXX9\/200162319\/HTB1wi_pSpXXXXbjXVXXq6xXFXXX9.jpg\" data-alt=\"Factory direct sale Bayer Plastic Products Pink Polycarbonate PC Solid Sheet\" data-width=\"681\" data-height=\"909\" data- title=\"\"><\/p>\n<p><strong>\u00a0 100% Virgin Bayer Malzemeleri:<\/strong><\/p>\n<p><img loading=\"lazy\" decoding=\"async\" src=\"https:\/\/sc02.alicdn.com\/kf\/UTB8qazkXMnJXKJkSaelq6xUzXXax\/200162319\/UTB8qazkXMnJXKJkSaelq6xUzXXax.jpg\" alt=\"Fabrika do\u011frudan sat\u0131\u015f\u0131 Bayer Plastik \u00dcr\u00fcnler Pembe Polikarbonat PC Kat\u0131 Levha\" width=\"697\" height=\"697\" data-src=\"\/\/sc02.alicdn.com\/kf\/UTB8qazkXMnJXKJkSaelq6xUzXXax\/200162319\/UTB8qazkXMnJXKJkSaelq6xUzXXax.jpg\" data-alt=\"Factory direct sale Bayer Plastic Products Pink Polycarbonate PC Solid Sheet\" data-width=\"697\" data-height=\"697\" data- title=\"\"><\/p>\n<p><img loading=\"lazy\" decoding=\"async\" src=\"https:\/\/sc02.alicdn.com\/kf\/HTB1k6UuKVXXXXccXFXXq6xXFXXX9\/200162319\/HTB1k6UuKVXXXXccXFXXq6xXFXXX9.jpg\" alt=\"Fabrika do\u011frudan sat\u0131\u015f\u0131 Bayer Plastik \u00dcr\u00fcnler Pembe Polikarbonat PC Kat\u0131 Levha\" width=\"693\" height=\"693\" data-src=\"\/\/sc02.alicdn.com\/kf\/HTB1k6UuKVXXXXccXFXXq6xXFXXX9\/200162319\/HTB1k6UuKVXXXXccXFXXq6xXFXXX9.jpg\" data-alt=\"Factory direct sale Bayer Plastic Products Pink Polycarbonate PC Solid Sheet\" data-width=\"693\" data-height=\"693\" data- title=\"\"><\/p>","protected":false},"featured_media":15130,"parent":0,"template":"","product-catagories":[168],"product-tag":[],"class_list":["post-15129","product","type-product","status-publish","has-post-thumbnail","hentry","product-catagories-acrylic-sheet"],"acf":[],"_links":{"self":[{"href":"https:\/\/www.tononplastics.com\/tr\/wp-json\/wp\/v2\/product\/15129","targetHints":{"allow":["GET"]}}],"collection":[{"href":"https:\/\/www.tononplastics.com\/tr\/wp-json\/wp\/v2\/product"}],"about":[{"href":"https:\/\/www.tononplastics.com\/tr\/wp-json\/wp\/v2\/types\/product"}],"version-history":[{"count":0,"href":"https:\/\/www.tononplastics.com\/tr\/wp-json\/wp\/v2\/product\/15129\/revisions"}],"wp:featuredmedia":[{"embeddable":true,"href":"https:\/\/www.tononplastics.com\/tr\/wp-json\/wp\/v2\/media\/15130"}],"wp:attachment":[{"href":"https:\/\/www.tononplastics.com\/tr\/wp-json\/wp\/v2\/media?parent=15129"}],"wp:term":[{"taxonomy":"product-catagories","embeddable":true,"href":"https:\/\/www.tononplastics.com\/tr\/wp-json\/wp\/v2\/product-catagories?post=15129"},{"taxonomy":"product-tag","embeddable":true,"href":"https:\/\/www.tononplastics.com\/tr\/wp-json\/wp\/v2\/product-tag?post=15129"}],"curies":[{"name":"wp","href":"https:\/\/api.w.org\/{rel}","templated":true}]}}