{"id":15133,"date":"2023-08-23T10:15:53","date_gmt":"2023-08-23T02:15:53","guid":{"rendered":"https:\/\/tononplastics.com\/?post_type=product&#038;p=15133"},"modified":"2024-04-16T14:07:42","modified_gmt":"2024-04-16T06:07:42","slug":"pc-sheet-solid-sheet-uv-polycarbonate-sheet","status":"publish","type":"product","link":"https:\/\/www.tononplastics.com\/tr\/product\/pc-sheet-solid-sheet-uv-polycarbonate-sheet\/","title":{"rendered":"PC levha\/kat\u0131 levha\/UV Polikarbonat levha"},"content":{"rendered":"<figure class=\"wp-block-gallery has-nested-images columns-default is-cropped wp-block-gallery-1 is-layout-flex wp-block-gallery-is-layout-flex\">\n<figure class=\"wp-block-image size-large\"><img decoding=\"async\" data-id=\"16139\" src=\"https:\/\/www.tononplastics.com\/wp-content\/uploads\/2024\/03\/H51343cdbb8f04c94a5295d3aa768236fu.webp\" alt=\"\" class=\"wp-image-16139\" title=\"\"><\/figure>\n\n\n\n<figure class=\"wp-block-image size-large\"><img decoding=\"async\" data-id=\"16138\" src=\"https:\/\/www.tononplastics.com\/wp-content\/uploads\/2024\/03\/H8c2216795864433d9334feab5642fc17J.webp\" alt=\"\" class=\"wp-image-16138\" title=\"\"><\/figure>\n<\/figure>\n\n\n<table border=\"0\" cellspacing=\"0\" cellpadding=\"0\">\n<tbody>\n<tr>\n<td colspan=\"2\" height=\"27\"><span data-spm-anchor-id=\"a2700.details.0.i34.6678180bXkzxVd\">Polikarbonat film \u00f6zellikleri:<\/span><\/td>\n<\/tr>\n<tr>\n<td height=\"103\">I\u015f\u0131k \u0130letimi<br \/>I\u015f\u0131k ge\u00e7irgenli\u011fi renk ve kal\u0131nl\u0131\u011fa ba\u011fl\u0131 olarak 12%-82%'ye ula\u015f\u0131r.<\/td>\n<td>UV korumas\u0131<br \/>Tescilli anti-UV kaplamaya atfedilen Polikarbonat film, maruz kald\u0131ktan sonra m\u00fckemmel mekanik ve optik performans\u0131n\u0131 korur.<\/td>\n<\/tr>\n<tr>\n<td height=\"147\" data-spm-anchor-id=\"a2700.details.0.i33.6678180bXkzxVd\">Hava Durumu Yetene\u011fi<br \/>40\u00b0C-120\u00b0C aras\u0131ndaki geni\u015f s\u0131cakl\u0131k aral\u0131\u011f\u0131nda m\u00fckemmel performans\u0131 koruyan s\u00fcper hava ko\u015fullar\u0131na dayan\u0131kl\u0131d\u0131r.<\/td>\n<td>Yang\u0131n geciktirici :UL Yan\u0131c\u0131l\u0131k 94 V-2<\/td>\n<\/tr>\n<tr>\n<td height=\"135\">Kolay Kurulum<br \/>Kurulumu kolayd\u0131r ve so\u011fuk b\u00fck\u00fclebilir<\/td>\n<td>Darbe Dayan\u0131m\u0131<br \/>S\u0131radan cam\u0131n 250-300 kat\u0131 ve ayn\u0131 kal\u0131nl\u0131ktaki akrilik panellerin 30 kat\u0131 darbe dayan\u0131m\u0131, 2-20 kat sertle\u015ftirilmi\u015f cam 3 kg \u00e7eki\u00e7 alt\u0131nda iki metre d\u00fc\u015f\u00fcyor \u00e7atlak yok, k\u0131r\u0131k yok\u00a0<\/td>\n<\/tr>\n<tr>\n<td height=\"32\">\u00a0<\/td>\n<td>\u00a0<\/td>\n<\/tr>\n<tr>\n<td colspan=\"2\" height=\"54\">Polikarbonat film uygulamas\u0131<\/td>\n<\/tr>\n<tr>\n<td colspan=\"2\" height=\"263\">Galeri Pavyon bah\u00e7eleri, lunapark egzotik dekorasyon ve dinlenme yerleri;<br \/>Ticari binalar, modern kentsel binalar\u0131n hem i\u00e7 hem de d\u0131\u015f perde duvarlar\u0131;<br \/>Telefon kul\u00fcbeleri, reklam tabelalar\u0131, reklam \u0131\u015f\u0131k kutular\u0131 fuar\u0131n d\u00fczenini g\u00f6stermektedir;<br \/>Duvar, \u00e7at\u0131 ve di\u011fer y\u00fcksek kaliteli i\u00e7 mekan dekoratif malzemeleri;<br \/>Tar\u0131msal sera ve yeti\u015ftirme kul\u00fcbesi;<br \/>Modern eko-restoran tavan\u0131;<br \/>T\u00fcm birimler veya h\u00fccre d\u00f6ng\u00fcs\u00fc sundurmas\u0131, balkon g\u00fcne\u015fli\u011fi ve \u00e7at\u0131 dinlenme kiosklar\u0131 sundurmas\u0131;<br \/>Ofis binalar\u0131, b\u00fcy\u00fck ma\u011fazalar, oteller, villalar, okullar, hastaneler, spor stadyumlar\u0131, e\u011flence merkezleri ve kamu tesisleri tavan ayd\u0131nlatmas\u0131 et<\/td>\n<\/tr>\n<\/tbody>\n<\/table>\n<p>\u00a0<\/p>\n<p><strong>Uygulama<\/strong><\/p>\n<p><img decoding=\"async\" src=\"https:\/\/sc01.alicdn.com\/kf\/Hee35153016fb4f64a8abd2cf77d8280dQ\/200162319\/Hee35153016fb4f64a8abd2cf77d8280dQ.jpg\" alt=\"PC levha\/kat\u0131 levha\/UV Polikarbonat levha\" width=\"630\" height=\"404.88\" data-src=\"\/\/sc01.alicdn.com\/kf\/Hee35153016fb4f64a8abd2cf77d8280dQ\/200162319\/Hee35153016fb4f64a8abd2cf77d8280dQ.jpg\" data-alt=\"PC sheet\/solid sheet\/UV Polycarbonate sheet\" data-width=\"630\" data- title=\"\"><br \/><strong>\u00dcretim ve Teslimat<\/strong><\/p>\n<p><img fetchpriority=\"high\" decoding=\"async\" src=\"https:\/\/sc01.alicdn.com\/kf\/HTB1wS_FPVXXXXaeXFXXq6xXFXXXX\/200162319\/HTB1wS_FPVXXXXaeXFXXq6xXFXXXX.jpg\" alt=\"PC levha\/kat\u0131 levha\/UV Polikarbonat levha\" width=\"630\" height=\"473\" data-src=\"\/\/sc01.alicdn.com\/kf\/HTB1wS_FPVXXXXaeXFXXq6xXFXXXX\/200162319\/HTB1wS_FPVXXXXaeXFXXq6xXFXXXX.jpg\" data-alt=\"PC sheet\/solid sheet\/UV Polycarbonate sheet\" data-width=\"630\" data-height=\"473\" data- title=\"\"><img decoding=\"async\" src=\"https:\/\/sc01.alicdn.com\/kf\/HTB1HX_MPVXXXXcuXpXXq6xXFXXXP\/200162319\/HTB1HX_MPVXXXXcuXpXXq6xXFXXXP.jpg\" alt=\"PC levha\/kat\u0131 levha\/UV Polikarbonat levha\" width=\"630\" height=\"473\" data-src=\"\/\/sc01.alicdn.com\/kf\/HTB1HX_MPVXXXXcuXpXXq6xXFXXXP\/200162319\/HTB1HX_MPVXXXXcuXpXXq6xXFXXXP.jpg\" data-alt=\"PC sheet\/solid sheet\/UV Polycarbonate sheet\" data-width=\"630\" data-height=\"473\" data- title=\"\"><\/p>","protected":false},"featured_media":16802,"parent":0,"template":"","product-catagories":[178],"product-tag":[],"class_list":["post-15133","product","type-product","status-publish","has-post-thumbnail","hentry","product-catagories-polycarbonate-hollow-sheet"],"acf":[],"_links":{"self":[{"href":"https:\/\/www.tononplastics.com\/tr\/wp-json\/wp\/v2\/product\/15133","targetHints":{"allow":["GET"]}}],"collection":[{"href":"https:\/\/www.tononplastics.com\/tr\/wp-json\/wp\/v2\/product"}],"about":[{"href":"https:\/\/www.tononplastics.com\/tr\/wp-json\/wp\/v2\/types\/product"}],"version-history":[{"count":0,"href":"https:\/\/www.tononplastics.com\/tr\/wp-json\/wp\/v2\/product\/15133\/revisions"}],"wp:featuredmedia":[{"embeddable":true,"href":"https:\/\/www.tononplastics.com\/tr\/wp-json\/wp\/v2\/media\/16802"}],"wp:attachment":[{"href":"https:\/\/www.tononplastics.com\/tr\/wp-json\/wp\/v2\/media?parent=15133"}],"wp:term":[{"taxonomy":"product-catagories","embeddable":true,"href":"https:\/\/www.tononplastics.com\/tr\/wp-json\/wp\/v2\/product-catagories?post=15133"},{"taxonomy":"product-tag","embeddable":true,"href":"https:\/\/www.tononplastics.com\/tr\/wp-json\/wp\/v2\/product-tag?post=15133"}],"curies":[{"name":"wp","href":"https:\/\/api.w.org\/{rel}","templated":true}]}}