{"id":15183,"date":"2023-08-23T12:29:03","date_gmt":"2023-08-23T04:29:03","guid":{"rendered":"https:\/\/tononplastics.com\/?post_type=product&#038;p=15183"},"modified":"2024-04-16T12:27:23","modified_gmt":"2024-04-16T04:27:23","slug":"corrugated-polycarbonate-sheet-uv-roofing-panels-for-greenhouse","status":"publish","type":"product","link":"https:\/\/www.tononplastics.com\/tr\/product\/corrugated-polycarbonate-sheet-uv-roofing-panels-for-greenhouse\/","title":{"rendered":"Sera i\u00e7in oluklu polikarbonat levha uv \u00e7at\u0131 panelleri"},"content":{"rendered":"<table>\n<tbody>\n<tr>\n<td colspan=\"2\" height=\"66\" data-spm-anchor-id=\"a2700.details.0.i31.1dd26c0axSwcyk\">Polikarbonat oluklu levha \u00f6zellikleri<\/td>\n<\/tr>\n<tr>\n<td height=\"66\">Geni\u015flik:<\/td>\n<td height=\"66\">760,820,840,860,900,930,950,980.1050<\/td>\n<\/tr>\n<tr>\n<td height=\"66\">Uzunluk:<\/td>\n<td height=\"66\">S\u0131n\u0131rl\u0131 de\u011fil<\/td>\n<\/tr>\n<tr>\n<td height=\"66\">Kal\u0131nl\u0131k:<\/td>\n<td height=\"66\">0,7 mm ila 2,5 mm<\/td>\n<\/tr>\n<tr>\n<td height=\"66\">Standart Renk:<\/td>\n<td height=\"66\">\u015eeffaf,Mavi,Ye\u015fil,Opal,Kahverengi<\/td>\n<\/tr>\n<\/tbody>\n<\/table>\n<p><strong style=\"font-size: revert; color: initial;\">\u00a0 Yeterli malzeme:<\/strong><\/p>\n<p><img fetchpriority=\"high\" decoding=\"async\" src=\"https:\/\/sc02.alicdn.com\/kf\/HTB1G1ZZSpXXXXbLXXXXq6xXFXXX7\/200162319\/HTB1G1ZZSpXXXXbLXXXXq6xXFXXX7.jpg\" alt=\"Sera i\u00e7in oluklu polikarbonat levha uv \u00e7at\u0131 panelleri\" width=\"737\" height=\"983\" data-src=\"\/\/sc02.alicdn.com\/kf\/HTB1G1ZZSpXXXXbLXXXXq6xXFXXX7\/200162319\/HTB1G1ZZSpXXXXbLXXXXq6xXFXXX7.jpg\" data-alt=\"Corrugated polycarbonate sheet uv roofing panels for greenhouse\" data-width=\"737\" data-height=\"983\" data- title=\"\"><\/p>\n<p><img decoding=\"async\" src=\"https:\/\/sc01.alicdn.com\/kf\/HTB11LPNSpXXXXa2XXXXq6xXFXXXF\/200162319\/HTB11LPNSpXXXXa2XXXXq6xXFXXXF.jpg\" alt=\"Sera i\u00e7in oluklu polikarbonat levha uv \u00e7at\u0131 panelleri\" width=\"741\" height=\"741\" data-src=\"\/\/sc01.alicdn.com\/kf\/HTB11LPNSpXXXXa2XXXXq6xXFXXXF\/200162319\/HTB11LPNSpXXXXa2XXXXq6xXFXXXF.jpg\" data-alt=\"Corrugated polycarbonate sheet uv roofing panels for greenhouse\" data-width=\"741\" data-height=\"741\" data- title=\"\"><\/p>\n<p><strong>\u00a0\u00a0Yeni makine :<\/strong><\/p>\n<p><img decoding=\"async\" src=\"https:\/\/sc01.alicdn.com\/kf\/HTB12lZaa4TI8KJjSspiq6zM4FXab\/200162319\/HTB12lZaa4TI8KJjSspiq6zM4FXab.jpg\" alt=\"Sera i\u00e7in oluklu polikarbonat levha uv \u00e7at\u0131 panelleri\" width=\"710\" height=\"532\" data-src=\"\/\/sc01.alicdn.com\/kf\/HTB12lZaa4TI8KJjSspiq6zM4FXab\/200162319\/HTB12lZaa4TI8KJjSspiq6zM4FXab.jpg\" data-alt=\"Corrugated polycarbonate sheet uv roofing panels for greenhouse\" data-width=\"710\" data-height=\"532\" data- title=\"\"><\/p>\n<p><strong>\u00a0\u00a0Malzeme: Bayer<\/strong><\/p>\n<p><img loading=\"lazy\" decoding=\"async\" src=\"https:\/\/sc02.alicdn.com\/kf\/UTB8qazkXMnJXKJkSaelq6xUzXXax\/200162319\/UTB8qazkXMnJXKJkSaelq6xUzXXax.jpg\" alt=\"Sera i\u00e7in oluklu polikarbonat levha uv \u00e7at\u0131 panelleri\" width=\"731\" height=\"731\" data-src=\"\/\/sc02.alicdn.com\/kf\/UTB8qazkXMnJXKJkSaelq6xUzXXax\/200162319\/UTB8qazkXMnJXKJkSaelq6xUzXXax.jpg\" data-alt=\"Corrugated polycarbonate sheet uv roofing panels for greenhouse\" data-width=\"731\" data-height=\"731\" data- title=\"\"><\/p>\n<p>Polikarbonat oluklu levhan\u0131n \u00f6zellikleri:<\/p>\n<p>I\u015f\u0131k \u0130letimi:<br \/>\nI\u015f\u0131k ge\u00e7irgenli\u011fi renk ve kal\u0131nl\u0131\u011fa ba\u011fl\u0131 olarak 12%-95%'ye ula\u015f\u0131r.<\/p>\n<p>UV korumal\u0131:<br \/>\nTescilli anti-UV kaplamaya atfedilen Polikarbonat oluklu levha, maruz kald\u0131ktan sonra m\u00fckemmel mekanik ve optik performans\u0131n\u0131 korur.<\/p>\n<p>Hava Durumu Yetene\u011fi:<br \/>\n40\u00b0C-120\u00b0C aras\u0131ndaki geni\u015f s\u0131cakl\u0131k aral\u0131\u011f\u0131nda m\u00fckemmel performans\u0131 koruyan s\u00fcper hava ko\u015fullar\u0131na dayan\u0131kl\u0131d\u0131r.<\/p>\n<p>Yang\u0131n geciktirici : UL Yan\u0131c\u0131l\u0131k 94 V-2<\/p>\n<p>Kolay Kurulum<br \/>\nKurulumu kolayd\u0131r ve so\u011fuk b\u00fck\u00fclebilir<\/p>\n<p>Darbe Dayan\u0131m\u0131 :<br \/>\nS\u0131radan cam\u0131n 250-300 kat\u0131 ve ayn\u0131 kal\u0131nl\u0131ktaki akrilik panellerin 30 kat\u0131 darbe dayan\u0131m\u0131, 2-20 kat sertle\u015ftirilmi\u015f cam 3 kg \u00e7eki\u00e7 alt\u0131nda iki metre d\u00fc\u015f\u00fcyor \u00e7atlak yok, k\u0131r\u0131k yok<\/p>\n<p>Polikarbonat oluklu levha uygulamas\u0131:<\/p>\n<p>Otoyol ve kentsel y\u00fckseltilmi\u015f yol g\u00fcr\u00fclt\u00fc bariyerleri;<br \/>\nTar\u0131msal sera ve yeti\u015ftirme kul\u00fcbesi;<br \/>\nModern eko-restoran tavan\u0131;<br \/>\nT\u00fcm birimler veya h\u00fccre d\u00f6ng\u00fcs\u00fc sundurmas\u0131, balkon g\u00fcne\u015fli\u011fi ve \u00e7at\u0131 dinlenme kiosklar\u0131 sundurmas\u0131;<br \/>\nOfis binalar\u0131, b\u00fcy\u00fck ma\u011fazalar, oteller, villalar, okullar, hastaneler, spor stadyumlar\u0131, e\u011flence merkezleri ve kamu tesisleri tavan ayd\u0131nlatmalar\u0131 ve .<\/p>","protected":false},"featured_media":16735,"parent":0,"template":"","product-catagories":[168],"product-tag":[],"class_list":["post-15183","product","type-product","status-publish","has-post-thumbnail","hentry","product-catagories-acrylic-sheet"],"acf":[],"_links":{"self":[{"href":"https:\/\/www.tononplastics.com\/tr\/wp-json\/wp\/v2\/product\/15183","targetHints":{"allow":["GET"]}}],"collection":[{"href":"https:\/\/www.tononplastics.com\/tr\/wp-json\/wp\/v2\/product"}],"about":[{"href":"https:\/\/www.tononplastics.com\/tr\/wp-json\/wp\/v2\/types\/product"}],"version-history":[{"count":0,"href":"https:\/\/www.tononplastics.com\/tr\/wp-json\/wp\/v2\/product\/15183\/revisions"}],"wp:featuredmedia":[{"embeddable":true,"href":"https:\/\/www.tononplastics.com\/tr\/wp-json\/wp\/v2\/media\/16735"}],"wp:attachment":[{"href":"https:\/\/www.tononplastics.com\/tr\/wp-json\/wp\/v2\/media?parent=15183"}],"wp:term":[{"taxonomy":"product-catagories","embeddable":true,"href":"https:\/\/www.tononplastics.com\/tr\/wp-json\/wp\/v2\/product-catagories?post=15183"},{"taxonomy":"product-tag","embeddable":true,"href":"https:\/\/www.tononplastics.com\/tr\/wp-json\/wp\/v2\/product-tag?post=15183"}],"curies":[{"name":"wp","href":"https:\/\/api.w.org\/{rel}","templated":true}]}}