{"id":15191,"date":"2023-08-23T14:45:12","date_gmt":"2023-08-23T06:45:12","guid":{"rendered":"https:\/\/tononplastics.com\/?post_type=product&#038;p=15191"},"modified":"2024-03-25T11:57:33","modified_gmt":"2024-03-25T03:57:33","slug":"polycarbonate-transparent-clear-corrugated-plastic-roof-sheet","status":"publish","type":"product","link":"https:\/\/www.tononplastics.com\/tr\/product\/polycarbonate-transparent-clear-corrugated-plastic-roof-sheet\/","title":{"rendered":"Polikarbonat \u015feffaf oluklu plastik \u00e7at\u0131 sac\u0131"},"content":{"rendered":"<table style=\"height: 336px;\" width=\"853\">\n<tbody>\n<tr>\n<td colspan=\"2\" height=\"66\" data-spm-anchor-id=\"a2700.details.0.i30.9f611a18aDyHpd\">\n<p><strong>Polikarbonat oluklu levha \u00f6zellikleri<\/strong><\/p>\n<\/td>\n<\/tr>\n<tr>\n<td height=\"66\" data-spm-anchor-id=\"a2700.details.0.i23.9f611a18aDyHpd\">\n<p><strong>Geni\u015flik:<\/strong><\/p>\n<\/td>\n<td height=\"66\">\n<p><strong>760,820,840,860,900,930,950,980.1050<\/strong><\/p>\n<\/td>\n<\/tr>\n<tr>\n<td height=\"66\">\n<p><strong>Uzunluk:<\/strong><\/p>\n<\/td>\n<td height=\"66\">\n<p><strong>S\u0131n\u0131rl\u0131 de\u011fil<\/strong><\/p>\n<\/td>\n<\/tr>\n<tr>\n<td height=\"66\">\n<p><strong>Kal\u0131nl\u0131k:<\/strong><\/p>\n<\/td>\n<td height=\"66\">\n<p><strong>0,7 mm ila 2,5 mm<\/strong><\/p>\n<\/td>\n<\/tr>\n<tr>\n<td height=\"66\">\n<p><strong>Standart Renk:<\/strong><\/p>\n<\/td>\n<td height=\"66\">\n<p><strong>\u015eeffaf,Mavi,Ye\u015fil,Opal,Kahverengi<\/strong><\/p>\n<\/td>\n<\/tr>\n<\/tbody>\n<\/table>\n<p><strong>Polikarbonat oluklu levhan\u0131n \u00f6zellikleri:<\/strong><\/p>\n<p><strong>I\u015f\u0131k \u0130letimi:<\/strong><br \/>I\u015f\u0131k ge\u00e7irgenli\u011fi renk ve kal\u0131nl\u0131\u011fa ba\u011fl\u0131 olarak 12%-95%'ye ula\u015f\u0131r.<\/p>\n<p><strong>UV korumal\u0131:<\/strong><br \/>Tescilli anti-UV kaplamaya atfedilen Polikarbonat oluklu levha, maruz kald\u0131ktan sonra m\u00fckemmel mekanik ve optik performans\u0131n\u0131 korur.<\/p>\n<p><strong>Hava Durumu Yetene\u011fi:<\/strong><br \/>40\u00b0C-120\u00b0C aras\u0131ndaki geni\u015f s\u0131cakl\u0131k aral\u0131\u011f\u0131nda m\u00fckemmel performans\u0131 koruyan s\u00fcper hava ko\u015fullar\u0131na dayan\u0131kl\u0131d\u0131r.<\/p>\n<p><strong>Yang\u0131n geciktirici :<\/strong>\u00a0UL Yan\u0131c\u0131l\u0131k 94 V-2<\/p>\n<p>Kolay Kurulum<br \/>Kurulumu kolayd\u0131r ve so\u011fuk b\u00fck\u00fclebilir<\/p>\n<p><strong>Darbe Dayan\u0131m\u0131 :<\/strong><br \/>S\u0131radan cam\u0131n 250-300 kat\u0131 ve ayn\u0131 kal\u0131nl\u0131ktaki akrilik panellerin 30 kat\u0131 darbe dayan\u0131m\u0131, 2-20 kat sertle\u015ftirilmi\u015f cam 3 kg \u00e7eki\u00e7 alt\u0131nda iki metre d\u00fc\u015f\u00fcyor \u00e7atlak yok, k\u0131r\u0131k yok<\/p>\n<p><strong>Polikarbonat oluklu levha uygulamas\u0131:<\/strong><\/p>\n<p>Otoyol ve kentsel y\u00fckseltilmi\u015f yol g\u00fcr\u00fclt\u00fc bariyerleri;<br \/>Tar\u0131msal sera ve yeti\u015ftirme kul\u00fcbesi;<br \/>Modern eko-restoran tavan\u0131;<br \/>T\u00fcm birimler veya h\u00fccre d\u00f6ng\u00fcs\u00fc sundurmas\u0131, balkon g\u00fcne\u015fli\u011fi ve \u00e7at\u0131 dinlenme kiosklar\u0131 sundurmas\u0131;<br \/>Ofis binalar\u0131, b\u00fcy\u00fck ma\u011fazalar, oteller, villalar, okullar, hastaneler, spor stadyumlar\u0131, e\u011flence merkezleri ve kamu tesisleri tavan ayd\u0131nlatmalar\u0131 ve .<\/p>\n\n\n<p><strong>Teknik Veriler<\/strong><\/p>\n\n\n\n<figure class=\"wp-block-table\"><table><tbody><tr><td><strong>Darbe g\u00fcc\u00fc<\/strong><\/td><td><strong>\u015eeffafl\u0131k<\/strong><\/td><td><strong>\u00d6zel yer\u00e7ekimi<\/strong><\/td><td><strong>Termal genle\u015fme katsay\u0131s\u0131<\/strong><\/td><td><strong>Servis s\u0131cakl\u0131\u011f\u0131<\/strong><\/td><td><strong>Is\u0131 iletkenli\u011fi<\/strong><\/td><\/tr><tr><td>50j\/m<\/td><td>88%-92%<\/td><td>1200kg\/m\u00b3<\/td><td>0,065 mm\/m\u00b0C<\/td><td>-40\u00b0C~+120\u00b0C<\/td><td>0,21w\/m\u00b2\u00b0C<\/td><\/tr><tr><td><strong>\u00c7ekme mukavemeti<\/strong><\/td><td><strong>B\u00fck\u00fclme g\u00fcc\u00fc<\/strong><\/td><td><strong>Elastikiyet mod\u00fcl\u00fc<\/strong><\/td><td><strong>Ses yal\u0131t\u0131m\u0131n\u0131n etkisi<\/strong><\/td><td><strong>Kopma an\u0131ndaki \u00e7ekme gerilimi<\/strong><\/td><td><strong>Kopma uzamas\u0131<\/strong><\/td><\/tr><tr><td>\u226560N\/mm<\/td><td>100N\/mm\u00b2<\/td><td>2400Mpa<\/td><td>6 mm kat\u0131 levha i\u00e7in 35 desibel d\u00fc\u015f\u00fc\u015f<\/td><td>\u2265130Mpa<\/td><td><\/td><\/tr><\/tbody><\/table><\/figure>\n\n\n\n<figure class=\"wp-block-image size-large\"><img fetchpriority=\"high\" decoding=\"async\" width=\"1024\" height=\"624\" src=\"https:\/\/www.tononplastics.com\/wp-content\/uploads\/2024\/03\/16995219633519-1024x624.png\" alt=\"\" class=\"wp-image-16089\" title=\"1.png\" srcset=\"https:\/\/www.tononplastics.com\/wp-content\/uploads\/2024\/03\/16995219633519-1024x624.png 1024w, https:\/\/www.tononplastics.com\/wp-content\/uploads\/2024\/03\/16995219633519-300x183.png 300w, https:\/\/www.tononplastics.com\/wp-content\/uploads\/2024\/03\/16995219633519-768x468.png 768w, https:\/\/www.tononplastics.com\/wp-content\/uploads\/2024\/03\/16995219633519-1536x937.png 1536w, https:\/\/www.tononplastics.com\/wp-content\/uploads\/2024\/03\/16995219633519-18x12.png 18w, https:\/\/www.tononplastics.com\/wp-content\/uploads\/2024\/03\/16995219633519.png 1640w\" sizes=\"(max-width: 1024px) 100vw, 1024px\" \/><\/figure>","protected":false},"featured_media":16077,"parent":0,"template":"","product-catagories":[168],"product-tag":[],"class_list":["post-15191","product","type-product","status-publish","has-post-thumbnail","hentry","product-catagories-acrylic-sheet"],"acf":[],"_links":{"self":[{"href":"https:\/\/www.tononplastics.com\/tr\/wp-json\/wp\/v2\/product\/15191","targetHints":{"allow":["GET"]}}],"collection":[{"href":"https:\/\/www.tononplastics.com\/tr\/wp-json\/wp\/v2\/product"}],"about":[{"href":"https:\/\/www.tononplastics.com\/tr\/wp-json\/wp\/v2\/types\/product"}],"version-history":[{"count":0,"href":"https:\/\/www.tononplastics.com\/tr\/wp-json\/wp\/v2\/product\/15191\/revisions"}],"wp:featuredmedia":[{"embeddable":true,"href":"https:\/\/www.tononplastics.com\/tr\/wp-json\/wp\/v2\/media\/16077"}],"wp:attachment":[{"href":"https:\/\/www.tononplastics.com\/tr\/wp-json\/wp\/v2\/media?parent=15191"}],"wp:term":[{"taxonomy":"product-catagories","embeddable":true,"href":"https:\/\/www.tononplastics.com\/tr\/wp-json\/wp\/v2\/product-catagories?post=15191"},{"taxonomy":"product-tag","embeddable":true,"href":"https:\/\/www.tononplastics.com\/tr\/wp-json\/wp\/v2\/product-tag?post=15191"}],"curies":[{"name":"wp","href":"https:\/\/api.w.org\/{rel}","templated":true}]}}