{"id":15253,"date":"2023-08-23T21:43:40","date_gmt":"2023-08-23T13:43:40","guid":{"rendered":"https:\/\/tononplastics.com\/?post_type=product&#038;p=15253"},"modified":"2024-04-16T13:58:03","modified_gmt":"2024-04-16T05:58:03","slug":"multiwall-plastic-sheet-for-roofing-decoration-plastic-roofing","status":"publish","type":"product","link":"https:\/\/www.tononplastics.com\/tr\/product\/multiwall-plastic-sheet-for-roofing-decoration-plastic-roofing\/","title":{"rendered":"\u00c7at\u0131 kaplama\/dekorasyon plastik \u00e7at\u0131 kaplama i\u00e7in \u00e7ok duvarl\u0131 plastik levha"},"content":{"rendered":"<p><span data-spm-anchor-id=\"a2700.details.0.i31.60807358kqUSNH\">i\u00e7i bo\u015f pc sayfas\u0131<\/span><\/p>\n<p data-spm-anchor-id=\"a2700.details.0.i30.60807358kqUSNH\"><img decoding=\"async\" src=\"https:\/\/sc02.alicdn.com\/kf\/HTB1M5QmkMKTBuNkSne1q6yJoXXav\/200162319\/HTB1M5QmkMKTBuNkSne1q6yJoXXav.jpg\" alt=\"\u00e7at\u0131 kaplama \/ dekorasyon plastik \u00e7at\u0131 kaplama i\u00e7in \u00e7ok duvarl\u0131 plastik levha\" width=\"630\" height=\"471.515625\" data-src=\"\/\/sc02.alicdn.com\/kf\/HTB1M5QmkMKTBuNkSne1q6yJoXXav\/200162319\/HTB1M5QmkMKTBuNkSne1q6yJoXXav.jpg\" data-alt=\"multiwall plastic sheet for roofing\/decoration plastic roofing\" data-width=\"630\" data- title=\"\"><\/p>\n<p><strong>1. \u00d6zellikler:<\/strong><br \/>\n1) Y\u00fcksek \u0131\u015f\u0131k ge\u00e7irgenli\u011fi: ayn\u0131 kal\u0131nl\u0131ktaki genel camdan 88%'ye kadar.<br \/>\n2) M\u00fckemmel darbe direnci: Cam\u0131n 80 kat\u0131.<br \/>\n3) Hava ko\u015fullar\u0131na ve UV \u0131\u015f\u0131nlar\u0131na dayan\u0131kl\u0131d\u0131r - \u00f6zellikleri y\u0131llarca korunur. S\u0131cakl\u0131k direnci aral\u0131\u011f\u0131 -40\u00b0C ~ +120\u00b0C'dir ve levha y\u00fczeyinde ultraviyole koekstr\u00fcde film bulunur. Ultraviyolenin neden oldu\u011fu re\u00e7ine yorgunlu\u011funu veya sararmas\u0131n\u0131 \u00f6nleyebilir.<br \/>\n4) Hafif: ayn\u0131 kal\u0131nl\u0131ktaki cam\u0131n a\u011f\u0131rl\u0131\u011f\u0131n\u0131n sadece 1\/12'si. Termal \u015fekillendirmenin yan\u0131 s\u0131ra kolayca so\u011fuk b\u00fck\u00fclebilir.<br \/>\n5) Alev direnci: Y\u00fcksek yang\u0131n performans\u0131 derecesi B1 s\u0131n\u0131f\u0131d\u0131r.<br \/>\n6) Ses ve \u0131s\u0131 yal\u0131t\u0131m\u0131: Otoyol bariyeri i\u00e7in m\u00fckemmel ses yal\u0131t\u0131m\u0131 ve s\u00fcper \u0131s\u0131 yal\u0131t\u0131m\u0131 enerji tasarrufu sa\u011flar.<br \/>\n7) M\u00fckemmel entegrasyon kabiliyetine sahip bir m\u00fchendislik plasti\u011fi. Ola\u011fan\u00fcst\u00fc fiziksel, mekanik, elektrik ve \u0131s\u0131 \u00f6zelliklerine sahiptir.<\/p>\n<p><img decoding=\"async\" src=\"https:\/\/sc01.alicdn.com\/kf\/HTB1qQtntbuWBuNjSszgq6z8jVXae\/200162319\/HTB1qQtntbuWBuNjSszgq6z8jVXae.jpg\" alt=\"\u00e7at\u0131 kaplama \/ dekorasyon plastik \u00e7at\u0131 kaplama i\u00e7in \u00e7ok duvarl\u0131 plastik levha\" width=\"630\" height=\"472.5\" data-src=\"\/\/sc01.alicdn.com\/kf\/HTB1qQtntbuWBuNjSszgq6z8jVXae\/200162319\/HTB1qQtntbuWBuNjSszgq6z8jVXae.jpg\" data-alt=\"multiwall plastic sheet for roofing\/decoration plastic roofing\" data-width=\"630\" data- title=\"\"><\/p>\n<p><strong>2. \u00d6zellikler:<\/strong><\/p>\n<p>1) Kal\u0131nl\u0131k: 4mm, 6mm, 8mm, 10mm, 12mm, 14mm, 16mm.<br \/>\n2) Geni\u015flik: 1, 220mm, 2, 100mm<br \/>\n3) Uzunluk: S\u0131n\u0131rl\u0131 de\u011fil<br \/>\n4) A\u011f\u0131rl\u0131k (Kg\/M2): 0.8, 1.2, 1.4, 1.6, 1.9, 2.2, 2.4, 2.6<br \/>\n5) Renkler: berrak, g\u00f6l mavisi, ye\u015fil, mavi, opal, kahverengi, g\u00fcm\u00fc\u015fi gri, k\u0131rm\u0131z\u0131 (\u0130ste\u011finize g\u00f6re di\u011fer renkler sipari\u015f edilebilir)<\/p>\n<p><img decoding=\"async\" src=\"https:\/\/sc02.alicdn.com\/kf\/HTB1YhFCtb5YBuNjSspoq6zeNFXaC\/200162319\/HTB1YhFCtb5YBuNjSspoq6zeNFXaC.jpg\" alt=\"\u00e7at\u0131 kaplama \/ dekorasyon plastik \u00e7at\u0131 kaplama i\u00e7in \u00e7ok duvarl\u0131 plastik levha\" width=\"630\" height=\"384.4852941176471\" data-src=\"\/\/sc02.alicdn.com\/kf\/HTB1YhFCtb5YBuNjSspoq6zeNFXaC\/200162319\/HTB1YhFCtb5YBuNjSspoq6zeNFXaC.jpg\" data-alt=\"multiwall plastic sheet for roofing\/decoration plastic roofing\" data-width=\"630\" data- title=\"\"><br \/>\n<strong>3. Uygulamalar:<\/strong><br \/>\n1) Ofis binas\u0131, ma\u011faza, otel, stadyum, okul, e\u011flence merkezi, hastane vb. i\u00e7in \u00e7at\u0131 kaplama \u0131\u015f\u0131k levhas\u0131 ve g\u00fcne\u015flik.<br \/>\n2) I\u015f\u0131kl\u0131k, koridorlar, balkon, ge\u00e7itler ve metro giri\u015fleri, y\u00fcr\u00fcy\u00fc\u015f yollar\u0131 i\u00e7in ayd\u0131nlatma.<br \/>\n3) Kendin Yap (DIY), tente, g\u00f6lgelik.<br \/>\n4) Reklam lamba kutular\u0131, tabela.<br \/>\n5) \u0130syan \u00f6nleyici kalkan, kur\u015funa dayan\u0131kl\u0131 malzeme, Banka ATM'leri.<br \/>\n6) Konservatuarlar, tar\u0131msal seralar, hayvanat bah\u00e7eleri, botanik bah\u00e7eleri.<br \/>\n7) End\u00fcstriyel \u00c7at\u0131 Kaplama ve Camlama<br \/>\n8) Y\u00fczme Havuzlar\u0131 \u00e7at\u0131\/kapak\/levhas\u0131<\/p>\n<p><strong>4. TEMI\u0307ZLI\u0307K &amp; BAKIM<\/strong><br \/>\nDo\u011fru prosed\u00fcre g\u00f6re, \u00e7ar\u015faflar\u0131 d\u00fczenli olarak temizlemek i\u00e7in uygun temizleyici ve ara\u00e7lar kullan\u0131l\u0131r. Bu, \u00e7ar\u015faflar\u0131 zarif tutabilir ve \u00e7ar\u015faflar\u0131n kullan\u0131m \u00f6mr\u00fcn\u00fc uzatabilir:<\/p>\n<p>1. Levhay\u0131 \u0131l\u0131k suyla (60\u00b0C'nin alt\u0131nda) durulay\u0131n<\/p>\n<p>2. Y\u00fczeydeki kiri hafif\u00e7e temizlemek i\u00e7in l\u00fctfen n\u00f6tr s\u0131v\u0131 sabun veya deterjan ile temiz ve yumu\u015fak bir bez veya s\u00fcnger se\u00e7in<\/p>\n<p>3. Sayfay\u0131 bir kez daha durulay\u0131n<\/p>\n<p>4. Levha \u00fczerinde ya\u011f, \u0131slak boya, tutkal lekesi ve di\u011fer \u015feyler varsa, susuz alkol i\u00e7eren yumu\u015fak bir bez temizlik i\u00e7in kullan\u0131labilir.<\/p>\n<p>5. Temizlikten sonra su lekelerini \u00f6nlemek i\u00e7in so\u011fuk suyla durulay\u0131n ve yumu\u015fak bir bezle kurulay\u0131n.<\/p>\n<p>Temizlik i\u00e7in solvent kullan\u0131m\u0131 \u00f6nerisi<\/p>\n<p>Mutlak alkol, Petrol eteri, Hekzan<\/p>\n<p><strong>\u00a05. DUYURU<\/strong><\/p>\n<p>\u00c7elik y\u00fcn, f\u0131r\u00e7a ve di\u011fer kaba malzemelerin PC levhas\u0131 ile temas etmesine izin verilmez. PC i\u00e7i bo\u015f levhay\u0131 \u00e7izmek i\u00e7in \u00e7ak\u0131, jilet ve di\u011fer keskin aletleri kullanmay\u0131n<\/p>\n<p>Polikarbonat montaj y\u00f6ntemi<\/p>\n<p>a) Is\u0131 ile genle\u015fme ve so\u011fuk ile b\u00fcz\u00fclme durumunda, pc levhas\u0131 \u00fczerindeki matkap deli\u011finin \u00e7ap\u0131, vidan\u0131n \u00e7ap\u0131ndan yakla\u015f\u0131k 50% daha b\u00fcy\u00fck olmal\u0131d\u0131r.<\/p>\n<p>b) PC sayfas\u0131 \u00fczerindeki matkap deli\u011finin mesafesi uygun olmal\u0131d\u0131r,<br \/>\nmesafe ne kadar uzunsa, termal genle\u015fme o kadar b\u00fcy\u00fck olur. E\u011fer matkap deli\u011finin alan\u0131<br \/>\n\u00e7ok k\u0131sa olursa, bilgisayar sayfas\u0131n\u0131n hareketini s\u0131n\u0131rlayacakt\u0131r.<\/p>\n<p>c) PC sayfas\u0131 \u00fczerindeki matkap deli\u011finin uygun mesafesi 50 cm'dir. Matkap deli\u011fi ile pc levhas\u0131n\u0131n kenar\u0131 aras\u0131ndaki uygun mesafe yakla\u015f\u0131k 3-5 cm'dir.<\/p>\n<p>d) Per\u00e7inin \u00fcst k\u0131sm\u0131n\u0131n \u00e7ap\u0131 \u015faft\u0131n iki kat\u0131 olmal\u0131d\u0131r. Bas\u0131nc\u0131n pc sac\u0131na zarar vermesi ihtimaline kar\u015f\u0131 bir conta yap\u0131n\u0131z.<\/p>\n<p>e) Pc levhas\u0131n\u0131n k\u0131r\u0131lmas\u0131 durumunda vida s\u0131k\u0131lmamal\u0131d\u0131r.<\/p>\n<p>f) Pvc conta veya zift yap\u0131\u015fkan bant kullan\u0131lmamal\u0131d\u0131r, \u00e7\u00fcnk\u00fc kimyasal katk\u0131 maddesi pc tabakas\u0131n\u0131 a\u015f\u0131nd\u0131racakt\u0131r<\/p>\n<p>g) B\u00fckme par\u00e7as\u0131, levha sabitlemek i\u00e7in vida kullanmamal\u0131d\u0131r.<br \/>\nso\u011fuk b\u00fckme i\u015flemi. T\u00fcm deliklerde n\u00f6tr silikon yap\u0131sal dolgu macunu kullan\u0131lmal\u0131d\u0131r.<br \/>\nDeterjan\u0131n \u00e7ar\u015faf\u0131n kenar\u0131na n\u00fcfuz etmesi ihtimaline kar\u015f\u0131 tam.<\/p>","protected":false},"featured_media":16790,"parent":0,"template":"","product-catagories":[178],"product-tag":[],"class_list":["post-15253","product","type-product","status-publish","has-post-thumbnail","hentry","product-catagories-polycarbonate-hollow-sheet"],"acf":[],"_links":{"self":[{"href":"https:\/\/www.tononplastics.com\/tr\/wp-json\/wp\/v2\/product\/15253","targetHints":{"allow":["GET"]}}],"collection":[{"href":"https:\/\/www.tononplastics.com\/tr\/wp-json\/wp\/v2\/product"}],"about":[{"href":"https:\/\/www.tononplastics.com\/tr\/wp-json\/wp\/v2\/types\/product"}],"version-history":[{"count":0,"href":"https:\/\/www.tononplastics.com\/tr\/wp-json\/wp\/v2\/product\/15253\/revisions"}],"wp:featuredmedia":[{"embeddable":true,"href":"https:\/\/www.tononplastics.com\/tr\/wp-json\/wp\/v2\/media\/16790"}],"wp:attachment":[{"href":"https:\/\/www.tononplastics.com\/tr\/wp-json\/wp\/v2\/media?parent=15253"}],"wp:term":[{"taxonomy":"product-catagories","embeddable":true,"href":"https:\/\/www.tononplastics.com\/tr\/wp-json\/wp\/v2\/product-catagories?post=15253"},{"taxonomy":"product-tag","embeddable":true,"href":"https:\/\/www.tononplastics.com\/tr\/wp-json\/wp\/v2\/product-tag?post=15253"}],"curies":[{"name":"wp","href":"https:\/\/api.w.org\/{rel}","templated":true}]}}