{"id":15256,"date":"2023-08-23T21:46:30","date_gmt":"2023-08-23T13:46:30","guid":{"rendered":"https:\/\/tononplastics.com\/?post_type=product&#038;p=15256"},"modified":"2024-04-16T14:01:47","modified_gmt":"2024-04-16T06:01:47","slug":"macrolux-multiwall-polycarbonate-sheetmakrolon","status":"publish","type":"product","link":"https:\/\/www.tononplastics.com\/tr\/product\/macrolux-multiwall-polycarbonate-sheetmakrolon\/","title":{"rendered":"Macrolux \u00e7ok duvarl\u0131 polikarbonat levha (Makrolon)"},"content":{"rendered":"<p><span data-spm-anchor-id=\"a2700.details.0.i30.3649499cioTWq9\">Sera, veranda \u00e7at\u0131 kaplamas\u0131, kas\u0131rga korumas\u0131, ticari \u00e7at\u0131 kaplamas\u0131 ve daha fazlas\u0131n\u0131 in\u015fa etmek i\u00e7in kullan\u0131n.<\/span><\/p>\n<p><strong>\u00d6zelliklerUV korumal\u0131 PC kompakt levha<\/strong><br \/>\n1) 100% Bayer malzemesi<br \/>\n2) 50 mikron UV katman\u0131 kaplay\u0131n, UV \u0131\u015f\u0131n\u0131 filtreleme oran\u0131: 99%<\/p>\n<p data-spm-anchor-id=\"a2700.details.0.i28.3649499cioTWq9\">3) Hafif<br \/>\n4) UV \u0131\u015f\u0131nlar\u0131na dayan\u0131kl\u0131<br \/>\n5) G\u00fc\u00e7l\u00fc<br \/>\n6) Yal\u0131t\u0131m<br \/>\n7) Kolayca \u00e7al\u0131\u015f\u0131l\u0131r<\/p>\n<p><img fetchpriority=\"high\" decoding=\"async\" class=\"\" src=\"https:\/\/sc01.alicdn.com\/kf\/Hab9bd697ff3d43f4a68edc4263f778919\/200162319\/Hab9bd697ff3d43f4a68edc4263f778919.jpg\" alt=\"Macrolux \u00e7ok duvarl\u0131 polikarbonat levha (Makrolon)\" width=\"382\" height=\"382\" data-src=\"\/\/sc01.alicdn.com\/kf\/Hab9bd697ff3d43f4a68edc4263f778919\/200162319\/Hab9bd697ff3d43f4a68edc4263f778919.jpg\" data-alt=\"Macrolux multiwall polycarbonate sheet(Makrolon)\" data-width=\"630\" data- title=\"\"><img decoding=\"async\" class=\"\" src=\"https:\/\/sc02.alicdn.com\/kf\/H83eedc7040fe4889b253c55a4f03ec4e4\/200162319\/H83eedc7040fe4889b253c55a4f03ec4e4.jpg\" alt=\"Macrolux \u00e7ok duvarl\u0131 polikarbonat levha (Makrolon)\" width=\"384\" height=\"384\" data-src=\"\/\/sc02.alicdn.com\/kf\/H83eedc7040fe4889b253c55a4f03ec4e4\/200162319\/H83eedc7040fe4889b253c55a4f03ec4e4.jpg\" data-alt=\"Macrolux multiwall polycarbonate sheet(Makrolon)\" data-width=\"630\" data- title=\"\"><\/p>\n<p><strong>Polikarbonat kat\u0131 levha<\/strong><\/p>\n<p>Bayer Makrolon polikarbonat re\u00e7inesinden \u00fcretilen polikarbonat Kat\u0131 Levham\u0131z, bir veya iki tarafta UV koruyucu tabaka ile birlikte ekstr\u00fcde edilir, bu da levhan\u0131n mimarl\u0131k end\u00fcstrisinde yayg\u0131n olarak kullan\u0131labilmesi i\u00e7in m\u00fckemmel ya\u015flanma direncine ve ola\u011fan\u00fcst\u00fc darbe direncine sahip olmas\u0131n\u0131 sa\u011flar.<\/p>\n<p>Kal\u0131nl\u0131k 1.0mm, 1.2mm, 1.5mm, 2mm, 3mm, 4mm, 4.5mm, 6mm, 8mm, 10mm, 12mm, 15mm<br \/>\nStandart geni\u015flik 1220mm, 1560mm, 1820mm, 2100mm (2100mm'den daha az herhangi bir geni\u015fli\u011fin m\u00fc\u015fteri gereksinimlerine g\u00f6re \u00f6zelle\u015ftirilebilir)<br \/>\nRenk : Berrak, mavi, ye\u015fil, kahverengi, opal<\/p>\n<p>Doku: p\u00fcr\u00fczs\u00fcz, kabartmal\u0131, elmas, a\u015f\u0131nd\u0131r\u0131c\u0131<\/p>\n<p><img decoding=\"async\" src=\"https:\/\/sc01.alicdn.com\/kf\/H32420328557d486eb5370e0cf573cf134\/200162319\/H32420328557d486eb5370e0cf573cf134.jpg\" alt=\"Macrolux \u00e7ok duvarl\u0131 polikarbonat levha (Makrolon)\" width=\"630\" height=\"840\" data-src=\"\/\/sc01.alicdn.com\/kf\/H32420328557d486eb5370e0cf573cf134\/200162319\/H32420328557d486eb5370e0cf573cf134.jpg\" data-alt=\"Macrolux multiwall polycarbonate sheet(Makrolon)\" data-width=\"630\" data- title=\"\"><img decoding=\"async\" src=\"https:\/\/sc01.alicdn.com\/kf\/Hde2b9ec7d1d24a39a08ed8018029c625e\/200162319\/Hde2b9ec7d1d24a39a08ed8018029c625e.jpg\" alt=\"Macrolux \u00e7ok duvarl\u0131 polikarbonat levha (Makrolon)\" width=\"630\" height=\"884.52\" data-src=\"\/\/sc01.alicdn.com\/kf\/Hde2b9ec7d1d24a39a08ed8018029c625e\/200162319\/Hde2b9ec7d1d24a39a08ed8018029c625e.jpg\" data-alt=\"Macrolux multiwall polycarbonate sheet(Makrolon)\" data-width=\"630\" data- title=\"\"><\/p>\n<div id=\"ali-anchor-AliPostDhMb-tjluo\" data-section=\"AliPostDhMb-tjluo\" data-section-title=\"Packaging &amp; Shipping\">\n<div id=\"ali-title-AliPostDhMb-tjluo\"><strong>Paketleme ve Nakliye<\/strong><\/div>\n<div>\n<p>\u00a0<img decoding=\"async\" src=\"https:\/\/sc02.alicdn.com\/kf\/Hd05fdb0988024155a7956963ea5973acD\/200162319\/Hd05fdb0988024155a7956963ea5973acD.png\" alt=\"Macrolux \u00e7ok duvarl\u0131 polikarbonat levha (Makrolon)\" width=\"630\" height=\"474.58885941644564\" data-src=\"\/\/sc02.alicdn.com\/kf\/Hd05fdb0988024155a7956963ea5973acD\/200162319\/Hd05fdb0988024155a7956963ea5973acD.png\" data-alt=\"Macrolux multiwall polycarbonate sheet(Makrolon)\" data-width=\"630\" data- title=\"\"><img decoding=\"async\" src=\"https:\/\/sc02.alicdn.com\/kf\/H02a52324dc024cdcbaee8c550d0c5b3cR\/200162319\/H02a52324dc024cdcbaee8c550d0c5b3cR.png\" alt=\"Macrolux \u00e7ok duvarl\u0131 polikarbonat levha (Makrolon)\" width=\"630\" height=\"214.7347480106101\" data-src=\"\/\/sc02.alicdn.com\/kf\/H02a52324dc024cdcbaee8c550d0c5b3cR\/200162319\/H02a52324dc024cdcbaee8c550d0c5b3cR.png\" data-alt=\"Macrolux multiwall polycarbonate sheet(Makrolon)\" data-width=\"630\" data- title=\"\"><\/p>\n<\/div>\n<\/div>","protected":false},"featured_media":16796,"parent":0,"template":"","product-catagories":[178],"product-tag":[],"class_list":["post-15256","product","type-product","status-publish","has-post-thumbnail","hentry","product-catagories-polycarbonate-hollow-sheet"],"acf":[],"_links":{"self":[{"href":"https:\/\/www.tononplastics.com\/tr\/wp-json\/wp\/v2\/product\/15256","targetHints":{"allow":["GET"]}}],"collection":[{"href":"https:\/\/www.tononplastics.com\/tr\/wp-json\/wp\/v2\/product"}],"about":[{"href":"https:\/\/www.tononplastics.com\/tr\/wp-json\/wp\/v2\/types\/product"}],"version-history":[{"count":0,"href":"https:\/\/www.tononplastics.com\/tr\/wp-json\/wp\/v2\/product\/15256\/revisions"}],"wp:featuredmedia":[{"embeddable":true,"href":"https:\/\/www.tononplastics.com\/tr\/wp-json\/wp\/v2\/media\/16796"}],"wp:attachment":[{"href":"https:\/\/www.tononplastics.com\/tr\/wp-json\/wp\/v2\/media?parent=15256"}],"wp:term":[{"taxonomy":"product-catagories","embeddable":true,"href":"https:\/\/www.tononplastics.com\/tr\/wp-json\/wp\/v2\/product-catagories?post=15256"},{"taxonomy":"product-tag","embeddable":true,"href":"https:\/\/www.tononplastics.com\/tr\/wp-json\/wp\/v2\/product-tag?post=15256"}],"curies":[{"name":"wp","href":"https:\/\/api.w.org\/{rel}","templated":true}]}}