{"id":15263,"date":"2023-08-23T21:50:19","date_gmt":"2023-08-23T13:50:19","guid":{"rendered":"https:\/\/tononplastics.com\/?post_type=product&#038;p=15263"},"modified":"2024-04-16T13:53:40","modified_gmt":"2024-04-16T05:53:40","slug":"pc-layers-sheet-16mm-polycarbonate-honeycomb","status":"publish","type":"product","link":"https:\/\/www.tononplastics.com\/tr\/product\/pc-layers-sheet-16mm-polycarbonate-honeycomb\/","title":{"rendered":"PC katmanlar\u0131 levha 16mm polikarbonat petek"},"content":{"rendered":"<p><strong>\u00d6zellikler:<\/strong><\/p>\n<p>1. M\u00fckemmel fiziksel, mekanik performans.<\/p>\n<p>2. \u0130yi elektrik, \u0131s\u0131 ve ses yal\u0131t\u0131m\u0131.<\/p>\n<p>3. \u0130yi darbe direnci ve y\u00fcksek mukavemet.<\/p>\n<p>4. \u0130yi \u0131\u015f\u0131k ge\u00e7irgenli\u011fi performans\u0131.<\/p>\n<p>5. \u0130yi s\u0131cakl\u0131k direnci.<\/p>\n<p>6. Yang\u0131n geciktirme.<\/p>\n<p>7. Toksik de\u011fildir.<\/p>\n<p>8. UV korumas\u0131.<\/p>\n<p>9. Ay\u0131 ya\u015flanmas\u0131.<\/p>\n<p><strong>Uygulamalar:<\/strong><\/p>\n<p>1. \u00c7at\u0131 pencereleri, \u00e7at\u0131 pencereleri, geni\u015fletilmi\u015f sundurmalar ve seralar, otellerdeki ticari alanlar i\u00e7in yayg\u0131n olarak kullan\u0131lan m\u00fckemmel \u00e7at\u0131 kaplama malzemeleri,<br \/>\nkahve d\u00fckkanlar\u0131, butikler ve g\u00fczellik salonu, sergi merkezi ve telefon kul\u00fcbesi.<\/p>\n<p>2. Otoyollar, y\u00fcksek h\u0131zl\u0131 demiryolu i\u00e7in ses yal\u0131t\u0131m duvar\u0131.<\/p>\n<p>3. Reklam i\u00e7in tabelalar.<\/p>\n<p>4. Bankalar, hastaneler, havaalanlar\u0131, otob\u00fcs, tren istasyonlar\u0131 ve anaokullar\u0131nda dekorasyon ayd\u0131nlatmas\u0131.<\/p>\n<p>5. Toksik de\u011fildir, g\u0131da ile temas halinde kal\u0131r.<\/p>\n<p>6. Bir\u00e7ok yerde s\u0131radan cam\u0131n de\u011fi\u015ftirilmesi.<\/p>\n<p><img decoding=\"async\" src=\"https:\/\/sc02.alicdn.com\/kf\/HTB1wYcHkS8YBeNkSnb4q6yevFXaH\/200162319\/HTB1wYcHkS8YBeNkSnb4q6yevFXaH.jpg\" alt=\"pc katmanlar\u0131 levha 16mm polikarbonat petek\" width=\"630\" height=\"470.925\" data-src=\"\/\/sc02.alicdn.com\/kf\/HTB1wYcHkS8YBeNkSnb4q6yevFXaH\/200162319\/HTB1wYcHkS8YBeNkSnb4q6yevFXaH.jpg\" data-alt=\"pc layers sheet 16mm polycarbonate honeycomb\" data-width=\"630\" data- title=\"\"><img decoding=\"async\" src=\"https:\/\/sc01.alicdn.com\/kf\/HTB1U5VQteuSBuNjy1Xcq6AYjFXan\/200162319\/HTB1U5VQteuSBuNjy1Xcq6AYjFXan.jpg\" alt=\"pc katmanlar\u0131 levha 16mm polikarbonat petek\" width=\"630\" height=\"472.5\" data-src=\"\/\/sc01.alicdn.com\/kf\/HTB1U5VQteuSBuNjy1Xcq6AYjFXan\/200162319\/HTB1U5VQteuSBuNjy1Xcq6AYjFXan.jpg\" data-alt=\"pc layers sheet 16mm polycarbonate honeycomb\" data-width=\"630\" data- title=\"\"><\/p>\n<p><img decoding=\"async\" src=\"https:\/\/sc02.alicdn.com\/kf\/H4a5e33e5f1034bce8dde77f9a90d1cd9q\/200162319\/H4a5e33e5f1034bce8dde77f9a90d1cd9q.png\" alt=\"pc katmanlar\u0131 levha 16mm polikarbonat petek\" width=\"630\" height=\"586.3781624500665\" data-src=\"\/\/sc02.alicdn.com\/kf\/H4a5e33e5f1034bce8dde77f9a90d1cd9q\/200162319\/H4a5e33e5f1034bce8dde77f9a90d1cd9q.png\" data-alt=\"pc layers sheet 16mm polycarbonate honeycomb\" data-width=\"630\" data- title=\"\"><\/p>\n<div id=\"ali-anchor-AliPostDhMb-grsmg\" data-section=\"AliPostDhMb-grsmg\" data-section-title=\"Packaging &amp; Shipping\">\n<div id=\"ali-title-AliPostDhMb-grsmg\"><strong>Paketleme ve Nakliye<\/strong><\/div>\n<div>\n<p>\u00a0<img decoding=\"async\" src=\"https:\/\/sc02.alicdn.com\/kf\/H02a52324dc024cdcbaee8c550d0c5b3cR\/200162319\/H02a52324dc024cdcbaee8c550d0c5b3cR.png\" alt=\"pc katmanlar\u0131 levha 16mm polikarbonat petek\" width=\"630\" height=\"214.7347480106101\" data-src=\"\/\/sc02.alicdn.com\/kf\/H02a52324dc024cdcbaee8c550d0c5b3cR\/200162319\/H02a52324dc024cdcbaee8c550d0c5b3cR.png\" data-alt=\"pc layers sheet 16mm polycarbonate honeycomb\" data-width=\"630\" data- title=\"\"><img decoding=\"async\" src=\"https:\/\/sc02.alicdn.com\/kf\/Hd05fdb0988024155a7956963ea5973acD\/200162319\/Hd05fdb0988024155a7956963ea5973acD.png\" alt=\"pc katmanlar\u0131 levha 16mm polikarbonat petek\" width=\"630\" height=\"474.58885941644564\" data-src=\"\/\/sc02.alicdn.com\/kf\/Hd05fdb0988024155a7956963ea5973acD\/200162319\/Hd05fdb0988024155a7956963ea5973acD.png\" data-alt=\"pc layers sheet 16mm polycarbonate honeycomb\" data-width=\"630\" data- title=\"\"><img fetchpriority=\"high\" decoding=\"async\" src=\"https:\/\/sc01.alicdn.com\/kf\/HTB1S_lfKXXXXXbAXVXXq6xXFXXXA\/200162319\/HTB1S_lfKXXXXXbAXVXXq6xXFXXXA.jpg\" alt=\"pc katmanlar\u0131 levha 16mm polikarbonat petek\" width=\"630\" height=\"630\" data-src=\"\/\/sc01.alicdn.com\/kf\/HTB1S_lfKXXXXXbAXVXXq6xXFXXXA\/200162319\/HTB1S_lfKXXXXXbAXVXXq6xXFXXXA.jpg\" data-alt=\"pc layers sheet 16mm polycarbonate honeycomb\" data-width=\"630\" data- title=\"\"><\/p>\n<\/div>\n<\/div>","protected":false},"featured_media":16740,"parent":0,"template":"","product-catagories":[178],"product-tag":[],"class_list":["post-15263","product","type-product","status-publish","has-post-thumbnail","hentry","product-catagories-polycarbonate-hollow-sheet"],"acf":[],"_links":{"self":[{"href":"https:\/\/www.tononplastics.com\/tr\/wp-json\/wp\/v2\/product\/15263","targetHints":{"allow":["GET"]}}],"collection":[{"href":"https:\/\/www.tononplastics.com\/tr\/wp-json\/wp\/v2\/product"}],"about":[{"href":"https:\/\/www.tononplastics.com\/tr\/wp-json\/wp\/v2\/types\/product"}],"version-history":[{"count":0,"href":"https:\/\/www.tononplastics.com\/tr\/wp-json\/wp\/v2\/product\/15263\/revisions"}],"wp:featuredmedia":[{"embeddable":true,"href":"https:\/\/www.tononplastics.com\/tr\/wp-json\/wp\/v2\/media\/16740"}],"wp:attachment":[{"href":"https:\/\/www.tononplastics.com\/tr\/wp-json\/wp\/v2\/media?parent=15263"}],"wp:term":[{"taxonomy":"product-catagories","embeddable":true,"href":"https:\/\/www.tononplastics.com\/tr\/wp-json\/wp\/v2\/product-catagories?post=15263"},{"taxonomy":"product-tag","embeddable":true,"href":"https:\/\/www.tononplastics.com\/tr\/wp-json\/wp\/v2\/product-tag?post=15263"}],"curies":[{"name":"wp","href":"https:\/\/api.w.org\/{rel}","templated":true}]}}