{"id":15265,"date":"2023-08-23T21:52:58","date_gmt":"2023-08-23T13:52:58","guid":{"rendered":"https:\/\/tononplastics.com\/?post_type=product&#038;p=15265"},"modified":"2024-04-16T13:51:43","modified_gmt":"2024-04-16T05:51:43","slug":"fire-resistant-multiwall-polycarbonate-sheet-greenhouse-panel","status":"publish","type":"product","link":"https:\/\/www.tononplastics.com\/tr\/product\/fire-resistant-multiwall-polycarbonate-sheet-greenhouse-panel\/","title":{"rendered":"Yang\u0131na Dayan\u0131kl\u0131 \u00c7ok Duvarl\u0131 Polikarbonat Levha Sera Paneli"},"content":{"rendered":"<div id=\"ali-anchor-AliPostDhMb-jrxlc\" data-section=\"AliPostDhMb-jrxlc\" data-section-title=\"Product Description\">\n<div>\n<p>Polikarbonat levha kal\u0131nl\u0131\u011f\u0131:\u00a0<\/p>\n<\/div>\n<\/div>\n<p>\n1).\u00a0<strong>\u0130kiz duvarl\u0131 polikarbonat levha<\/strong>\u00a0kal\u0131nl\u0131k: 4mm, 6mm, 8mm, 10mm, 12mm, vb.<\/p>\n<p>2).\u00a0<strong>\u00dc\u00e7 duvarl\u0131 polikarbonat levha<\/strong>\u00a0kal\u0131nl\u0131k: 8mm, 10mm, 12mm, 14mm, 16mm, 18mm, 20mm, vb.<\/p>\n<p>3).\u00a0<strong>D\u00f6rt duvarl\u0131 polikarbonat levha<\/strong>\u00a0kal\u0131nl\u0131k: 6mm, 8mm, 10mm, 12mm, 16mm, 20mm, vb.<\/p>\n<p><img decoding=\"async\" src=\"https:\/\/sc01.alicdn.com\/kf\/HTB1U5VQteuSBuNjy1Xcq6AYjFXan\/200162319\/HTB1U5VQteuSBuNjy1Xcq6AYjFXan.jpg\" alt=\"yang\u0131na dayan\u0131kl\u0131 \u00e7ok duvarl\u0131 polikarbonat levha sera paneli\" width=\"630\" height=\"472.5\" data-src=\"\/\/sc01.alicdn.com\/kf\/HTB1U5VQteuSBuNjy1Xcq6AYjFXan\/200162319\/HTB1U5VQteuSBuNjy1Xcq6AYjFXan.jpg\" data-alt=\"fire resistant  multiwall polycarbonate sheet greenhouse panel\" data-width=\"630\" data- title=\"\"><\/p>\n<p>4).\u00a0<strong>Be\u015f duvarl\u0131 polikarbonat levha<\/strong>\u00a0kal\u0131nl\u0131k: 8mm, 10mm, 12mm, vb.<\/p>\n<p>5).\u00a0<strong>Alt\u0131 duvarl\u0131 polikarbonat levha<\/strong>\u00a0kal\u0131nl\u0131k: 16mm, 20mm, 25mm, vb.<\/p>\n<p>6).\u00a0<strong>X-Profil polikarbonat levha<\/strong>\u00a0kal\u0131nl\u0131k: 10mm, 12mm, 14mm, 16mm, 18mm, 20mm, vb.<\/p>\n<p>7).\u00a0<strong>Petek polikarbonat levha<\/strong>\u00a0kal\u0131nl\u0131k: 6mm, 8mm, 10mm, 12mm, vb.<\/p>\n<p>(2). Polikarbonat levha geni\u015fli\u011fi: 2100mm<\/p>\n<p>(3). Polikarbonat levha uzunlu\u011fu: S\u0131n\u0131rlama yok (20\u2032 konteyner ve 40\u2032 konteynere uymas\u0131 i\u00e7in 5800mm, 6000mm, 11800mm, 12000mm \u00f6nerilir)<\/p>\n<p>(4). Polikarbonat levhalar\u0131n rengi: \u015feffaf\/\u015feffaf, g\u00f6l mavisi, ye\u015fil, mavi, opal, beyaz, kahverengi\/bronz, g\u00fcm\u00fc\u015fi gri, k\u0131rm\u0131z\u0131, sar\u0131, vb.<\/p>\n<p><strong>2. \u00d6zellikler:<\/strong><\/p>\n<p>(1). Y\u00fcksek \u0131\u015f\u0131k ge\u00e7irgenli\u011fi: ayn\u0131 kal\u0131nl\u0131ktaki genel cam\u0131n 88%'sine kadar.<\/p>\n<p>(2). M\u00fckemmel darbe dayan\u0131m\u0131: ayn\u0131 kal\u0131nl\u0131ktaki cam\u0131n 250~300 kat\u0131, akrilik levhan\u0131n 30 kat\u0131.<\/p>\n<p>(3). Hava ko\u015fullar\u0131na ve UV \u0131\u015f\u0131nlar\u0131na dayan\u0131kl\u0131l\u0131k \u00f6zellikleri y\u0131llarca korunur: S\u0131cakl\u0131k direnci aral\u0131\u011f\u0131 -40\u00b0C ~ 120\u00b0C'dir ve levha y\u00fczeyinde ultraviyole koekstr\u00fcde film bulunur. Ultraviyolenin neden oldu\u011fu re\u00e7ine yorgunlu\u011funu veya sararmas\u0131n\u0131 \u00f6nleyebilir.<\/p>\n<p>(4). Hafiftir: ayn\u0131 kal\u0131nl\u0131ktaki cam\u0131n a\u011f\u0131rl\u0131\u011f\u0131n\u0131n sadece 1\/12'si kadard\u0131r. Termal \u015fekillendirmenin yan\u0131 s\u0131ra kolayca so\u011fuk b\u00fck\u00fclebilir.<\/p>\n<p>(5). Alev direnci: Y\u00fcksek yang\u0131n performans\u0131 derecesi B1 s\u0131n\u0131f\u0131d\u0131r.<\/p>\n<p>(6). Ses ve \u0131s\u0131 yal\u0131t\u0131m\u0131: Otoyol bariyeri i\u00e7in m\u00fckemmel ses yal\u0131t\u0131m\u0131 ve s\u00fcper \u0131s\u0131 yal\u0131t\u0131m\u0131 enerji tasarrufu sa\u011flar.<\/p>\n<p>(7). Polikarbonat kat\u0131 levha, m\u00fckemmel entegrasyon kabiliyetine sahip bir m\u00fchendislik plasti\u011fidir. Ola\u011fan\u00fcst\u00fc fiziksel, mekanik, elektrik ve \u0131s\u0131 \u00f6zelliklerine sahiptir.<\/p>\n<p><img fetchpriority=\"high\" decoding=\"async\" src=\"https:\/\/sc01.alicdn.com\/kf\/H905833aa270b428cb135157888c4d1ebN\/200162319\/H905833aa270b428cb135157888c4d1ebN.jpg\" alt=\"yang\u0131na dayan\u0131kl\u0131 \u00e7ok duvarl\u0131 polikarbonat levha sera paneli\" width=\"630\" height=\"630\" data-src=\"\/\/sc01.alicdn.com\/kf\/H905833aa270b428cb135157888c4d1ebN\/200162319\/H905833aa270b428cb135157888c4d1ebN.jpg\" data-alt=\"fire resistant  multiwall polycarbonate sheet greenhouse panel\" data-width=\"630\" data- title=\"\"><img decoding=\"async\" src=\"https:\/\/sc01.alicdn.com\/kf\/Hab9bd697ff3d43f4a68edc4263f778919\/200162319\/Hab9bd697ff3d43f4a68edc4263f778919.jpg\" alt=\"yang\u0131na dayan\u0131kl\u0131 \u00e7ok duvarl\u0131 polikarbonat levha sera paneli\" width=\"630\" height=\"630\" data-src=\"\/\/sc01.alicdn.com\/kf\/Hab9bd697ff3d43f4a68edc4263f778919\/200162319\/Hab9bd697ff3d43f4a68edc4263f778919.jpg\" data-alt=\"fire resistant  multiwall polycarbonate sheet greenhouse panel\" data-width=\"630\" data- title=\"\"><\/p>\n<p><strong>3. Uygulamalar:<br \/>\n<\/strong><br \/>\n(1). Stadyumlar ve otob\u00fcs duraklar\u0131 i\u00e7in g\u00fcne\u015flikler, vb.<\/p>\n<p>(2). I\u015f\u0131kl\u0131k, koridorlar i\u00e7in ayd\u0131nlatma, balkon, ge\u00e7itler ve metro giri\u015fleri, y\u00fcr\u00fcy\u00fc\u015f yollar\u0131.<\/p>\n<p>(3). Kendin Yap (DIY), tente, g\u00f6lgelik.<\/p>\n<p>(4). Reklam lamba kutular\u0131, i\u015faretler<\/p>\n<p>(5). Anti-isyan kalkan\u0131, kur\u015fun ge\u00e7irmez malzeme, Banka ATM'leri.<\/p>\n<p>(6). Konservatuarlar, tar\u0131msal seralar, hayvanat bah\u00e7eleri, botanik bah\u00e7eleri.<\/p>\n<p>(7). End\u00fcstriyel \u00c7at\u0131 Kaplama ve Camlama<\/p>\n<p>(8). Y\u00fczme Havuzlar\u0131 \u00e7at\u0131\/kapak\/levha<\/p>\n<p>&nbsp;<\/p>\n<p><img decoding=\"async\" src=\"https:\/\/sc02.alicdn.com\/kf\/HTB1LTKdtf1TBuNjy0Fjq6yjyXXaz\/200162319\/HTB1LTKdtf1TBuNjy0Fjq6yjyXXaz.jpg\" alt=\"yang\u0131na dayan\u0131kl\u0131 \u00e7ok duvarl\u0131 polikarbonat levha sera paneli\" width=\"630\" height=\"472.5\" data-src=\"\/\/sc02.alicdn.com\/kf\/HTB1LTKdtf1TBuNjy0Fjq6yjyXXaz\/200162319\/HTB1LTKdtf1TBuNjy0Fjq6yjyXXaz.jpg\" data-alt=\"fire resistant  multiwall polycarbonate sheet greenhouse panel\" data-width=\"630\" data- title=\"\"><\/p>\n<p>- H.S. Kodu: 39206100<\/p>\n<p>- \u00d6deme s\u00fcresi: T \/ T, L \/ C,.<\/p>\n<p>- Teslimat s\u00fcresi: 7-15 g\u00fcn<\/p>\n<p>- Minimum Sipari\u015f Miktar\u0131: 1*20\u2032 konteyner<\/p>\n<p>- Paketleme: Her iki taraf\u0131 PE koruma filmi ile kapl\u0131<\/p>\n<p>- \u00d6rnek politikas\u0131: K\u00fc\u00e7\u00fck numuneler kurye \u00fccreti tahsilat\u0131 ile sa\u011flanabilir.<\/p>\n<p>Polikarbonat levhalar, polikarbonat kaplama, polikarbonat \u00e7at\u0131 kaplama levhas\u0131, polikarbonat \u00e7at\u0131 levhas\u0131, \u00e7ok duvarl\u0131 polikarbonat levha, polikarbonat panel, polikarbonat levha, polikarbonat i\u00e7i bo\u015f levha, i\u00e7i bo\u015f polikarbonat levha, ikiz duvarl\u0131 polikarbonat levha, 2 duvarl\u0131 polikarbonat levha, \u00fc\u00e7 duvarl\u0131 polikarbonat levha, 3 duvarl\u0131 polikarbonat levha, polikarbonat g\u00fcne\u015f levhas\u0131, polikarbonat aksesuarlar \/ profiller, pc aksesuarlar\u0131 \/ profiller, pc levha, pc panel, pc pano, g\u00fcne\u015f levhas\u0131, g\u00fcne\u015f levhas\u0131, g\u00fcne\u015f paneli, g\u00fcne\u015f panosu, g\u00fcne\u015f \u0131\u015f\u0131\u011f\u0131 levhas\u0131, buzlu polikarbonat levha, kristal polikarbonat levha, buzlu \/ kristal polikarbonat i\u00e7i bo\u015f levha, yap\u0131 malzemeleri, \u00e7at\u0131 kaplama malzemeleri, polikarbonat \u0131\u015f\u0131kl\u0131k, plastik levhalar, plastik kaplama, petek polikarbonat levha, polikarbonat petek levha, alveolat polikarbonat levha, polikarbonat alveolat levha, alveolar pc levha, d\u00f6rt duvar polikarbonat levha, be\u015f duvar polikarbonat levha, alt\u0131 duvar polikarbonat levha, X-Profil polikarbonat levha, X tipi polikarbonat levha, vb.<\/p>\n<p><img decoding=\"async\" src=\"https:\/\/sc01.alicdn.com\/kf\/H276597fb63bf4e8ebb711e73f1e18dd4h\/200162319\/H276597fb63bf4e8ebb711e73f1e18dd4h.jpg\" alt=\"yang\u0131na dayan\u0131kl\u0131 \u00e7ok duvarl\u0131 polikarbonat levha sera paneli\" width=\"630\" height=\"427.0323325635104\" data-src=\"\/\/sc01.alicdn.com\/kf\/H276597fb63bf4e8ebb711e73f1e18dd4h\/200162319\/H276597fb63bf4e8ebb711e73f1e18dd4h.jpg\" data-alt=\"fire resistant  multiwall polycarbonate sheet greenhouse panel\" data-width=\"630\" data- title=\"\"><\/p>\n<div id=\"ali-anchor-AliPostDhMb-b6lc3\" data-section=\"AliPostDhMb-b6lc3\" data-section-title=\"Packaging &amp; Shipping\">\n<div id=\"ali-title-AliPostDhMb-b6lc3\">Paketleme ve Nakliye<\/div>\n<div>\n<p>\u00a0<img decoding=\"async\" src=\"https:\/\/sc02.alicdn.com\/kf\/Hd05fdb0988024155a7956963ea5973acD\/200162319\/Hd05fdb0988024155a7956963ea5973acD.png\" alt=\"yang\u0131na dayan\u0131kl\u0131 \u00e7ok duvarl\u0131 polikarbonat levha sera paneli\" width=\"630\" height=\"474.58885941644564\" data-src=\"\/\/sc02.alicdn.com\/kf\/Hd05fdb0988024155a7956963ea5973acD\/200162319\/Hd05fdb0988024155a7956963ea5973acD.png\" data-alt=\"fire resistant  multiwall polycarbonate sheet greenhouse panel\" data-width=\"630\" data- title=\"\"><img decoding=\"async\" src=\"https:\/\/sc02.alicdn.com\/kf\/H02a52324dc024cdcbaee8c550d0c5b3cR\/200162319\/H02a52324dc024cdcbaee8c550d0c5b3cR.png\" alt=\"yang\u0131na dayan\u0131kl\u0131 \u00e7ok duvarl\u0131 polikarbonat levha sera paneli\" width=\"630\" height=\"214.7347480106101\" data-src=\"\/\/sc02.alicdn.com\/kf\/H02a52324dc024cdcbaee8c550d0c5b3cR\/200162319\/H02a52324dc024cdcbaee8c550d0c5b3cR.png\" data-alt=\"fire resistant  multiwall polycarbonate sheet greenhouse panel\" data-width=\"630\" data- title=\"\"><img decoding=\"async\" src=\"https:\/\/sc01.alicdn.com\/kf\/HTB1ggLnJVXXXXcYXVXXq6xXFXXXP\/200162319\/HTB1ggLnJVXXXXcYXVXXq6xXFXXXP.jpg\" alt=\"yang\u0131na dayan\u0131kl\u0131 \u00e7ok duvarl\u0131 polikarbonat levha sera paneli\" width=\"630\" height=\"635.88\" data-src=\"\/\/sc01.alicdn.com\/kf\/HTB1ggLnJVXXXXcYXVXXq6xXFXXXP\/200162319\/HTB1ggLnJVXXXXcYXVXXq6xXFXXXP.jpg\" data-alt=\"fire resistant  multiwall polycarbonate sheet greenhouse panel\" data-width=\"630\" data- title=\"\"><\/p>\n<\/div>\n<\/div>","protected":false},"featured_media":16767,"parent":0,"template":"","product-catagories":[178],"product-tag":[],"class_list":["post-15265","product","type-product","status-publish","has-post-thumbnail","hentry","product-catagories-polycarbonate-hollow-sheet"],"acf":[],"_links":{"self":[{"href":"https:\/\/www.tononplastics.com\/tr\/wp-json\/wp\/v2\/product\/15265","targetHints":{"allow":["GET"]}}],"collection":[{"href":"https:\/\/www.tononplastics.com\/tr\/wp-json\/wp\/v2\/product"}],"about":[{"href":"https:\/\/www.tononplastics.com\/tr\/wp-json\/wp\/v2\/types\/product"}],"version-history":[{"count":0,"href":"https:\/\/www.tononplastics.com\/tr\/wp-json\/wp\/v2\/product\/15265\/revisions"}],"wp:featuredmedia":[{"embeddable":true,"href":"https:\/\/www.tononplastics.com\/tr\/wp-json\/wp\/v2\/media\/16767"}],"wp:attachment":[{"href":"https:\/\/www.tononplastics.com\/tr\/wp-json\/wp\/v2\/media?parent=15265"}],"wp:term":[{"taxonomy":"product-catagories","embeddable":true,"href":"https:\/\/www.tononplastics.com\/tr\/wp-json\/wp\/v2\/product-catagories?post=15265"},{"taxonomy":"product-tag","embeddable":true,"href":"https:\/\/www.tononplastics.com\/tr\/wp-json\/wp\/v2\/product-tag?post=15265"}],"curies":[{"name":"wp","href":"https:\/\/api.w.org\/{rel}","templated":true}]}}