{"id":15273,"date":"2023-08-23T22:02:19","date_gmt":"2023-08-23T14:02:19","guid":{"rendered":"https:\/\/tononplastics.com\/?post_type=product&#038;p=15273"},"modified":"2024-04-16T13:47:06","modified_gmt":"2024-04-16T05:47:06","slug":"colored-polycarbonate-sheet-polycarbonate-board-polycarbonate-panel-pc-honeycomb-hollow-sheet","status":"publish","type":"product","link":"https:\/\/www.tononplastics.com\/tr\/product\/colored-polycarbonate-sheet-polycarbonate-board-polycarbonate-panel-pc-honeycomb-hollow-sheet\/","title":{"rendered":"Renkli polikarbonat levha polikarbonat levha polikarbonat panel PC petek i\u00e7i bo\u015f levha"},"content":{"rendered":"<p><strong data-spm-anchor-id=\"a2700.details.0.i17.23857948PzPSiz\">TEKNI\u0307K BI\u0307LGI\u0307LER<\/strong><\/p>\n<table class=\"aliDataTable\" border=\"1\" cellspacing=\"0\" cellpadding=\"0\">\n<tbody>\n<tr>\n<td>\n<p align=\"center\"><strong>\u00d6zellikler<\/strong><\/p>\n<\/td>\n<td>\n<p align=\"center\"><strong>Birim<\/strong><\/p>\n<\/td>\n<td>\n<p align=\"center\"><strong>PC ikiz duvarl\u0131 i\u00e7i bo\u015f levha verileri<\/strong><\/p>\n<\/td>\n<\/tr>\n<tr>\n<td>\n<p align=\"center\">I\u015f\u0131k iletimi<\/p>\n<\/td>\n<td>\n<p align=\"center\">%<\/p>\n<\/td>\n<td>\n<p align=\"center\">40\u00a0 ~\u00a0 82<\/p>\n<\/td>\n<\/tr>\n<tr>\n<td>\n<p align=\"center\">Darbe dayan\u0131m\u0131<\/p>\n<\/td>\n<td>\n<p align=\"center\">J\/m<\/p>\n<\/td>\n<td>\n<p align=\"center\">2.1\u00a0 ~\u00a0 2.3<\/p>\n<\/td>\n<\/tr>\n<tr>\n<td>\n<p align=\"center\">Termal genle\u015fme katsay\u0131s\u0131<\/p>\n<\/td>\n<td>\n<p align=\"center\">mm\/m \u00b0C<\/p>\n<\/td>\n<td>\n<p align=\"center\">0.065<\/p>\n<\/td>\n<\/tr>\n<tr>\n<td>\n<p align=\"center\">Is\u0131 iletkenli\u011fi<\/p>\n<\/td>\n<td>\n<p align=\"center\">W\/m2 \u00b0C<\/p>\n<\/td>\n<td>\n<p align=\"center\">3.0 ~ 3.9<\/p>\n<\/td>\n<\/tr>\n<tr>\n<td>\n<p align=\"center\">Servis s\u0131cakl\u0131\u011f\u0131<\/p>\n<\/td>\n<td>\n<p align=\"center\">\u00b0C<\/p>\n<\/td>\n<td>\n<p align=\"center\">-40\u00b0C~+120\u00b0C<\/p>\n<\/td>\n<\/tr>\n<tr>\n<td>\n<p align=\"center\">\u00c7ekme mukavemeti<\/p>\n<\/td>\n<td>\n<p align=\"center\">n\/mm2<\/p>\n<\/td>\n<td>\n<p align=\"center\">\u226560<\/p>\n<\/td>\n<\/tr>\n<tr>\n<td>\n<p align=\"center\">B\u00fck\u00fclme mukavemeti<\/p>\n<\/td>\n<td>\n<p align=\"center\">n\/mm2<\/p>\n<\/td>\n<td>\n<p align=\"center\">100<\/p>\n<\/td>\n<\/tr>\n<tr>\n<td>\n<p align=\"center\">B\u00fck\u00fclme elastik mod\u00fcl\u00fc<\/p>\n<\/td>\n<td>\n<p align=\"center\">mpa<\/p>\n<\/td>\n<td>\n<p align=\"center\">2400<\/p>\n<\/td>\n<\/tr>\n<tr>\n<td>\n<p align=\"center\">Kopma an\u0131ndaki \u00e7ekme gerilimi<\/p>\n<\/td>\n<td>\n<p align=\"center\">mpa<\/p>\n<\/td>\n<td>\n<p align=\"center\">\u226565<\/p>\n<\/td>\n<\/tr>\n<tr>\n<td>\n<p align=\"center\">Kopma uzamas\u0131<\/p>\n<\/td>\n<td>\n<p align=\"center\">%<\/p>\n<\/td>\n<td>\n<p align=\"center\">\u2265100<\/p>\n<\/td>\n<\/tr>\n<tr>\n<td>\n<p align=\"center\">Ses yal\u0131t\u0131m etkisi<\/p>\n<\/td>\n<td>\n<p align=\"center\">db<\/p>\n<\/td>\n<td>\n<p align=\"center\">10 mm kal\u0131nl\u0131\u011f\u0131nda levha i\u00e7in 20 desibel d\u00fc\u015f\u00fc\u015f<\/p>\n<\/td>\n<\/tr>\n<\/tbody>\n<\/table>\n<p>Plastik Petek Levhaplastik petek levhaplastik petek levhaplastik petek levhaplastik petek levhaplastik petek levhaplastik petek levhaplastik petek levhaplastik petek levhaplastik petek levhaplastik petek levha<\/p>\n<p><img fetchpriority=\"high\" decoding=\"async\" src=\"https:\/\/sc02.alicdn.com\/kf\/HTB1xkjAJVXXXXbFXFXXq6xXFXXXw\/200162319\/HTB1xkjAJVXXXXbFXFXXq6xXFXXXw.jpg\" alt=\"renkli polikarbonat levha polikarbonat levha polikarbonat panel PC petek i\u00e7i bo\u015f levha\" width=\"746\" height=\"406\" data-src=\"\/\/sc02.alicdn.com\/kf\/HTB1xkjAJVXXXXbFXFXXq6xXFXXXw\/200162319\/HTB1xkjAJVXXXXbFXFXXq6xXFXXXw.jpg\" data-alt=\"colored polycarbonate sheet polycarbonate board polycarbonate panel PC honeycomb hollow sheet\" data-width=\"746\" data-height=\"406\" data- title=\"\"><\/p>\n<p><img decoding=\"async\" src=\"https:\/\/sc02.alicdn.com\/kf\/HTB1s0TJJVXXXXcpXpXXq6xXFXXXo\/200162319\/HTB1s0TJJVXXXXcpXpXXq6xXFXXXo.jpg\" alt=\"renkli polikarbonat levha polikarbonat levha polikarbonat panel PC petek i\u00e7i bo\u015f levha\" width=\"750\" height=\"457.3412698412699\" data-src=\"\/\/sc02.alicdn.com\/kf\/HTB1s0TJJVXXXXcpXpXXq6xXFXXXo\/200162319\/HTB1s0TJJVXXXXcpXpXXq6xXFXXXo.jpg\" data-alt=\"colored polycarbonate sheet polycarbonate board polycarbonate panel PC honeycomb hollow sheet\" data- title=\"\"><\/p>\n<p><strong>Poject davas\u0131:<\/strong><\/p>\n<p><img decoding=\"async\" src=\"https:\/\/sc01.alicdn.com\/kf\/HTB1VgAYJVXXXXa5aXXXq6xXFXXXW\/200162319\/HTB1VgAYJVXXXXa5aXXXq6xXFXXXW.jpg\" alt=\"renkli polikarbonat levha polikarbonat levha polikarbonat panel PC petek i\u00e7i bo\u015f levha\" width=\"750\" height=\"243\" data-src=\"\/\/sc01.alicdn.com\/kf\/HTB1VgAYJVXXXXa5aXXXq6xXFXXXW\/200162319\/HTB1VgAYJVXXXXa5aXXXq6xXFXXXW.jpg\" data-alt=\"colored polycarbonate sheet polycarbonate board polycarbonate panel PC honeycomb hollow sheet\" data-width=\"750\" data- title=\"\"><\/p>\n<div id=\"ali-anchor-AliPostDhMb-im900\" data-section-title=\"Packaging &amp; Shipping\" data-section=\"AliPostDhMb-im900\">\n<div id=\"ali-title-AliPostDhMb-im900\">Paketleme ve Nakliye<\/div>\n<div>\n<p>\u00a0<img decoding=\"async\" src=\"https:\/\/sc01.alicdn.com\/kf\/HTB1rhRWKXXXXXXFXFXXq6xXFXXXf\/200162319\/HTB1rhRWKXXXXXXFXFXXq6xXFXXXf.jpg\" alt=\"renkli polikarbonat levha polikarbonat levha polikarbonat panel PC petek i\u00e7i bo\u015f levha\" width=\"750\" height=\"750\" data-src=\"\/\/sc01.alicdn.com\/kf\/HTB1rhRWKXXXXXXFXFXXq6xXFXXXf\/200162319\/HTB1rhRWKXXXXXXFXFXXq6xXFXXXf.jpg\" data-alt=\"colored polycarbonate sheet polycarbonate board polycarbonate panel PC honeycomb hollow sheet\" data- title=\"\"><\/p>\n<\/div>\n<\/div>\n<div id=\"ali-anchor-AliPostDhMb-oqjp4\" data-section-title=\"Company Information\" data-section=\"AliPostDhMb-oqjp4\">\n<p><strong>Di\u011fer PC levha \u00fcr\u00fcn\u00fc:<\/strong><\/p>\n<p><strong><img loading=\"lazy\" decoding=\"async\" src=\"https:\/\/sc01.alicdn.com\/kf\/HTB1eDLCJVXXXXaMXFXXq6xXFXXXf\/200162319\/HTB1eDLCJVXXXXaMXFXXq6xXFXXXf.jpg\" alt=\"renkli polikarbonat levha polikarbonat levha polikarbonat panel PC petek i\u00e7i bo\u015f levha\" width=\"750\" height=\"375\" data-src=\"\/\/sc01.alicdn.com\/kf\/HTB1eDLCJVXXXXaMXFXXq6xXFXXXf\/200162319\/HTB1eDLCJVXXXXaMXFXXq6xXFXXXf.jpg\" data-alt=\"colored polycarbonate sheet polycarbonate board polycarbonate panel PC honeycomb hollow sheet\" data- title=\"\"><\/strong><\/p>\n<\/div>","protected":false},"featured_media":16766,"parent":0,"template":"","product-catagories":[178],"product-tag":[],"class_list":["post-15273","product","type-product","status-publish","has-post-thumbnail","hentry","product-catagories-polycarbonate-hollow-sheet"],"acf":[],"_links":{"self":[{"href":"https:\/\/www.tononplastics.com\/tr\/wp-json\/wp\/v2\/product\/15273","targetHints":{"allow":["GET"]}}],"collection":[{"href":"https:\/\/www.tononplastics.com\/tr\/wp-json\/wp\/v2\/product"}],"about":[{"href":"https:\/\/www.tononplastics.com\/tr\/wp-json\/wp\/v2\/types\/product"}],"version-history":[{"count":0,"href":"https:\/\/www.tononplastics.com\/tr\/wp-json\/wp\/v2\/product\/15273\/revisions"}],"wp:featuredmedia":[{"embeddable":true,"href":"https:\/\/www.tononplastics.com\/tr\/wp-json\/wp\/v2\/media\/16766"}],"wp:attachment":[{"href":"https:\/\/www.tononplastics.com\/tr\/wp-json\/wp\/v2\/media?parent=15273"}],"wp:term":[{"taxonomy":"product-catagories","embeddable":true,"href":"https:\/\/www.tononplastics.com\/tr\/wp-json\/wp\/v2\/product-catagories?post=15273"},{"taxonomy":"product-tag","embeddable":true,"href":"https:\/\/www.tononplastics.com\/tr\/wp-json\/wp\/v2\/product-tag?post=15273"}],"curies":[{"name":"wp","href":"https:\/\/api.w.org\/{rel}","templated":true}]}}