{"id":15277,"date":"2023-08-23T22:03:58","date_gmt":"2023-08-23T14:03:58","guid":{"rendered":"https:\/\/tononplastics.com\/?post_type=product&#038;p=15277"},"modified":"2024-04-16T13:41:58","modified_gmt":"2024-04-16T05:41:58","slug":"poly-carbonate-roofing-clear-plastic-craft-twin-wall-polycarbonate-hollow-sheet","status":"publish","type":"product","link":"https:\/\/www.tononplastics.com\/tr\/product\/poly-carbonate-roofing-clear-plastic-craft-twin-wall-polycarbonate-hollow-sheet\/","title":{"rendered":"Poli karbonat \u00e7at\u0131 kaplama \u015feffaf plastik zanaat ikiz duvar polikarbonat i\u00e7i bo\u015f levha"},"content":{"rendered":"<p><span data-spm-anchor-id=\"a2700.details.0.i27.61bc5d17x3Rcyr\">Poli karbonat \u00e7at\u0131 kaplama \u015feffaf plastik zanaat ikiz duvar polikarbonat i\u00e7i bo\u015f levha<\/span><\/p>\n<table border=\"1\">\n<tbody>\n<tr>\n<td>\u00a0\u00dcr\u00fcn Ad\u0131<\/td>\n<td>\u00a0\u0130\u00e7i Bo\u015f Polikarbonat Levha<\/td>\n<\/tr>\n<tr>\n<td>\u00a0Men\u015fe Yeri<\/td>\n<td>\u00a0Foshan City, Guangdong, \u00c7in<\/td>\n<\/tr>\n<tr>\n<td>\u00a0Malzeme<\/td>\n<td>\u00a0100% Virgin Polikarbonat Malzeme<\/td>\n<\/tr>\n<tr>\n<td>\u00a0Renkler<\/td>\n<td>\u00a0\u015eeffaf, Bronz, Mavi, Ye\u015fil, Opal, Gri veya \u00f6zelle\u015ftirilmi\u015f<\/td>\n<\/tr>\n<tr>\n<td>\u00a0Kal\u0131nl\u0131k<\/td>\n<td>\u00a03-20mm<\/td>\n<\/tr>\n<tr>\n<td>\u00a0Geni\u015flik<\/td>\n<td>\u00a02.1m, 1.22m veya \u00f6zelle\u015ftirilmi\u015f<\/td>\n<\/tr>\n<tr>\n<td>\u00a0Y\u00fczey<\/td>\n<td>\u00a050 mikron UV korumal\u0131, Is\u0131ya dayan\u0131kl\u0131<\/td>\n<\/tr>\n<tr>\n<td>Geciktirici standart<\/td>\n<td>\u00a0B1 S\u0131n\u0131f\u0131 (GB Standard\u0131)<\/td>\n<\/tr>\n<tr>\n<td>Paketleme<\/td>\n<td>\u00a0Her iki taraf\u0131 PE filmli, PE film \u00fczerinde logo. \u00f6zelle\u015ftirilmi\u015f paket de mevcuttur.<\/td>\n<\/tr>\n<tr>\n<td>Teslimat<\/td>\n<td>\u00a0Depozitoyu ald\u0131ktan sonra 7-10 g\u00fcn i\u00e7inde<\/td>\n<\/tr>\n<\/tbody>\n<\/table>\n<p><img fetchpriority=\"high\" decoding=\"async\" src=\"https:\/\/sc04.alicdn.com\/kf\/Hf568a00564ff4febb2489ff33e1ef8e1R\/200162319\/Hf568a00564ff4febb2489ff33e1ef8e1R.png\" alt=\"Poli karbonat \u00e7at\u0131 kaplama \u015feffaf plastik zanaat ikiz duvar polikarbonat i\u00e7i bo\u015f levha\" width=\"619\" height=\"466\" data-src=\"\/\/sc04.alicdn.com\/kf\/Hf568a00564ff4febb2489ff33e1ef8e1R\/200162319\/Hf568a00564ff4febb2489ff33e1ef8e1R.png\" data-alt=\"Poly carbonate roofing clear plastic craft twin wall polycarbonate hollow sheet\" data-width=\"619\" data-height=\"466\" data- title=\"\"><\/p>\n<div id=\"ali-anchor-AliPostDhMb-ig9ka\" class=\"mceSectionContainer\" data-section=\"AliPostDhMb-ig9ka\" data-section-title=\"Product Description\">\n<div id=\"ali-title-AliPostDhMb-ig9ka\"><strong>\u00dcr\u00fcn A\u00e7\u0131klamas\u0131<\/strong><\/div>\n<div>\n<p>(1) \u0131\u015f\u0131k ge\u00e7irgenli\u011fi iyi kalite: \u015feffaf PC kart\u0131 \u00f6forik oran\u0131 88%'ye kadar \u00e7\u0131kabilir<\/p>\n<p>(2) darbeye dayan\u0131kl\u0131: darbe mukavemeti yayg\u0131n cam 250-300 kat, ayn\u0131 kal\u0131nl\u0131kta akrilik levha 30 kat, 3 kg \u00e7eki\u00e7 kullan\u0131n a\u015fa\u011f\u0131daki iki metre d\u00fc\u015f\u00fc\u015f de yar\u0131k yok.<\/p>\n<\/div>\n<\/div>\n<p>(3) ultraviyole \u00f6nleme: \u00fcr\u00fcn y\u00fczeyi uv ko-ekstr\u00fczyon katman\u0131na sahiptir, ultraviyole \u0131\u015f\u0131n\u0131n\u0131 engelleyebilir ve de\u011ferli sanat eserlerini ve sergileri korumak i\u00e7in uygundur, uv hasar\u0131ndan korur.<\/p>\n<p><img decoding=\"async\" src=\"https:\/\/sc04.alicdn.com\/kf\/Hee35153016fb4f64a8abd2cf77d8280dQ\/200162319\/Hee35153016fb4f64a8abd2cf77d8280dQ.jpg\" alt=\"Poli karbonat \u00e7at\u0131 kaplama \u015feffaf plastik zanaat ikiz duvar polikarbonat i\u00e7i bo\u015f levha\" width=\"630\" height=\"404.88\" data-src=\"\/\/sc04.alicdn.com\/kf\/Hee35153016fb4f64a8abd2cf77d8280dQ\/200162319\/Hee35153016fb4f64a8abd2cf77d8280dQ.jpg\" data-alt=\"Poly carbonate roofing clear plastic craft twin wall polycarbonate hollow sheet\" data-width=\"630\" data- title=\"\"><img decoding=\"async\" src=\"https:\/\/sc04.alicdn.com\/kf\/H3e961f45ef114d249ad9c4b4127c550c9\/200162319\/H3e961f45ef114d249ad9c4b4127c550c9.png\" alt=\"Poli karbonat \u00e7at\u0131 kaplama \u015feffaf plastik zanaat ikiz duvar polikarbonat i\u00e7i bo\u015f levha\" width=\"630\" height=\"357.3333333333333\" data-src=\"\/\/sc04.alicdn.com\/kf\/H3e961f45ef114d249ad9c4b4127c550c9\/200162319\/H3e961f45ef114d249ad9c4b4127c550c9.png\" data-alt=\"Poly carbonate roofing clear plastic craft twin wall polycarbonate hollow sheet\" data-width=\"630\" data- title=\"\"><img decoding=\"async\" src=\"https:\/\/sc04.alicdn.com\/kf\/H714a5c6dbda442bcbd7bce1a68b14647J\/200162319\/H714a5c6dbda442bcbd7bce1a68b14647J.jpg\" alt=\"Poli karbonat \u00e7at\u0131 kaplama \u015feffaf plastik zanaat ikiz duvar polikarbonat i\u00e7i bo\u015f levha\" width=\"630\" height=\"840\" data-src=\"\/\/sc04.alicdn.com\/kf\/H714a5c6dbda442bcbd7bce1a68b14647J\/200162319\/H714a5c6dbda442bcbd7bce1a68b14647J.jpg\" data-alt=\"Poly carbonate roofing clear plastic craft twin wall polycarbonate hollow sheet\" data-width=\"630\" data- title=\"\"><\/p>\n<p><strong>Teknik \u00f6zellikler:<\/strong><\/p>\n<p>1, darbe dayan\u0131m\u0131: 850 J\/m<\/p>\n<p>2, \u00f6fotik oran: 90%<\/p>\n<p>3, gerilme mukavemeti: &gt; 60 N\/was<\/p>\n<p>4, e\u011filme dayan\u0131m\u0131: 100 N\/was<\/p>\n<p><img decoding=\"async\" src=\"https:\/\/sc01.alicdn.com\/kf\/H74247c1d61554ba2a775e9ce59244207e\/200162319\/H74247c1d61554ba2a775e9ce59244207e.jpg\" alt=\"Poli karbonat \u00e7at\u0131 kaplama \u015feffaf plastik zanaat ikiz duvar polikarbonat i\u00e7i bo\u015f levha\" width=\"630\" height=\"450\" data-src=\"\/\/sc01.alicdn.com\/kf\/H74247c1d61554ba2a775e9ce59244207e\/200162319\/H74247c1d61554ba2a775e9ce59244207e.jpg\" data-alt=\"Poly carbonate roofing clear plastic craft twin wall polycarbonate hollow sheet\" data-width=\"630\" data-height=\"450\" data- title=\"\"><img loading=\"lazy\" decoding=\"async\" src=\"https:\/\/sc02.alicdn.com\/kf\/H02a52324dc024cdcbaee8c550d0c5b3cR\/200162319\/H02a52324dc024cdcbaee8c550d0c5b3cR.png\" alt=\"Poli karbonat \u00e7at\u0131 kaplama \u015feffaf plastik zanaat ikiz duvar polikarbonat i\u00e7i bo\u015f levha\" width=\"630\" height=\"450\" data-src=\"\/\/sc02.alicdn.com\/kf\/H02a52324dc024cdcbaee8c550d0c5b3cR\/200162319\/H02a52324dc024cdcbaee8c550d0c5b3cR.png\" data-alt=\"Poly carbonate roofing clear plastic craft twin wall polycarbonate hollow sheet\" data-width=\"630\" data-height=\"450\" data- title=\"\"><img loading=\"lazy\" decoding=\"async\" src=\"https:\/\/sc02.alicdn.com\/kf\/Hd05fdb0988024155a7956963ea5973acD\/200162319\/Hd05fdb0988024155a7956963ea5973acD.png\" alt=\"Poli karbonat \u00e7at\u0131 kaplama \u015feffaf plastik zanaat ikiz duvar polikarbonat i\u00e7i bo\u015f levha\" width=\"630\" height=\"450\" data-src=\"\/\/sc02.alicdn.com\/kf\/Hd05fdb0988024155a7956963ea5973acD\/200162319\/Hd05fdb0988024155a7956963ea5973acD.png\" data-alt=\"Poly carbonate roofing clear plastic craft twin wall polycarbonate hollow sheet\" data-width=\"630\" data-height=\"450\" data- title=\"\"><\/p>","protected":false},"featured_media":16770,"parent":0,"template":"","product-catagories":[178],"product-tag":[],"class_list":["post-15277","product","type-product","status-publish","has-post-thumbnail","hentry","product-catagories-polycarbonate-hollow-sheet"],"acf":[],"_links":{"self":[{"href":"https:\/\/www.tononplastics.com\/tr\/wp-json\/wp\/v2\/product\/15277","targetHints":{"allow":["GET"]}}],"collection":[{"href":"https:\/\/www.tononplastics.com\/tr\/wp-json\/wp\/v2\/product"}],"about":[{"href":"https:\/\/www.tononplastics.com\/tr\/wp-json\/wp\/v2\/types\/product"}],"version-history":[{"count":0,"href":"https:\/\/www.tononplastics.com\/tr\/wp-json\/wp\/v2\/product\/15277\/revisions"}],"wp:featuredmedia":[{"embeddable":true,"href":"https:\/\/www.tononplastics.com\/tr\/wp-json\/wp\/v2\/media\/16770"}],"wp:attachment":[{"href":"https:\/\/www.tononplastics.com\/tr\/wp-json\/wp\/v2\/media?parent=15277"}],"wp:term":[{"taxonomy":"product-catagories","embeddable":true,"href":"https:\/\/www.tononplastics.com\/tr\/wp-json\/wp\/v2\/product-catagories?post=15277"},{"taxonomy":"product-tag","embeddable":true,"href":"https:\/\/www.tononplastics.com\/tr\/wp-json\/wp\/v2\/product-tag?post=15277"}],"curies":[{"name":"wp","href":"https:\/\/api.w.org\/{rel}","templated":true}]}}