{"id":15293,"date":"2023-08-23T22:38:44","date_gmt":"2023-08-23T14:38:44","guid":{"rendered":"https:\/\/tononplastics.com\/?post_type=product&#038;p=15293"},"modified":"2024-03-25T12:20:07","modified_gmt":"2024-03-25T04:20:07","slug":"polycarbonate-sheetsolidhollowembossed-sheet-polycarbonate-solid-sheethollow-sheet","status":"publish","type":"product","link":"https:\/\/www.tononplastics.com\/tr\/product\/polycarbonate-sheetsolidhollowembossed-sheet-polycarbonate-solid-sheethollow-sheet\/","title":{"rendered":"Polikarbonat levha ve kat\u0131, i\u00e7i bo\u015f, kabartmal\u0131 levha polikarbonat kat\u0131 levha ve i\u00e7i bo\u015f levha"},"content":{"rendered":"<p><strong>\u00dcr\u00fcn A\u00e7\u0131klamas\u0131:<\/strong><\/p>\n<p><img fetchpriority=\"high\" decoding=\"async\" src=\"https:\/\/sc02.alicdn.com\/kf\/H5c16f39266364408a0b436a4a956b53c4\/200162319\/H5c16f39266364408a0b436a4a956b53c4.jpg\" alt=\"polikarbonat levha ve kat\u0131, i\u00e7i bo\u015f, kabartmal\u0131 levha polikarbonat kat\u0131 levha ve i\u00e7i bo\u015f levha\" width=\"600\" height=\"338\" data-src=\"\/\/sc02.alicdn.com\/kf\/H5c16f39266364408a0b436a4a956b53c4\/200162319\/H5c16f39266364408a0b436a4a956b53c4.jpg\" data-alt=\"polycarbonate sheet&amp;solid,hollow,embossed sheet polycarbonate solid sheet&amp;hollow sheet\" data- title=\"\"><\/p>\n<p><strong>I\u015f\u0131k \u0130letimi<\/strong><br \/>\nI\u015f\u0131k ge\u00e7irgenli\u011fi renk ve kal\u0131nl\u0131\u011fa ba\u011fl\u0131 olarak 12%-82%'ye ula\u015f\u0131r.<\/p>\n<p><strong>UV korumas\u0131<\/strong><br \/>\nTescilli anti-UV kaplamaya atfedilen Polikarbonat \u0131\u015f\u0131kl\u0131k, maruz kald\u0131ktan sonra m\u00fckemmel mekanik ve optik performans\u0131n\u0131 korur.<\/p>\n<p><strong>Hava Durumu Yetene\u011fi<\/strong><br \/>\n40\u00b0C-120\u00b0C aras\u0131ndaki geni\u015f s\u0131cakl\u0131k aral\u0131\u011f\u0131nda m\u00fckemmel performans\u0131 koruyan s\u00fcper hava ko\u015fullar\u0131na dayan\u0131kl\u0131d\u0131r.<br \/>\n<strong>Yang\u0131n geciktirici :<\/strong>UL Yan\u0131c\u0131l\u0131k 94 V-2<\/p>\n<p><strong>Kolay Kurulum<\/strong><br \/>\nKurulumu kolayd\u0131r ve so\u011fuk b\u00fck\u00fclebilir<\/p>\n<p><strong>Darbe Dayan\u0131m\u0131<\/strong><br \/>\nS\u0131radan cam\u0131n 250-300 kat\u0131 ve ayn\u0131 kal\u0131nl\u0131ktaki akrilik panellerin 30 kat\u0131 darbe dayan\u0131m\u0131, 3 kg \u00e7eki\u00e7 alt\u0131nda iki metre d\u00fc\u015fen sertle\u015ftirilmi\u015f cam\u0131n 2-20 kat\u0131d\u0131r, \u00e7atlak yok, k\u0131r\u0131k yok.<\/p>\n<p><strong>Malzeme: Bayer<\/strong><\/p>\n<p><strong><img decoding=\"async\" src=\"https:\/\/sc01.alicdn.com\/kf\/Hc911a44222a84dcfab182be0eea74f8ak\/200162319\/Hc911a44222a84dcfab182be0eea74f8ak.png\" alt=\"polikarbonat levha ve kat\u0131, i\u00e7i bo\u015f, kabartmal\u0131 levha polikarbonat kat\u0131 levha ve i\u00e7i bo\u015f levha\" width=\"621\" height=\"481\" data-src=\"\/\/sc01.alicdn.com\/kf\/Hc911a44222a84dcfab182be0eea74f8ak\/200162319\/Hc911a44222a84dcfab182be0eea74f8ak.png\" data-alt=\"polycarbonate sheet&amp;solid,hollow,embossed sheet polycarbonate solid sheet&amp;hollow sheet\" data-width=\"621\" data-height=\"481\" data- title=\"\"><\/strong><\/p>\n<p><img decoding=\"async\" src=\"https:\/\/sc01.alicdn.com\/kf\/H22e7e36f49ec46efbf271e3bab23931eM\/200162319\/H22e7e36f49ec46efbf271e3bab23931eM.png\" alt=\"polikarbonat levha ve kat\u0131, i\u00e7i bo\u015f, kabartmal\u0131 levha polikarbonat kat\u0131 levha ve i\u00e7i bo\u015f levha\" width=\"621\" height=\"380\" data-src=\"\/\/sc01.alicdn.com\/kf\/H22e7e36f49ec46efbf271e3bab23931eM\/200162319\/H22e7e36f49ec46efbf271e3bab23931eM.png\" data-alt=\"polycarbonate sheet&amp;solid,hollow,embossed sheet polycarbonate solid sheet&amp;hollow sheet\" data- title=\"\"><\/p>\n<p><img loading=\"lazy\" decoding=\"async\" src=\"https:\/\/sc01.alicdn.com\/kf\/Ha83aa9b0806f4be8a6c90e9f8bb408d92\/200162319\/Ha83aa9b0806f4be8a6c90e9f8bb408d92.png\" alt=\"polikarbonat levha ve kat\u0131, i\u00e7i bo\u015f, kabartmal\u0131 levha polikarbonat kat\u0131 levha ve i\u00e7i bo\u015f levha\" width=\"630\" height=\"630\" data-src=\"\/\/sc01.alicdn.com\/kf\/Ha83aa9b0806f4be8a6c90e9f8bb408d92\/200162319\/Ha83aa9b0806f4be8a6c90e9f8bb408d92.png\" data-alt=\"polycarbonate sheet&amp;solid,hollow,embossed sheet polycarbonate solid sheet&amp;hollow sheet\" data-width=\"630\" data- title=\"\"><img decoding=\"async\" src=\"https:\/\/sc01.alicdn.com\/kf\/H32573bcb715d41cf947325c6557a5675j\/200162319\/H32573bcb715d41cf947325c6557a5675j.png\" alt=\"polikarbonat levha ve kat\u0131, i\u00e7i bo\u015f, kabartmal\u0131 levha polikarbonat kat\u0131 levha ve i\u00e7i bo\u015f levha\" width=\"630\" height=\"623.0110935023772\" data-src=\"\/\/sc01.alicdn.com\/kf\/H32573bcb715d41cf947325c6557a5675j\/200162319\/H32573bcb715d41cf947325c6557a5675j.png\" data-alt=\"polycarbonate sheet&amp;solid,hollow,embossed sheet polycarbonate solid sheet&amp;hollow sheet\" data-width=\"630\" data- title=\"\"><\/p>","protected":false},"featured_media":0,"parent":0,"template":"","product-catagories":[177],"product-tag":[],"class_list":["post-15293","product","type-product","status-publish","hentry","product-catagories-polycarbonate-solid-sheet"],"acf":[],"_links":{"self":[{"href":"https:\/\/www.tononplastics.com\/tr\/wp-json\/wp\/v2\/product\/15293","targetHints":{"allow":["GET"]}}],"collection":[{"href":"https:\/\/www.tononplastics.com\/tr\/wp-json\/wp\/v2\/product"}],"about":[{"href":"https:\/\/www.tononplastics.com\/tr\/wp-json\/wp\/v2\/types\/product"}],"version-history":[{"count":0,"href":"https:\/\/www.tononplastics.com\/tr\/wp-json\/wp\/v2\/product\/15293\/revisions"}],"wp:attachment":[{"href":"https:\/\/www.tononplastics.com\/tr\/wp-json\/wp\/v2\/media?parent=15293"}],"wp:term":[{"taxonomy":"product-catagories","embeddable":true,"href":"https:\/\/www.tononplastics.com\/tr\/wp-json\/wp\/v2\/product-catagories?post=15293"},{"taxonomy":"product-tag","embeddable":true,"href":"https:\/\/www.tononplastics.com\/tr\/wp-json\/wp\/v2\/product-tag?post=15293"}],"curies":[{"name":"wp","href":"https:\/\/api.w.org\/{rel}","templated":true}]}}