{"id":15295,"date":"2023-08-23T22:40:06","date_gmt":"2023-08-23T14:40:06","guid":{"rendered":"https:\/\/tononplastics.com\/?post_type=product&#038;p=15295"},"modified":"2024-03-25T10:19:37","modified_gmt":"2024-03-25T02:19:37","slug":"taiwan-chimei-pc-122m-polycarbonate-solid-sheet","status":"publish","type":"product","link":"https:\/\/www.tononplastics.com\/tr\/product\/taiwan-chimei-pc-122m-polycarbonate-solid-sheet\/","title":{"rendered":"Tayvan CHIMEI pc-122m polikarbonat kat\u0131 levha"},"content":{"rendered":"<figure class=\"wp-block-gallery has-nested-images columns-default is-cropped wp-block-gallery-1 is-layout-flex wp-block-gallery-is-layout-flex\">\n<figure class=\"wp-block-image size-full\"><img fetchpriority=\"high\" decoding=\"async\" width=\"640\" height=\"640\" data-id=\"15401\" src=\"https:\/\/www.tononplastics.com\/wp-content\/uploads\/2023\/08\/H017024a0e2094472a595aeb265fe62e9K.jpg\" alt=\"\" class=\"wp-image-15401\" title=\"\" srcset=\"https:\/\/www.tononplastics.com\/wp-content\/uploads\/2023\/08\/H017024a0e2094472a595aeb265fe62e9K.jpg 640w, https:\/\/www.tononplastics.com\/wp-content\/uploads\/2023\/08\/H017024a0e2094472a595aeb265fe62e9K-300x300.jpg 300w, https:\/\/www.tononplastics.com\/wp-content\/uploads\/2023\/08\/H017024a0e2094472a595aeb265fe62e9K-150x150.jpg 150w\" sizes=\"(max-width: 640px) 100vw, 640px\" \/><\/figure>\n\n\n\n<figure class=\"wp-block-image size-large\"><img decoding=\"async\" width=\"822\" height=\"822\" data-id=\"15100\" src=\"https:\/\/www.tononplastics.com\/wp-content\/uploads\/2023\/08\/H0c09c837f0a54be1a8b5c6b0ad19f2766.jpg\" alt=\"\" class=\"wp-image-15100\" title=\"\" srcset=\"https:\/\/www.tononplastics.com\/wp-content\/uploads\/2023\/08\/H0c09c837f0a54be1a8b5c6b0ad19f2766.jpg 822w, https:\/\/www.tononplastics.com\/wp-content\/uploads\/2023\/08\/H0c09c837f0a54be1a8b5c6b0ad19f2766-300x300.jpg 300w, https:\/\/www.tononplastics.com\/wp-content\/uploads\/2023\/08\/H0c09c837f0a54be1a8b5c6b0ad19f2766-150x150.jpg 150w, https:\/\/www.tononplastics.com\/wp-content\/uploads\/2023\/08\/H0c09c837f0a54be1a8b5c6b0ad19f2766-768x768.jpg 768w\" sizes=\"(max-width: 822px) 100vw, 822px\" \/><\/figure>\n<\/figure>\n\n\n\n<div class=\"wp-block-group is-layout-constrained wp-block-group-is-layout-constrained\">\n<div id=\"ali-anchor-AliPostDhMb-72pbs\" class=\"mceSectionContainer\" data-section=\"AliPostDhMb-72pbs\" data-section-title=\"Product Description\">\n<p><span style=\"font-size: revert; color: initial;\"><strong style=\"font-size: revert; color: initial;\">\u00d6zellikler:<\/strong><br \/>1) I\u015f\u0131k iletimi: 88%'ye kadar<br \/><\/span><span style=\"font-size: revert; color: initial;\">2) Darbe direnci: Cam\u0131n 80 kat\u0131, akrilik levhan\u0131n 15 kat\u0131<br \/><\/span><span style=\"font-size: revert; color: initial;\">3) S\u0131cakl\u0131k direnci aral\u0131\u011f\u0131: -40 ~ 120oC<br \/><\/span><span style=\"font-size: revert; color: initial;\">4) Hafif: ayn\u0131 kal\u0131nl\u0131ktaki cam\u0131n a\u011f\u0131rl\u0131\u011f\u0131n\u0131n sadece 1\/12'si<br \/><\/span><span style=\"font-size: revert; color: initial;\">5) Ultraviyole direnci: UV koruyucu tabaka ile<br \/><\/span><span style=\"font-size: revert; color: initial;\">6) Alev direnci: B1 s\u0131n\u0131f\u0131<br \/><\/span><span style=\"font-size: revert; color: initial;\">7) Ses ve \u0131s\u0131 ge\u00e7irmez<\/span><\/p>\n<\/div>\n<p align=\"left\"><strong>\u015eartname<\/strong><br \/>1) Geni\u015flik: 1220mm- 2100mm (normal spesifikasyonumuz)<br \/>2) Uzunluk: 20m--50m (normal spesifikasyonumuz)<br \/>3) 4mm, 5mm, 6mm, 7.5mm, 8mm, 10mm, 12mm, 14mm, 16mm, 18mm olarak mevcuttur.<br \/>4) Renk: a\u00e7\u0131k, g\u00f6l mavisi, ye\u015fil, mavi, opal, bronz, gri, k\u0131rm\u0131z\u0131, bronz (kahverengi), mavi-ye\u015fil, a\u00e7\u0131k ye\u015fil, a\u00e7\u0131k, siyah, a\u00e7\u0131k kabartmal\u0131, a\u00e7\u0131k kabartmal\u0131, mavi kabartmal\u0131<br \/>5) Talep \u00fczerine \u00f6zelle\u015ftirilmi\u015f renkler ve boyutlar mevcuttur<br \/>6) Ambalaj: Her iki taraf\u0131 PE film ile kapl\u0131\u00a0\u00a0<\/p>\n<p align=\"left\"><strong>Uygulamalar:<\/strong><br \/>1) Telefon kul\u00fcbeleri<br \/>2) Yol i\u015faretleri ve reklamlar<br \/>3) Lamba kutular\u0131 \u00fczerindeki reklam panolar\u0131<br \/>4) Bankalar, hastaneler ve istasyonlar i\u00e7in ayd\u0131nlatma ve b\u00f6lme duvarlar\u0131<br \/>5) Sebzeler, hayvanat bah\u00e7eleri, su \u00fcr\u00fcnleri i\u00e7in seralar<br \/>6) Otoyollar i\u00e7in ses ve \u0131s\u0131 yal\u0131t\u0131m\u0131<br \/><span style=\"font-size: revert; color: initial;\">7) Enstr\u00fcman ve sava\u015f end\u00fcstrileri - \u00f6n camlar, ordu kalkanlar\u0131\u00a0<\/span><\/p>\n<div id=\"ali-anchor-AliPostDhMb-l0fwj\" class=\"mceSectionContainer\" data-section=\"AliPostDhMb-l0fwj\" data-section-title=\"Company Information\">\n<div id=\"ali-title-AliPostDhMb-l0fwj\"><strong>\u015eirket Bilgileri<\/strong><\/div>\n<div>\n<p>\u00a0<img decoding=\"async\" src=\"https:\/\/sc01.alicdn.com\/kf\/HTB1ggLnJVXXXXcYXVXXq6xXFXXXP\/200162319\/HTB1ggLnJVXXXXcYXVXXq6xXFXXXP.jpg\" alt=\"Tayvan CHIMEI pc-122m polikarbonat kat\u0131 levha\" width=\"630\" height=\"635.88\" data-src=\"\/\/sc01.alicdn.com\/kf\/HTB1ggLnJVXXXXcYXVXXq6xXFXXXP\/200162319\/HTB1ggLnJVXXXXcYXVXXq6xXFXXXP.jpg\" data-alt=\"Taiwan CHIMEI pc-122m polycarbonate solid sheet\" data-width=\"630\" data- title=\"\"><\/p>\n<\/div>\n<\/div>\n<div id=\"ali-anchor-AliPostDhMb-mijvw\" class=\"mceSectionContainer\" data-section=\"AliPostDhMb-mijvw\" data-section-title=\"Packaging &amp; Shipping\">\n<div id=\"ali-title-AliPostDhMb-mijvw\"><strong>Paketleme ve Nakliye<\/strong><\/div>\n<div>\n<p>\u00a0<img decoding=\"async\" src=\"https:\/\/sc02.alicdn.com\/kf\/H041aadba055e4601bc7a678fb8698a30S\/200162319\/H041aadba055e4601bc7a678fb8698a30S.jpg\" alt=\"Tayvan CHIMEI pc-122m polikarbonat kat\u0131 levha\" width=\"630\" height=\"472.5\" data-src=\"\/\/sc02.alicdn.com\/kf\/H041aadba055e4601bc7a678fb8698a30S\/200162319\/H041aadba055e4601bc7a678fb8698a30S.jpg\" data-alt=\"Taiwan CHIMEI pc-122m polycarbonate solid sheet\" data-width=\"630\" data- title=\"\"><img decoding=\"async\" src=\"https:\/\/sc01.alicdn.com\/kf\/H9b2821fc64654ff9878ed6ed866d26df6\/200162319\/H9b2821fc64654ff9878ed6ed866d26df6.jpg\" alt=\"Tayvan CHIMEI pc-122m polikarbonat kat\u0131 levha\" width=\"630\" height=\"840\" data-src=\"\/\/sc01.alicdn.com\/kf\/H9b2821fc64654ff9878ed6ed866d26df6\/200162319\/H9b2821fc64654ff9878ed6ed866d26df6.jpg\" data-alt=\"Taiwan CHIMEI pc-122m polycarbonate solid sheet\" data-width=\"630\" data- title=\"\"><\/p>\n<\/div>\n<\/div>\n<div id=\"ali-anchor-AliPostDhMb-ay4jz\" class=\"mceSectionContainer\" data-section=\"AliPostDhMb-ay4jz\" data-section-title=\"FAQ\">\n<div id=\"ali-title-AliPostDhMb-ay4jz\">\u00a0<\/div>\n<\/div>\n<\/div>","protected":false},"featured_media":15138,"parent":0,"template":"","product-catagories":[177],"product-tag":[],"class_list":["post-15295","product","type-product","status-publish","has-post-thumbnail","hentry","product-catagories-polycarbonate-solid-sheet"],"acf":[],"_links":{"self":[{"href":"https:\/\/www.tononplastics.com\/tr\/wp-json\/wp\/v2\/product\/15295","targetHints":{"allow":["GET"]}}],"collection":[{"href":"https:\/\/www.tononplastics.com\/tr\/wp-json\/wp\/v2\/product"}],"about":[{"href":"https:\/\/www.tononplastics.com\/tr\/wp-json\/wp\/v2\/types\/product"}],"version-history":[{"count":0,"href":"https:\/\/www.tononplastics.com\/tr\/wp-json\/wp\/v2\/product\/15295\/revisions"}],"wp:featuredmedia":[{"embeddable":true,"href":"https:\/\/www.tononplastics.com\/tr\/wp-json\/wp\/v2\/media\/15138"}],"wp:attachment":[{"href":"https:\/\/www.tononplastics.com\/tr\/wp-json\/wp\/v2\/media?parent=15295"}],"wp:term":[{"taxonomy":"product-catagories","embeddable":true,"href":"https:\/\/www.tononplastics.com\/tr\/wp-json\/wp\/v2\/product-catagories?post=15295"},{"taxonomy":"product-tag","embeddable":true,"href":"https:\/\/www.tononplastics.com\/tr\/wp-json\/wp\/v2\/product-tag?post=15295"}],"curies":[{"name":"wp","href":"https:\/\/api.w.org\/{rel}","templated":true}]}}