{"id":15302,"date":"2023-08-23T22:45:21","date_gmt":"2023-08-23T14:45:21","guid":{"rendered":"https:\/\/tononplastics.com\/?post_type=product&#038;p=15302"},"modified":"2024-03-25T13:57:42","modified_gmt":"2024-03-25T05:57:42","slug":"pc-polycarbonate-sheet-swimming-pool-cover-plastic-twinwall-tubular-skylight","status":"publish","type":"product","link":"https:\/\/www.tononplastics.com\/tr\/product\/pc-polycarbonate-sheet-swimming-pool-cover-plastic-twinwall-tubular-skylight\/","title":{"rendered":"PC Polikarbonat levha y\u00fczme havuzu kapa\u011f\u0131 plastik twinwall boru \u015feklindeki tavan penceresi"},"content":{"rendered":"<p align=\"left\"><strong>\u00d6zellikler:<\/strong><\/p>\n<p align=\"left\">1. M\u00fckemmel fiziksel, mekanik performans.<\/p>\n<p align=\"left\">2. \u0130yi elektrik, \u0131s\u0131 ve ses yal\u0131t\u0131m\u0131.<\/p>\n<p align=\"left\">3. \u0130yi darbe direnci ve y\u00fcksek mukavemet.<\/p>\n<p align=\"left\">4. \u0130yi \u0131\u015f\u0131k ge\u00e7irgenli\u011fi performans\u0131.<\/p>\n<p align=\"left\">5. \u0130yi s\u0131cakl\u0131k direnci.<\/p>\n<p align=\"left\">6. Yang\u0131n geciktirme.<\/p>\n<p align=\"left\">7. Toksik de\u011fildir.<\/p>\n<p align=\"left\">8. UV korumas\u0131.<\/p>\n<p align=\"left\">9. Ay\u0131 ya\u015flanmas\u0131.<\/p>\n<p align=\"left\"><img decoding=\"async\" src=\"https:\/\/sc01.alicdn.com\/kf\/Hd9e19d925ce84a0fa4b3eef7a61b9267P\/200162319\/Hd9e19d925ce84a0fa4b3eef7a61b9267P.jpg\" alt=\"PC Polikarbonat levha y\u00fczme havuzu kapa\u011f\u0131 plastik twinwall boru \u015feklindeki tavan penceresi\" width=\"630\" height=\"419.895\" data-src=\"\/\/sc01.alicdn.com\/kf\/Hd9e19d925ce84a0fa4b3eef7a61b9267P\/200162319\/Hd9e19d925ce84a0fa4b3eef7a61b9267P.jpg\" data-alt=\"PC Polycarbonate sheet swimming pool cover plastic twinwall tubular skylight\" data-width=\"630\" data- title=\"\"><img decoding=\"async\" src=\"https:\/\/sc02.alicdn.com\/kf\/Hadca19b5f4ea4f39acb6e8d3fafd8dfah\/200162319\/Hadca19b5f4ea4f39acb6e8d3fafd8dfah.jpg\" alt=\"PC Polikarbonat levha y\u00fczme havuzu kapa\u011f\u0131 plastik twinwall boru \u015feklindeki tavan penceresi\" width=\"630\" height=\"945.2363090772693\" data-src=\"\/\/sc02.alicdn.com\/kf\/Hadca19b5f4ea4f39acb6e8d3fafd8dfah\/200162319\/Hadca19b5f4ea4f39acb6e8d3fafd8dfah.jpg\" data-alt=\"PC Polycarbonate sheet swimming pool cover plastic twinwall tubular skylight\" data-width=\"630\" data- title=\"\"><\/p>\n<p align=\"left\"><strong>Uygulamalar:<\/strong><\/p>\n<p align=\"left\">1. \u00c7at\u0131 pencereleri, \u00e7at\u0131 pencereleri, geni\u015fletilmi\u015f sundurmalar ve seralar, otellerdeki ticari alanlar, kafeler, butikler ve g\u00fczellik salonu, sergi merkezi ve telefon kul\u00fcbesi i\u00e7in yayg\u0131n olarak kullan\u0131lan m\u00fckemmel \u00e7at\u0131 kaplama malzemeleri.<\/p>\n<p align=\"left\">2. Otoyollar, y\u00fcksek h\u0131zl\u0131 demiryolu i\u00e7in ses yal\u0131t\u0131m duvar\u0131.<\/p>\n<p align=\"left\">3. Reklam i\u00e7in tabelalar.<\/p>\n<p align=\"left\">4. Bankalar, hastaneler, havaalanlar\u0131, otob\u00fcs, tren istasyonlar\u0131 ve anaokullar\u0131nda dekorasyon ayd\u0131nlatmas\u0131.<\/p>\n<p align=\"left\">5. Toksik de\u011fildir, g\u0131da ile temas halinde kal\u0131r.<\/p>\n<p align=\"left\">6. Bir\u00e7ok yerde s\u0131radan cam\u0131n de\u011fi\u015ftirilmesi.<\/p>\n<p align=\"left\">\u00d6zellikler:<\/p>\n<p align=\"left\">Kal\u0131nl\u0131k: 2.0mm 3.0mm 4.0mm 4.5mm 5.0mm 6.0mm 8.0mm 10.0mm<\/p>\n<p align=\"left\">Uzunluk:20m-50m<\/p>\n<p align=\"left\">Derinlik: 1220mm 1560mm 1820mm 2100mm<\/p>\n<p align=\"left\">Renk:\u015eeffaf Mavi Ye\u015fil Kahverengi Opalescent \u015eeffaf kabartmal\u0131<\/p>\n<p align=\"left\">M\u00fc\u015fterilerin ba\u015fka \u00f6zelliklere ihtiyac\u0131 varsa, istedikleri gibi tedarik edebiliriz.<\/p>\n<p align=\"left\"><img decoding=\"async\" src=\"https:\/\/sc02.alicdn.com\/kf\/H404b7790b8704a329fe41e1da3d8fa7cf\/200162319\/H404b7790b8704a329fe41e1da3d8fa7cf.jpg\" alt=\"PC Polikarbonat levha y\u00fczme havuzu kapa\u011f\u0131 plastik twinwall boru \u015feklindeki tavan penceresi\" width=\"630\" height=\"419.895\" data-src=\"\/\/sc02.alicdn.com\/kf\/H404b7790b8704a329fe41e1da3d8fa7cf\/200162319\/H404b7790b8704a329fe41e1da3d8fa7cf.jpg\" data-alt=\"PC Polycarbonate sheet swimming pool cover plastic twinwall tubular skylight\" data-width=\"630\" data- title=\"\"><\/p>\n<div id=\"ali-anchor-AliPostDhMb-q2pzl\" data-section=\"AliPostDhMb-q2pzl\" data-section-title=\"Company Information\">\n<div>\n<p><img decoding=\"async\" src=\"https:\/\/sc02.alicdn.com\/kf\/H02a52324dc024cdcbaee8c550d0c5b3cR\/200162319\/H02a52324dc024cdcbaee8c550d0c5b3cR.png\" alt=\"PC Polikarbonat levha y\u00fczme havuzu kapa\u011f\u0131 plastik twinwall boru \u015feklindeki tavan penceresi\" width=\"630\" height=\"214.7347480106101\" data-src=\"\/\/sc02.alicdn.com\/kf\/H02a52324dc024cdcbaee8c550d0c5b3cR\/200162319\/H02a52324dc024cdcbaee8c550d0c5b3cR.png\" data-alt=\"PC Polycarbonate sheet swimming pool cover plastic twinwall tubular skylight\" data-width=\"630\" data- title=\"\"><\/p>\n<\/div>\n<\/div>","protected":false},"featured_media":15119,"parent":0,"template":"","product-catagories":[177],"product-tag":[],"class_list":["post-15302","product","type-product","status-publish","has-post-thumbnail","hentry","product-catagories-polycarbonate-solid-sheet"],"acf":[],"_links":{"self":[{"href":"https:\/\/www.tononplastics.com\/tr\/wp-json\/wp\/v2\/product\/15302","targetHints":{"allow":["GET"]}}],"collection":[{"href":"https:\/\/www.tononplastics.com\/tr\/wp-json\/wp\/v2\/product"}],"about":[{"href":"https:\/\/www.tononplastics.com\/tr\/wp-json\/wp\/v2\/types\/product"}],"version-history":[{"count":0,"href":"https:\/\/www.tononplastics.com\/tr\/wp-json\/wp\/v2\/product\/15302\/revisions"}],"wp:featuredmedia":[{"embeddable":true,"href":"https:\/\/www.tononplastics.com\/tr\/wp-json\/wp\/v2\/media\/15119"}],"wp:attachment":[{"href":"https:\/\/www.tononplastics.com\/tr\/wp-json\/wp\/v2\/media?parent=15302"}],"wp:term":[{"taxonomy":"product-catagories","embeddable":true,"href":"https:\/\/www.tononplastics.com\/tr\/wp-json\/wp\/v2\/product-catagories?post=15302"},{"taxonomy":"product-tag","embeddable":true,"href":"https:\/\/www.tononplastics.com\/tr\/wp-json\/wp\/v2\/product-tag?post=15302"}],"curies":[{"name":"wp","href":"https:\/\/api.w.org\/{rel}","templated":true}]}}