{"id":15304,"date":"2023-08-23T22:48:30","date_gmt":"2023-08-23T14:48:30","guid":{"rendered":"https:\/\/tononplastics.com\/?post_type=product&#038;p=15304"},"modified":"2024-03-25T11:03:49","modified_gmt":"2024-03-25T03:03:49","slug":"samsung-pc-sc-1100r-solid-polycarbonate-sheet-polycarbonate-solid-board-watertight-roofing-sheet-for-building","status":"publish","type":"product","link":"https:\/\/www.tononplastics.com\/tr\/product\/samsung-pc-sc-1100r-solid-polycarbonate-sheet-polycarbonate-solid-board-watertight-roofing-sheet-for-building\/","title":{"rendered":"SAMSUNG PC SC-1100R kat\u0131 polikarbonat levha Polikarbonat kat\u0131 levha Bina i\u00e7in su ge\u00e7irmez \u00e7at\u0131 kaplama levhas\u0131"},"content":{"rendered":"<figure class=\"wp-block-gallery has-nested-images columns-default is-cropped wp-block-gallery-1 is-layout-flex wp-block-gallery-is-layout-flex\">\n<figure class=\"wp-block-image size-large\"><img fetchpriority=\"high\" decoding=\"async\" width=\"640\" height=\"640\" data-id=\"15287\" src=\"https:\/\/www.tononplastics.com\/wp-content\/uploads\/2023\/08\/H905833aa270b428cb135157888c4d1ebN.jpg\" alt=\"\" class=\"wp-image-15287\" title=\"\" srcset=\"https:\/\/www.tononplastics.com\/wp-content\/uploads\/2023\/08\/H905833aa270b428cb135157888c4d1ebN.jpg 640w, https:\/\/www.tononplastics.com\/wp-content\/uploads\/2023\/08\/H905833aa270b428cb135157888c4d1ebN-300x300.jpg 300w, https:\/\/www.tononplastics.com\/wp-content\/uploads\/2023\/08\/H905833aa270b428cb135157888c4d1ebN-150x150.jpg 150w\" sizes=\"(max-width: 640px) 100vw, 640px\" \/><\/figure>\n\n\n\n<figure class=\"wp-block-image size-large\"><img decoding=\"async\" data-id=\"15134\" src=\"https:\/\/www.tononplastics.com\/wp-content\/uploads\/2023\/08\/10003-3.jpg\" alt=\"\" class=\"wp-image-15134\" title=\"\"><\/figure>\n<\/figure>\n\n\n\n<p><strong>Geleneksel \u00fcr\u00fcn detaylar\u0131:<\/strong><\/p>\n\n\n\n<p>1). \u00c7ift duvarl\u0131 polikarbonat levha kal\u0131nl\u0131\u011f\u0131: 3mm-12mm. Geni\u015flik: 2100mm.<\/p>\n\n\n\n<p>2). \u00dc\u00e7 duvarl\u0131 polikarbonat levha kal\u0131nl\u0131\u011f\u0131: 10mm-18mm. Geni\u015flik: 2100mm.<\/p>\n\n\n\n<p>3). D\u00f6rt duvarl\u0131 polikarbonat levha kal\u0131nl\u0131\u011f\u0131: 6mm-14mm. Geni\u015flik: 2100mm.<\/p>\n\n\n\n<p>4). Petek polikarbonat levha kal\u0131nl\u0131\u011f\u0131: 6mm-14mm. Geni\u015flik: 2100mm.<\/p>\n\n\n\n<p>5). Ayr\u0131ca geni\u015fli\u011fi 1220 mm gibi \u00f6zelle\u015ftirebiliriz ve normal kal\u0131nl\u0131k 4 mm-6 mm'dir. Ancak fiyat 2100mm geni\u015flikten daha y\u00fcksek olacakt\u0131r, \u00e7\u00fcnk\u00fc \u00fccret kayb\u0131 vard\u0131r.<\/p>\n\n\n\n<p>6). Masif polikarbonat levha standart kal\u0131nl\u0131k:<\/p>\n\n\n\n<p>&nbsp; &nbsp; &nbsp;1.1mm-18mm. Geni\u015flik: 1220, 1560, 1820, 2100mm. Genellikle 1220x2440mm.<\/p>\n\n\n\n<p>7). Oluklu polikarbonat levha kal\u0131nl\u0131\u011f\u0131: 0.8mm-1.8mm.  Geni\u015flik 1000mm ve 1220mm'dir.<\/p>\n\n\n\n<p><em><strong>A. Uzunluk: S\u0131n\u0131r yok (20\u2032 konteyner ve 40\u2032 konteynere uymas\u0131 i\u00e7in 5800, 6000, 11800, 12000 mm \u00f6nerilir).<\/strong><\/em><\/p>\n\n\n\n<p><em><strong>B. Renk: berrak\/\u015feffaf, g\u00f6l mavisi, ye\u015fil, mavi, opal, kahverengi\/bronz, g\u00fcm\u00fc\u015fi gri, k\u0131rm\u0131z\u0131, sar\u0131, vb.<\/strong><\/em><\/p>\n\n\n\n<figure class=\"wp-block-gallery has-nested-images columns-default is-cropped wp-block-gallery-2 is-layout-flex wp-block-gallery-is-layout-flex\">\n<figure class=\"wp-block-image size-large\"><img decoding=\"async\" data-id=\"15259\" src=\"https:\/\/www.tononplastics.com\/wp-content\/uploads\/2023\/08\/\u56fe\u72471.png\" alt=\"\" class=\"wp-image-15259\" title=\"\"><\/figure>\n\n\n\n<figure class=\"wp-block-image size-large\"><img decoding=\"async\" data-id=\"15258\" src=\"https:\/\/www.tononplastics.com\/wp-content\/uploads\/2023\/08\/\u56fe\u72471-1-1.png\" alt=\"\" class=\"wp-image-15258\" title=\"\"><\/figure>\n<\/figure>","protected":false},"featured_media":0,"parent":0,"template":"","product-catagories":[177],"product-tag":[],"class_list":["post-15304","product","type-product","status-publish","hentry","product-catagories-polycarbonate-solid-sheet"],"acf":[],"_links":{"self":[{"href":"https:\/\/www.tononplastics.com\/tr\/wp-json\/wp\/v2\/product\/15304","targetHints":{"allow":["GET"]}}],"collection":[{"href":"https:\/\/www.tononplastics.com\/tr\/wp-json\/wp\/v2\/product"}],"about":[{"href":"https:\/\/www.tononplastics.com\/tr\/wp-json\/wp\/v2\/types\/product"}],"version-history":[{"count":0,"href":"https:\/\/www.tononplastics.com\/tr\/wp-json\/wp\/v2\/product\/15304\/revisions"}],"wp:attachment":[{"href":"https:\/\/www.tononplastics.com\/tr\/wp-json\/wp\/v2\/media?parent=15304"}],"wp:term":[{"taxonomy":"product-catagories","embeddable":true,"href":"https:\/\/www.tononplastics.com\/tr\/wp-json\/wp\/v2\/product-catagories?post=15304"},{"taxonomy":"product-tag","embeddable":true,"href":"https:\/\/www.tononplastics.com\/tr\/wp-json\/wp\/v2\/product-tag?post=15304"}],"curies":[{"name":"wp","href":"https:\/\/api.w.org\/{rel}","templated":true}]}}