{"id":15307,"date":"2023-08-23T22:49:32","date_gmt":"2023-08-23T14:49:32","guid":{"rendered":"https:\/\/tononplastics.com\/?post_type=product&#038;p=15307"},"modified":"2024-03-25T15:45:35","modified_gmt":"2024-03-25T07:45:35","slug":"macrolux-compact-polycarbonate-sheetpc-compact-sheet","status":"publish","type":"product","link":"https:\/\/www.tononplastics.com\/tr\/product\/macrolux-compact-polycarbonate-sheetpc-compact-sheet\/","title":{"rendered":"Macrolux kompakt polikarbonat levha&amp;pc kompakt levha"},"content":{"rendered":"<p align=\"left\"><strong><span data-spm-anchor-id=\"a2700.details.0.i30.3f1d3ae9AIp91n\">A\u00e7\u0131klama:<\/span><\/strong><\/p>\n<p align=\"left\">China Nature PC Kat\u0131 Levha hammadde olarak Bayer Makrolon\u00ae polikarbonat re\u00e7ine kullan\u0131r. Bir taraf\u0131 UV koruma katman\u0131na sahip olan China Nature PC Solid Sheet, m\u00fckemmel darbe direncine sahiptir ve in\u015faat alan\u0131nda yayg\u0131n olarak kullan\u0131lmaktad\u0131r.<br \/>\nGenel PC Kat\u0131 Levha, y\u00fcksek tasar\u0131m \u00f6zg\u00fcrl\u00fc\u011f\u00fc ile i\u015fleme veya kurulum s\u0131ras\u0131nda kullan\u0131\u015fl\u0131d\u0131r. \u00c7at\u0131 pencereleri, yaya k\u00f6pr\u00fcleri, be\u015fik tonoz vb. i\u00e7in m\u00fckemmel bir yay \u015fekli i\u00e7in so\u011fuk \u015fekillendirilebilir. Ayr\u0131ca \u00e7e\u015fitli karma\u015f\u0131k geometrilerde s\u0131cak \u015fekillendirilebilir.<\/p>\n<p align=\"left\">\u00a0<img fetchpriority=\"high\" decoding=\"async\" class=\"\" src=\"https:\/\/sc02.alicdn.com\/kf\/H5c16f39266364408a0b436a4a956b53c4\/200162319\/H5c16f39266364408a0b436a4a956b53c4.jpg\" alt=\"Macrolux kompakt polikarbonat levha&amp;pc kompakt levha\" width=\"407\" height=\"229\" data-src=\"\/\/sc02.alicdn.com\/kf\/H5c16f39266364408a0b436a4a956b53c4\/200162319\/H5c16f39266364408a0b436a4a956b53c4.jpg\" data-alt=\"Macrolux compact polycarbonate sheet&amp;pc compact sheet\" data-width=\"630\" data- title=\"\"><img decoding=\"async\" class=\"\" src=\"https:\/\/sc01.alicdn.com\/kf\/H65cf6a5ee4c54ae2afbe6a33266cbbebV\/200162319\/H65cf6a5ee4c54ae2afbe6a33266cbbebV.jpg\" alt=\"Macrolux kompakt polikarbonat levha&amp;pc kompakt levha\" width=\"344\" height=\"229\" data-src=\"\/\/sc01.alicdn.com\/kf\/H65cf6a5ee4c54ae2afbe6a33266cbbebV\/200162319\/H65cf6a5ee4c54ae2afbe6a33266cbbebV.jpg\" data-alt=\"Macrolux compact polycarbonate sheet&amp;pc compact sheet\" data-width=\"630\" data- title=\"\"><\/p>\n<p align=\"left\"><strong>\u00d6zellikler:<\/strong><\/p>\n<table class=\"aliDataTable\" border=\"1\" cellspacing=\"0\" cellpadding=\"0\">\n<tbody>\n<tr align=\"left\">\n<td valign=\"top\">Kal\u0131nl\u0131k<\/td>\n<td valign=\"top\">\u00a01.2mm, 1.5mm, 2mm, 3mm, 4mm, 4.5mm, 6mm, 8mm, 10mm<\/td>\n<\/tr>\n<tr align=\"left\">\n<td valign=\"top\">Normal Geni\u015flik<\/td>\n<td valign=\"top\">1220mm, 1560mm, 1820mm, 2100mm<\/td>\n<\/tr>\n<tr align=\"left\">\n<td valign=\"top\">Di\u011fer Geni\u015flik<\/td>\n<td valign=\"top\">M\u00fc\u015fterilerin 2100 mm'den daha az gereksinimlerine g\u00f6re mevcuttur<\/td>\n<\/tr>\n<tr align=\"left\">\n<td valign=\"top\">En Yayg\u0131n Boyut<\/td>\n<td valign=\"top\">1220mmx2440mm, 2100mmx5800mm, 2100mmx11800mm<\/td>\n<\/tr>\n<tr align=\"left\">\n<td valign=\"top\">Bobin Uzunlu\u011fu<\/td>\n<td valign=\"top\">4,5 mm kal\u0131nl\u0131k dahilinde rulo ba\u015f\u0131na 30m-50m<\/td>\n<\/tr>\n<tr align=\"left\">\n<td valign=\"top\">Renk<\/td>\n<td valign=\"top\">\u015eeffaf, Mavi, Ye\u015fil, Kahverengi, Opal<\/td>\n<\/tr>\n<\/tbody>\n<\/table>\n<p align=\"left\"><strong>Teknik Parametreler:<\/strong><\/p>\n<p align=\"left\"><strong>1. I\u015f\u0131k \u0130letimi: 88%<\/strong><\/p>\n<p align=\"left\"><strong>2. Kendili\u011finden tutu\u015fma: 580 \u00b0 C<\/strong><\/p>\n<p align=\"left\"><strong>3. Yang\u0131n Dayan\u0131m\u0131 GB8624-1997'ye g\u00f6re B S\u0131n\u0131f\u0131na ula\u015f\u0131r, yang\u0131n damlas\u0131 veya zehirli gaz yoktur<\/strong><\/p>\n<p align=\"left\"><strong>4. Uygulanabilir S\u0131cakl\u0131k: -40\u00b0F ile +248\u00b0F aras\u0131<\/strong><\/p>\n<p align=\"left\"><strong>5. I\u015f\u0131k Penetrasyon Spektrumu a\u015fa\u011f\u0131daki tablodaki gibidir:<\/strong><\/p>\n<p align=\"left\">\u00a0<img decoding=\"async\" class=\"\" src=\"https:\/\/sc01.alicdn.com\/kf\/Hfc9f0493ac81469fac5153cb936855a4q\/200162319\/Hfc9f0493ac81469fac5153cb936855a4q.jpg\" alt=\"Macrolux kompakt polikarbonat levha&amp;pc kompakt levha\" width=\"380\" height=\"253\" data-src=\"\/\/sc01.alicdn.com\/kf\/Hfc9f0493ac81469fac5153cb936855a4q\/200162319\/Hfc9f0493ac81469fac5153cb936855a4q.jpg\" data-alt=\"Macrolux compact polycarbonate sheet&amp;pc compact sheet\" data-width=\"630\" data- title=\"\"><img loading=\"lazy\" decoding=\"async\" class=\"\" src=\"https:\/\/sc02.alicdn.com\/kf\/Hee5865885c604e7b942b364a9fc74f32U\/200162319\/Hee5865885c604e7b942b364a9fc74f32U.jpg\" alt=\"Macrolux kompakt polikarbonat levha&amp;pc kompakt levha\" width=\"449\" height=\"299\" data-src=\"\/\/sc02.alicdn.com\/kf\/Hee5865885c604e7b942b364a9fc74f32U\/200162319\/Hee5865885c604e7b942b364a9fc74f32U.jpg\" data-alt=\"Macrolux compact polycarbonate sheet&amp;pc compact sheet\" data-width=\"630\" data- title=\"\"><\/p>\n<p align=\"left\"><strong>\u00dcr\u00fcn \u00d6zellikleri:<\/strong><\/p>\n<p align=\"left\"><strong>1. Darbe Direnci M\u00fckemmel: Bu yetenek s\u0131radan cam\u0131n 250-300 kat\u0131na, alkali cam\u0131n 20-30 kat\u0131na ve sertle\u015ftirilmi\u015f cam\u0131n 2 kat\u0131na e\u015fittir; sert k\u0131r\u0131l\u0131r.<\/strong><\/p>\n<p align=\"left\"><strong>2. \u0130yi Anti-UV (Ultraviyole I\u015f\u0131n) Performans\u0131: Y\u00fczeyde Ultraviyole I\u015f\u0131n\u0131 filtreleyebilen UV engelleyici bir ko-ekstr\u00fczyon tabakas\u0131.<\/strong><\/p>\n<p align=\"left\"><strong>3. G\u00fc\u00e7l\u00fc Fotosentez: Filtrelenmi\u015f Ultraviyole \u0131\u015f\u0131n g\u00f6r\u00fcn\u00fcr \u0131\u015f\u0131\u011fa d\u00f6n\u00fc\u015ft\u00fcr\u00fcl\u00fcr (g\u00fcne\u015f \u0131\u015f\u0131\u011f\u0131n\u0131n ana par\u00e7as\u0131d\u0131r). Bitkilerin b\u00fcy\u00fcmesini h\u0131zland\u0131ran g\u00f6r\u00fcn\u00fcr \u0131\u015f\u0131k eklenir.<\/strong><\/p>\n<p align=\"left\"><strong>4.  Uygun Kullan\u0131m: hafif ve \u00f6zelle\u015ftirilmi\u015f uzunluk, y\u00fck ta\u015f\u0131ma ve kurulumdan tasarruf sa\u011flayarak onlar i\u00e7in maliyet tasarrufu sa\u011flar. \u0130yi esneklik, so\u011fuk \u015fekillendirme veya s\u0131cak \u015fekillendirme ile yar\u0131 dairesel, kemerli ve benzeri her t\u00fcrl\u00fc \u015fekli al\u0131r.<\/strong><\/p>\n<p align=\"left\"><strong>5. Uzun \u00f6m\u00fcrl\u00fc kalite garantisi:<br \/>\nKCC General PC Kat\u0131 Levha 10 y\u0131l kalite garantisi sunar.<\/strong><\/p>\n<p align=\"left\"><strong>Uygulama:<\/strong><\/p>\n<table class=\"aliDataTable\" border=\"1\" cellspacing=\"0\" cellpadding=\"0\">\n<tbody>\n<tr align=\"left\">\n<td valign=\"top\">Tar\u0131m Alan\u0131<\/td>\n<td valign=\"top\">Sera, Bah\u00e7e Fabrika Evi<\/td>\n<\/tr>\n<tr align=\"left\">\n<td valign=\"top\">\u0130n\u015faat Alan\u0131<\/td>\n<td valign=\"top\">Clearstory in Residence, \u0130\u00e7 Ayd\u0131nlatma, Koridorlar<\/td>\n<\/tr>\n<tr align=\"left\">\n<td valign=\"top\">Kamu Hizmetleri<\/td>\n<td valign=\"top\">Sundurma, Y\u00fczme Havuzu, Otoyollarda Ses Yal\u0131t\u0131m Duvarlar\u0131, Park Sundurmalar\u0131, Stadyum, Ge\u00e7itler<\/td>\n<\/tr>\n<tr align=\"left\">\n<td valign=\"top\">End\u00fcstriyel alan<\/td>\n<td valign=\"top\">End\u00fcstriyel At\u00f6lyeler, Depolar i\u00e7in Ayd\u0131nlatma \u00c7at\u0131s\u0131<\/td>\n<\/tr>\n<\/tbody>\n<\/table>\n<p><img decoding=\"async\" src=\"https:\/\/sc01.alicdn.com\/kf\/H74247c1d61554ba2a775e9ce59244207e\/200162319\/H74247c1d61554ba2a775e9ce59244207e.jpg\" alt=\"Macrolux kompakt polikarbonat levha&amp;pc kompakt levha\" width=\"630\" height=\"509.04\" data-src=\"\/\/sc01.alicdn.com\/kf\/H74247c1d61554ba2a775e9ce59244207e\/200162319\/H74247c1d61554ba2a775e9ce59244207e.jpg\" data-alt=\"Macrolux compact polycarbonate sheet&amp;pc compact sheet\" data-width=\"630\" data- title=\"\"><img decoding=\"async\" src=\"https:\/\/sc01.alicdn.com\/kf\/Hee35153016fb4f64a8abd2cf77d8280dQ\/200162319\/Hee35153016fb4f64a8abd2cf77d8280dQ.jpg\" alt=\"Macrolux kompakt polikarbonat levha&amp;pc kompakt levha\" width=\"630\" height=\"404.88\" data-src=\"\/\/sc01.alicdn.com\/kf\/Hee35153016fb4f64a8abd2cf77d8280dQ\/200162319\/Hee35153016fb4f64a8abd2cf77d8280dQ.jpg\" data-alt=\"Macrolux compact polycarbonate sheet&amp;pc compact sheet\" data-width=\"630\" data- title=\"\"><\/p>\n<div id=\"ali-anchor-AliPostDhMb-jc6po\" data-section=\"AliPostDhMb-jc6po\" data-section-title=\"Packaging &amp; Shipping\">\n<div id=\"ali-title-AliPostDhMb-jc6po\">Paketleme ve Nakliye<\/div>\n<div>\n<p>\u00a0<img decoding=\"async\" src=\"https:\/\/sc01.alicdn.com\/kf\/Hb3bdebb96a2849458ce6dfcbaa19c5d15\/200162319\/Hb3bdebb96a2849458ce6dfcbaa19c5d15.png\" alt=\"Macrolux kompakt polikarbonat levha&amp;pc kompakt levha\" width=\"630\" height=\"312.9083665338646\" data-src=\"\/\/sc01.alicdn.com\/kf\/Hb3bdebb96a2849458ce6dfcbaa19c5d15\/200162319\/Hb3bdebb96a2849458ce6dfcbaa19c5d15.png\" data-alt=\"Macrolux compact polycarbonate sheet&amp;pc compact sheet\" data-width=\"630\" data- title=\"\"><img decoding=\"async\" src=\"https:\/\/sc02.alicdn.com\/kf\/Hd05fdb0988024155a7956963ea5973acD\/200162319\/Hd05fdb0988024155a7956963ea5973acD.png\" alt=\"Macrolux kompakt polikarbonat levha&amp;pc kompakt levha\" width=\"630\" height=\"474.58885941644564\" data-src=\"\/\/sc02.alicdn.com\/kf\/Hd05fdb0988024155a7956963ea5973acD\/200162319\/Hd05fdb0988024155a7956963ea5973acD.png\" data-alt=\"Macrolux compact polycarbonate sheet&amp;pc compact sheet\" data-width=\"630\" data- title=\"\"><img decoding=\"async\" src=\"https:\/\/sc02.alicdn.com\/kf\/H02a52324dc024cdcbaee8c550d0c5b3cR\/200162319\/H02a52324dc024cdcbaee8c550d0c5b3cR.png\" alt=\"Macrolux kompakt polikarbonat levha&amp;pc kompakt levha\" width=\"630\" height=\"214.7347480106101\" data-src=\"\/\/sc02.alicdn.com\/kf\/H02a52324dc024cdcbaee8c550d0c5b3cR\/200162319\/H02a52324dc024cdcbaee8c550d0c5b3cR.png\" data-alt=\"Macrolux compact polycarbonate sheet&amp;pc compact sheet\" data-width=\"630\" data- title=\"\"><\/p>\n<\/div>\n<\/div>","protected":false},"featured_media":0,"parent":0,"template":"","product-catagories":[177],"product-tag":[],"class_list":["post-15307","product","type-product","status-publish","hentry","product-catagories-polycarbonate-solid-sheet"],"acf":[],"_links":{"self":[{"href":"https:\/\/www.tononplastics.com\/tr\/wp-json\/wp\/v2\/product\/15307","targetHints":{"allow":["GET"]}}],"collection":[{"href":"https:\/\/www.tononplastics.com\/tr\/wp-json\/wp\/v2\/product"}],"about":[{"href":"https:\/\/www.tononplastics.com\/tr\/wp-json\/wp\/v2\/types\/product"}],"version-history":[{"count":0,"href":"https:\/\/www.tononplastics.com\/tr\/wp-json\/wp\/v2\/product\/15307\/revisions"}],"wp:attachment":[{"href":"https:\/\/www.tononplastics.com\/tr\/wp-json\/wp\/v2\/media?parent=15307"}],"wp:term":[{"taxonomy":"product-catagories","embeddable":true,"href":"https:\/\/www.tononplastics.com\/tr\/wp-json\/wp\/v2\/product-catagories?post=15307"},{"taxonomy":"product-tag","embeddable":true,"href":"https:\/\/www.tononplastics.com\/tr\/wp-json\/wp\/v2\/product-tag?post=15307"}],"curies":[{"name":"wp","href":"https:\/\/api.w.org\/{rel}","templated":true}]}}