{"id":15310,"date":"2023-08-23T22:50:59","date_gmt":"2023-08-23T14:50:59","guid":{"rendered":"https:\/\/tononplastics.com\/?post_type=product&#038;p=15310"},"modified":"2024-03-25T16:34:01","modified_gmt":"2024-03-25T08:34:01","slug":"4mm-polycarbonate-gazebo-plastic-sheet-rolls-polycarbonate-plastic-sheet","status":"publish","type":"product","link":"https:\/\/www.tononplastics.com\/tr\/product\/4mm-polycarbonate-gazebo-plastic-sheet-rolls-polycarbonate-plastic-sheet\/","title":{"rendered":"4mm polikarbonat gazebo plastik levha \/ rulo polikarbonat plastik levha"},"content":{"rendered":"<div id=\"ali-anchor-AliPostDhMb-6qy3o\" data-section=\"AliPostDhMb-6qy3o\" data-section-title=\"Product Description\">\n<div id=\"ali-title-AliPostDhMb-6qy3o\"><strong>\u00dcr\u00fcn A\u00e7\u0131klamas\u0131<\/strong><\/div>\n<div>\n<p>\u00a0<img fetchpriority=\"high\" decoding=\"async\" class=\"\" src=\"https:\/\/sc01.alicdn.com\/kf\/Hd9e19d925ce84a0fa4b3eef7a61b9267P\/200162319\/Hd9e19d925ce84a0fa4b3eef7a61b9267P.jpg\" alt=\"4mm polikarbonat gazebo plastik levha \/ rulo polikarbonat plastik levha\" width=\"413\" height=\"275\" data-src=\"\/\/sc01.alicdn.com\/kf\/Hd9e19d925ce84a0fa4b3eef7a61b9267P\/200162319\/Hd9e19d925ce84a0fa4b3eef7a61b9267P.jpg\" data-alt=\"4mm polycarbonate gazebo plastic sheet\/ rolls polycarbonate plastic sheet\" data-width=\"630\" data-height=\"468\" data- title=\"\"><img decoding=\"async\" class=\"\" src=\"https:\/\/sc01.alicdn.com\/kf\/H5252f7bf19904b9295f135ab89a014f02\/200162319\/H5252f7bf19904b9295f135ab89a014f02.jpg\" alt=\"4mm polikarbonat gazebo plastik levha \/ rulo polikarbonat plastik levha\" width=\"402\" height=\"268\" data-src=\"\/\/sc01.alicdn.com\/kf\/H5252f7bf19904b9295f135ab89a014f02\/200162319\/H5252f7bf19904b9295f135ab89a014f02.jpg\" data-alt=\"4mm polycarbonate gazebo plastic sheet\/ rolls polycarbonate plastic sheet\" data-width=\"630\" data-height=\"468\" data- title=\"\"><\/p>\n<\/div>\n<\/div>\n<p><strong>Giri\u015f:<\/strong><\/p>\n<p>PC Levha karbonik asit esterinin toplanmas\u0131ndan yap\u0131lm\u0131\u015ft\u0131r, iyi performansa sahiptir<br \/>\n<span style=\"font-size: revert; color: initial;\">ve hala \u00e7ok y\u00fcksek diren\u00e7 ve sald\u0131r\u0131 g\u00fcc\u00fcne sahiptir.<br \/>\n<\/span><span style=\"font-size: revert; color: initial;\">D\u00fc\u015f\u00fck s\u0131cakl\u0131k alt\u0131nda yo\u011funluk. Rijitlik, mukavemeti s\u0131n\u0131rlar i\u00e7inde tutar.<br \/>\n<\/span><span style=\"font-size: revert; color: initial;\">daha b\u00fcy\u00fck s\u0131cakl\u0131k aral\u0131\u011f\u0131. \u0130n\u015faat, reklam sekt\u00f6r\u00fcnde yayg\u0131n olarak kullan\u0131l\u0131r,<br \/>\n<\/span><span style=\"font-size: revert; color: initial;\">dekorasyon, trafik vb.<\/span><\/p>\n<p><strong>\u00d6zellikler:<\/strong><\/p>\n<p>1. M\u00fckemmel fiziksel, mekanik performans.<\/p>\n<p>2. \u0130yi elektrik, \u0131s\u0131 ve ses yal\u0131t\u0131m\u0131.<\/p>\n<p>3. \u0130yi darbe direnci ve y\u00fcksek mukavemet.<\/p>\n<p>4. \u0130yi \u0131\u015f\u0131k ge\u00e7irgenli\u011fi performans\u0131.<\/p>\n<p>5. \u0130yi s\u0131cakl\u0131k direnci.<\/p>\n<p>6. Yang\u0131n geciktirme.<\/p>\n<p>7. Toksik de\u011fildir.<\/p>\n<p>8. UV korumas\u0131.<\/p>\n<p>9. Ay\u0131 ya\u015flanmas\u0131.<\/p>\n<p><img decoding=\"async\" src=\"https:\/\/sc01.alicdn.com\/kf\/Hee35153016fb4f64a8abd2cf77d8280dQ\/200162319\/Hee35153016fb4f64a8abd2cf77d8280dQ.jpg\" alt=\"4mm polikarbonat gazebo plastik levha \/ rulo polikarbonat plastik levha\" width=\"700\" height=\"520\" data-src=\"\/\/sc01.alicdn.com\/kf\/Hee35153016fb4f64a8abd2cf77d8280dQ\/200162319\/Hee35153016fb4f64a8abd2cf77d8280dQ.jpg\" data-alt=\"4mm polycarbonate gazebo plastic sheet\/ rolls polycarbonate plastic sheet\" data-width=\"700\" data-height=\"520\" data- title=\"\"><\/p>\n<div id=\"ali-anchor-AliPostDhMb-0kuep\" data-section=\"AliPostDhMb-0kuep\" data-section-title=\"FAQ\">\n<div id=\"ali-title-AliPostDhMb-0kuep\"><strong>SSS<\/strong><\/div>\n<div>\n<p>1.S: Ticaret \u015firketi veya \u00fcretici misiniz?<\/p>\n<p>A: Biz \u00fcreticiyiz.<\/p>\n<p>2.S: Teslimat s\u00fcreniz ne kadar?<\/p>\n<p>C: \u00dcr\u00fcn i\u015flemenin zorlu\u011funa ve miktar\u0131na g\u00f6re, size makul bir var\u0131\u015f s\u00fcresi verilecektir.<\/p>\n<p>3. S: Numune sa\u011fl\u0131yor musunuz? \u00dccretsiz mi yoksa ekstra m\u0131?<\/p>\n<p>C: Evet, numuneyi \u00fccretsiz olarak sunabiliriz, ancak navlun bedelini \u00f6demiyoruz.<\/p>\n<p>4.S: Sat\u0131\u015f sonras\u0131 hizmetler nelerdir?<\/p>\n<p>C: Kalite problemleri durumunda, paket 90 g\u00fcn i\u00e7inde de\u011fi\u015ftirilebilir.<\/p>\n<p><img loading=\"lazy\" decoding=\"async\" src=\"https:\/\/sc01.alicdn.com\/kf\/Hb3bdebb96a2849458ce6dfcbaa19c5d15\/200162319\/Hb3bdebb96a2849458ce6dfcbaa19c5d15.png\" alt=\"4mm polikarbonat gazebo plastik levha \/ rulo polikarbonat plastik levha\" width=\"700\" height=\"550\" data-src=\"\/\/sc01.alicdn.com\/kf\/Hb3bdebb96a2849458ce6dfcbaa19c5d15\/200162319\/Hb3bdebb96a2849458ce6dfcbaa19c5d15.png\" data-alt=\"4mm polycarbonate gazebo plastic sheet\/ rolls polycarbonate plastic sheet\" data-width=\"700\" data-height=\"550\" data- title=\"\"><\/p>\n<\/div>\n<\/div>","protected":false},"featured_media":15139,"parent":0,"template":"","product-catagories":[177],"product-tag":[],"class_list":["post-15310","product","type-product","status-publish","has-post-thumbnail","hentry","product-catagories-polycarbonate-solid-sheet"],"acf":[],"_links":{"self":[{"href":"https:\/\/www.tononplastics.com\/tr\/wp-json\/wp\/v2\/product\/15310","targetHints":{"allow":["GET"]}}],"collection":[{"href":"https:\/\/www.tononplastics.com\/tr\/wp-json\/wp\/v2\/product"}],"about":[{"href":"https:\/\/www.tononplastics.com\/tr\/wp-json\/wp\/v2\/types\/product"}],"version-history":[{"count":0,"href":"https:\/\/www.tononplastics.com\/tr\/wp-json\/wp\/v2\/product\/15310\/revisions"}],"wp:featuredmedia":[{"embeddable":true,"href":"https:\/\/www.tononplastics.com\/tr\/wp-json\/wp\/v2\/media\/15139"}],"wp:attachment":[{"href":"https:\/\/www.tononplastics.com\/tr\/wp-json\/wp\/v2\/media?parent=15310"}],"wp:term":[{"taxonomy":"product-catagories","embeddable":true,"href":"https:\/\/www.tononplastics.com\/tr\/wp-json\/wp\/v2\/product-catagories?post=15310"},{"taxonomy":"product-tag","embeddable":true,"href":"https:\/\/www.tononplastics.com\/tr\/wp-json\/wp\/v2\/product-tag?post=15310"}],"curies":[{"name":"wp","href":"https:\/\/api.w.org\/{rel}","templated":true}]}}