{"id":15312,"date":"2023-08-23T22:55:40","date_gmt":"2023-08-23T14:55:40","guid":{"rendered":"https:\/\/tononplastics.com\/?post_type=product&#038;p=15312"},"modified":"2024-03-25T12:03:46","modified_gmt":"2024-03-25T04:03:46","slug":"polycarbonate-solid-sheet-scratch-solution-sun-sheets-pc-embossed-sheets","status":"publish","type":"product","link":"https:\/\/www.tononplastics.com\/tr\/product\/polycarbonate-solid-sheet-scratch-solution-sun-sheets-pc-embossed-sheets\/","title":{"rendered":"Polikarbonat kat\u0131 levha \u00e7izik \u00e7\u00f6z\u00fcm\u00fc G\u00fcne\u015f Levhalar\u0131 ve PC Kabartmal\u0131 Levhalar"},"content":{"rendered":"<figure class=\"wp-block-gallery has-nested-images columns-default is-cropped wp-block-gallery-1 is-layout-flex wp-block-gallery-is-layout-flex\">\n<figure class=\"wp-block-image size-large\"><img decoding=\"async\" data-id=\"15101\" src=\"https:\/\/www.tononplastics.com\/wp-content\/uploads\/2023\/08\/H8575ccec63db4612b95ede9a30b7cc782.jpg\" alt=\"\" class=\"wp-image-15101\" title=\"\"><\/figure>\n\n\n\n<figure class=\"wp-block-image size-large\"><img fetchpriority=\"high\" decoding=\"async\" width=\"822\" height=\"822\" data-id=\"15100\" src=\"https:\/\/www.tononplastics.com\/wp-content\/uploads\/2023\/08\/H0c09c837f0a54be1a8b5c6b0ad19f2766.jpg\" alt=\"\" class=\"wp-image-15100\" title=\"\" srcset=\"https:\/\/www.tononplastics.com\/wp-content\/uploads\/2023\/08\/H0c09c837f0a54be1a8b5c6b0ad19f2766.jpg 822w, https:\/\/www.tononplastics.com\/wp-content\/uploads\/2023\/08\/H0c09c837f0a54be1a8b5c6b0ad19f2766-300x300.jpg 300w, https:\/\/www.tononplastics.com\/wp-content\/uploads\/2023\/08\/H0c09c837f0a54be1a8b5c6b0ad19f2766-150x150.jpg 150w, https:\/\/www.tononplastics.com\/wp-content\/uploads\/2023\/08\/H0c09c837f0a54be1a8b5c6b0ad19f2766-768x768.jpg 768w\" sizes=\"(max-width: 822px) 100vw, 822px\" \/><\/figure>\n<\/figure>\n\n\n<div id=\"ali-anchor-AliPostDhMb-sfzs7\" class=\"mceSectionContainer\" data-section=\"AliPostDhMb-sfzs7\" data-section-title=\"Product Description\">\n<div id=\"ali-title-AliPostDhMb-sfzs7\"><strong>\u00dcr\u00fcn Detaylar\u0131:<\/strong><\/div>\n<div><strong><br \/><\/strong><span style=\"font-size: revert; color: initial;\">1) Darbe dayan\u0131m\u0131: PC i\u00e7i bo\u015f levhan\u0131n darbe dayan\u0131m\u0131 cam\u0131n 250 kat\u0131d\u0131r.<\/span><\/div>\n<div><span style=\"font-size: revert; color: initial;\"><br \/>2) Hafif a\u011f\u0131rl\u0131k: PC i\u00e7i bo\u015f levhan\u0131n a\u011f\u0131rl\u0131\u011f\u0131 cam\u0131n sadece yar\u0131s\u0131 kadard\u0131r.<\/span><\/div>\n<div>\u00a0<\/div>\n<div><span style=\"font-size: revert; color: initial;\">3) \u015eeffafl\u0131k: 3mm kal\u0131nl\u0131\u011f\u0131nda PC i\u00e7i bo\u015f tabakan\u0131n \u0131\u015f\u0131k ge\u00e7irgenli\u011fi 88%'dir.<\/span><\/div>\n<div><span style=\"font-size: revert; color: initial;\"><br \/>4) UV korumas\u0131: Bir PC tabakas\u0131, PC tabakas\u0131n\u0131n renginin solmas\u0131n\u0131 da \u00f6nleyen y\u00fcksek yo\u011funluklu bir ultraviyole \u0131\u015f\u0131n\u0131 ile birlikte ekstr\u00fcde edilir.<\/span><\/div>\n<div><span style=\"font-size: revert; color: initial;\"><br \/>5) Hava ko\u015fullar\u0131na kar\u015f\u0131 diren\u00e7: PC i\u00e7i bo\u015f levha k\u00f6t\u00fc hava ko\u015fullar\u0131na dayan\u0131kl\u0131d\u0131r <\/span><\/div>\n<div><span style=\"font-size: revert; color: initial;\">hava ko\u015fullar\u0131na dayan\u0131kl\u0131d\u0131r ve -40\u2103 ila 12\u2103 s\u0131cakl\u0131k aral\u0131\u011f\u0131nda m\u00fckemmel performans\u0131n\u0131 korur<\/span><\/div>\n<div><span style=\"font-size: revert; color: initial;\"><br \/><\/span><span style=\"font-size: revert; color: initial;\">6) Yo\u011fu\u015fmay\u0131 \u00f6nleme: D\u0131\u015f ortam s\u0131cakl\u0131\u011f\u0131 0 ve i\u00e7 ortam s\u0131cakl\u0131\u011f\u0131 23 \u2103 oldu\u011funda, PC sayfas\u0131 80%'ye kadar yo\u011fu\u015facakt\u0131r.<\/span><\/div>\n<div><span style=\"font-size: revert; color: initial;\"> <br \/><\/span><span style=\"font-size: revert; color: initial;\">7) Is\u0131 yal\u0131t\u0131m\u0131: Cam\u0131n K-de\u011feri PC kat\u0131 levhan\u0131n 1,2 kat\u0131d\u0131r. PC levhalar \u0131s\u0131 kayb\u0131n\u0131 \u00f6nlerken enerji tasarrufu sa\u011flayabilir.<\/span><\/div>\n<div><span style=\"font-size: revert; color: initial;\"><br \/><\/span><span style=\"font-size: revert; color: initial;\">8) Ses yal\u0131t\u0131m\u0131: 6mm kal\u0131nl\u0131\u011f\u0131nda PC i\u00e7i bo\u015f levha sesi 20db azaltabilir.<br \/><\/span><span style=\"font-size: revert; color: initial;\"><br \/>9) Alev direnci: Yang\u0131n Yap\u0131 malzemelerinin kalite Denetimi ve Testi i\u00e7in Ulusal merkez taraf\u0131ndan yap\u0131lan testler sonucunda, malzeme QB8624-1997 standard\u0131na g\u00f6re S\u0131n\u0131f 1 olarak derecelendirilmi\u015ftir.<br \/><br \/><\/span><span style=\"font-size: revert; color: initial;\">10) Kolay kurulum: Bir PC levhas\u0131 s\u0131cakken veya so\u011fukken b\u00fck\u00fclebilir ve kavisli kanatlar ve pencerelerde kullan\u0131labilir. Bir PC levhas\u0131n\u0131n minimum e\u011frilik yar\u0131\u00e7ap\u0131, kal\u0131nl\u0131\u011f\u0131n\u0131n 175 kat\u0131d\u0131r.\u00a0<\/span><\/div>\n<\/div>\n<div id=\"ali-anchor-AliPostDhMb-2qskj\" class=\"mceSectionContainer\" data-section=\"AliPostDhMb-2qskj\" data-section-title=\"Company Information\">\n<p>\u00a0FOSHAN HUAXIA NATURE BUILDING MATERIALS CO., LTD, 2004 y\u0131l\u0131nda kurulmu\u015f olup, polikarbonat kat\u0131 levha, polikarbonat i\u00e7i bo\u015f levha, Tente Braketi ve polikarbonat Dalga kiremitlerinin ara\u015ft\u0131rma, geli\u015ftirme, \u00fcretim, sat\u0131\u015f ve servisini yapan profesyonel bir \u00fcreticidir. \u00c7in'de iyi bilinen dekoratif malzeme \u00fcretim \u00fcss\u00fc olan Foshan'da bulunuyoruz. \u015eirketimizde, y\u00fcksek \u00fcr\u00fcn istikrar\u0131m\u0131z\u0131 ve g\u00fcvenilirli\u011fimizi garanti eden sa\u011flam bir temel, olgun \u00fcretim teknolojisi ve s\u0131k\u0131 kalite kontrol sistemleri bulunmaktad\u0131r.<\/p>\n<\/div>\n<div id=\"ali-anchor-AliPostDhMb-bktqy\" class=\"mceSectionContainer\" data-section=\"AliPostDhMb-bktqy\" data-section-title=\"Packaging &amp; Shipping\">\n<div id=\"ali-title-AliPostDhMb-bktqy\"><strong>Paketleme ve Nakliye<\/strong><\/div>\n<div>\n<p>\u00a0<img decoding=\"async\" src=\"https:\/\/sc01.alicdn.com\/kf\/H74247c1d61554ba2a775e9ce59244207e\/200162319\/H74247c1d61554ba2a775e9ce59244207e.jpg\" alt=\"polikarbonat kat\u0131 levha \u00e7izik \u00e7\u00f6z\u00fcm\u00fc G\u00fcne\u015f Levhalar\u0131 ve PC Kabartmal\u0131 Levhalar\" width=\"630\" height=\"509.04\" data-src=\"\/\/sc01.alicdn.com\/kf\/H74247c1d61554ba2a775e9ce59244207e\/200162319\/H74247c1d61554ba2a775e9ce59244207e.jpg\" data-alt=\"polycarbonate solid sheet scratch solution Sun Sheets &amp; PC Embossed Sheets\" data-width=\"630\" data- title=\"\"><img decoding=\"async\" src=\"https:\/\/sc02.alicdn.com\/kf\/H02a52324dc024cdcbaee8c550d0c5b3cR\/200162319\/H02a52324dc024cdcbaee8c550d0c5b3cR.png\" alt=\"polikarbonat kat\u0131 levha \u00e7izik \u00e7\u00f6z\u00fcm\u00fc G\u00fcne\u015f Levhalar\u0131 ve PC Kabartmal\u0131 Levhalar\" width=\"630\" height=\"214.7347480106101\" data-src=\"\/\/sc02.alicdn.com\/kf\/H02a52324dc024cdcbaee8c550d0c5b3cR\/200162319\/H02a52324dc024cdcbaee8c550d0c5b3cR.png\" data-alt=\"polycarbonate solid sheet scratch solution Sun Sheets &amp; PC Embossed Sheets\" data-width=\"630\" data- title=\"\"><\/p>\n<p>\u00a0<img decoding=\"async\" src=\"https:\/\/sc02.alicdn.com\/kf\/H041aadba055e4601bc7a678fb8698a30S\/200162319\/H041aadba055e4601bc7a678fb8698a30S.jpg\" alt=\"polikarbonat kat\u0131 levha \u00e7izik \u00e7\u00f6z\u00fcm\u00fc G\u00fcne\u015f Levhalar\u0131 ve PC Kabartmal\u0131 Levhalar\" width=\"630\" height=\"472.5\" data-src=\"\/\/sc02.alicdn.com\/kf\/H041aadba055e4601bc7a678fb8698a30S\/200162319\/H041aadba055e4601bc7a678fb8698a30S.jpg\" data-alt=\"polycarbonate solid sheet scratch solution Sun Sheets &amp; PC Embossed Sheets\" data-width=\"630\" data- title=\"\"><img decoding=\"async\" src=\"https:\/\/sc01.alicdn.com\/kf\/H13a68bf757104e7f87240c10e9cd3dffH\/200162319\/H13a68bf757104e7f87240c10e9cd3dffH.jpg\" alt=\"polikarbonat kat\u0131 levha \u00e7izik \u00e7\u00f6z\u00fcm\u00fc G\u00fcne\u015f Levhalar\u0131 ve PC Kabartmal\u0131 Levhalar\" width=\"630\" height=\"472.5\" data-src=\"\/\/sc01.alicdn.com\/kf\/H13a68bf757104e7f87240c10e9cd3dffH\/200162319\/H13a68bf757104e7f87240c10e9cd3dffH.jpg\" data-alt=\"polycarbonate solid sheet scratch solution Sun Sheets &amp; PC Embossed Sheets\" data-width=\"630\" data- title=\"\"><\/p>\n<\/div>\n<\/div>","protected":false},"featured_media":0,"parent":0,"template":"","product-catagories":[177],"product-tag":[],"class_list":["post-15312","product","type-product","status-publish","hentry","product-catagories-polycarbonate-solid-sheet"],"acf":[],"_links":{"self":[{"href":"https:\/\/www.tononplastics.com\/tr\/wp-json\/wp\/v2\/product\/15312","targetHints":{"allow":["GET"]}}],"collection":[{"href":"https:\/\/www.tononplastics.com\/tr\/wp-json\/wp\/v2\/product"}],"about":[{"href":"https:\/\/www.tononplastics.com\/tr\/wp-json\/wp\/v2\/types\/product"}],"version-history":[{"count":0,"href":"https:\/\/www.tononplastics.com\/tr\/wp-json\/wp\/v2\/product\/15312\/revisions"}],"wp:attachment":[{"href":"https:\/\/www.tononplastics.com\/tr\/wp-json\/wp\/v2\/media?parent=15312"}],"wp:term":[{"taxonomy":"product-catagories","embeddable":true,"href":"https:\/\/www.tononplastics.com\/tr\/wp-json\/wp\/v2\/product-catagories?post=15312"},{"taxonomy":"product-tag","embeddable":true,"href":"https:\/\/www.tononplastics.com\/tr\/wp-json\/wp\/v2\/product-tag?post=15312"}],"curies":[{"name":"wp","href":"https:\/\/api.w.org\/{rel}","templated":true}]}}