{"id":15316,"date":"2023-08-23T22:57:51","date_gmt":"2023-08-23T14:57:51","guid":{"rendered":"https:\/\/tononplastics.com\/?post_type=product&#038;p=15316"},"modified":"2024-03-25T12:34:43","modified_gmt":"2024-03-25T04:34:43","slug":"polycarbonate-sheet-used-for-bus-stop-bus-station-roof-sheet","status":"publish","type":"product","link":"https:\/\/www.tononplastics.com\/tr\/product\/polycarbonate-sheet-used-for-bus-stop-bus-station-roof-sheet\/","title":{"rendered":"Otob\u00fcs dura\u011f\u0131 \u00e7at\u0131 sac\u0131 i\u00e7in kullan\u0131lan polikarbonat levha"},"content":{"rendered":"<figure class=\"wp-block-gallery has-nested-images columns-default is-cropped wp-block-gallery-1 is-layout-flex wp-block-gallery-is-layout-flex\">\n<figure class=\"wp-block-image size-large\"><img decoding=\"async\" data-id=\"16138\" src=\"https:\/\/www.tononplastics.com\/wp-content\/uploads\/2024\/03\/H8c2216795864433d9334feab5642fc17J.webp\" alt=\"\" class=\"wp-image-16138\" title=\"\"><\/figure>\n\n\n\n<figure class=\"wp-block-image size-large\"><img decoding=\"async\" data-id=\"16139\" src=\"https:\/\/www.tononplastics.com\/wp-content\/uploads\/2024\/03\/H51343cdbb8f04c94a5295d3aa768236fu.webp\" alt=\"\" class=\"wp-image-16139\" title=\"\"><\/figure>\n<\/figure>\n\n\n<p><strong>\u00d6zellikler:<\/strong><\/p>\n<p>1) Darbe dayan\u0131m\u0131: Plastik levhan\u0131n darbe dayan\u0131m\u0131 cam\u0131n 250 kat\u0131d\u0131r.<\/p>\n<p>2) Hafif a\u011f\u0131rl\u0131k: Plastik levhan\u0131n a\u011f\u0131rl\u0131\u011f\u0131 cam\u0131n sadece yar\u0131s\u0131 kadard\u0131r.<\/p>\n<p>3) \u015eeffafl\u0131k: 3mm kal\u0131nl\u0131\u011f\u0131nda bir plastik tabakan\u0131n \u0131\u015f\u0131k ge\u00e7irgenli\u011fi 88%'dir.<\/p>\n<p>4) UV korumas\u0131: Bir PC tabakas\u0131, PC tabakas\u0131n\u0131n renginin solmas\u0131n\u0131 da \u00f6nleyen y\u00fcksek yo\u011funluklu bir ultraviyole \u0131\u015f\u0131n\u0131 ile birlikte ekstr\u00fcde edilir.<\/p>\n<p>5) Hava ko\u015fullar\u0131na kar\u015f\u0131 diren\u00e7: plastik levha k\u00f6t\u00fc hava ko\u015fullar\u0131na kar\u015f\u0131 diren\u00e7lidir ve -40oC ila 120oC s\u0131cakl\u0131k aral\u0131\u011f\u0131nda m\u00fckemmel performans sa\u011flar<\/p>\n<p>6) Yo\u011fu\u015fmay\u0131 \u00f6nleme: D\u0131\u015f ortam s\u0131cakl\u0131\u011f\u0131 0oC ve i\u00e7 ortam s\u0131cakl\u0131\u011f\u0131 23oC oldu\u011funda, PC sayfas\u0131 80%'ye kadar yo\u011fu\u015facakt\u0131r.<\/p>\n<p>7) Is\u0131 yal\u0131t\u0131m\u0131: Cam\u0131n K-de\u011feri PC kat\u0131 levhan\u0131n 1,2 kat\u0131d\u0131r. PC levhalar \u0131s\u0131 kayb\u0131n\u0131 \u00f6nlerken enerji tasarrufu sa\u011flayabilir.<\/p>\n<p>8) Ses yal\u0131t\u0131m\u0131: 6mm kal\u0131nl\u0131\u011f\u0131nda PC kat\u0131 levha sesi 20db azaltabilir.<\/p>\n<p>9) Alev direnci: Yang\u0131n Yap\u0131 malzemelerinin kalite Denetimi ve Testi i\u00e7in Ulusal merkez taraf\u0131ndan yap\u0131lan testler sonucunda, malzeme QB8624-1997 standard\u0131na g\u00f6re S\u0131n\u0131f 1 olarak derecelendirilmi\u015ftir.<\/p>\n<p>10) Kolay kurulum: Bir PC levhas\u0131 s\u0131cakken veya so\u011fukken b\u00fck\u00fclebilir ve kavisli kanatlar ve pencerelerde kullan\u0131labilir. Bir PC levhas\u0131n\u0131n minimum e\u011frilik yar\u0131\u00e7ap\u0131, kal\u0131nl\u0131\u011f\u0131n\u0131n 175 kat\u0131d\u0131r.<br \/><img fetchpriority=\"high\" decoding=\"async\" src=\"https:\/\/sc01.alicdn.com\/kf\/H32420328557d486eb5370e0cf573cf134\/200162319\/H32420328557d486eb5370e0cf573cf134.jpg\" alt=\"otob\u00fcs dura\u011f\u0131 i\u00e7in kullan\u0131lan polikarbonat levha otob\u00fcs dura\u011f\u0131 \u00e7at\u0131 sac\u0131\" width=\"630\" height=\"840\" data-src=\"\/\/sc01.alicdn.com\/kf\/H32420328557d486eb5370e0cf573cf134\/200162319\/H32420328557d486eb5370e0cf573cf134.jpg\" data-alt=\"polycarbonate sheet used for bus stop bus station roof sheet\" data-width=\"630\" data- title=\"\"><\/p>\n<p><strong>\u00d6zellikler:<\/strong><\/p>\n<p>1) Kal\u0131nl\u0131k: 1.5mm-16mm<\/p>\n<p>2) Maksimum geni\u015flik: 2100mm<\/p>\n<p>3) Uzunluk: S\u0131n\u0131r yok<\/p>\n<p>4) \u00d6zg\u00fcl a\u011f\u0131rl\u0131k: 1200kg\/m3<\/p>\n<p>5) Renk: Berrak, mavi, ye\u015fil, opal, kahverengi, vb.<\/p>\n<p><img decoding=\"async\" src=\"https:\/\/sc01.alicdn.com\/kf\/Hde2b9ec7d1d24a39a08ed8018029c625e\/200162319\/Hde2b9ec7d1d24a39a08ed8018029c625e.jpg\" alt=\"otob\u00fcs dura\u011f\u0131 i\u00e7in kullan\u0131lan polikarbonat levha otob\u00fcs dura\u011f\u0131 \u00e7at\u0131 sac\u0131\" width=\"630\" height=\"884.52\" data-src=\"\/\/sc01.alicdn.com\/kf\/Hde2b9ec7d1d24a39a08ed8018029c625e\/200162319\/Hde2b9ec7d1d24a39a08ed8018029c625e.jpg\" data-alt=\"polycarbonate sheet used for bus stop bus station roof sheet\" data-width=\"630\" data- title=\"\"><\/p>\n<p><strong>Proje Vakas\u0131:<\/strong><\/p>\n<p><strong><img decoding=\"async\" src=\"https:\/\/sc02.alicdn.com\/kf\/Hdd4004b411004005a6f45b41e9b6359cw\/200162319\/Hdd4004b411004005a6f45b41e9b6359cw.png\" alt=\"otob\u00fcs dura\u011f\u0131 i\u00e7in kullan\u0131lan polikarbonat levha otob\u00fcs dura\u011f\u0131 \u00e7at\u0131 sac\u0131\" width=\"630\" height=\"585.7438016528926\" data-src=\"\/\/sc02.alicdn.com\/kf\/Hdd4004b411004005a6f45b41e9b6359cw\/200162319\/Hdd4004b411004005a6f45b41e9b6359cw.png\" data-alt=\"polycarbonate sheet used for bus stop bus station roof sheet\" data-width=\"630\" data- title=\"\"><\/strong><\/p>","protected":false},"featured_media":15287,"parent":0,"template":"","product-catagories":[177],"product-tag":[],"class_list":["post-15316","product","type-product","status-publish","has-post-thumbnail","hentry","product-catagories-polycarbonate-solid-sheet"],"acf":[],"_links":{"self":[{"href":"https:\/\/www.tononplastics.com\/tr\/wp-json\/wp\/v2\/product\/15316","targetHints":{"allow":["GET"]}}],"collection":[{"href":"https:\/\/www.tononplastics.com\/tr\/wp-json\/wp\/v2\/product"}],"about":[{"href":"https:\/\/www.tononplastics.com\/tr\/wp-json\/wp\/v2\/types\/product"}],"version-history":[{"count":0,"href":"https:\/\/www.tononplastics.com\/tr\/wp-json\/wp\/v2\/product\/15316\/revisions"}],"wp:featuredmedia":[{"embeddable":true,"href":"https:\/\/www.tononplastics.com\/tr\/wp-json\/wp\/v2\/media\/15287"}],"wp:attachment":[{"href":"https:\/\/www.tononplastics.com\/tr\/wp-json\/wp\/v2\/media?parent=15316"}],"wp:term":[{"taxonomy":"product-catagories","embeddable":true,"href":"https:\/\/www.tononplastics.com\/tr\/wp-json\/wp\/v2\/product-catagories?post=15316"},{"taxonomy":"product-tag","embeddable":true,"href":"https:\/\/www.tononplastics.com\/tr\/wp-json\/wp\/v2\/product-tag?post=15316"}],"curies":[{"name":"wp","href":"https:\/\/api.w.org\/{rel}","templated":true}]}}