{"id":15321,"date":"2023-08-23T23:01:25","date_gmt":"2023-08-23T15:01:25","guid":{"rendered":"https:\/\/tononplastics.com\/?post_type=product&#038;p=15321"},"modified":"2024-03-25T13:22:19","modified_gmt":"2024-03-25T05:22:19","slug":"plastic-pc-light-diffusion-sheet","status":"publish","type":"product","link":"https:\/\/www.tononplastics.com\/tr\/product\/plastic-pc-light-diffusion-sheet\/","title":{"rendered":"Plastik PC \u0131\u015f\u0131k dif\u00fczyon levhas\u0131"},"content":{"rendered":"<p>Plastik PC \u0131\u015f\u0131k dif\u00fczyon levhas\u0131, ayd\u0131nlatma lensleri ve \u0131\u015f\u0131k kutusu i\u00e7in \u00f6zel olarak tasarlanm\u0131\u015f yar\u0131 saydam bir polikarbonat \u00fcr\u00fcnd\u00fcr. Geli\u015fmi\u015f dif\u00fcz\u00f6r teknolojisi sayesinde y\u00fcksek \u0131\u015f\u0131k dif\u00fczyonu ve y\u00fcksek \u0131\u015f\u0131k ge\u00e7irgenli\u011finin benzersiz bir kombinasyonuna sahiptir. D\u00fczg\u00fcn dif\u00fczyon \u00f6zellikleri, tabaka \u00fczerindeki g\u00f6r\u00fcn\u00fcr LED \u2018s\u0131cak noktalar\u0131n\u0131\u2019 azaltmaya yard\u0131mc\u0131 olur. Cam ve akrilik gibi di\u011fer \u0131\u015f\u0131k yay\u0131c\u0131 \u00fcr\u00fcnlerle kar\u015f\u0131la\u015ft\u0131r\u0131ld\u0131\u011f\u0131nda, Quanfu PC dif\u00fcz\u00f6r tabakas\u0131 \u00fcst\u00fcn darbe dayan\u0131m\u0131na sahiptir. Y\u00fcksek s\u0131cakl\u0131k direnci, akrilikle m\u00fcmk\u00fcn olandan daha s\u0131k\u0131 tasar\u0131mlara izin verir. Quanfu PC da\u011f\u0131n\u0131k levhan\u0131n g\u00fcvenli yang\u0131n davran\u0131\u015f\u0131, onu havaalanlar\u0131 ve metro istasyonlar\u0131 gibi bina y\u00f6netmeliklerinin gerektirdi\u011fi alanlarda kullan\u0131m i\u00e7in ideal hale getirir.<\/p>\n\n\n\n<h2 class=\"wp-block-heading\">\u00d6zellikler<\/h2>\n\n\n\n<p>Y\u00fcksek \u0131\u015f\u0131k ge\u00e7irgenli\u011fi \/ astigmat etkisi \/ y\u00fcksek darbe direnci \/ iyi hava direnci \/ alev geciktirici \/ hafif ve kurulumu kolay \/ imal edilebilir<\/p>\n\n\n\n<h2 class=\"wp-block-heading\">Uygulama alan\u0131<\/h2>\n\n\n\n<p>Ayd\u0131nlatma lambas\u0131 reklam \u0131\u015f\u0131k kutusu, \u0131\u015f\u0131kl\u0131 logo abajur paneli, modelleme lambas\u0131 LED \u0131\u015f\u0131kl\u0131 g\u00f6vde<\/p>\n\n\n\n<figure class=\"wp-block-image\"><img decoding=\"async\" src=\"https:\/\/www.qfzhpc.com\/repository\/image\/b9257523-08e8-4c15-bbb6-46a7283094f3.jpg\" alt=\"r\" title=\"\"><\/figure>\n\n\n\n<figure class=\"wp-block-image\"><img decoding=\"async\" src=\"https:\/\/www.qfzhpc.com\/repository\/image\/42e6d982-1a48-4b02-bfe7-d7b70a3a29f9.jpg\" alt=\"qf\" title=\"\"><\/figure>\n\n\n<p><strong>I\u015f\u0131k \u0130letimi<\/strong><br \/>I\u015f\u0131k ge\u00e7irgenli\u011fi renk ve kal\u0131nl\u0131\u011fa ba\u011fl\u0131 olarak 12%-82%'ye ula\u015f\u0131r.<\/p>\n<p><strong>UV korumas\u0131<\/strong><br \/>Tescilli anti-UV kaplamaya atfedilen Polikarbonat \u0131\u015f\u0131kl\u0131k, maruz kald\u0131ktan sonra m\u00fckemmel mekanik ve optik performans\u0131n\u0131 korur.<\/p>\n<p><strong>Hava Durumu Yetene\u011fi<\/strong><br \/>40\u00b0C-120\u00b0C aras\u0131ndaki geni\u015f s\u0131cakl\u0131k aral\u0131\u011f\u0131nda m\u00fckemmel performans\u0131 koruyan s\u00fcper hava ko\u015fullar\u0131na dayan\u0131kl\u0131d\u0131r.<br \/>Yang\u0131n geciktirici :UL Yan\u0131c\u0131l\u0131k 94 V-2<\/p>\n<p><strong>Kolay Kurulum<\/strong><br \/>Kurulumu kolayd\u0131r ve so\u011fuk b\u00fck\u00fclebilir<\/p>\n<p><strong>Darbe Dayan\u0131m\u0131<\/strong><br \/>S\u0131radan cam\u0131n 250-300 kat\u0131 ve ayn\u0131 kal\u0131nl\u0131ktaki akrilik panellerin 30 kat\u0131 darbe dayan\u0131m\u0131, 3 kg \u00e7eki\u00e7 alt\u0131nda iki metre d\u00fc\u015fen sertle\u015ftirilmi\u015f cam\u0131n 2-20 kat\u0131d\u0131r, \u00e7atlak yok, k\u0131r\u0131k yok.<\/p>\n<p>\u00a0<\/p>\n<div id=\"ali-anchor-AliPostDhMb-lve6r\" class=\"mceSectionContainer\" data-section=\"AliPostDhMb-lve6r\" data-section-title=\"Company Information\">\n<div>\n<p><img decoding=\"async\" src=\"https:\/\/sc04.alicdn.com\/kf\/He65fe62b4fff4bceb9db2d8d443b0938x\/200162319\/He65fe62b4fff4bceb9db2d8d443b0938x.jpg\" alt=\"plastik pc \u0131\u015f\u0131k dif\u00fczyon levhas\u0131\" width=\"630\" height=\"472.5\" data-src=\"\/\/sc04.alicdn.com\/kf\/He65fe62b4fff4bceb9db2d8d443b0938x\/200162319\/He65fe62b4fff4bceb9db2d8d443b0938x.jpg\" data-alt=\"plastic pc light diffusion sheet\" data-width=\"630\" data- title=\"\"><img decoding=\"async\" src=\"https:\/\/sc04.alicdn.com\/kf\/Hec1893bdf96e4e68954f01c51046919cR\/200162319\/Hec1893bdf96e4e68954f01c51046919cR.jpg\" alt=\"plastik pc \u0131\u015f\u0131k dif\u00fczyon levhas\u0131\" width=\"630\" height=\"346.5\" data-src=\"\/\/sc04.alicdn.com\/kf\/Hec1893bdf96e4e68954f01c51046919cR\/200162319\/Hec1893bdf96e4e68954f01c51046919cR.jpg\" data-alt=\"plastic pc light diffusion sheet\" data-width=\"630\" data- title=\"\"><\/p>\n<\/div>\n<\/div>","protected":false},"featured_media":15323,"parent":0,"template":"","product-catagories":[177],"product-tag":[],"class_list":["post-15321","product","type-product","status-publish","has-post-thumbnail","hentry","product-catagories-polycarbonate-solid-sheet"],"acf":[],"_links":{"self":[{"href":"https:\/\/www.tononplastics.com\/tr\/wp-json\/wp\/v2\/product\/15321","targetHints":{"allow":["GET"]}}],"collection":[{"href":"https:\/\/www.tononplastics.com\/tr\/wp-json\/wp\/v2\/product"}],"about":[{"href":"https:\/\/www.tononplastics.com\/tr\/wp-json\/wp\/v2\/types\/product"}],"version-history":[{"count":0,"href":"https:\/\/www.tononplastics.com\/tr\/wp-json\/wp\/v2\/product\/15321\/revisions"}],"wp:featuredmedia":[{"embeddable":true,"href":"https:\/\/www.tononplastics.com\/tr\/wp-json\/wp\/v2\/media\/15323"}],"wp:attachment":[{"href":"https:\/\/www.tononplastics.com\/tr\/wp-json\/wp\/v2\/media?parent=15321"}],"wp:term":[{"taxonomy":"product-catagories","embeddable":true,"href":"https:\/\/www.tononplastics.com\/tr\/wp-json\/wp\/v2\/product-catagories?post=15321"},{"taxonomy":"product-tag","embeddable":true,"href":"https:\/\/www.tononplastics.com\/tr\/wp-json\/wp\/v2\/product-tag?post=15321"}],"curies":[{"name":"wp","href":"https:\/\/api.w.org\/{rel}","templated":true}]}}