{"id":15329,"date":"2023-08-23T23:03:50","date_gmt":"2023-08-23T15:03:50","guid":{"rendered":"https:\/\/tononplastics.com\/?post_type=product&#038;p=15329"},"modified":"2024-03-25T12:20:33","modified_gmt":"2024-03-25T04:20:33","slug":"swimming-pool-panels-clear-polycarbonate-5mm-solid-sheet","status":"publish","type":"product","link":"https:\/\/www.tononplastics.com\/tr\/product\/swimming-pool-panels-clear-polycarbonate-5mm-solid-sheet\/","title":{"rendered":"Y\u00fczme havuzu panelleri \u015feffaf polikarbonat 5mm kat\u0131 levha"},"content":{"rendered":"<p>PC y\u00fczme havuzu Levhas\u0131, karbonik asit esterinin toplanmas\u0131ndan yap\u0131lm\u0131\u015ft\u0131r, s\u00fcr\u00fcnmeyi ta\u015f\u0131yabilecek iyi bir performansa sahiptir ve yine de d\u00fc\u015f\u00fck s\u0131cakl\u0131kta yo\u011funlu\u011fa kar\u015f\u0131 \u00e7ok y\u00fcksek diren\u00e7 ve sald\u0131r\u0131ya sahiptir. Sertlik, daha b\u00fcy\u00fck s\u0131cakl\u0131k aral\u0131\u011f\u0131nda g\u00fcc\u00fc korur. \u0130n\u015faat, reklam, dekorasyon, trafik vb. alanlarda yayg\u0131n olarak kullan\u0131l\u0131r.<\/p>\n<p align=\"left\"><strong>\u00d6zellikler<\/strong>:<br \/>\n<span style=\"font-size: revert; color: initial;\">1. M\u00fckemmel fiziksel, mekanik performans.<br \/>\n<\/span><span style=\"color: initial; font-size: revert;\">2. \u0130yi elektrik, \u0131s\u0131 ve ses yal\u0131t\u0131m\u0131.<br \/>\n<\/span><span style=\"font-size: revert; color: initial;\">3. \u0130yi darbe direnci ve y\u00fcksek mukavemet.<br \/>\n<\/span><span style=\"font-size: revert; color: initial;\">4. \u0130yi \u0131\u015f\u0131k ge\u00e7irgenli\u011fi performans\u0131.<br \/>\n<\/span><span style=\"font-size: revert; color: initial;\">5. \u0130yi s\u0131cakl\u0131k direnci.<br \/>\n<\/span><span style=\"font-size: revert; color: initial;\">6. Yang\u0131n geciktirme.<br \/>\n<\/span><span style=\"font-size: revert; color: initial;\">7. Toksik de\u011fildir.<br \/>\n<\/span><span style=\"font-size: revert; color: initial;\">8. UV korumas\u0131.<br \/>\n<\/span><span style=\"font-size: revert; color: initial;\">9. Ay\u0131 ya\u015flanmas\u0131.<\/span><\/p>\n<p align=\"left\"><img fetchpriority=\"high\" decoding=\"async\" src=\"https:\/\/sc02.alicdn.com\/kf\/H4222a39a7737419ea9160956cf0c50ffO\/200162319\/H4222a39a7737419ea9160956cf0c50ffO.jpg\" alt=\"y\u00fczme havuzu panelleri \u015feffaf polikarbonat 5mm kat\u0131 levha\" width=\"630\" height=\"630\" data-src=\"\/\/sc02.alicdn.com\/kf\/H4222a39a7737419ea9160956cf0c50ffO\/200162319\/H4222a39a7737419ea9160956cf0c50ffO.jpg\" data-alt=\"swimming pool panels clear polycarbonate 5mm solid sheet\" data-width=\"630\" data- title=\"\"><img decoding=\"async\" src=\"https:\/\/sc01.alicdn.com\/kf\/H1baf83ff1ab74e6ab8f72a43aa68be89d\/200162319\/H1baf83ff1ab74e6ab8f72a43aa68be89d.jpg\" alt=\"y\u00fczme havuzu panelleri \u015feffaf polikarbonat 5mm kat\u0131 levha\" width=\"630\" height=\"497.7\" data-src=\"\/\/sc01.alicdn.com\/kf\/H1baf83ff1ab74e6ab8f72a43aa68be89d\/200162319\/H1baf83ff1ab74e6ab8f72a43aa68be89d.jpg\" data-alt=\"swimming pool panels clear polycarbonate 5mm solid sheet\" data-width=\"630\" data- title=\"\"><\/p>\n<p align=\"left\"><strong>Uygulamalar:<\/strong><\/p>\n<p align=\"left\">1. \u00c7at\u0131 pencereleri, \u00e7at\u0131 pencereleri, geni\u015fletilmi\u015f sundurmalar ve seralar, otellerdeki ticari alanlar, kafeler, butikler ve g\u00fczellik salonu, sergi merkezi ve telefon kul\u00fcbesi i\u00e7in yayg\u0131n olarak kullan\u0131lan m\u00fckemmel \u00e7at\u0131 kaplama malzemeleri.<br \/>\n<span style=\"font-size: revert; color: initial;\">2. Otoyollar, y\u00fcksek h\u0131zl\u0131 demiryolu i\u00e7in ses yal\u0131t\u0131m duvar\u0131.<br \/>\n<\/span><span style=\"font-size: revert; color: initial;\">3. Reklam i\u00e7in tabelalar.<br \/>\n<\/span><span style=\"font-size: revert; color: initial;\">4. Bankalar, hastaneler, havaalanlar\u0131, otob\u00fcs, tren istasyonlar\u0131 ve anaokullar\u0131nda dekorasyon ayd\u0131nlatmas\u0131.<br \/>\n<\/span><span style=\"font-size: revert; color: initial;\">5. Toksik de\u011fildir, g\u0131da ile temas halinde kal\u0131r.<br \/>\n<\/span><span style=\"font-size: revert; color: initial;\">6. Bir\u00e7ok yerde s\u0131radan cam\u0131n de\u011fi\u015ftirilmesi.<\/span><\/p>\n<p align=\"left\"><strong>\u00d6zellikler:<\/strong><\/p>\n<p align=\"left\">Kal\u0131nl\u0131k: 2.0mm 3.0mm 4.0mm 4.5mm 5.0mm 6.0mm 8.0mm 10.0mm<br \/>\n<span style=\"font-size: revert; color: initial;\">Uzunluk:20m-50m<br \/>\n<\/span><span style=\"font-size: revert; color: initial;\">Derinlik: 1220mm 1560mm 1820mm 2100mm<br \/>\n<\/span><span style=\"font-size: revert; color: initial;\">Renk:\u015eeffaf Mavi Ye\u015fil Kahverengi Opalescent \u015eeffaf kabartmal\u0131<br \/>\n<\/span><span style=\"font-size: revert; color: initial;\">M\u00fc\u015fterilerin ba\u015fka \u00f6zelliklere ihtiyac\u0131 varsa, istedikleri gibi tedarik edebiliriz.\u00a0\u00a0<\/span><\/p>\n<div id=\"ali-anchor-AliPostDhMb-qyxny\" data-section=\"AliPostDhMb-qyxny\" data-section-title=\"Packaging &amp; Shipping\">\n<div id=\"ali-title-AliPostDhMb-qyxny\"><strong>Paketleme ve Nakliye<\/strong><\/div>\n<div>\n<p>\u00a0<img decoding=\"async\" src=\"https:\/\/sc01.alicdn.com\/kf\/Hb3bdebb96a2849458ce6dfcbaa19c5d15\/200162319\/Hb3bdebb96a2849458ce6dfcbaa19c5d15.png\" alt=\"y\u00fczme havuzu panelleri \u015feffaf polikarbonat 5mm kat\u0131 levha\" width=\"630\" height=\"312.9083665338646\" data-src=\"\/\/sc01.alicdn.com\/kf\/Hb3bdebb96a2849458ce6dfcbaa19c5d15\/200162319\/Hb3bdebb96a2849458ce6dfcbaa19c5d15.png\" data-alt=\"swimming pool panels clear polycarbonate 5mm solid sheet\" data-width=\"630\" data- title=\"\"><img decoding=\"async\" src=\"https:\/\/sc02.alicdn.com\/kf\/Hd05fdb0988024155a7956963ea5973acD\/200162319\/Hd05fdb0988024155a7956963ea5973acD.png\" alt=\"y\u00fczme havuzu panelleri \u015feffaf polikarbonat 5mm kat\u0131 levha\" width=\"630\" height=\"474.58885941644564\" data-src=\"\/\/sc02.alicdn.com\/kf\/Hd05fdb0988024155a7956963ea5973acD\/200162319\/Hd05fdb0988024155a7956963ea5973acD.png\" data-alt=\"swimming pool panels clear polycarbonate 5mm solid sheet\" data-width=\"630\" data- title=\"\"><img decoding=\"async\" src=\"https:\/\/sc02.alicdn.com\/kf\/H02a52324dc024cdcbaee8c550d0c5b3cR\/200162319\/H02a52324dc024cdcbaee8c550d0c5b3cR.png\" alt=\"y\u00fczme havuzu panelleri \u015feffaf polikarbonat 5mm kat\u0131 levha\" width=\"630\" height=\"214.7347480106101\" data-src=\"\/\/sc02.alicdn.com\/kf\/H02a52324dc024cdcbaee8c550d0c5b3cR\/200162319\/H02a52324dc024cdcbaee8c550d0c5b3cR.png\" data-alt=\"swimming pool panels clear polycarbonate 5mm solid sheet\" data-width=\"630\" data- title=\"\"><\/p>\n<\/div>\n<\/div>","protected":false},"featured_media":13740,"parent":0,"template":"","product-catagories":[177],"product-tag":[],"class_list":["post-15329","product","type-product","status-publish","has-post-thumbnail","hentry","product-catagories-polycarbonate-solid-sheet"],"acf":[],"_links":{"self":[{"href":"https:\/\/www.tononplastics.com\/tr\/wp-json\/wp\/v2\/product\/15329","targetHints":{"allow":["GET"]}}],"collection":[{"href":"https:\/\/www.tononplastics.com\/tr\/wp-json\/wp\/v2\/product"}],"about":[{"href":"https:\/\/www.tononplastics.com\/tr\/wp-json\/wp\/v2\/types\/product"}],"version-history":[{"count":0,"href":"https:\/\/www.tononplastics.com\/tr\/wp-json\/wp\/v2\/product\/15329\/revisions"}],"wp:featuredmedia":[{"embeddable":true,"href":"https:\/\/www.tononplastics.com\/tr\/wp-json\/wp\/v2\/media\/13740"}],"wp:attachment":[{"href":"https:\/\/www.tononplastics.com\/tr\/wp-json\/wp\/v2\/media?parent=15329"}],"wp:term":[{"taxonomy":"product-catagories","embeddable":true,"href":"https:\/\/www.tononplastics.com\/tr\/wp-json\/wp\/v2\/product-catagories?post=15329"},{"taxonomy":"product-tag","embeddable":true,"href":"https:\/\/www.tononplastics.com\/tr\/wp-json\/wp\/v2\/product-tag?post=15329"}],"curies":[{"name":"wp","href":"https:\/\/api.w.org\/{rel}","templated":true}]}}