{"id":15337,"date":"2023-08-23T23:08:00","date_gmt":"2023-08-23T15:08:00","guid":{"rendered":"https:\/\/tononplastics.com\/?post_type=product&#038;p=15337"},"modified":"2024-03-25T15:19:13","modified_gmt":"2024-03-25T07:19:13","slug":"high-end-polycarbonate-bathroom-enclosure-fob-reference-priceget-latest-price","status":"publish","type":"product","link":"https:\/\/www.tononplastics.com\/tr\/product\/high-end-polycarbonate-bathroom-enclosure-fob-reference-priceget-latest-price\/","title":{"rendered":"y\u00fcksek son polikarbonat banyo muhafazas\u0131 FOB Referans Fiyat\u0131: En son fiyat\u0131 al\u0131n"},"content":{"rendered":"<h2 class=\"wp-block-heading\">A\u00e7\u0131klama<\/h2>\n\n\n\n<p>Polikarbonat i\u00e7i bo\u015f polikarbonat levha, seralar, \u00e7at\u0131 panelleri ve g\u00fcr\u00fclt\u00fc bariyerleri gibi bir\u00e7ok alanda uygulama alan\u0131na sahiptir. \u0130\u00e7i bo\u015f pc levha genellikle tar\u0131m, end\u00fcstri, kamu binalar\u0131 ve aksesuarlar gibi bir\u00e7ok alanda cam, temperli cam ve polietilen filmin yerini almaktad\u0131r. Hafiflik, y\u00fcksek darbe dayan\u0131m\u0131, \u0131\u015f\u0131k ge\u00e7irgenli\u011fi, \u00e7er\u00e7eve direnci, UV korumas\u0131, d\u00fc\u015fmeye kar\u015f\u0131 koruma ve \u00e7ekici bir g\u00f6r\u00fcn\u00fcm\u00fcn m\u00fckemmel birle\u015fimidir.<\/p>\n\n\n\n<h4 class=\"wp-block-heading\"><strong>\u00dcr\u00fcn Bilgileri<\/strong><\/h4>\n\n\n\n<figure class=\"wp-block-table\"><table><tbody><tr><td>\u00dcr\u00fcn ad\u0131:<\/td><td colspan=\"3\">\u0130\u00e7i bo\u015f polikarbonat levha<\/td><\/tr><tr><td>Kal\u0131nl\u0131k:<\/td><td colspan=\"3\">2.8mm-20mm \/ \u00f6zelle\u015ftirilmi\u015f<\/td><\/tr><tr><td>Geni\u015flik:<\/td><td colspan=\"3\">1220\/1560\/1820\/2100mm;custom<\/td><\/tr><tr><td>Uzunluk:<\/td><td colspan=\"3\">Her uzunlukta, serbest kesim<\/td><\/tr><tr><td>Standart boy:<\/td><td colspan=\"3\">1.22*2.44;2.1*5.8;2.1*6;2.1*11.6;2.1*11.8;2.1*30m<\/td><\/tr><tr><td>Renkli:<\/td><td colspan=\"3\">berrak; opal; mavi; ye\u015fil; gri; kahverengi; sar\u0131; vb<\/td><\/tr><tr><td>sertifika:<\/td><td colspan=\"3\">ISO9001:2008 \/CE<\/td><\/tr><tr><td>Garanti:<\/td><td colspan=\"3\">10 y\u0131l<\/td><\/tr><tr><td>UV kal\u0131nl\u0131\u011f\u0131:<\/td><td colspan=\"3\">50 mikron; m\u00fc\u015fteri ihtiya\u00e7lar\u0131na g\u00f6re<\/td><\/tr><tr><td>servis s\u0131cakl\u0131\u011f\u0131:<\/td><td colspan=\"3\">-40\u00baC-120\u00baC<\/td><\/tr><tr><td>teknoloji:<\/td><td colspan=\"3\">ko-ekstr\u00fczyon<\/td><\/tr><tr><td>Teslimat:<\/td><td colspan=\"3\">Depozitonun al\u0131nmas\u0131ndan 7-14 g\u00fcn sonra<\/td><\/tr><tr><td>uygulama<\/td><td colspan=\"3\">sera; ses bariyerleri; carport; pencere kanad\u0131; s\u00fcrg\u00fcl\u00fc kap\u0131; y\u00fczme havuzu \u00f6rt\u00fcs\u00fc; polic riot sheields; \u00e7at\u0131 penceresi; perde duvar<\/td><\/tr><tr><td>i\u015flenebilir s\u00fcre\u00e7:<\/td><td colspan=\"3\">parlama; sert u\u00e7; \u00e7izilmez<\/td><\/tr><tr><td>\u00f6rnek<\/td><td colspan=\"3\">\u00dccretsiz numune i\u00e7in l\u00fctfen bizimle ileti\u015fime ge\u00e7in<\/td><\/tr><\/tbody><\/table><\/figure>\n\n\n\n<h4 class=\"wp-block-heading\"><strong>Neden polikarbonat i\u00e7i bo\u015f levhalar se\u00e7ilmeli?<br><\/strong><strong><\/strong><\/h4>\n\n\n\n<ol class=\"wp-block-list\">\n<li>Darbe dayan\u0131m\u0131 normal camdan 200 kat, temperli camdan ise 2-20 kat daha y\u00fcksektir.<\/li>\n\n\n\n<li>A\u011f\u0131rl\u0131k 50% camd\u0131r, ancak \u015feffafl\u0131k s\u0131radan camla ayn\u0131d\u0131r.<\/li>\n\n\n\n<li>\u00d6zel i\u015flem, sera i\u00e7in herhangi bir yo\u011fu\u015fma olmadan yeterli ayd\u0131nlatma sa\u011flar.<\/li>\n\n\n\n<li>18%-80%'ye kadar m\u00fckemmel \u0131\u015f\u0131k ge\u00e7irgenli\u011fi.<\/li>\n\n\n\n<li>S\u0131radan cam, temperli cam ve polietilen film i\u00e7in ideal bir ikamedir.<\/li>\n\n\n\n<li>Polikarbonat levhalar, pleksiglastan 10-27 kat daha y\u00fcksek, darbeye en dayan\u0131kl\u0131 polimer m\u00fchendislik plastikleridir.<\/li>\n\n\n\n<li>Y\u00fczeyde 50 mikron anti-UV kaplama, 10 y\u0131l kalite garantisi, sararmaya neden olmaz.<\/li>\n\n\n\n<li>40\u2103~+120\u2103 aras\u0131ndaki s\u0131cakl\u0131k deformasyon gibi kalite bozulmalar\u0131na neden olmaz.<\/li>\n\n\n\n<li>Kolay ta\u015f\u0131ma ve kurulum i\u00e7in hafiftir.<\/li>\n<\/ol>\n\n\n\n<h4 class=\"wp-block-heading\"><strong>\u0130\u00e7i bo\u015f polikarbonat levha \u00e7e\u015fitleri<br><\/strong><strong><\/strong><\/h4>\n\n\n\n<figure class=\"wp-block-image size-full\"><img fetchpriority=\"high\" decoding=\"async\" width=\"800\" height=\"440\" src=\"https:\/\/www.tononplastics.com\/wp-content\/uploads\/2024\/03\/Hec1893bdf96e4e68954f01c51046919cR.webp\" alt=\"\" class=\"wp-image-16180\" title=\"\" srcset=\"https:\/\/www.tononplastics.com\/wp-content\/uploads\/2024\/03\/Hec1893bdf96e4e68954f01c51046919cR.webp 800w, https:\/\/www.tononplastics.com\/wp-content\/uploads\/2024\/03\/Hec1893bdf96e4e68954f01c51046919cR-300x165.webp 300w, https:\/\/www.tononplastics.com\/wp-content\/uploads\/2024\/03\/Hec1893bdf96e4e68954f01c51046919cR-768x422.webp 768w, https:\/\/www.tononplastics.com\/wp-content\/uploads\/2024\/03\/Hec1893bdf96e4e68954f01c51046919cR-18x10.webp 18w\" sizes=\"(max-width: 800px) 100vw, 800px\" \/><\/figure>\n\n\n\n<h4 class=\"wp-block-heading\"><strong>PC i\u00e7i bo\u015f levha uygulamalar\u0131<br><\/strong><\/h4>\n\n\n\n<p>\u0130\u00e7i bo\u015f polikarbonat levha, bina \u00e7at\u0131lar\u0131nda, kubbelerde, \u00e7at\u0131 pencerelerinde, araba limanlar\u0131nda, y\u00fczme havuzlar\u0131nda, g\u00fcne\u015f odalar\u0131nda, tren istasyonlar\u0131nda, seralarda, yan duvarlarda, depo \u00e7at\u0131lar\u0131nda ve stadyumlarda yayg\u0131n olarak kullan\u0131lmaktad\u0131r. T\u00fcm bu yerler zararl\u0131 UV \u0131\u015f\u0131nlar\u0131 olmadan g\u00fcne\u015f \u0131\u015f\u0131\u011f\u0131na ihtiya\u00e7 duyar. Ayr\u0131ca, \u0131\u015f\u0131kl\u0131 tabelalar ve reklam panelleri i\u00e7in de uygundur.<\/p>\n\n\n<p><strong><span data-spm-anchor-id=\"a2700.details.0.i19.674c1facMlRcof\">Kat\u0131 polikarbonat levhalar\u0131n d\u00fc\u015f\u00fck a\u011f\u0131rl\u0131\u011f\u0131, darbe direnci ve \u015feffafl\u0131\u011f\u0131, onu k\u0131r\u0131lgan ve a\u011f\u0131r cam\u0131n ideal ikamesi haline getirir. Esnekli\u011fi, tasar\u0131mc\u0131lara kavisli yap\u0131lar da dahil olmak \u00fczere s\u0131ra d\u0131\u015f\u0131 tasar\u0131mlar\u0131 hayata ge\u00e7irme imkan\u0131 verir.<\/span><\/strong><\/p>\n<p><strong><img decoding=\"async\" src=\"https:\/\/sc01.alicdn.com\/kf\/HTB1fjxltXuWBuNjSszbq6AS7FXap\/200162319\/HTB1fjxltXuWBuNjSszbq6AS7FXap.jpg\" alt=\"y\u00fcksek kaliteli polikarbonat banyo muhafazas\u0131\" width=\"690\" height=\"688\" data-src=\"\/\/sc01.alicdn.com\/kf\/HTB1fjxltXuWBuNjSszbq6AS7FXap\/200162319\/HTB1fjxltXuWBuNjSszbq6AS7FXap.jpg\" data-alt=\"high end polycarbonate bathroom enclosure\" data- title=\"\"><img decoding=\"async\" src=\"https:\/\/sc02.alicdn.com\/kf\/HTB1Zn3GkS8YBeNkSnb4q6yevFXad\/200162319\/HTB1Zn3GkS8YBeNkSnb4q6yevFXad.jpg\" alt=\"y\u00fcksek kaliteli polikarbonat banyo muhafazas\u0131\" width=\"706\" height=\"1063\" data-src=\"\/\/sc02.alicdn.com\/kf\/HTB1Zn3GkS8YBeNkSnb4q6yevFXad\/200162319\/HTB1Zn3GkS8YBeNkSnb4q6yevFXad.jpg\" data-alt=\"high end polycarbonate bathroom enclosure\" data-width=\"706\" data-height=\"1063\" data- title=\"\"><\/strong><\/p>","protected":false},"featured_media":0,"parent":0,"template":"","product-catagories":[177],"product-tag":[],"class_list":["post-15337","product","type-product","status-publish","hentry","product-catagories-polycarbonate-solid-sheet"],"acf":[],"_links":{"self":[{"href":"https:\/\/www.tononplastics.com\/tr\/wp-json\/wp\/v2\/product\/15337","targetHints":{"allow":["GET"]}}],"collection":[{"href":"https:\/\/www.tononplastics.com\/tr\/wp-json\/wp\/v2\/product"}],"about":[{"href":"https:\/\/www.tononplastics.com\/tr\/wp-json\/wp\/v2\/types\/product"}],"version-history":[{"count":0,"href":"https:\/\/www.tononplastics.com\/tr\/wp-json\/wp\/v2\/product\/15337\/revisions"}],"wp:attachment":[{"href":"https:\/\/www.tononplastics.com\/tr\/wp-json\/wp\/v2\/media?parent=15337"}],"wp:term":[{"taxonomy":"product-catagories","embeddable":true,"href":"https:\/\/www.tononplastics.com\/tr\/wp-json\/wp\/v2\/product-catagories?post=15337"},{"taxonomy":"product-tag","embeddable":true,"href":"https:\/\/www.tononplastics.com\/tr\/wp-json\/wp\/v2\/product-tag?post=15337"}],"curies":[{"name":"wp","href":"https:\/\/api.w.org\/{rel}","templated":true}]}}