{"id":15338,"date":"2023-08-23T23:09:18","date_gmt":"2023-08-23T15:09:18","guid":{"rendered":"https:\/\/tononplastics.com\/?post_type=product&#038;p=15338"},"modified":"2024-03-25T17:02:39","modified_gmt":"2024-03-25T09:02:39","slug":"colored-plastic-shower-cubicle-polycarbonate-solid-sheet","status":"publish","type":"product","link":"https:\/\/www.tononplastics.com\/tr\/product\/colored-plastic-shower-cubicle-polycarbonate-solid-sheet\/","title":{"rendered":"Renkli plastik du\u015f kabini\/ polikarbonat kat\u0131 levha"},"content":{"rendered":"<p><strong>\u00d6zellikler:<\/strong><\/p>\n<p>1) Kal\u0131nl\u0131k: 1.5mm-16mm<\/p>\n<p>2) Maksimum geni\u015flik: 2100mm<\/p>\n<p>3) Uzunluk: S\u0131n\u0131r yok<\/p>\n<p>4) \u00d6zg\u00fcl a\u011f\u0131rl\u0131k: 1200kg\/m3<\/p>\n<p>5) Renk: Berrak, mavi, ye\u015fil, opal, kahverengi, vb.<\/p>\n<p><strong>Teknik \u00d6zellikler:<\/strong><\/p>\n<p>1) Darbe dayan\u0131m\u0131: 850J\/m<\/p>\n<p>2) I\u015f\u0131k iletimi: 88%<\/p>\n<p>3) \u00d6zg\u00fcl a\u011f\u0131rl\u0131k: 1200kg\/m3<\/p>\n<p>4) Termal genle\u015fme katsay\u0131s\u0131: 0,065<\/p>\n<p>5) S\u0131cakl\u0131k: -40oC - 120oC<\/p>\n<p>6) Is\u0131 iletkenli\u011fi: 2,3-3,9W\/m2<\/p>\n<p>7) \u00c7ekme mukavemeti: 602'den fazla<\/p>\n<p>8) E\u011filme dayan\u0131m\u0131: 1002<\/p>\n<p>9) Elastikiyet mod\u00fcl\u00fc: 2400Mpa<\/p>\n<p>10) Kopma an\u0131nda \u00e7ekme caddesi: 65Mpa'dan fazla<\/p>\n<p>11) Kopma uzamas\u0131: 100%'den fazla<\/p>\n<p>12) \u00d6zg\u00fcl \u0131s\u0131: 1,16j\/kg. K<\/p>\n<p>13) Is\u0131 sapma s\u0131cakl\u0131\u011f\u0131: 140oC<\/p>\n<p>14) Ses yal\u0131t\u0131m\u0131 (6mm kal\u0131nl\u0131k): 20db<\/p>\n<p><img fetchpriority=\"high\" decoding=\"async\" class=\"\" src=\"https:\/\/sc02.alicdn.com\/kf\/HTB1Zn3GkS8YBeNkSnb4q6yevFXad\/200162319\/HTB1Zn3GkS8YBeNkSnb4q6yevFXad.jpg\" alt=\"renkli plastik du\u015f kabini \/ polikarbonat kat\u0131 levha\" width=\"687\" height=\"842\" data-src=\"\/\/sc02.alicdn.com\/kf\/HTB1Zn3GkS8YBeNkSnb4q6yevFXad\/200162319\/HTB1Zn3GkS8YBeNkSnb4q6yevFXad.jpg\" data-alt=\"colored plastic shower cubicle\/ polycarbonate solid sheet\" data- title=\"\"><\/p>\n<p><img decoding=\"async\" src=\"https:\/\/sc01.alicdn.com\/kf\/HTB1fjxltXuWBuNjSszbq6AS7FXap\/200162319\/HTB1fjxltXuWBuNjSszbq6AS7FXap.jpg\" alt=\"renkli plastik du\u015f kabini \/ polikarbonat kat\u0131 levha\" data-src=\"\/\/sc01.alicdn.com\/kf\/HTB1fjxltXuWBuNjSszbq6AS7FXap\/200162319\/HTB1fjxltXuWBuNjSszbq6AS7FXap.jpg\" data-alt=\"colored plastic shower cubicle\/ polycarbonate solid sheet\" data- title=\"\"><\/p>","protected":false},"featured_media":15325,"parent":0,"template":"","product-catagories":[177],"product-tag":[],"class_list":["post-15338","product","type-product","status-publish","has-post-thumbnail","hentry","product-catagories-polycarbonate-solid-sheet"],"acf":[],"_links":{"self":[{"href":"https:\/\/www.tononplastics.com\/tr\/wp-json\/wp\/v2\/product\/15338","targetHints":{"allow":["GET"]}}],"collection":[{"href":"https:\/\/www.tononplastics.com\/tr\/wp-json\/wp\/v2\/product"}],"about":[{"href":"https:\/\/www.tononplastics.com\/tr\/wp-json\/wp\/v2\/types\/product"}],"version-history":[{"count":0,"href":"https:\/\/www.tononplastics.com\/tr\/wp-json\/wp\/v2\/product\/15338\/revisions"}],"wp:featuredmedia":[{"embeddable":true,"href":"https:\/\/www.tononplastics.com\/tr\/wp-json\/wp\/v2\/media\/15325"}],"wp:attachment":[{"href":"https:\/\/www.tononplastics.com\/tr\/wp-json\/wp\/v2\/media?parent=15338"}],"wp:term":[{"taxonomy":"product-catagories","embeddable":true,"href":"https:\/\/www.tononplastics.com\/tr\/wp-json\/wp\/v2\/product-catagories?post=15338"},{"taxonomy":"product-tag","embeddable":true,"href":"https:\/\/www.tononplastics.com\/tr\/wp-json\/wp\/v2\/product-tag?post=15338"}],"curies":[{"name":"wp","href":"https:\/\/api.w.org\/{rel}","templated":true}]}}