{"id":15340,"date":"2023-08-23T23:11:02","date_gmt":"2023-08-23T15:11:02","guid":{"rendered":"https:\/\/tononplastics.com\/?post_type=product&#038;p=15340"},"modified":"2024-03-25T15:43:11","modified_gmt":"2024-03-25T07:43:11","slug":"luxury-uv-protection-gazebo-made-of-polycarbonate-sheet","status":"publish","type":"product","link":"https:\/\/www.tononplastics.com\/tr\/product\/luxury-uv-protection-gazebo-made-of-polycarbonate-sheet\/","title":{"rendered":"Polikarbonat levhadan yap\u0131lm\u0131\u015f l\u00fcks UV korumal\u0131 \u00e7ardak"},"content":{"rendered":"<p><span data-spm-anchor-id=\"a2700.details.0.i29.34d11f18QZCySL\">PC Levha, karbonik asit esterinin toplanmas\u0131ndan yap\u0131lm\u0131\u015ft\u0131r, iyi bir performansa sahiptir.\u00a0<\/span><\/p>\n<p>ve hala \u00e7ok y\u00fcksek diren\u00e7 ve sald\u0131r\u0131 yo\u011funlu\u011funa sahiptir.\u00a0<\/p>\n<p>d\u00fc\u015f\u00fck s\u0131cakl\u0131k. Sertlik, mukavemeti daha b\u00fcy\u00fck s\u0131cakl\u0131k aral\u0131\u011f\u0131nda tutar.\u00a0<\/p>\n<p>\u0130n\u015faat, reklam, dekorasyon, trafik vb. alanlarda yayg\u0131n olarak kullan\u0131lmaktad\u0131r.<\/p>\n<p>\u00a0<img fetchpriority=\"high\" decoding=\"async\" src=\"https:\/\/sc02.alicdn.com\/kf\/H017024a0e2094472a595aeb265fe62e9K\/200162319\/H017024a0e2094472a595aeb265fe62e9K.jpg\" alt=\"Polikarbonat levhadan yap\u0131lm\u0131\u015f l\u00fcks UV korumal\u0131 \u00e7ardak\" width=\"630\" height=\"630\" data-src=\"\/\/sc02.alicdn.com\/kf\/H017024a0e2094472a595aeb265fe62e9K\/200162319\/H017024a0e2094472a595aeb265fe62e9K.jpg\" data-alt=\"luxury UV protection gazebo made of polycarbonate sheet\" data-width=\"630\" data- title=\"\"><\/p>\n<p><strong>\u00d6zellikler:<\/strong><\/p>\n<p>1) Kal\u0131nl\u0131k: 1,5 mm - 16 mm<br \/>2) Maksimum geni\u015flik: 2.100 mm<br \/>3) Uzunluk: herhangi bir boyut<br \/>4) \u00d6zg\u00fcl a\u011f\u0131rl\u0131k: 1200kg\/cb<\/p>\n<p>\u00a0<img decoding=\"async\" src=\"https:\/\/sc01.alicdn.com\/kf\/Ha35eb9523b0743dbbef517c1f6d500b5t\/200162319\/Ha35eb9523b0743dbbef517c1f6d500b5t.jpg\" alt=\"Polikarbonat levhadan yap\u0131lm\u0131\u015f l\u00fcks UV korumal\u0131 \u00e7ardak\" width=\"630\" height=\"630\" data-src=\"\/\/sc01.alicdn.com\/kf\/Ha35eb9523b0743dbbef517c1f6d500b5t\/200162319\/Ha35eb9523b0743dbbef517c1f6d500b5t.jpg\" data-alt=\"luxury UV protection gazebo made of polycarbonate sheet\" data-width=\"630\" data- title=\"\"><\/p>\n<p>\u00a0<\/p>\n<p><strong>\u00d6zellikler:<\/strong><\/p>\n<p>1. M\u00fckemmel fiziksel, mekanik performans.<\/p>\n<p>2. \u0130yi elektrik, \u0131s\u0131 ve ses yal\u0131t\u0131m\u0131.<\/p>\n<p>3. \u0130yi darbe direnci ve y\u00fcksek mukavemet.<\/p>\n<p>4. \u0130yi \u0131\u015f\u0131k ge\u00e7irgenli\u011fi performans\u0131.<\/p>\n<p>5. \u0130yi s\u0131cakl\u0131k direnci.<\/p>\n<p>6. Yang\u0131n geciktirme.<\/p>\n<p>7. Toksik de\u011fildir.<\/p>\n<p>8. UV korumas\u0131.<\/p>\n<p>9. Ay\u0131 ya\u015flanmas\u0131.<\/p>\n<p>\u00a0<\/p>\n\n\n<figure class=\"wp-block-image size-full\"><img decoding=\"async\" width=\"800\" height=\"440\" src=\"https:\/\/www.tononplastics.com\/wp-content\/uploads\/2024\/03\/Hec1893bdf96e4e68954f01c51046919cR.webp\" alt=\"\" class=\"wp-image-16180\" title=\"\" srcset=\"https:\/\/www.tononplastics.com\/wp-content\/uploads\/2024\/03\/Hec1893bdf96e4e68954f01c51046919cR.webp 800w, https:\/\/www.tononplastics.com\/wp-content\/uploads\/2024\/03\/Hec1893bdf96e4e68954f01c51046919cR-300x165.webp 300w, https:\/\/www.tononplastics.com\/wp-content\/uploads\/2024\/03\/Hec1893bdf96e4e68954f01c51046919cR-768x422.webp 768w, https:\/\/www.tononplastics.com\/wp-content\/uploads\/2024\/03\/Hec1893bdf96e4e68954f01c51046919cR-18x10.webp 18w\" sizes=\"(max-width: 800px) 100vw, 800px\" \/><\/figure>","protected":false},"featured_media":15324,"parent":0,"template":"","product-catagories":[177],"product-tag":[],"class_list":["post-15340","product","type-product","status-publish","has-post-thumbnail","hentry","product-catagories-polycarbonate-solid-sheet"],"acf":[],"_links":{"self":[{"href":"https:\/\/www.tononplastics.com\/tr\/wp-json\/wp\/v2\/product\/15340","targetHints":{"allow":["GET"]}}],"collection":[{"href":"https:\/\/www.tononplastics.com\/tr\/wp-json\/wp\/v2\/product"}],"about":[{"href":"https:\/\/www.tononplastics.com\/tr\/wp-json\/wp\/v2\/types\/product"}],"version-history":[{"count":0,"href":"https:\/\/www.tononplastics.com\/tr\/wp-json\/wp\/v2\/product\/15340\/revisions"}],"wp:featuredmedia":[{"embeddable":true,"href":"https:\/\/www.tononplastics.com\/tr\/wp-json\/wp\/v2\/media\/15324"}],"wp:attachment":[{"href":"https:\/\/www.tononplastics.com\/tr\/wp-json\/wp\/v2\/media?parent=15340"}],"wp:term":[{"taxonomy":"product-catagories","embeddable":true,"href":"https:\/\/www.tononplastics.com\/tr\/wp-json\/wp\/v2\/product-catagories?post=15340"},{"taxonomy":"product-tag","embeddable":true,"href":"https:\/\/www.tononplastics.com\/tr\/wp-json\/wp\/v2\/product-tag?post=15340"}],"curies":[{"name":"wp","href":"https:\/\/api.w.org\/{rel}","templated":true}]}}