{"id":15344,"date":"2023-08-23T23:12:45","date_gmt":"2023-08-23T15:12:45","guid":{"rendered":"https:\/\/tononplastics.com\/?post_type=product&#038;p=15344"},"modified":"2024-04-16T12:49:23","modified_gmt":"2024-04-16T04:49:23","slug":"3mm-green-custom-width-48-polycarbonate-solid-sheet-protective-film","status":"publish","type":"product","link":"https:\/\/www.tononplastics.com\/tr\/product\/3mm-green-custom-width-48-polycarbonate-solid-sheet-protective-film\/","title":{"rendered":"3mm ye\u015fil \u00f6zel geni\u015flik 4*8 polikarbonat kat\u0131 levha koruyucu film"},"content":{"rendered":"<p><img fetchpriority=\"high\" decoding=\"async\" class=\"\" src=\"https:\/\/sc02.alicdn.com\/kf\/H912578573bb64e5aa470cb700f63aee7a\/200162319\/H912578573bb64e5aa470cb700f63aee7a.jpg\" alt=\"3mm ye\u015fil \u00f6zel geni\u015flik 4*8 polikarbonat kat\u0131 levha koruyucu film\" width=\"333\" height=\"333\" data-src=\"\/\/sc02.alicdn.com\/kf\/H912578573bb64e5aa470cb700f63aee7a\/200162319\/H912578573bb64e5aa470cb700f63aee7a.jpg\" data-alt=\"3mm green custom width 4*8 polycarbonate solid sheet protective film\" data-width=\"630\" data- title=\"\"><img decoding=\"async\" class=\"\" src=\"https:\/\/sc01.alicdn.com\/kf\/H5252f7bf19904b9295f135ab89a014f02\/200162319\/H5252f7bf19904b9295f135ab89a014f02.jpg\" alt=\"3mm ye\u015fil \u00f6zel geni\u015flik 4*8 polikarbonat kat\u0131 levha koruyucu film\" width=\"490\" height=\"327\" data-src=\"\/\/sc01.alicdn.com\/kf\/H5252f7bf19904b9295f135ab89a014f02\/200162319\/H5252f7bf19904b9295f135ab89a014f02.jpg\" data-alt=\"3mm green custom width 4*8 polycarbonate solid sheet protective film\" data-width=\"630\" data- title=\"\"><\/p>\n<p>1) Darbe dayan\u0131m\u0131: PC i\u00e7i bo\u015f levhan\u0131n darbe dayan\u0131m\u0131 cam\u0131n 250 kat\u0131d\u0131r.<br \/>\n2) Hafif a\u011f\u0131rl\u0131k: PC i\u00e7i bo\u015f levhan\u0131n a\u011f\u0131rl\u0131\u011f\u0131 cam\u0131n sadece yar\u0131s\u0131 kadard\u0131r.<br \/>\n3) \u015eeffafl\u0131k: 3mm kal\u0131nl\u0131\u011f\u0131nda PC i\u00e7i bo\u015f tabakan\u0131n \u0131\u015f\u0131k ge\u00e7irgenli\u011fi 88%'dir.<br \/>\n4) UV korumas\u0131: Bir PC tabakas\u0131, PC tabakas\u0131n\u0131n renginin solmas\u0131n\u0131 da \u00f6nleyen y\u00fcksek yo\u011funluklu bir ultraviyole \u0131\u015f\u0131n\u0131 ile birlikte ekstr\u00fcde edilir.<br \/>\n5) Hava ko\u015fullar\u0131na kar\u015f\u0131 diren\u00e7: PC i\u00e7i bo\u015f levha k\u00f6t\u00fc hava ko\u015fullar\u0131na kar\u015f\u0131 diren\u00e7lidir ve -40 \u2103 ila 12 \u2103 s\u0131cakl\u0131k aral\u0131\u011f\u0131nda m\u00fckemmel performans sa\u011flar<\/p>\n<p>6) Yo\u011fu\u015fmay\u0131 \u00f6nleme: D\u0131\u015f ortam s\u0131cakl\u0131\u011f\u0131 0 ve i\u00e7 ortam s\u0131cakl\u0131\u011f\u0131 23 \u2103 oldu\u011funda, PC sayfas\u0131 80%'ye kadar yo\u011fu\u015facakt\u0131r.<\/p>\n<p>7) Is\u0131 yal\u0131t\u0131m\u0131: Cam\u0131n K-de\u011feri PC kat\u0131 levhan\u0131n 1,2 kat\u0131d\u0131r. PC levhalar \u0131s\u0131 kayb\u0131n\u0131 \u00f6nlerken enerji tasarrufu sa\u011flayabilir.<br \/>\n8) Ses yal\u0131t\u0131m\u0131: 6mm kal\u0131nl\u0131\u011f\u0131nda PC i\u00e7i bo\u015f levha sesi 20db azaltabilir.<br \/>\n9) Alev direnci: Yang\u0131n Yap\u0131 malzemelerinin kalite Denetimi ve Testi i\u00e7in Ulusal merkez taraf\u0131ndan yap\u0131lan testler sonucunda, malzeme QB8624-1997 standard\u0131na g\u00f6re S\u0131n\u0131f 1 olarak derecelendirilmi\u015ftir.<br \/>\n10) Kolay kurulum: Bir PC levhas\u0131 s\u0131cakken veya so\u011fukken b\u00fck\u00fclebilir ve kavisli kanatlar ve pencerelerde kullan\u0131labilir. Bir PC levhas\u0131n\u0131n minimum e\u011frilik yar\u0131\u00e7ap\u0131, kal\u0131nl\u0131\u011f\u0131n\u0131n 175 kat\u0131d\u0131r.<\/p>\n<p><img decoding=\"async\" class=\"\" src=\"https:\/\/sc01.alicdn.com\/kf\/Hfc9f0493ac81469fac5153cb936855a4q\/200162319\/Hfc9f0493ac81469fac5153cb936855a4q.jpg\" alt=\"3mm ye\u015fil \u00f6zel geni\u015flik 4*8 polikarbonat kat\u0131 levha koruyucu film\" width=\"379\" height=\"253\" data-src=\"\/\/sc01.alicdn.com\/kf\/Hfc9f0493ac81469fac5153cb936855a4q\/200162319\/Hfc9f0493ac81469fac5153cb936855a4q.jpg\" data-alt=\"3mm green custom width 4*8 polycarbonate solid sheet protective film\" data-width=\"630\" data- title=\"\"><img loading=\"lazy\" decoding=\"async\" class=\"\" src=\"https:\/\/sc02.alicdn.com\/kf\/H5c16f39266364408a0b436a4a956b53c4\/200162319\/H5c16f39266364408a0b436a4a956b53c4.jpg\" alt=\"3mm ye\u015fil \u00f6zel geni\u015flik 4*8 polikarbonat kat\u0131 levha koruyucu film\" width=\"440\" height=\"248\" data-src=\"\/\/sc02.alicdn.com\/kf\/H5c16f39266364408a0b436a4a956b53c4\/200162319\/H5c16f39266364408a0b436a4a956b53c4.jpg\" data-alt=\"3mm green custom width 4*8 polycarbonate solid sheet protective film\" data-width=\"630\" data- title=\"\"><\/p>\n<div id=\"ali-anchor-AliPostDhMb-2qskj\" class=\"mceSectionContainer\" data-section=\"AliPostDhMb-2qskj\" data-section-title=\"Company Information\">\n<div id=\"ali-title-AliPostDhMb-2qskj\"><strong>\u015eirket Bilgileri<\/strong><\/div>\n<div>\n<p>\u00a0<img loading=\"lazy\" decoding=\"async\" class=\"\" src=\"https:\/\/sc01.alicdn.com\/kf\/HTB1qs8od5FTMKJjSZFAq6AkJpXad\/200162319\/HTB1qs8od5FTMKJjSZFAq6AkJpXad.jpg\" alt=\"3mm ye\u015fil \u00f6zel geni\u015flik 4*8 polikarbonat kat\u0131 levha koruyucu film\" width=\"403\" height=\"269\" data-src=\"\/\/sc01.alicdn.com\/kf\/HTB1qs8od5FTMKJjSZFAq6AkJpXad\/200162319\/HTB1qs8od5FTMKJjSZFAq6AkJpXad.jpg\" data-alt=\"3mm green custom width 4*8 polycarbonate solid sheet protective film\" data-width=\"630\" data- title=\"\"><img loading=\"lazy\" decoding=\"async\" class=\"\" src=\"https:\/\/sc01.alicdn.com\/kf\/HTB1wu8nSFXXXXXYXXXXq6xXFXXXY\/200162319\/HTB1wu8nSFXXXXXYXXXXq6xXFXXXY.jpg\" alt=\"3mm ye\u015fil \u00f6zel geni\u015flik 4*8 polikarbonat kat\u0131 levha koruyucu film\" width=\"410\" height=\"273\" data-src=\"\/\/sc01.alicdn.com\/kf\/HTB1wu8nSFXXXXXYXXXXq6xXFXXXY\/200162319\/HTB1wu8nSFXXXXXYXXXXq6xXFXXXY.jpg\" data-alt=\"3mm green custom width 4*8 polycarbonate solid sheet protective film\" data-width=\"630\" data- title=\"\"><\/p>\n<p><strong style=\"color: initial;\">Paketleme ve Nakliye<\/strong><\/p>\n<\/div>\n<\/div>\n<div id=\"ali-anchor-AliPostDhMb-bktqy\" class=\"mceSectionContainer\" data-section=\"AliPostDhMb-bktqy\" data-section-title=\"Packaging &amp; Shipping\">\n<div>\n<p>\u00a0<img loading=\"lazy\" decoding=\"async\" class=\"\" src=\"https:\/\/sc02.alicdn.com\/kf\/H02a52324dc024cdcbaee8c550d0c5b3cR\/200162319\/H02a52324dc024cdcbaee8c550d0c5b3cR.png\" alt=\"3mm ye\u015fil \u00f6zel geni\u015flik 4*8 polikarbonat kat\u0131 levha koruyucu film\" width=\"818\" height=\"279\" data-src=\"\/\/sc02.alicdn.com\/kf\/H02a52324dc024cdcbaee8c550d0c5b3cR\/200162319\/H02a52324dc024cdcbaee8c550d0c5b3cR.png\" data-alt=\"3mm green custom width 4*8 polycarbonate solid sheet protective film\" data-width=\"630\" data- title=\"\"><\/p>\n<p><img loading=\"lazy\" decoding=\"async\" class=\"\" src=\"https:\/\/sc02.alicdn.com\/kf\/H041aadba055e4601bc7a678fb8698a30S\/200162319\/H041aadba055e4601bc7a678fb8698a30S.jpg\" alt=\"3mm ye\u015fil \u00f6zel geni\u015flik 4*8 polikarbonat kat\u0131 levha koruyucu film\" width=\"408\" height=\"306\" data-src=\"\/\/sc02.alicdn.com\/kf\/H041aadba055e4601bc7a678fb8698a30S\/200162319\/H041aadba055e4601bc7a678fb8698a30S.jpg\" data-alt=\"3mm green custom width 4*8 polycarbonate solid sheet protective film\" data-width=\"630\" data- title=\"\"><img loading=\"lazy\" decoding=\"async\" class=\"\" src=\"https:\/\/sc01.alicdn.com\/kf\/H13a68bf757104e7f87240c10e9cd3dffH\/200162319\/H13a68bf757104e7f87240c10e9cd3dffH.jpg\" alt=\"3mm ye\u015fil \u00f6zel geni\u015flik 4*8 polikarbonat kat\u0131 levha koruyucu film\" width=\"411\" height=\"309\" data-src=\"\/\/sc01.alicdn.com\/kf\/H13a68bf757104e7f87240c10e9cd3dffH\/200162319\/H13a68bf757104e7f87240c10e9cd3dffH.jpg\" data-alt=\"3mm green custom width 4*8 polycarbonate solid sheet protective film\" data-width=\"630\" data- title=\"\"><\/p>\n<\/div>\n<\/div>","protected":false},"featured_media":16747,"parent":0,"template":"","product-catagories":[178,177],"product-tag":[],"class_list":["post-15344","product","type-product","status-publish","has-post-thumbnail","hentry","product-catagories-polycarbonate-hollow-sheet","product-catagories-polycarbonate-solid-sheet"],"acf":[],"_links":{"self":[{"href":"https:\/\/www.tononplastics.com\/tr\/wp-json\/wp\/v2\/product\/15344","targetHints":{"allow":["GET"]}}],"collection":[{"href":"https:\/\/www.tononplastics.com\/tr\/wp-json\/wp\/v2\/product"}],"about":[{"href":"https:\/\/www.tononplastics.com\/tr\/wp-json\/wp\/v2\/types\/product"}],"version-history":[{"count":0,"href":"https:\/\/www.tononplastics.com\/tr\/wp-json\/wp\/v2\/product\/15344\/revisions"}],"wp:featuredmedia":[{"embeddable":true,"href":"https:\/\/www.tononplastics.com\/tr\/wp-json\/wp\/v2\/media\/16747"}],"wp:attachment":[{"href":"https:\/\/www.tononplastics.com\/tr\/wp-json\/wp\/v2\/media?parent=15344"}],"wp:term":[{"taxonomy":"product-catagories","embeddable":true,"href":"https:\/\/www.tononplastics.com\/tr\/wp-json\/wp\/v2\/product-catagories?post=15344"},{"taxonomy":"product-tag","embeddable":true,"href":"https:\/\/www.tononplastics.com\/tr\/wp-json\/wp\/v2\/product-tag?post=15344"}],"curies":[{"name":"wp","href":"https:\/\/api.w.org\/{rel}","templated":true}]}}