{"id":15347,"date":"2023-08-23T23:18:30","date_gmt":"2023-08-23T15:18:30","guid":{"rendered":"https:\/\/tononplastics.com\/?post_type=product&#038;p=15347"},"modified":"2024-04-16T12:43:52","modified_gmt":"2024-04-16T04:43:52","slug":"ten-years-guarantee-uv-protected-color-pc-hollow-sheet","status":"publish","type":"product","link":"https:\/\/www.tononplastics.com\/tr\/product\/ten-years-guarantee-uv-protected-color-pc-hollow-sheet\/","title":{"rendered":"On y\u0131l garantili UV korumal\u0131 renkli pc i\u00e7i bo\u015f levha"},"content":{"rendered":"<figure class=\"wp-block-gallery has-nested-images columns-default is-cropped wp-block-gallery-1 is-layout-flex wp-block-gallery-is-layout-flex\">\n<figure class=\"wp-block-image size-full\"><img decoding=\"async\" data-id=\"15257\" src=\"https:\/\/www.tononplastics.com\/wp-content\/uploads\/2023\/08\/\u56fe\u72471-1.png\" alt=\"\" class=\"wp-image-15257\" title=\"\"><\/figure>\n\n\n\n<figure class=\"wp-block-image size-full\"><img decoding=\"async\" data-id=\"15258\" src=\"https:\/\/www.tononplastics.com\/wp-content\/uploads\/2023\/08\/\u56fe\u72471-1-1.png\" alt=\"\" class=\"wp-image-15258\" title=\"\"><\/figure>\n<\/figure>\n\n\n<div id=\"ali-anchor-AliPostDhMb-dt96l\" data-section=\"AliPostDhMb-dt96l\" data-section-title=\"Product Description\">\n<p><span data-spm-anchor-id=\"a2700.details.0.i30.5c4e7fa2ThoF7K\">1) I\u015f\u0131k iletimi: 88%'ye kadar<br \/><\/span><span style=\"font-size: revert; color: initial;\">2) Darbe direnci: Cam\u0131n 80 kat\u0131, akrilik levhan\u0131n 15 kat\u0131<br \/><\/span><span style=\"color: initial; font-size: revert;\">3) S\u0131cakl\u0131k direnci aral\u0131\u011f\u0131: -40 ~ 120oC<br \/><\/span><span style=\"color: initial; font-size: revert;\">4) Hafif: ayn\u0131 kal\u0131nl\u0131ktaki cam\u0131n a\u011f\u0131rl\u0131\u011f\u0131n\u0131n sadece 1\/12'si<br \/><\/span><span style=\"font-size: revert; color: initial;\">5) Ultraviyole direnci: UV koruyucu tabaka ile<br \/><\/span><span style=\"font-size: revert; color: initial;\">6) Alev direnci: B1 s\u0131n\u0131f\u0131<br \/><\/span><span style=\"font-size: revert; color: initial;\">7) Ses ve \u0131s\u0131 ge\u00e7irmez<\/span><\/p>\n<\/div>\n<p align=\"left\"><strong>\u015eartname<br \/><\/strong>1) Geni\u015flik: 1220mm- 2100mm (normal spesifikasyonumuz)<br \/>2) Uzunluk: 20m--50m (normal spesifikasyonumuz)<br \/>3) 4mm, 5mm, 6mm, 7.5mm, 8mm, 10mm, 12mm, 14mm, 16mm, 18mm olarak mevcuttur.<br \/>4) Renk: a\u00e7\u0131k, g\u00f6l mavisi, ye\u015fil, mavi, opal, bronz, gri, k\u0131rm\u0131z\u0131, bronz (kahverengi), mavi-ye\u015fil, a\u00e7\u0131k ye\u015fil, a\u00e7\u0131k, siyah, a\u00e7\u0131k kabartmal\u0131, a\u00e7\u0131k kabartmal\u0131, mavi kabartmal\u0131<br \/>5) Talep \u00fczerine \u00f6zelle\u015ftirilmi\u015f renkler ve boyutlar mevcuttur<br \/>6) Ambalaj: Her iki taraf\u0131 PE film ile kapl\u0131\u00a0\u00a0<\/p>\n<p align=\"left\">\u00a0<img fetchpriority=\"high\" decoding=\"async\" src=\"https:\/\/sc01.alicdn.com\/kf\/H32420328557d486eb5370e0cf573cf134\/200162319\/H32420328557d486eb5370e0cf573cf134.jpg\" alt=\"on y\u0131l garanti UV korumal\u0131 renkli pc i\u00e7i bo\u015f levha\" width=\"630\" height=\"840\" data-src=\"\/\/sc01.alicdn.com\/kf\/H32420328557d486eb5370e0cf573cf134\/200162319\/H32420328557d486eb5370e0cf573cf134.jpg\" data-alt=\"ten years guarantee UV protected color pc hollow sheet\" data-width=\"630\" data- title=\"\"><img decoding=\"async\" class=\"alignright\" src=\"https:\/\/sc01.alicdn.com\/kf\/H276597fb63bf4e8ebb711e73f1e18dd4h\/200162319\/H276597fb63bf4e8ebb711e73f1e18dd4h.jpg\" alt=\"on y\u0131l garanti UV korumal\u0131 renkli pc i\u00e7i bo\u015f levha\" width=\"630\" height=\"427.0323325635104\" data-src=\"\/\/sc01.alicdn.com\/kf\/H276597fb63bf4e8ebb711e73f1e18dd4h\/200162319\/H276597fb63bf4e8ebb711e73f1e18dd4h.jpg\" data-alt=\"ten years guarantee UV protected color pc hollow sheet\" data-width=\"630\" data- title=\"\"><\/p>\n<p align=\"left\">\u00a0<\/p>\n<p align=\"left\"><strong>Uygulamalar:<br \/><\/strong>1) Telefon kul\u00fcbeleri<br \/>2) Yol i\u015faretleri ve reklamlar<br \/>3) Lamba kutular\u0131 \u00fczerindeki reklam panolar\u0131<br \/>4) Bankalar, hastaneler ve istasyonlar i\u00e7in ayd\u0131nlatma ve b\u00f6lme duvarlar\u0131<br \/>5) Sebzeler, hayvanat bah\u00e7eleri, su \u00fcr\u00fcnleri i\u00e7in seralar<br \/>6) Otoyollar i\u00e7in ses ve \u0131s\u0131 yal\u0131t\u0131m\u0131<\/p>\n<p align=\"left\">7) Enstr\u00fcman ve sava\u015f end\u00fcstrileri - \u00f6n camlar, ordu kalkanlar\u0131\u00a0<\/p>\n<p align=\"left\">\u00a0<\/p>\n<p align=\"left\">\u00a0<\/p>\n<p align=\"left\">\u00a0<\/p>\n<p align=\"left\"><strong>Proje Vakas\u0131:<\/strong><\/p>\n<p align=\"left\"><img decoding=\"async\" src=\"https:\/\/sc01.alicdn.com\/kf\/HTB1W4NetXOWBuNjy0Fiq6xFxVXa0\/200162319\/HTB1W4NetXOWBuNjy0Fiq6xFxVXa0.jpg\" alt=\"on y\u0131l garanti UV korumal\u0131 renkli pc i\u00e7i bo\u015f levha\" width=\"630\" height=\"429.975\" data-src=\"\/\/sc01.alicdn.com\/kf\/HTB1W4NetXOWBuNjy0Fiq6xFxVXa0\/200162319\/HTB1W4NetXOWBuNjy0Fiq6xFxVXa0.jpg\" data-alt=\"ten years guarantee UV protected color pc hollow sheet\" data-width=\"630\" data- title=\"\"><\/p>\n<div id=\"ali-anchor-AliPostDhMb-0cbwi\" data-section=\"AliPostDhMb-0cbwi\" data-section-title=\"Packaging &amp; Shipping\">\n<div id=\"ali-title-AliPostDhMb-0cbwi\"><strong>Paketleme ve Nakliye<\/strong><\/div>\n<div>\n<p>\u00a0<img decoding=\"async\" src=\"https:\/\/sc01.alicdn.com\/kf\/Hb3bdebb96a2849458ce6dfcbaa19c5d15\/200162319\/Hb3bdebb96a2849458ce6dfcbaa19c5d15.png\" alt=\"on y\u0131l garanti UV korumal\u0131 renkli pc i\u00e7i bo\u015f levha\" width=\"630\" height=\"312.9083665338646\" data-src=\"\/\/sc01.alicdn.com\/kf\/Hb3bdebb96a2849458ce6dfcbaa19c5d15\/200162319\/Hb3bdebb96a2849458ce6dfcbaa19c5d15.png\" data-alt=\"ten years guarantee UV protected color pc hollow sheet\" data-width=\"630\" data- title=\"\"><img decoding=\"async\" src=\"https:\/\/sc02.alicdn.com\/kf\/Hd05fdb0988024155a7956963ea5973acD\/200162319\/Hd05fdb0988024155a7956963ea5973acD.png\" alt=\"on y\u0131l garanti UV korumal\u0131 renkli pc i\u00e7i bo\u015f levha\" width=\"630\" height=\"474.58885941644564\" data-src=\"\/\/sc02.alicdn.com\/kf\/Hd05fdb0988024155a7956963ea5973acD\/200162319\/Hd05fdb0988024155a7956963ea5973acD.png\" data-alt=\"ten years guarantee UV protected color pc hollow sheet\" data-width=\"630\" data- title=\"\"><img decoding=\"async\" src=\"https:\/\/sc02.alicdn.com\/kf\/H02a52324dc024cdcbaee8c550d0c5b3cR\/200162319\/H02a52324dc024cdcbaee8c550d0c5b3cR.png\" alt=\"on y\u0131l garanti UV korumal\u0131 renkli pc i\u00e7i bo\u015f levha\" width=\"630\" height=\"214.7347480106101\" data-src=\"\/\/sc02.alicdn.com\/kf\/H02a52324dc024cdcbaee8c550d0c5b3cR\/200162319\/H02a52324dc024cdcbaee8c550d0c5b3cR.png\" data-alt=\"ten years guarantee UV protected color pc hollow sheet\" data-width=\"630\" data- title=\"\"><\/p>\n<\/div>\n<\/div>","protected":false},"featured_media":16738,"parent":0,"template":"","product-catagories":[178],"product-tag":[],"class_list":["post-15347","product","type-product","status-publish","has-post-thumbnail","hentry","product-catagories-polycarbonate-hollow-sheet"],"acf":[],"_links":{"self":[{"href":"https:\/\/www.tononplastics.com\/tr\/wp-json\/wp\/v2\/product\/15347","targetHints":{"allow":["GET"]}}],"collection":[{"href":"https:\/\/www.tononplastics.com\/tr\/wp-json\/wp\/v2\/product"}],"about":[{"href":"https:\/\/www.tononplastics.com\/tr\/wp-json\/wp\/v2\/types\/product"}],"version-history":[{"count":0,"href":"https:\/\/www.tononplastics.com\/tr\/wp-json\/wp\/v2\/product\/15347\/revisions"}],"wp:featuredmedia":[{"embeddable":true,"href":"https:\/\/www.tononplastics.com\/tr\/wp-json\/wp\/v2\/media\/16738"}],"wp:attachment":[{"href":"https:\/\/www.tononplastics.com\/tr\/wp-json\/wp\/v2\/media?parent=15347"}],"wp:term":[{"taxonomy":"product-catagories","embeddable":true,"href":"https:\/\/www.tononplastics.com\/tr\/wp-json\/wp\/v2\/product-catagories?post=15347"},{"taxonomy":"product-tag","embeddable":true,"href":"https:\/\/www.tononplastics.com\/tr\/wp-json\/wp\/v2\/product-tag?post=15347"}],"curies":[{"name":"wp","href":"https:\/\/api.w.org\/{rel}","templated":true}]}}