{"id":15361,"date":"2023-08-23T23:39:42","date_gmt":"2023-08-23T15:39:42","guid":{"rendered":"https:\/\/tononplastics.com\/?post_type=product&#038;p=15361"},"modified":"2024-03-25T16:56:23","modified_gmt":"2024-03-25T08:56:23","slug":"awning-of-window-and-balcony-awning","status":"publish","type":"product","link":"https:\/\/www.tononplastics.com\/tr\/product\/awning-of-window-and-balcony-awning\/","title":{"rendered":"Pencere ve balkon tentesi"},"content":{"rendered":"<div id=\"ali-anchor-AliPostDhMb-1vs97\" data-section=\"AliPostDhMb-1vs97\" data-section-title=\"Product Description\">\n<div data-spm-anchor-id=\"a2700.details.0.i26.5fee6c5blzsvs3\">\n<p><img fetchpriority=\"high\" decoding=\"async\" class=\"\" src=\"https:\/\/sc02.alicdn.com\/kf\/Had0756212dc14f48b5c605d06ad52305b\/200162319\/Had0756212dc14f48b5c605d06ad52305b.jpg\" alt=\"pencere ve balkon tentesi\" width=\"390\" height=\"390\" data-src=\"\/\/sc02.alicdn.com\/kf\/Had0756212dc14f48b5c605d06ad52305b\/200162319\/Had0756212dc14f48b5c605d06ad52305b.jpg\" data-alt=\"awning of window and balcony awning\" data-width=\"630\" data- title=\"\"><img decoding=\"async\" class=\"\" src=\"https:\/\/sc02.alicdn.com\/kf\/H9f08f5ed02234de4be18cc9d36d18cc91\/200162319\/H9f08f5ed02234de4be18cc9d36d18cc91.jpg\" alt=\"pencere ve balkon tentesi\" width=\"394\" height=\"394\" data-src=\"\/\/sc02.alicdn.com\/kf\/H9f08f5ed02234de4be18cc9d36d18cc91\/200162319\/H9f08f5ed02234de4be18cc9d36d18cc91.jpg\" data-alt=\"awning of window and balcony awning\" data-width=\"630\" data- title=\"\"><\/p>\n<\/div>\n<\/div>\n<p><strong>pencere ve balkon tentesi<\/strong><\/p>\n<p>1. R\u00fczgar direnci,<\/p>\n<p>2. Darbe direnci<\/p>\n<p>3. Ya\u015flanma kar\u015f\u0131t\u0131<\/p>\n<p>4. Korozyon \u00f6nleyici<\/p>\n<p>5. Ya\u011fmur suyu ile kendi kendini temizler<\/p>\n<p>6. G\u00fcr\u00fclt\u00fc azaltma, UV filtreleme, 80% \u0131\u015f\u0131k iletimi i\u00e7in b\u00fck\u00fclm\u00fc\u015f tasar\u0131m<\/p>\n<p><strong>D<img decoding=\"async\" src=\"https:\/\/sc02.alicdn.com\/kf\/H2c03c96273de4b8aa1b9a0fe70c8a0cfI\/200162319\/H2c03c96273de4b8aa1b9a0fe70c8a0cfI.jpg\" alt=\"pencere ve balkon tentesi\" width=\"630\" height=\"472.08\" data-src=\"\/\/sc02.alicdn.com\/kf\/H2c03c96273de4b8aa1b9a0fe70c8a0cfI\/200162319\/H2c03c96273de4b8aa1b9a0fe70c8a0cfI.jpg\" data-alt=\"awning of window and balcony awning\" data-width=\"630\" data- title=\"\"><img decoding=\"async\" src=\"https:\/\/sc01.alicdn.com\/kf\/H0f5f8a5bcabd473eb3ae74b52b116893r\/200162319\/H0f5f8a5bcabd473eb3ae74b52b116893r.jpg\" alt=\"pencere ve balkon tentesi\" width=\"630\" height=\"429.3692307692308\" data-src=\"\/\/sc01.alicdn.com\/kf\/H0f5f8a5bcabd473eb3ae74b52b116893r\/200162319\/H0f5f8a5bcabd473eb3ae74b52b116893r.jpg\" data-alt=\"awning of window and balcony awning\" data-width=\"630\" data- title=\"\">D<\/strong><\/p>\n<p>1. Levha: PC kat\u0131 levha, PC g\u00fcne\u015f levhas\u0131<\/p>\n<p>2. Tente braketi malzemesi: PA + Fiberglas Kar\u0131\u015f\u0131m\u0131<\/p>\n<p>3. Ba\u011flant\u0131 par\u00e7alar\u0131: Al\u00fcminyum profil<\/p>\n<p>4. genle\u015fme c\u0131vatas\u0131<\/p>\n<p>5.Dimension:600mm,800mm,1000mm<\/p>\n<p>6. Tente desteklerini sonsuza kadar art\u0131r\u0131n ve montaj i\u00e7in serbest\u00e7e uzat\u0131n<\/p>\n<p>7. Yenilik\u00e7i tente, geleneksel \u0131smarlama kaynakl\u0131 tentelerden tamamen ayr\u0131l\u0131r. PC levha ve tente desteklerinden olu\u015fan ana yap\u0131s\u0131nda basittir. Seri \u00fcretim ve kat\u0131 tasar\u0131m standard\u0131na uygun olan Tente, s\u00fcper \u00fcr\u00fcn kalitesinde tutarl\u0131d\u0131r.<\/p>\n<p>8.Tayfunlara (Kategori 12) g\u00fcvenle kar\u015f\u0131 koyabilir<\/p>\n<p>9. Tente kendin yap haz\u0131rd\u0131r ve ev sahipleri taraf\u0131ndan kolayca kurulabilir, bu da maliyet ve yerden tamamen tasarruf sa\u011flar.<\/p>\n<p><strong>r<img decoding=\"async\" src=\"https:\/\/sc01.alicdn.com\/kf\/Hc6401cfcb4334b6db778c359d08238c0l\/200162319\/Hc6401cfcb4334b6db778c359d08238c0l.jpg\" alt=\"pencere ve balkon tentesi\" width=\"630\" height=\"1226.3999999999999\" data-src=\"\/\/sc01.alicdn.com\/kf\/Hc6401cfcb4334b6db778c359d08238c0l\/200162319\/Hc6401cfcb4334b6db778c359d08238c0l.jpg\" data-alt=\"awning of window and balcony awning\" data-width=\"630\" data- title=\"\"><img decoding=\"async\" src=\"https:\/\/sc01.alicdn.com\/kf\/H74247c1d61554ba2a775e9ce59244207e\/200162319\/H74247c1d61554ba2a775e9ce59244207e.jpg\" alt=\"pencere ve balkon tentesi\" width=\"630\" height=\"509.04\" data-src=\"\/\/sc01.alicdn.com\/kf\/H74247c1d61554ba2a775e9ce59244207e\/200162319\/H74247c1d61554ba2a775e9ce59244207e.jpg\" data-alt=\"awning of window and balcony awning\" data-width=\"630\" data- title=\"\"><img decoding=\"async\" src=\"https:\/\/sc02.alicdn.com\/kf\/H02a52324dc024cdcbaee8c550d0c5b3cR\/200162319\/H02a52324dc024cdcbaee8c550d0c5b3cR.png\" alt=\"pencere ve balkon tentesi\" width=\"630\" height=\"214.7347480106101\" data-src=\"\/\/sc02.alicdn.com\/kf\/H02a52324dc024cdcbaee8c550d0c5b3cR\/200162319\/H02a52324dc024cdcbaee8c550d0c5b3cR.png\" data-alt=\"awning of window and balcony awning\" data-width=\"630\" data- title=\"\"><img decoding=\"async\" src=\"https:\/\/sc02.alicdn.com\/kf\/Hd05fdb0988024155a7956963ea5973acD\/200162319\/Hd05fdb0988024155a7956963ea5973acD.png\" alt=\"pencere ve balkon tentesi\" width=\"630\" height=\"474.58885941644564\" data-src=\"\/\/sc02.alicdn.com\/kf\/Hd05fdb0988024155a7956963ea5973acD\/200162319\/Hd05fdb0988024155a7956963ea5973acD.png\" data-alt=\"awning of window and balcony awning\" data-width=\"630\" data- title=\"\"><\/strong><\/p>","protected":false},"featured_media":14364,"parent":0,"template":"","product-catagories":[171],"product-tag":[],"class_list":["post-15361","product","type-product","status-publish","has-post-thumbnail","hentry","product-catagories-awning"],"acf":[],"_links":{"self":[{"href":"https:\/\/www.tononplastics.com\/tr\/wp-json\/wp\/v2\/product\/15361","targetHints":{"allow":["GET"]}}],"collection":[{"href":"https:\/\/www.tononplastics.com\/tr\/wp-json\/wp\/v2\/product"}],"about":[{"href":"https:\/\/www.tononplastics.com\/tr\/wp-json\/wp\/v2\/types\/product"}],"version-history":[{"count":0,"href":"https:\/\/www.tononplastics.com\/tr\/wp-json\/wp\/v2\/product\/15361\/revisions"}],"wp:featuredmedia":[{"embeddable":true,"href":"https:\/\/www.tononplastics.com\/tr\/wp-json\/wp\/v2\/media\/14364"}],"wp:attachment":[{"href":"https:\/\/www.tononplastics.com\/tr\/wp-json\/wp\/v2\/media?parent=15361"}],"wp:term":[{"taxonomy":"product-catagories","embeddable":true,"href":"https:\/\/www.tononplastics.com\/tr\/wp-json\/wp\/v2\/product-catagories?post=15361"},{"taxonomy":"product-tag","embeddable":true,"href":"https:\/\/www.tononplastics.com\/tr\/wp-json\/wp\/v2\/product-tag?post=15361"}],"curies":[{"name":"wp","href":"https:\/\/api.w.org\/{rel}","templated":true}]}}