{"id":15364,"date":"2023-08-23T23:43:34","date_gmt":"2023-08-23T15:43:34","guid":{"rendered":"https:\/\/tononplastics.com\/?post_type=product&#038;p=15364"},"modified":"2024-03-25T12:39:59","modified_gmt":"2024-03-25T04:39:59","slug":"polycarbonate-sheet-for-canop-polycarbonate-window-awning","status":"publish","type":"product","link":"https:\/\/www.tononplastics.com\/tr\/product\/polycarbonate-sheet-for-canop-polycarbonate-window-awning\/","title":{"rendered":"Kanop polikarbonat pencere tentesi i\u00e7in polikarbonat levha"},"content":{"rendered":"<div id=\"ali-anchor-AliPostDhMb-ikrk2\" data-section=\"AliPostDhMb-ikrk2\" data-section-title=\"Product Description\">\n<div>\n<p><span data-spm-anchor-id=\"a2700.details.0.i44.40e911fecVyXv2\">Tente Panosu<\/span><\/p>\n<p>1) I\u015f\u0131k iletimi: 88%'ye kadar\u00a0<\/p>\n<p>2) Darbe direnci: Cam\u0131n 80 kat\u0131, akrilik levhan\u0131n 15 kat\u0131\u00a0<\/p>\n<\/div>\n<\/div>\n<p align=\"left\">3) S\u0131cakl\u0131k direnci aral\u0131\u011f\u0131: -40 ~ 120oC<br \/>\n4) Hafif: ayn\u0131 kal\u0131nl\u0131ktaki cam\u0131n a\u011f\u0131rl\u0131\u011f\u0131n\u0131n sadece 1\/12'si<br \/>\n5) Ultraviyole direnci: UV koruyucu tabaka ile<br \/>\n6) Alev direnci: B1 s\u0131n\u0131f\u0131<br \/>\n7) Ses ve \u0131s\u0131 ge\u00e7irmez<\/p>\n<p align=\"left\"><img decoding=\"async\" src=\"https:\/\/sc01.alicdn.com\/kf\/H0ae698f80b9840449576927fcabf54feZ\/200162319\/H0ae698f80b9840449576927fcabf54feZ.jpg\" alt=\"kanopi i\u00e7in polikarbonat levha polikarbonat pencere tentesi\" width=\"630\" height=\"662.76\" data-src=\"\/\/sc01.alicdn.com\/kf\/H0ae698f80b9840449576927fcabf54feZ\/200162319\/H0ae698f80b9840449576927fcabf54feZ.jpg\" data-alt=\"polycarbonate sheet for canop polycarbonate window awning\" data-width=\"630\" data- title=\"\"><br \/>\nPolikarbonat tente \u00f6zellikleri<br \/>\nLevha: 5.5mm PC i\u00e7i bo\u015f levha veya 3.0mm PC kat\u0131 levha<br \/>\nBraket uzunlu\u011fu 600mm, 800mm, 1000mm, 1200mm, 1500mm<br \/>\nBraket Rengi Beyaz veya Siyah<br \/>\nBraket Mesafesi \u00d6zelle\u015ftirilmi\u015f<br \/>\nBraket malzemesi Plastik veya Al\u00fcminyum<\/p>\n<p align=\"left\"><img decoding=\"async\" src=\"https:\/\/sc01.alicdn.com\/kf\/H2f4db787a3b343c8b287bd745f006630r\/200162319\/H2f4db787a3b343c8b287bd745f006630r.png\" alt=\"kanopi i\u00e7in polikarbonat levha polikarbonat pencere tentesi\" width=\"630\" height=\"362.2162740899357\" data-src=\"\/\/sc01.alicdn.com\/kf\/H2f4db787a3b343c8b287bd745f006630r\/200162319\/H2f4db787a3b343c8b287bd745f006630r.png\" data-alt=\"polycarbonate sheet for canop polycarbonate window awning\" data-width=\"630\" data- title=\"\"><img decoding=\"async\" src=\"https:\/\/sc02.alicdn.com\/kf\/Hab2ac95f2ca34cec9459c4b7915aac1ef\/200162319\/Hab2ac95f2ca34cec9459c4b7915aac1ef.png\" alt=\"kanopi i\u00e7in polikarbonat levha polikarbonat pencere tentesi\" width=\"630\" height=\"507.27272727272725\" data-src=\"\/\/sc02.alicdn.com\/kf\/Hab2ac95f2ca34cec9459c4b7915aac1ef\/200162319\/Hab2ac95f2ca34cec9459c4b7915aac1ef.png\" data-alt=\"polycarbonate sheet for canop polycarbonate window awning\" data-width=\"630\" data- title=\"\">\u00a0<\/p>\n<p align=\"left\">\u00a0<\/p>\n<p>Polikarbonat \u00d6zellikleri:<\/p>\n<p>I\u015f\u0131k \u0130letimi<br \/>\nI\u015f\u0131k ge\u00e7irgenli\u011fi renk ve kal\u0131nl\u0131\u011fa ba\u011fl\u0131 olarak 12%-82%'ye ula\u015f\u0131r.<\/p>\n<p>UV korumas\u0131<br \/>\nTescilli anti-UV kaplamaya atfedilen Polikarbonat \u0131\u015f\u0131kl\u0131k, maruz kald\u0131ktan sonra m\u00fckemmel mekanik ve optik performans\u0131n\u0131 korur.<\/p>\n<p>Hava Durumu Yetene\u011fi<br \/>\n40\u00b0C-120\u00b0C aras\u0131ndaki geni\u015f s\u0131cakl\u0131k aral\u0131\u011f\u0131nda m\u00fckemmel performans\u0131 koruyan s\u00fcper hava ko\u015fullar\u0131na dayan\u0131kl\u0131d\u0131r.<br \/>\nYang\u0131n geciktirici :UL Yan\u0131c\u0131l\u0131k 94 V-2<\/p>\n<p>Kolay Kurulum<br \/>\nKurulumu kolayd\u0131r ve so\u011fuk b\u00fck\u00fclebilir<\/p>\n<p>Darbe Dayan\u0131m\u0131<br \/>\nS\u0131radan cam\u0131n 250-300 kat\u0131 ve ayn\u0131 kal\u0131nl\u0131ktaki akrilik panellerin 30 kat\u0131 darbe dayan\u0131m\u0131, 3 kg \u00e7eki\u00e7 alt\u0131nda iki metre d\u00fc\u015fen sertle\u015ftirilmi\u015f cam\u0131n 2-20 kat\u0131d\u0131r, \u00e7atlak yok, k\u0131r\u0131k yok.<\/p>\n<p><img decoding=\"async\" src=\"https:\/\/sc02.alicdn.com\/kf\/HTB1xO6PJVXXXXXQXpXXq6xXFXXXE\/200162319\/HTB1xO6PJVXXXXXQXpXXq6xXFXXXE.jpg\" alt=\"kanopi i\u00e7in polikarbonat levha polikarbonat pencere tentesi\" width=\"630\" height=\"763.5600000000001\" data-src=\"\/\/sc02.alicdn.com\/kf\/HTB1xO6PJVXXXXXQXpXXq6xXFXXXE\/200162319\/HTB1xO6PJVXXXXXQXpXXq6xXFXXXE.jpg\" data-alt=\"polycarbonate sheet for canop polycarbonate window awning\" data-width=\"630\" data- title=\"\"><img decoding=\"async\" src=\"https:\/\/sc01.alicdn.com\/kf\/H696af1b5dc524570886fcc96da6160f3q\/200162319\/H696af1b5dc524570886fcc96da6160f3q.jpg\" alt=\"kanopi i\u00e7in polikarbonat levha polikarbonat pencere tentesi\" width=\"630\" height=\"580.44\" data-src=\"\/\/sc01.alicdn.com\/kf\/H696af1b5dc524570886fcc96da6160f3q\/200162319\/H696af1b5dc524570886fcc96da6160f3q.jpg\" data-alt=\"polycarbonate sheet for canop polycarbonate window awning\" data-width=\"630\" data- title=\"\"><img decoding=\"async\" src=\"https:\/\/sc01.alicdn.com\/kf\/He251bd0b45d14e5583f0a7b16198126fz\/200162319\/He251bd0b45d14e5583f0a7b16198126fz.png\" alt=\"kanopi i\u00e7in polikarbonat levha polikarbonat pencere tentesi\" width=\"630\" height=\"156.24\" data-src=\"\/\/sc01.alicdn.com\/kf\/He251bd0b45d14e5583f0a7b16198126fz\/200162319\/He251bd0b45d14e5583f0a7b16198126fz.png\" data-alt=\"polycarbonate sheet for canop polycarbonate window awning\" data-width=\"630\" data- title=\"\"><img decoding=\"async\" src=\"https:\/\/sc02.alicdn.com\/kf\/HTB1c_rWJVXXXXXfXXXXq6xXFXXX4\/200162319\/HTB1c_rWJVXXXXXfXXXXq6xXFXXX4.jpg\" alt=\"kanopi i\u00e7in polikarbonat levha polikarbonat pencere tentesi\" width=\"630\" height=\"436.9893899204244\" data-src=\"\/\/sc02.alicdn.com\/kf\/HTB1c_rWJVXXXXXfXXXXq6xXFXXX4\/200162319\/HTB1c_rWJVXXXXXfXXXXq6xXFXXX4.jpg\" data-alt=\"polycarbonate sheet for canop polycarbonate window awning\" data-width=\"630\" data- title=\"\"><img decoding=\"async\" src=\"https:\/\/sc01.alicdn.com\/kf\/Hd35db4f291a3474c9fed03fab96b343dt\/200162319\/Hd35db4f291a3474c9fed03fab96b343dt.jpg\" alt=\"kanopi i\u00e7in polikarbonat levha polikarbonat pencere tentesi\" width=\"630\" height=\"420.21000000000004\" data-src=\"\/\/sc01.alicdn.com\/kf\/Hd35db4f291a3474c9fed03fab96b343dt\/200162319\/Hd35db4f291a3474c9fed03fab96b343dt.jpg\" data-alt=\"polycarbonate sheet for canop polycarbonate window awning\" data-width=\"630\" data- title=\"\"><img decoding=\"async\" src=\"https:\/\/sc01.alicdn.com\/kf\/H8ab2ccf15d5542e7a82269c541d00856p\/200162319\/H8ab2ccf15d5542e7a82269c541d00856p.jpg\" alt=\"kanopi i\u00e7in polikarbonat levha polikarbonat pencere tentesi\" width=\"630\" height=\"420.21000000000004\" data-src=\"\/\/sc01.alicdn.com\/kf\/H8ab2ccf15d5542e7a82269c541d00856p\/200162319\/H8ab2ccf15d5542e7a82269c541d00856p.jpg\" data-alt=\"polycarbonate sheet for canop polycarbonate window awning\" data-width=\"630\" data- title=\"\"><\/p>\n<div id=\"ali-anchor-AliPostDhMb-slgsl\" data-section=\"AliPostDhMb-slgsl\" data-section-title=\"Packaging &amp; Shipping\">\n<div id=\"ali-title-AliPostDhMb-slgsl\">Paketleme ve Nakliye<\/div>\n<div>\n<p>\u00a0<img decoding=\"async\" src=\"https:\/\/sc02.alicdn.com\/kf\/Hd05fdb0988024155a7956963ea5973acD\/200162319\/Hd05fdb0988024155a7956963ea5973acD.png\" alt=\"kanopi i\u00e7in polikarbonat levha polikarbonat pencere tentesi\" width=\"630\" height=\"474.58885941644564\" data-src=\"\/\/sc02.alicdn.com\/kf\/Hd05fdb0988024155a7956963ea5973acD\/200162319\/Hd05fdb0988024155a7956963ea5973acD.png\" data-alt=\"polycarbonate sheet for canop polycarbonate window awning\" data-width=\"630\" data- title=\"\"><img decoding=\"async\" src=\"https:\/\/sc02.alicdn.com\/kf\/H02a52324dc024cdcbaee8c550d0c5b3cR\/200162319\/H02a52324dc024cdcbaee8c550d0c5b3cR.png\" alt=\"kanopi i\u00e7in polikarbonat levha polikarbonat pencere tentesi\" width=\"630\" height=\"214.7347480106101\" data-src=\"\/\/sc02.alicdn.com\/kf\/H02a52324dc024cdcbaee8c550d0c5b3cR\/200162319\/H02a52324dc024cdcbaee8c550d0c5b3cR.png\" data-alt=\"polycarbonate sheet for canop polycarbonate window awning\" data-width=\"630\" data- title=\"\"><\/p>\n<\/div>\n<\/div>","protected":false},"featured_media":15366,"parent":0,"template":"","product-catagories":[171],"product-tag":[],"class_list":["post-15364","product","type-product","status-publish","has-post-thumbnail","hentry","product-catagories-awning"],"acf":[],"_links":{"self":[{"href":"https:\/\/www.tononplastics.com\/tr\/wp-json\/wp\/v2\/product\/15364","targetHints":{"allow":["GET"]}}],"collection":[{"href":"https:\/\/www.tononplastics.com\/tr\/wp-json\/wp\/v2\/product"}],"about":[{"href":"https:\/\/www.tononplastics.com\/tr\/wp-json\/wp\/v2\/types\/product"}],"version-history":[{"count":0,"href":"https:\/\/www.tononplastics.com\/tr\/wp-json\/wp\/v2\/product\/15364\/revisions"}],"wp:featuredmedia":[{"embeddable":true,"href":"https:\/\/www.tononplastics.com\/tr\/wp-json\/wp\/v2\/media\/15366"}],"wp:attachment":[{"href":"https:\/\/www.tononplastics.com\/tr\/wp-json\/wp\/v2\/media?parent=15364"}],"wp:term":[{"taxonomy":"product-catagories","embeddable":true,"href":"https:\/\/www.tononplastics.com\/tr\/wp-json\/wp\/v2\/product-catagories?post=15364"},{"taxonomy":"product-tag","embeddable":true,"href":"https:\/\/www.tononplastics.com\/tr\/wp-json\/wp\/v2\/product-tag?post=15364"}],"curies":[{"name":"wp","href":"https:\/\/api.w.org\/{rel}","templated":true}]}}