{"id":15368,"date":"2023-08-23T23:45:00","date_gmt":"2023-08-23T15:45:00","guid":{"rendered":"https:\/\/tononplastics.com\/?post_type=product&#038;p=15368"},"modified":"2024-03-25T16:22:05","modified_gmt":"2024-03-25T08:22:05","slug":"new-design-polycarbonate-door-window-canopy-awning","status":"publish","type":"product","link":"https:\/\/www.tononplastics.com\/tr\/product\/new-design-polycarbonate-door-window-canopy-awning\/","title":{"rendered":"Yeni tasar\u0131m polikarbonat kap\u0131\/pencere kanopisi\/tente"},"content":{"rendered":"<p><img fetchpriority=\"high\" decoding=\"async\" class=\"\" src=\"https:\/\/sc01.alicdn.com\/kf\/H20a02196cfb340048c4caf666c9002d0j\/200162319\/H20a02196cfb340048c4caf666c9002d0j.jpg\" alt=\"yeni\u0307 tasarim poli\u0307karbonat kapi\/pencere kanopi\u0307si\u0307\/tente\" width=\"368\" height=\"368\" data-src=\"\/\/sc01.alicdn.com\/kf\/H20a02196cfb340048c4caf666c9002d0j\/200162319\/H20a02196cfb340048c4caf666c9002d0j.jpg\" data-alt=\"new design polycarbonate door\/window canopy\/awning\" data-width=\"630\" data- title=\"\"><img decoding=\"async\" class=\"\" src=\"https:\/\/sc02.alicdn.com\/kf\/Had0756212dc14f48b5c605d06ad52305b\/200162319\/Had0756212dc14f48b5c605d06ad52305b.jpg\" alt=\"yeni\u0307 tasarim poli\u0307karbonat kapi\/pencere kanopi\u0307si\u0307\/tente\" width=\"440\" height=\"440\" data-src=\"\/\/sc02.alicdn.com\/kf\/Had0756212dc14f48b5c605d06ad52305b\/200162319\/Had0756212dc14f48b5c605d06ad52305b.jpg\" data-alt=\"new design polycarbonate door\/window canopy\/awning\" data-width=\"630\" data- title=\"\"><\/p>\n<div id=\"ali-anchor-AliPostDhMb-lecmt\" data-section=\"AliPostDhMb-lecmt\" data-section-title=\"Company Information\">\n<div id=\"ali-title-AliPostDhMb-lecmt\"><strong>\u015eirket Bilgileri<\/strong><\/div>\n<\/div>\n<p>R\u00fczgar direnci, Darbe direnci, Anti-aging, Anti-korozyon, Ya\u011fmur suyu ile kendi kendini temizleme<br \/>\nG\u00fcr\u00fclt\u00fcy\u00fc azaltmak i\u00e7in b\u00fck\u00fclm\u00fc\u015f tasar\u0131m, UV filtreleme, 80% \u0131\u015f\u0131k ge\u00e7irgenli\u011fi<br \/>\nLevha:PC kat\u0131 levha, PC g\u00fcne\u015f levhas\u0131<br \/>\nTente destek dokusu:PP-Fiberglas Kar\u0131\u015f\u0131m\u0131<br \/>\nBa\u011flant\u0131 par\u00e7alar\u0131: Al\u00fcminyum profil<br \/>\nAksesuarlar:genle\u015fme c\u0131vatas\u0131<br \/>\nDimension:600mm,800mm,1000mm,1200mm<\/p>\n<p><img decoding=\"async\" src=\"https:\/\/sc01.alicdn.com\/kf\/H38df55f61e554b68a224c2cff374b41eH\/200162319\/H38df55f61e554b68a224c2cff374b41eH.jpg\" alt=\"yeni\u0307 tasarim poli\u0307karbonat kapi\/pencere kanopi\u0307si\u0307\/tente\" width=\"630\" height=\"420.2470588235294\" data-src=\"\/\/sc01.alicdn.com\/kf\/H38df55f61e554b68a224c2cff374b41eH\/200162319\/H38df55f61e554b68a224c2cff374b41eH.jpg\" data-alt=\"new design polycarbonate door\/window canopy\/awning\" data-width=\"630\" data- title=\"\"><\/p>\n<p><img decoding=\"async\" src=\"https:\/\/sc02.alicdn.com\/kf\/H25d3618d18cc468daa6fdee7e961c2235\/200162319\/H25d3618d18cc468daa6fdee7e961c2235.jpg\" alt=\"yeni\u0307 tasarim poli\u0307karbonat kapi\/pencere kanopi\u0307si\u0307\/tente\" width=\"630\" height=\"404.5484949832776\" data-src=\"\/\/sc02.alicdn.com\/kf\/H25d3618d18cc468daa6fdee7e961c2235\/200162319\/H25d3618d18cc468daa6fdee7e961c2235.jpg\" data-alt=\"new design polycarbonate door\/window canopy\/awning\" data-width=\"630\" data- title=\"\"><\/p>\n<div id=\"ali-anchor-AliPostDhMb-y0k2t\" data-section=\"AliPostDhMb-y0k2t\" data-section-title=\"Product Description\">\n<div id=\"ali-title-AliPostDhMb-y0k2t\"><strong>\u00dcr\u00fcn A\u00e7\u0131klamas\u0131<\/strong><\/div>\n<\/div>\n<p>*Kolay kurulum, DIY pazar\u0131 i\u00e7in uygun;<br \/>\n*12. s\u0131n\u0131f tayfun direnci;<br \/>\n*99% Her iki tarafta UV korumas\u0131;<br \/>\n*Darbe direnci;<br \/>\n*Sararmaya ve ya\u015flanmaya kar\u015f\u0131 diren\u00e7;<br \/>\n*Kimyasal diren\u00e7;<br \/>\n*D\u00fc\u015f\u00fck s\u0131cakl\u0131k direnci ve geciktirici;<br \/>\n*376 s\u0131k\u0131 test (CE, T\u00dcV ve ISO sertifikas\u0131 mevcuttur) alt\u0131nda yeterlilik ile g\u00fcvenlik sigortas\u0131;<br \/>\n*\u00c7evre dostu.<\/p>\n<p><strong><em>Fabrika bilgileri<br \/>\n<\/em><\/strong>1. Ana \u00fcr\u00fcnler: polikarbonat kat\u0131 levha, elmas levha, buzlu levha, g\u00fcne\u015f levhas\u0131, kanopi, polikarbonat profil H &amp; U.....<\/p>\n<p>2. Pazar: Kuzey Amerika<br \/>\nG\u00fcney Amerika<br \/>\nDo\u011fu Avrupa<br \/>\nG\u00fcneydo\u011fu Asya<br \/>\nAfrika<br \/>\nOkyanusya<br \/>\nOrta Do\u011fu<br \/>\nDo\u011fu Asya<\/p>\n<p><img decoding=\"async\" src=\"https:\/\/sc01.alicdn.com\/kf\/HTB1Zj.KsVmWBuNjSspdq6zugXXa2\/200162319\/HTB1Zj.KsVmWBuNjSspdq6zugXXa2.jpg\" alt=\"yeni\u0307 tasarim poli\u0307karbonat kapi\/pencere kanopi\u0307si\u0307\/tente\" width=\"630\" height=\"863.013698630137\" data-src=\"\/\/sc01.alicdn.com\/kf\/HTB1Zj.KsVmWBuNjSspdq6zugXXa2\/200162319\/HTB1Zj.KsVmWBuNjSspdq6zugXXa2.jpg\" data-alt=\"new design polycarbonate door\/window canopy\/awning\" data-width=\"630\" data- title=\"\"><\/p>\n<div id=\"ali-anchor-AliPostDhMb-702t7\" data-section=\"AliPostDhMb-702t7\" data-section-title=\"FAQ\">\n<div id=\"ali-title-AliPostDhMb-702t7\"><strong>SSS<\/strong><\/div>\n<div>\n<table border=\"0\" cellspacing=\"0\" cellpadding=\"0\">\n<tbody>\n<tr>\n<td colspan=\"4\" height=\"20\">1.S: Ticaret \u015firketi veya \u00fcretici misiniz?<\/td>\n<\/tr>\n<tr>\n<td colspan=\"3\" height=\"20\">A: Biz \u00fcreticiyiz.<\/td>\n<td><\/td>\n<\/tr>\n<tr>\n<td colspan=\"4\" height=\"20\">2.S: Teslimat s\u00fcreniz ne kadar?<\/td>\n<\/tr>\n<tr>\n<td colspan=\"4\" height=\"20\">C: \u00dcr\u00fcn i\u015flemenin zorlu\u011funa ve miktar\u0131na g\u00f6re, size makul bir var\u0131\u015f s\u00fcresi verilecektir.<\/td>\n<\/tr>\n<tr>\n<td colspan=\"4\" height=\"20\">3. S: Numune sa\u011fl\u0131yor musunuz? \u00dccretsiz mi yoksa ekstra m\u0131?<\/td>\n<\/tr>\n<tr>\n<td colspan=\"4\" height=\"20\">C: Evet, numuneyi \u00fccretsiz olarak sunabiliriz, ancak navlun bedelini \u00f6demiyoruz.<\/td>\n<\/tr>\n<tr>\n<td colspan=\"4\" height=\"20\">4.S: Sat\u0131\u015f sonras\u0131 hizmetler nelerdir?<\/td>\n<\/tr>\n<tr>\n<td colspan=\"4\" height=\"20\">C: Kalite problemleri durumunda, paket 90 g\u00fcn i\u00e7inde de\u011fi\u015ftirilebilir.<\/td>\n<\/tr>\n<\/tbody>\n<\/table>\n<\/div>\n<\/div>","protected":false},"featured_media":15367,"parent":0,"template":"","product-catagories":[171],"product-tag":[],"class_list":["post-15368","product","type-product","status-publish","has-post-thumbnail","hentry","product-catagories-awning"],"acf":[],"_links":{"self":[{"href":"https:\/\/www.tononplastics.com\/tr\/wp-json\/wp\/v2\/product\/15368","targetHints":{"allow":["GET"]}}],"collection":[{"href":"https:\/\/www.tononplastics.com\/tr\/wp-json\/wp\/v2\/product"}],"about":[{"href":"https:\/\/www.tononplastics.com\/tr\/wp-json\/wp\/v2\/types\/product"}],"version-history":[{"count":0,"href":"https:\/\/www.tononplastics.com\/tr\/wp-json\/wp\/v2\/product\/15368\/revisions"}],"wp:featuredmedia":[{"embeddable":true,"href":"https:\/\/www.tononplastics.com\/tr\/wp-json\/wp\/v2\/media\/15367"}],"wp:attachment":[{"href":"https:\/\/www.tononplastics.com\/tr\/wp-json\/wp\/v2\/media?parent=15368"}],"wp:term":[{"taxonomy":"product-catagories","embeddable":true,"href":"https:\/\/www.tononplastics.com\/tr\/wp-json\/wp\/v2\/product-catagories?post=15368"},{"taxonomy":"product-tag","embeddable":true,"href":"https:\/\/www.tononplastics.com\/tr\/wp-json\/wp\/v2\/product-tag?post=15368"}],"curies":[{"name":"wp","href":"https:\/\/api.w.org\/{rel}","templated":true}]}}